{"id":2225,"date":"2025-04-27T10:20:39","date_gmt":"2025-04-27T10:20:39","guid":{"rendered":"https:\/\/pecbag.com\/?page_id=2225"},"modified":"2025-04-30T06:56:45","modified_gmt":"2025-04-30T06:56:45","slug":"contact","status":"publish","type":"page","link":"https:\/\/pecbag.com\/br\/contact\/","title":{"rendered":"Contato"},"content":{"rendered":"<div data-elementor-type=\"wp-page\" data-elementor-id=\"2225\" class=\"elementor elementor-2225\" data-elementor-post-type=\"page\">\n\t\t\t\t\t\t<section class=\"elementor-section elementor-top-section elementor-element elementor-element-d5c32b9 elementor-section-boxed elementor-section-height-default elementor-section-height-default\" data-id=\"d5c32b9\" data-element_type=\"section\" data-e-type=\"section\" data-settings=\"{&quot;background_background&quot;:&quot;classic&quot;}\">\n\t\t\t\t\t\t<div class=\"elementor-container elementor-column-gap-default\">\n\t\t\t\t\t<div class=\"elementor-column elementor-col-50 elementor-top-column elementor-element elementor-element-600ce44e\" data-id=\"600ce44e\" data-element_type=\"column\" data-e-type=\"column\" data-settings=\"{&quot;background_background&quot;:&quot;classic&quot;}\">\n\t\t\t<div class=\"elementor-widget-wrap elementor-element-populated\">\n\t\t\t\t\t\t<section class=\"elementor-section elementor-inner-section elementor-element elementor-element-e0976d3 elementor-section-boxed elementor-section-height-default elementor-section-height-default\" data-id=\"e0976d3\" data-element_type=\"section\" data-e-type=\"section\" data-settings=\"{&quot;background_background&quot;:&quot;classic&quot;}\">\n\t\t\t\t\t\t<div class=\"elementor-container elementor-column-gap-default\">\n\t\t\t\t\t<div class=\"elementor-column elementor-col-100 elementor-inner-column elementor-element elementor-element-4beaba9c\" data-id=\"4beaba9c\" data-element_type=\"column\" data-e-type=\"column\">\n\t\t\t<div class=\"elementor-widget-wrap elementor-element-populated\">\n\t\t\t\t\t\t<div class=\"elementor-element elementor-element-2b7db554 elementor-widget elementor-widget-heading\" data-id=\"2b7db554\" data-element_type=\"widget\" data-e-type=\"widget\" data-widget_type=\"heading.default\">\n\t\t\t\t\t<h3 class=\"elementor-heading-title elementor-size-default\">F\u00e1brica de vendas<\/h3>\t\t\t\t<\/div>\n\t\t\t\t<div class=\"elementor-element elementor-element-270ad0e6 elementor-widget elementor-widget-text-editor\" data-id=\"270ad0e6\" data-element_type=\"widget\" data-e-type=\"widget\" data-widget_type=\"text-editor.default\">\n\t\t\t\t\t\t\t\t\t<div id=\"text_block-8-21\" class=\"ct-text-block color-paragraph mb-4\">Nossa equipe de vendas pode ajud\u00e1-lo com c\u00e1lculos de pre\u00e7o e remessa, al\u00e9m de lidar principalmente com quest\u00f5es de pr\u00e9-venda.<\/div>\t\t\t\t\t\t\t\t<\/div>\n\t\t\t\t<div class=\"elementor-element elementor-element-335370b6 elementor-widget elementor-widget-text-editor\" data-id=\"335370b6\" data-element_type=\"widget\" data-e-type=\"widget\" data-widget_type=\"text-editor.default\">\n\t\t\t\t\t\t\t\t\t<p><a href=\"https:\/\/maps.app.goo.gl\/jkaxZMdi9GTzECw6A\" target=\"_blank\" rel=\"noopener\">#38, Quanxiu St, Fengze District, Quanzhou, Fujian, China<\/a><\/p>\t\t\t\t\t\t\t\t<\/div>\n\t\t\t\t<div class=\"elementor-element elementor-element-fe0f0f7 elementor-widget elementor-widget-text-editor\" data-id=\"fe0f0f7\" data-element_type=\"widget\" data-e-type=\"widget\" data-widget_type=\"text-editor.default\">\n\t\t\t\t\t\t\t\t\t<p><strong>Pessoa de contato:<\/strong> Lawrence<\/p><p><strong>E-mail:<\/strong> <a href=\"http:\/\/MAILTO:lawrence@pecbag.com\/br\/\" target=\"_blank\" rel=\"noopener\">Lawrence@pecbag.com<\/a><\/p><p><strong>N\u00famero de contato:<\/strong><a href=\"https:\/\/api.whatsapp.com\/send?phone=8613459596692\" target=\"_blank\" rel=\"noopener\">+86-595-22590809<\/a><\/p>\t\t\t\t\t\t\t\t<\/div>\n\t\t\t\t\t<\/div>\n\t\t<\/div>\n\t\t\t\t\t<\/div>\n\t\t<\/section>\n\t\t\t\t<div class=\"elementor-element elementor-element-77f1a030 elementor-widget elementor-widget-google_maps\" data-id=\"77f1a030\" data-element_type=\"widget\" data-e-type=\"widget\" data-widget_type=\"google_maps.default\">\n\t\t\t\t\t\t\t<div class=\"elementor-custom-embed\">\n\t\t\t<iframe loading=\"lazy\"\n\t\t\t\t\tsrc=\"https:\/\/maps.google.com\/maps?q=VJM4%2BVPG%2C%20Quanxiu%20St%2C%20Fengze%20District%2C%20Quanzhou%2C%20Fujian%2C%20China%2C%20362029&#038;t=m&#038;z=10&#038;output=embed&#038;iwloc=near\"\n\t\t\t\t\ttitle=\"VJM4+VPG, Quanxiu St, Fengze District, Quanzhou, Fujian, China, 362029\"\n\t\t\t\t\taria-label=\"VJM4+VPG, Quanxiu St, Fengze District, Quanzhou, Fujian, China, 362029\"\n\t\t\t><\/iframe>\n\t\t<\/div>\n\t\t\t\t\t\t<\/div>\n\t\t\t\t\t<\/div>\n\t\t<\/div>\n\t\t\t\t<div class=\"elementor-column elementor-col-50 elementor-top-column elementor-element elementor-element-74b81a87\" data-id=\"74b81a87\" data-element_type=\"column\" data-e-type=\"column\" data-settings=\"{&quot;background_background&quot;:&quot;classic&quot;}\">\n\t\t\t<div class=\"elementor-widget-wrap elementor-element-populated\">\n\t\t\t\t\t\t<div class=\"elementor-element elementor-element-7e27d88d elementor-widget elementor-widget-heading\" data-id=\"7e27d88d\" data-element_type=\"widget\" data-e-type=\"widget\" data-widget_type=\"heading.default\">\n\t\t\t\t\t<h3 class=\"elementor-heading-title elementor-size-default\">Aumente suas vendas hoje mesmo<\/h3>\t\t\t\t<\/div>\n\t\t\t\t<div class=\"elementor-element elementor-element-5322f362 elementor-widget elementor-widget-text-editor\" data-id=\"5322f362\" data-element_type=\"widget\" data-e-type=\"widget\" data-widget_type=\"text-editor.default\">\n\t\t\t\t\t\t\t\t\t<p>O que voc\u00ea precisa \u00e9 de um verdadeiro veterano do setor de produtos para animais de estima\u00e7\u00e3o. Deixe que o Pecpets.com o ajude a se tornar o n\u00famero 1 no setor.<\/p>\t\t\t\t\t\t\t\t<\/div>\n\t\t\t\t<div class=\"elementor-element elementor-element-2f127081 elementor-button-align-stretch elementor-widget elementor-widget-form\" data-id=\"2f127081\" data-element_type=\"widget\" data-e-type=\"widget\" data-settings=\"{&quot;step_next_label&quot;:&quot;\\u4e0b\\u4e00\\u4e2a&quot;,&quot;step_previous_label&quot;:&quot;\\u4e0a\\u4e00\\u4e2a&quot;,&quot;button_width&quot;:&quot;100&quot;,&quot;step_type&quot;:&quot;number_text&quot;,&quot;step_icon_shape&quot;:&quot;circle&quot;}\" data-widget_type=\"form.default\">\n\t\t\t\t\t\t\t<form class=\"elementor-form\" method=\"post\" action=\"\" >\n\t\t\t<input type=\"hidden\" name=\"post_id\" value=\"2225\"\/>\n\t\t\t<input type=\"hidden\" name=\"form_id\" value=\"2f127081\"\/>\n\t\t\t<input type=\"hidden\" name=\"referer_title\" value=\"Contact - Trusted Bag Manufacturer | High-Quality, Sustainable, And Custom Solutions\" \/>\n\n\t\t\t\t\t\t\t<input type=\"hidden\" name=\"queried_id\" value=\"2225\"\/>\n\t\t\t\n\t\t\t<div class=\"elementor-form-fields-wrapper elementor-labels-above\">\n\t\t\t\t\t\t\t\t<div class=\"elementor-field-type-text elementor-field-group elementor-column elementor-field-group-field_8ad4055 elementor-col-100\">\n\t\t\t\t\t\t\t\t\t\t\t\t<label for=\"form-field-field_8ad4055\" class=\"elementor-field-label\">\n\t\t\t\t\t\t\t\tSeu nome\t\t\t\t\t\t\t<\/label>\n\t\t\t\t\t\t\t\t\t\t\t\t\t\t<input size=\"1\" type=\"text\" name=\"form_fields[field_8ad4055]\" id=\"form-field-field_8ad4055\" class=\"elementor-field elementor-size-sm  elementor-field-textual\" placeholder=\"Lawrence\">\n\t\t\t\t\t\t\t\t\t\t\t<\/div>\n\t\t\t\t\t\t\t\t<div class=\"elementor-field-type-email elementor-field-group elementor-column elementor-field-group-email elementor-col-100 elementor-field-required elementor-mark-required\">\n\t\t\t\t\t\t\t\t\t\t\t\t<label for=\"form-field-email\" class=\"elementor-field-label\">\n\t\t\t\t\t\t\t\tE-mail\t\t\t\t\t\t\t<\/label>\n\t\t\t\t\t\t\t\t\t\t\t\t\t\t<input size=\"1\" type=\"email\" name=\"form_fields[email]\" id=\"form-field-email\" class=\"elementor-field elementor-size-sm  elementor-field-textual\" placeholder=\"Endere\u00e7o de e-mail\" required=\"required\">\n\t\t\t\t\t\t\t\t\t\t\t<\/div>\n\t\t\t\t\t\t\t\t<div class=\"elementor-field-type-textarea elementor-field-group elementor-column elementor-field-group-field_3ad159f elementor-col-100 elementor-field-required elementor-mark-required\">\n\t\t\t\t\t\t\t\t\t\t\t\t<label for=\"form-field-field_3ad159f\" class=\"elementor-field-label\">\n\t\t\t\t\t\t\t\tSua mensagem\t\t\t\t\t\t\t<\/label>\n\t\t\t\t\t\t<textarea class=\"elementor-field-textual elementor-field  elementor-size-sm\" name=\"form_fields[field_3ad159f]\" id=\"form-field-field_3ad159f\" rows=\"4\" placeholder=\"Sua mensagem\" required=\"required\"><\/textarea>\t\t\t\t<\/div>\n\t\t\t\t\t\t\t\t<div class=\"elementor-field-type-recaptcha elementor-field-group elementor-column elementor-field-group-field_68f0459 elementor-col-100\">\n\t\t\t\t\t<div class=\"elementor-field\" id=\"form-field-field_68f0459\"><div class=\"elementor-g-recaptcha\" data-sitekey=\"6LfbTbMqAAAAAA2ayXoPB4P_oM5xLx_KNpt5XjiL\" data-type=\"v2_checkbox\" data-theme=\"light\" data-size=\"normal\"><\/div><\/div>\t\t\t\t<\/div>\n\t\t\t\t\t\t\t\t<div class=\"elementor-field-group elementor-column elementor-field-type-submit elementor-col-100 e-form__buttons\">\n\t\t\t\t\t<button class=\"elementor-button elementor-size-xs\" type=\"submit\">\n\t\t\t\t\t\t<span class=\"elementor-button-content-wrapper\">\n\t\t\t\t\t\t\t\t\t\t\t\t\t\t\t\t\t\t\t\t\t\t<span class=\"elementor-button-text\">Enviar formul\u00e1rio<\/span>\n\t\t\t\t\t\t\t\t\t\t\t\t\t<\/span>\n\t\t\t\t\t<\/button>\n\t\t\t\t<\/div>\n\t\t\t<\/div>\n\t\t<input type=\"hidden\" name=\"trp-form-language\" value=\"br\"\/><\/form>\n\t\t\t\t\t\t<\/div>\n\t\t\t\t\t<\/div>\n\t\t<\/div>\n\t\t\t\t\t<\/div>\n\t\t<\/section>\n\t\t\t\t<\/div>","protected":false},"excerpt":{"rendered":"<p>Sales Factory Our sales team can help you with price and shipping calculations, and they mainly handle pre-sales issues. #38, Quanxiu St, Fengze District, Quanzhou, Fujian, China Contact Person: Lawrence Email: Lawrence@pecbag.com Contact No.:+86-595-22590809 Skyrocket your sales today What you need is a true veteran of the pet products industry. Let Pecpets.com help you become [&hellip;]<\/p>","protected":false},"author":1,"featured_media":0,"parent":0,"menu_order":0,"comment_status":"closed","ping_status":"closed","template":"","meta":{"_uag_custom_page_level_css":"","footnotes":""},"class_list":["post-2225","page","type-page","status-publish","hentry"],"uagb_featured_image_src":{"full":false,"thumbnail":false,"medium":false,"medium_large":false,"large":false,"1536x1536":false,"2048x2048":false,"trp-custom-language-flag":false,"woocommerce_thumbnail":false,"woocommerce_single":false,"woocommerce_gallery_thumbnail":false},"uagb_author_info":{"display_name":"Lawrence","author_link":"https:\/\/pecbag.com\/br\/author\/lawrence\/"},"uagb_comment_info":0,"uagb_excerpt":"Sales Factory Our sales team can help you with price and shipping calculations, and they mainly handle pre-sales issues. #38, Quanxiu St, Fengze District, Quanzhou, Fujian, China Contact Person: Lawrence Email: Lawrence@pecbag.com Contact No.:+86-595-22590809 Skyrocket your sales today What you need is a true veteran of the pet products industry. Let Pecpets.com help you become&hellip;","_links":{"self":[{"href":"https:\/\/pecbag.com\/br\/wp-json\/wp\/v2\/pages\/2225","targetHints":{"allow":["GET"]}}],"collection":[{"href":"https:\/\/pecbag.com\/br\/wp-json\/wp\/v2\/pages"}],"about":[{"href":"https:\/\/pecbag.com\/br\/wp-json\/wp\/v2\/types\/page"}],"author":[{"embeddable":true,"href":"https:\/\/pecbag.com\/br\/wp-json\/wp\/v2\/users\/1"}],"replies":[{"embeddable":true,"href":"https:\/\/pecbag.com\/br\/wp-json\/wp\/v2\/comments?post=2225"}],"version-history":[{"count":7,"href":"https:\/\/pecbag.com\/br\/wp-json\/wp\/v2\/pages\/2225\/revisions"}],"predecessor-version":[{"id":2463,"href":"https:\/\/pecbag.com\/br\/wp-json\/wp\/v2\/pages\/2225\/revisions\/2463"}],"wp:attachment":[{"href":"https:\/\/pecbag.com\/br\/wp-json\/wp\/v2\/media?parent=2225"}],"curies":[{"name":"wp","href":"https:\/\/api.w.org\/{rel}","templated":true}]}}