{"id":1410,"date":"2025-04-11T08:35:19","date_gmt":"2025-04-11T08:35:19","guid":{"rendered":"https:\/\/pecbag.com\/?post_type=product&#038;p=1410"},"modified":"2025-11-29T02:12:07","modified_gmt":"2025-11-29T02:12:07","slug":"backpack-manufacturers-in-china","status":"publish","type":"product","link":"https:\/\/pecbag.com\/br\/backpack-manufacturers-in-china\/","title":{"rendered":"Fabricantes de mochilas na China"},"content":{"rendered":"<h2 title=\"Bolsa dobr\u00e1vel para c\u00e3es Bolsa de ombro de malha respir\u00e1vel para c\u00e3es e gatos de pequeno porte\" data-immersive-translate-walked=\"1c928421-2e42-4cd3-8754-5404553c0af5\" data-immersive-translate-paragraph=\"1\" data-spm-anchor-id=\"a2700.details.0.i35.4f6757d4w4zNZA\">Principais fabricantes de mochilas no atacado na China - pre\u00e7os diretos de f\u00e1brica e solu\u00e7\u00f5es personalizadas<\/h2>\n<div class=\"flex flex-grow flex-col max-w-full\">\n<div class=\"min-h-[20px] text-message flex w-full flex-col items-end gap-2 whitespace-pre-wrap break-words [.text-message+&amp;]:mt-5 overflow-x-auto\" dir=\"auto\" data-message-author-role=\"assistant\" data-message-id=\"3d7d46f6-7ec2-4222-9257-48fa0bba23c6\" data-suggestions=\"true\">\n<div class=\"flex w-full flex-col gap-1 empty:hidden first:pt-[3px]\">\n<div class=\"markdown prose w-full break-words dark:prose-invert light\">\n<p>Procurando por pessoas confi\u00e1veis <strong>fabricantes de mochilas na China<\/strong>? Somos uma f\u00e1brica certificada que oferece pre\u00e7os de atacado, servi\u00e7os de OEM\/ODM e remessa global r\u00e1pida. Personalize mochilas dur\u00e1veis para escolas, viagens ou marcas com baixos MOQs. Obtenha uma cota\u00e7\u00e3o gratuita hoje mesmo!<\/p>\n<table width=\"288\">\n<tbody>\n<tr>\n<td width=\"137\"><span style=\"color: #333333;\">Nome dos produtos<\/span><\/td>\n<td width=\"151\"><span style=\"color: #333333;\">Mochila<\/span><\/td>\n<\/tr>\n<tr>\n<td><span style=\"color: #333333;\">Item No.<\/span><\/td>\n<td><span style=\"color: #333333;\">PB-2002<\/span><\/td>\n<\/tr>\n<tr>\n<td><span style=\"color: #333333;\">Material<\/span><\/td>\n<td><span style=\"color: #333333;\">Algod\u00e3o, poli\u00e9ster, velo<\/span><\/td>\n<\/tr>\n<tr>\n<td><span style=\"color: #333333;\">\u00a0Tamanho e cor<\/span><\/td>\n<td><span style=\"color: #333333;\">Personalizado<\/span><\/td>\n<\/tr>\n<tr>\n<td><span style=\"color: #333333;\">\u00a0Prazo de entrega<\/span><\/td>\n<td><span style=\"color: #333333;\">De 1 a 5 dias para pequenas quantidades por via a\u00e9rea e de 30 a 35 dias para grandes quantidades por via mar\u00edtima<\/span><\/td>\n<\/tr>\n<\/tbody>\n<\/table>\n<p>Como l\u00edder <strong>Fabricante de mochilas na China<\/strong>Em nossa empresa, combinamos produ\u00e7\u00e3o avan\u00e7ada de f\u00e1brica com solu\u00e7\u00f5es flex\u00edveis de atacado. N\u00e3o importa se voc\u00ea precisa de 500 ou 50.000 unidades, nossas instala\u00e7\u00f5es com certifica\u00e7\u00e3o ISO atendem \u00e0s suas necessidades:<br \/>\n\u2705 <strong>Projetos personalizados<\/strong> - De mochilas para laptop a estilos ecol\u00f3gicos<br \/>\n\u2705 <strong>Pre\u00e7os competitivos<\/strong> - Tarifas de atacado sem margem de lucro de intermedi\u00e1rios<br \/>\n\u2705 <strong>R\u00e1pida resposta<\/strong> - Produ\u00e7\u00e3o em 30 dias + envio na porta para a UE\/EUA<\/p>\n<p><strong>Por que as marcas globais confiam em n\u00f3s:<\/strong><\/p>\n<ul>\n<li><strong>Mais de 15 anos de experi\u00eancia<\/strong>: Especializada em mochilas antifurto, \u00e0 prova d'\u00e1gua e ergon\u00f4micas<\/li>\n<li><strong>Garantia de qualidade<\/strong>: Inspe\u00e7\u00f5es em 3 est\u00e1gios e garantia padr\u00e3o de 2 anos<\/li>\n<li><strong>Foco na sustentabilidade<\/strong>: Poli\u00e9ster reciclado e opera\u00e7\u00f5es de f\u00e1brica movidas a energia solar<\/li>\n<\/ul>\n<p>Solicite amostras gr\u00e1tis ou fa\u00e7a o upload de seu logotipo para obter um prot\u00f3tipo - <strong>MOQs baixos a partir de 100 unidades<\/strong>.<\/p>\n<\/div>\n<\/div>\n<\/div>\n<\/div>","protected":false},"excerpt":{"rendered":"<h2 data-immersive-translate-walked=\"344be1c1-5052-41eb-8fcd-0dbe236a0d6b\" data-immersive-translate-paragraph=\"1\">Fabricantes de mochilas na China<\/h2>\n<p>Fornecemos bolsas premium com personaliza\u00e7\u00e3o total de tamanho e cor, tecidos dur\u00e1veis e qualidade certificada.<\/p>\n<p>Aproveite os MOQs flex\u00edveis, o envio global r\u00e1pido e as solu\u00e7\u00f5es de marca pr\u00f3pria.<\/p>\n<p>Entre em contato conosco hoje mesmo!<\/p>","protected":false},"featured_media":1449,"template":"","meta":{"_uag_custom_page_level_css":""},"product_brand":[],"product_cat":[60],"product_tag":[],"class_list":{"0":"post-1410","1":"product","2":"type-product","3":"status-publish","4":"has-post-thumbnail","6":"product_cat-backpack","8":"first","9":"instock","10":"shipping-taxable","11":"product-type-simple"},"uagb_featured_image_src":{"full":["https:\/\/pecbag.com\/wp-content\/uploads\/2025\/04\/Backpack-Manufacturers-in-China-3.png",684,720,false],"thumbnail":["https:\/\/pecbag.com\/wp-content\/uploads\/2025\/04\/Backpack-Manufacturers-in-China-3-150x150.png",150,150,true],"medium":["https:\/\/pecbag.com\/wp-content\/uploads\/2025\/04\/Backpack-Manufacturers-in-China-3-285x300.png",285,300,true],"medium_large":["https:\/\/pecbag.com\/wp-content\/uploads\/2025\/04\/Backpack-Manufacturers-in-China-3.png",684,720,false],"large":["https:\/\/pecbag.com\/wp-content\/uploads\/2025\/04\/Backpack-Manufacturers-in-China-3.png",684,720,false],"1536x1536":["https:\/\/pecbag.com\/wp-content\/uploads\/2025\/04\/Backpack-Manufacturers-in-China-3.png",684,720,false],"2048x2048":["https:\/\/pecbag.com\/wp-content\/uploads\/2025\/04\/Backpack-Manufacturers-in-China-3.png",684,720,false],"trp-custom-language-flag":["https:\/\/pecbag.com\/wp-content\/uploads\/2025\/04\/Backpack-Manufacturers-in-China-3.png",11,12,false],"woocommerce_thumbnail":["https:\/\/pecbag.com\/wp-content\/uploads\/2025\/04\/Backpack-Manufacturers-in-China-3-300x300.png",300,300,true],"woocommerce_single":["https:\/\/pecbag.com\/wp-content\/uploads\/2025\/04\/Backpack-Manufacturers-in-China-3-600x632.png",600,632,true],"woocommerce_gallery_thumbnail":["https:\/\/pecbag.com\/wp-content\/uploads\/2025\/04\/Backpack-Manufacturers-in-China-3-100x100.png",100,100,true]},"uagb_author_info":{"display_name":"Lawrence","author_link":"https:\/\/pecbag.com\/br\/author\/"},"uagb_comment_info":0,"uagb_excerpt":"Backpack Manufacturers in China We provide premium bag with full-size and color customization, durable fabrics, and certified quality. Enjoy flexible MOQs, fast global shipping, and private label solutions. Contact us today!","_links":{"self":[{"href":"https:\/\/pecbag.com\/br\/wp-json\/wp\/v2\/product\/1410","targetHints":{"allow":["GET"]}}],"collection":[{"href":"https:\/\/pecbag.com\/br\/wp-json\/wp\/v2\/product"}],"about":[{"href":"https:\/\/pecbag.com\/br\/wp-json\/wp\/v2\/types\/product"}],"wp:featuredmedia":[{"embeddable":true,"href":"https:\/\/pecbag.com\/br\/wp-json\/wp\/v2\/media\/1449"}],"wp:attachment":[{"href":"https:\/\/pecbag.com\/br\/wp-json\/wp\/v2\/media?parent=1410"}],"wp:term":[{"taxonomy":"product_brand","embeddable":true,"href":"https:\/\/pecbag.com\/br\/wp-json\/wp\/v2\/product_brand?post=1410"},{"taxonomy":"product_cat","embeddable":true,"href":"https:\/\/pecbag.com\/br\/wp-json\/wp\/v2\/product_cat?post=1410"},{"taxonomy":"product_tag","embeddable":true,"href":"https:\/\/pecbag.com\/br\/wp-json\/wp\/v2\/product_tag?post=1410"}],"curies":[{"name":"wp","href":"https:\/\/api.w.org\/{rel}","templated":true}]}}