{"id":1450,"date":"2025-04-11T09:37:46","date_gmt":"2025-04-11T09:37:46","guid":{"rendered":"https:\/\/pecbag.com\/?post_type=product&#038;p=1450"},"modified":"2025-11-29T02:11:46","modified_gmt":"2025-11-29T02:11:46","slug":"china-chest-bag-manufacturers","status":"publish","type":"product","link":"https:\/\/pecbag.com\/br\/china-chest-bag-manufacturers\/","title":{"rendered":"Fabricantes de bolsas peitorais na China"},"content":{"rendered":"<h2 title=\"Bolsa dobr\u00e1vel para c\u00e3es Bolsa de ombro de malha respir\u00e1vel para c\u00e3es e gatos de pequeno porte\" data-immersive-translate-walked=\"1c928421-2e42-4cd3-8754-5404553c0af5\" data-immersive-translate-paragraph=\"1\" data-spm-anchor-id=\"a2700.details.0.i35.4f6757d4w4zNZA\">Principais fabricantes de sacolas de peito no atacado da China - Projetos personalizados e diretos da f\u00e1brica<\/h2>\n<div class=\"flex flex-grow flex-col max-w-full\">\n<div class=\"min-h-[20px] text-message flex w-full flex-col items-end gap-2 whitespace-pre-wrap break-words [.text-message+&amp;]:mt-5 overflow-x-auto\" dir=\"auto\" data-message-author-role=\"assistant\" data-message-id=\"3d7d46f6-7ec2-4222-9257-48fa0bba23c6\" data-suggestions=\"true\">\n<div class=\"flex w-full flex-col gap-1 empty:hidden first:pt-[3px]\">\n<div class=\"markdown prose w-full break-words dark:prose-invert light\">\n<p>Necessidade de durabilidade <strong>fabricantes de bolsas peitorais na China<\/strong>? Oferecemos pre\u00e7os de atacado, MOQ 300 pcs e designs personalizados de estilo t\u00e1tico\/militar - \u00e0 prova d'\u00e1gua, seguro para RFID e envio r\u00e1pido. Obtenha amostras gr\u00e1tis agora!<\/p>\n<table width=\"288\">\n<tbody>\n<tr>\n<td width=\"137\"><span style=\"color: #333333;\">Nome dos produtos<\/span><\/td>\n<td width=\"151\"><span style=\"color: #333333;\">Bolsa peitoral<\/span><\/td>\n<\/tr>\n<tr>\n<td><span style=\"color: #333333;\">Item No.<\/span><\/td>\n<td><span style=\"color: #333333;\">P-B2004<\/span><\/td>\n<\/tr>\n<tr>\n<td><span style=\"color: #333333;\">Material<\/span><\/td>\n<td>Poli\u00e9ster<\/td>\n<\/tr>\n<tr>\n<td><span style=\"color: #333333;\">\u00a0Tamanho e cor<\/span><\/td>\n<td>13 x 4 x 18 cm<\/td>\n<\/tr>\n<tr>\n<td><span style=\"color: #333333;\">\u00a0Prazo de entrega<\/span><\/td>\n<td><span style=\"color: #333333;\">De 1 a 5 dias para pequenas quantidades por via a\u00e9rea e de 30 a 35 dias para grandes quantidades por via mar\u00edtima<\/span><\/td>\n<\/tr>\n<\/tbody>\n<\/table>\n<p>Como confi\u00e1vel <strong>Fabricantes de bolsas peitorais na China<\/strong>Na Kinross, produzimos equipamentos t\u00e1ticos pesados para o peito, bolsas crossbody e equipamentos para atividades ao ar livre para fornecedores militares, organizadores de festivais e marcas de viagem. Nossa f\u00e1brica fornece:<br \/>\n\u2705 <strong>Flexibilidade no atacado<\/strong>: Pedidos a partir de 300 unidades com descontos para grandes quantidades<br \/>\n\u2705 <strong>Personaliza\u00e7\u00e3o inteligente<\/strong>: Adicione cintas MOLLE, bolsos RFID ou logotipos de marcas<br \/>\n\u2705 <strong>Constru\u00e7\u00f5es para todos os climas<\/strong>: 1000D Cordura\u00ae + z\u00edperes YKK + tiras respir\u00e1veis<\/p>\n<p><strong>Por que os compradores globais nos escolhem:<\/strong><\/p>\n<ul>\n<li><strong>Amostragem de 10 dias<\/strong>: Obtenha prot\u00f3tipos f\u00edsicos antes da produ\u00e7\u00e3o em massa<\/li>\n<li><strong>Qualidade certificada<\/strong>: ISO 9001, tecidos com certifica\u00e7\u00e3o OEKO-TEX\u00ae.<\/li>\n<li><strong>Log\u00edstica r\u00e1pida<\/strong>: Remessa porta a porta da DHL\/UPS para mais de 50 pa\u00edses<\/li>\n<\/ul>\n<p><strong>Perfeito para:<\/strong><\/p>\n<ul>\n<li>Empresas de seguran\u00e7a * Varejistas externos * Mercadorias para eventos<\/li>\n<\/ul>\n<p><strong>Inicie seu projeto hoje mesmo:<\/strong><br \/>\n\ud83c\udf92 Mockups de design 3D gratuitos<br \/>\nGarantia \u00e0 prova d'\u00e1gua e resistente a rasgos<br \/>\nCronograma de produ\u00e7\u00e3o de 15 dias<\/p>\n<\/div>\n<\/div>\n<\/div>\n<\/div>","protected":false},"excerpt":{"rendered":"<h2 data-immersive-translate-walked=\"344be1c1-5052-41eb-8fcd-0dbe236a0d6b\" data-immersive-translate-paragraph=\"1\">Fabricantes de bolsas peitorais na China<\/h2>\n<p>Fornecemos bolsas premium com personaliza\u00e7\u00e3o total de tamanho e cor, tecidos dur\u00e1veis e qualidade certificada.<\/p>\n<p>Aproveite os MOQs flex\u00edveis, o envio global r\u00e1pido e as solu\u00e7\u00f5es de marca pr\u00f3pria.<\/p>\n<p>Entre em contato conosco hoje mesmo!<\/p>","protected":false},"featured_media":1454,"template":"","meta":{"_uag_custom_page_level_css":""},"product_brand":[],"product_cat":[61],"product_tag":[],"class_list":{"0":"post-1450","1":"product","2":"type-product","3":"status-publish","4":"has-post-thumbnail","6":"product_cat-chest-bag","8":"first","9":"instock","10":"shipping-taxable","11":"product-type-simple"},"uagb_featured_image_src":{"full":["https:\/\/pecbag.com\/wp-content\/uploads\/2025\/04\/CHINAC3.jpg",1487,1500,false],"thumbnail":["https:\/\/pecbag.com\/wp-content\/uploads\/2025\/04\/CHINAC3-150x150.jpg",150,150,true],"medium":["https:\/\/pecbag.com\/wp-content\/uploads\/2025\/04\/CHINAC3-297x300.jpg",297,300,true],"medium_large":["https:\/\/pecbag.com\/wp-content\/uploads\/2025\/04\/CHINAC3-768x775.jpg",768,775,true],"large":["https:\/\/pecbag.com\/wp-content\/uploads\/2025\/04\/CHINAC3-1015x1024.jpg",800,807,true],"1536x1536":["https:\/\/pecbag.com\/wp-content\/uploads\/2025\/04\/CHINAC3.jpg",1487,1500,false],"2048x2048":["https:\/\/pecbag.com\/wp-content\/uploads\/2025\/04\/CHINAC3.jpg",1487,1500,false],"trp-custom-language-flag":["https:\/\/pecbag.com\/wp-content\/uploads\/2025\/04\/CHINAC3.jpg",12,12,false],"woocommerce_thumbnail":["https:\/\/pecbag.com\/wp-content\/uploads\/2025\/04\/CHINAC3-300x300.jpg",300,300,true],"woocommerce_single":["https:\/\/pecbag.com\/wp-content\/uploads\/2025\/04\/CHINAC3-600x605.jpg",600,605,true],"woocommerce_gallery_thumbnail":["https:\/\/pecbag.com\/wp-content\/uploads\/2025\/04\/CHINAC3-100x100.jpg",100,100,true]},"uagb_author_info":{"display_name":"Lawrence","author_link":"https:\/\/pecbag.com\/br\/author\/"},"uagb_comment_info":0,"uagb_excerpt":"China Chest Bag Manufacturers We provide premium bag with full-size and color customization, durable fabrics, and certified quality. Enjoy flexible MOQs, fast global shipping, and private label solutions. Contact us today!","_links":{"self":[{"href":"https:\/\/pecbag.com\/br\/wp-json\/wp\/v2\/product\/1450","targetHints":{"allow":["GET"]}}],"collection":[{"href":"https:\/\/pecbag.com\/br\/wp-json\/wp\/v2\/product"}],"about":[{"href":"https:\/\/pecbag.com\/br\/wp-json\/wp\/v2\/types\/product"}],"wp:featuredmedia":[{"embeddable":true,"href":"https:\/\/pecbag.com\/br\/wp-json\/wp\/v2\/media\/1454"}],"wp:attachment":[{"href":"https:\/\/pecbag.com\/br\/wp-json\/wp\/v2\/media?parent=1450"}],"wp:term":[{"taxonomy":"product_brand","embeddable":true,"href":"https:\/\/pecbag.com\/br\/wp-json\/wp\/v2\/product_brand?post=1450"},{"taxonomy":"product_cat","embeddable":true,"href":"https:\/\/pecbag.com\/br\/wp-json\/wp\/v2\/product_cat?post=1450"},{"taxonomy":"product_tag","embeddable":true,"href":"https:\/\/pecbag.com\/br\/wp-json\/wp\/v2\/product_tag?post=1450"}],"curies":[{"name":"wp","href":"https:\/\/api.w.org\/{rel}","templated":true}]}}