{"id":1479,"date":"2025-04-11T10:04:55","date_gmt":"2025-04-11T10:04:55","guid":{"rendered":"https:\/\/pecbag.com\/?post_type=product&#038;p=1479"},"modified":"2025-11-29T02:10:59","modified_gmt":"2025-11-29T02:10:59","slug":"reflective-strip-delivery-bag","status":"publish","type":"product","link":"https:\/\/pecbag.com\/br\/reflective-strip-delivery-bag\/","title":{"rendered":"Bolsa de entrega com faixa refletiva"},"content":{"rendered":"<h2 title=\"Bolsa dobr\u00e1vel para c\u00e3es Bolsa de ombro de malha respir\u00e1vel para c\u00e3es e gatos de pequeno porte\" data-immersive-translate-walked=\"1c928421-2e42-4cd3-8754-5404553c0af5\" data-immersive-translate-paragraph=\"1\" data-spm-anchor-id=\"a2700.details.0.i35.4f6757d4w4zNZA\">Fabricante de sacola de entrega com faixa refletiva no atacado - direto da f\u00e1brica e com certifica\u00e7\u00e3o de seguran\u00e7a<\/h2>\n<div class=\"flex flex-grow flex-col max-w-full\">\n<div class=\"min-h-[20px] text-message flex w-full flex-col items-end gap-2 whitespace-pre-wrap break-words [.text-message+&amp;]:mt-5 overflow-x-auto\" dir=\"auto\" data-message-author-role=\"assistant\" data-message-id=\"3d7d46f6-7ec2-4222-9257-48fa0bba23c6\" data-suggestions=\"true\">\n<div class=\"flex w-full flex-col gap-1 empty:hidden first:pt-[3px]\">\n<div class=\"markdown prose w-full break-words dark:prose-invert light\">\n<p>Necessidade de alta visibilidade <strong>sacos de entrega com faixa refletiva<\/strong>? Fabricamos bolsas dur\u00e1veis e \u00e0 prova d'\u00e1gua para servi\u00e7os de entrega noturna. Pre\u00e7os de atacado, marca personalizada e remessa r\u00e1pida. Solicite amostras gr\u00e1tis agora!<\/p>\n<table width=\"288\">\n<tbody>\n<tr>\n<td width=\"137\"><span style=\"color: #333333;\">Nome dos produtos<\/span><\/td>\n<td width=\"151\">Bolsa de entrega<\/td>\n<\/tr>\n<tr>\n<td><span style=\"color: #333333;\">Item No.<\/span><\/td>\n<td><span style=\"color: #333333;\">PB-2010<\/span><\/td>\n<\/tr>\n<tr>\n<td><span style=\"color: #333333;\">Material<\/span><\/td>\n<td>Poli\u00e9ster 600D<\/td>\n<\/tr>\n<tr>\n<td><span style=\"color: #333333;\">Tamanho<\/span><\/td>\n<td>39,4 x 25,4 x 39,4 cm<\/td>\n<\/tr>\n<tr>\n<td><span style=\"color: #333333;\">\u00a0Prazo de entrega<\/span><\/td>\n<td><span style=\"color: #333333;\">De 1 a 5 dias para pequenas quantidades por via a\u00e9rea e de 30 a 35 dias para grandes quantidades por via mar\u00edtima<\/span><\/td>\n<\/tr>\n<\/tbody>\n<\/table>\n<p>Como confi\u00e1vel <strong>fabricantes de sacolas de entrega com faixa refletiva na China<\/strong>Na Alemanha, projetamos solu\u00e7\u00f5es que priorizam a seguran\u00e7a para transportadoras de alimentos, empresas de log\u00edstica e servi\u00e7os de emerg\u00eancia. Nossa f\u00e1brica fornece:<br \/>\n\u2705 <strong>Pronto para o atacado<\/strong>: MOQ 300pcs com descontos para grandes quantidades<br \/>\n\u2705 <strong>Personaliza\u00e7\u00e3o inteligente<\/strong>: Adicione logotipos, slots para rastreador GPS ou acolchoamento extra<br \/>\n\u2705 <strong>Visibilidade de 360\u00b0<\/strong>: Faixas refletivas com certifica\u00e7\u00e3o EN ISO 20471<\/p>\n<p><strong>Por que os profissionais de entrega nos escolhem:<\/strong><\/p>\n<ul>\n<li><strong>Constru\u00e7\u00f5es \u00e0 prova de tempestade<\/strong>: Nylon 1000D + costuras soldadas + z\u00edperes \u00e0 prova d'\u00e1gua<\/li>\n<li><strong>Leve e dur\u00e1vel<\/strong>: 30% mais leve que as bolsas padr\u00e3o, garantia de 2 anos<\/li>\n<li><strong>R\u00e1pida resposta<\/strong>: Produ\u00e7\u00e3o em 12 dias + envio expresso para os EUA\/UE<\/li>\n<\/ul>\n<p><strong>Perfeito para:<\/strong><\/p>\n<ul>\n<li>Parceiros do Uber Eats\/Deliveroo * Entregas noturnas em farm\u00e1cias * Startups de servi\u00e7os de entrega de bicicletas<\/li>\n<\/ul>\n<p><strong>Personalize suas bolsas hoje mesmo:<\/strong><br \/>\n\ud83d\udef5 Mockups de design 3D gratuitos<br \/>\nOp\u00e7\u00f5es de bloqueio de RFID e \u00e0 prova de rasgos<br \/>\n\ud83d\udef5 Descontos em mais de 1.000 unidades<\/p>\n<\/div>\n<\/div>\n<\/div>\n<\/div>","protected":false},"excerpt":{"rendered":"<h2 data-immersive-translate-walked=\"344be1c1-5052-41eb-8fcd-0dbe236a0d6b\" data-immersive-translate-paragraph=\"1\">Bolsa de entrega com faixa refletiva<\/h2>\n<p>Fornecemos bolsas premium com personaliza\u00e7\u00e3o total de tamanho e cor, tecidos dur\u00e1veis e qualidade certificada.<\/p>\n<p>Aproveite os MOQs flex\u00edveis, o envio global r\u00e1pido e as solu\u00e7\u00f5es de marca pr\u00f3pria.<\/p>\n<p>Entre em contato conosco hoje mesmo!<\/p>","protected":false},"featured_media":1481,"template":"","meta":{"_uag_custom_page_level_css":""},"product_brand":[],"product_cat":[19],"product_tag":[],"class_list":{"0":"post-1479","1":"product","2":"type-product","3":"status-publish","4":"has-post-thumbnail","6":"product_cat-uncategorized","8":"first","9":"instock","10":"shipping-taxable","11":"product-type-simple"},"uagb_featured_image_src":{"full":["https:\/\/pecbag.com\/wp-content\/uploads\/2025\/04\/Reflective-Strip-Delivery-Bag-4.jpg",1500,1500,false],"thumbnail":["https:\/\/pecbag.com\/wp-content\/uploads\/2025\/04\/Reflective-Strip-Delivery-Bag-4-150x150.jpg",150,150,true],"medium":["https:\/\/pecbag.com\/wp-content\/uploads\/2025\/04\/Reflective-Strip-Delivery-Bag-4-300x300.jpg",300,300,true],"medium_large":["https:\/\/pecbag.com\/wp-content\/uploads\/2025\/04\/Reflective-Strip-Delivery-Bag-4-768x768.jpg",768,768,true],"large":["https:\/\/pecbag.com\/wp-content\/uploads\/2025\/04\/Reflective-Strip-Delivery-Bag-4-1024x1024.jpg",800,800,true],"1536x1536":["https:\/\/pecbag.com\/wp-content\/uploads\/2025\/04\/Reflective-Strip-Delivery-Bag-4.jpg",1500,1500,false],"2048x2048":["https:\/\/pecbag.com\/wp-content\/uploads\/2025\/04\/Reflective-Strip-Delivery-Bag-4.jpg",1500,1500,false],"trp-custom-language-flag":["https:\/\/pecbag.com\/wp-content\/uploads\/2025\/04\/Reflective-Strip-Delivery-Bag-4.jpg",12,12,false],"woocommerce_thumbnail":["https:\/\/pecbag.com\/wp-content\/uploads\/2025\/04\/Reflective-Strip-Delivery-Bag-4-300x300.jpg",300,300,true],"woocommerce_single":["https:\/\/pecbag.com\/wp-content\/uploads\/2025\/04\/Reflective-Strip-Delivery-Bag-4-600x600.jpg",600,600,true],"woocommerce_gallery_thumbnail":["https:\/\/pecbag.com\/wp-content\/uploads\/2025\/04\/Reflective-Strip-Delivery-Bag-4-100x100.jpg",100,100,true]},"uagb_author_info":{"display_name":"Lawrence","author_link":"https:\/\/pecbag.com\/br\/author\/"},"uagb_comment_info":0,"uagb_excerpt":"Reflective Strip Delivery Bag We provide premium bag with full-size and color customization, durable fabrics, and certified quality. Enjoy flexible MOQs, fast global shipping, and private label solutions. Contact us today!","_links":{"self":[{"href":"https:\/\/pecbag.com\/br\/wp-json\/wp\/v2\/product\/1479","targetHints":{"allow":["GET"]}}],"collection":[{"href":"https:\/\/pecbag.com\/br\/wp-json\/wp\/v2\/product"}],"about":[{"href":"https:\/\/pecbag.com\/br\/wp-json\/wp\/v2\/types\/product"}],"wp:featuredmedia":[{"embeddable":true,"href":"https:\/\/pecbag.com\/br\/wp-json\/wp\/v2\/media\/1481"}],"wp:attachment":[{"href":"https:\/\/pecbag.com\/br\/wp-json\/wp\/v2\/media?parent=1479"}],"wp:term":[{"taxonomy":"product_brand","embeddable":true,"href":"https:\/\/pecbag.com\/br\/wp-json\/wp\/v2\/product_brand?post=1479"},{"taxonomy":"product_cat","embeddable":true,"href":"https:\/\/pecbag.com\/br\/wp-json\/wp\/v2\/product_cat?post=1479"},{"taxonomy":"product_tag","embeddable":true,"href":"https:\/\/pecbag.com\/br\/wp-json\/wp\/v2\/product_tag?post=1479"}],"curies":[{"name":"wp","href":"https:\/\/api.w.org\/{rel}","templated":true}]}}