{"id":1487,"date":"2025-04-11T10:10:02","date_gmt":"2025-04-11T10:10:02","guid":{"rendered":"https:\/\/pecbag.com\/?post_type=product&#038;p=1487"},"modified":"2025-11-29T02:10:50","modified_gmt":"2025-11-29T02:10:50","slug":"top-wholesale-duffel-bags-manufacturers-in-china","status":"publish","type":"product","link":"https:\/\/pecbag.com\/br\/top-wholesale-duffel-bags-manufacturers-in-china\/","title":{"rendered":"Fabricantes de sacolas Duffel na China"},"content":{"rendered":"<h2 title=\"Bolsa dobr\u00e1vel para c\u00e3es Bolsa de ombro de malha respir\u00e1vel para c\u00e3es e gatos de pequeno porte\" data-immersive-translate-walked=\"1c928421-2e42-4cd3-8754-5404553c0af5\" data-immersive-translate-paragraph=\"1\" data-spm-anchor-id=\"a2700.details.0.i35.4f6757d4w4zNZA\">Principais fabricantes de bolsas Duffel no atacado na China - Projetos personalizados e diretos da f\u00e1brica<\/h2>\n<div class=\"flex flex-grow flex-col max-w-full\">\n<div class=\"min-h-[20px] text-message flex w-full flex-col items-end gap-2 whitespace-pre-wrap break-words [.text-message+&amp;]:mt-5 overflow-x-auto\" dir=\"auto\" data-message-author-role=\"assistant\" data-message-id=\"3d7d46f6-7ec2-4222-9257-48fa0bba23c6\" data-suggestions=\"true\">\n<div class=\"flex w-full flex-col gap-1 empty:hidden first:pt-[3px]\">\n<div class=\"markdown prose w-full break-words dark:prose-invert light\">\n<p>Procurando por pessoas confi\u00e1veis <strong>fabricantes de bolsas de lona na China<\/strong>? Oferecemos pre\u00e7os de atacado, designs \u00e0 prova d'\u00e1gua e descontos para grandes volumes. Personalize bolsas de gin\u00e1stica, de viagem ou militares. Envio global r\u00e1pido. Receba amostras gr\u00e1tis!<\/p>\n<table width=\"288\">\n<tbody>\n<tr>\n<td width=\"137\"><span style=\"color: #333333;\">Nome dos produtos<\/span><\/td>\n<td width=\"151\">Bolsa Duffel<\/td>\n<\/tr>\n<tr>\n<td><span style=\"color: #333333;\">Item No.<\/span><\/td>\n<td><span style=\"color: #333333;\">PB-2011<\/span><\/td>\n<\/tr>\n<tr>\n<td><span style=\"color: #333333;\">Material<\/span><\/td>\n<td>Poli\u00e9ster 600D<\/td>\n<\/tr>\n<tr>\n<td><span style=\"color: #333333;\">Tamanho<\/span><\/td>\n<td>48 X 24 X 25 CM<\/td>\n<\/tr>\n<tr>\n<td><span style=\"color: #333333;\">\u00a0Prazo de entrega<\/span><\/td>\n<td><span style=\"color: #333333;\">De 1 a 5 dias para pequenas quantidades por via a\u00e9rea e de 30 a 35 dias para grandes quantidades por via mar\u00edtima<\/span><\/td>\n<\/tr>\n<\/tbody>\n<\/table>\n<p>Como l\u00edder <strong>Fabricante de bolsas de lona na China<\/strong>Na Alemanha, fabricamos bolsas resistentes para redes de academias de gin\u00e1stica, ag\u00eancias de viagem e fornecedores militares. Nossa f\u00e1brica entrega:<br \/>\n\u2705 <strong>Flexibilidade no atacado<\/strong>: MOQ 500pcs com pre\u00e7o a granel<br \/>\n\u2705 <strong>Personaliza\u00e7\u00e3o inteligente<\/strong>: Adicione logotipos, al\u00e7as acolchoadas ou compartimentos extras<br \/>\n\u2705 <strong>Constru\u00e7\u00f5es robustas<\/strong>: Nylon 1000D, z\u00edperes \u00e0 prova d'\u00e1gua e costura antidesgaste<\/p>\n<p><strong>Por que os compradores globais confiam em n\u00f3s:<\/strong><\/p>\n<ul>\n<li><strong>Mais de 15 anos de experi\u00eancia<\/strong>: Parceria com fornecedores da Decathlon e da Adidas<\/li>\n<li><strong>Qualidade certificada<\/strong>: ISO 9001, materiais com certifica\u00e7\u00e3o OEKO-TEX<\/li>\n<li><strong>Produ\u00e7\u00e3o r\u00e1pida<\/strong>: Prazo de entrega de 18 dias + remessa porta a porta<\/li>\n<\/ul>\n<p><strong>Perfeito para:<\/strong><\/p>\n<ul>\n<li>Equipes esportivas * Varejistas de equipamentos para atividades ao ar livre * Programas de presentes corporativos<\/li>\n<\/ul>\n<p><strong>Inicie seu projeto hoje mesmo:<\/strong><br \/>\n\ud83c\udf92 Mockups de design 3D gratuitos<br \/>\nGarantia \u00e0 prova d'\u00e1gua e de arranh\u00f5es<br \/>\n\ud83c\udf92 Descontos em pedidos acima de 2.000 unidades<\/p>\n<\/div>\n<\/div>\n<\/div>\n<\/div>","protected":false},"excerpt":{"rendered":"<h2 data-immersive-translate-walked=\"344be1c1-5052-41eb-8fcd-0dbe236a0d6b\" data-immersive-translate-paragraph=\"1\">Fabricantes de sacolas Duffel na China<\/h2>\n<p>Fornecemos bolsas premium com personaliza\u00e7\u00e3o total de tamanho e cor, tecidos dur\u00e1veis e qualidade certificada.<\/p>\n<p>Aproveite os MOQs flex\u00edveis, o envio global r\u00e1pido e as solu\u00e7\u00f5es de marca pr\u00f3pria.<\/p>\n<p>Entre em contato conosco hoje mesmo!<\/p>","protected":false},"featured_media":1494,"template":"","meta":{"_uag_custom_page_level_css":""},"product_brand":[],"product_cat":[63],"product_tag":[],"class_list":{"0":"post-1487","1":"product","2":"type-product","3":"status-publish","4":"has-post-thumbnail","6":"product_cat-duffel-bag","8":"first","9":"instock","10":"shipping-taxable","11":"product-type-simple"},"uagb_featured_image_src":{"full":["https:\/\/pecbag.com\/wp-content\/uploads\/2025\/04\/Duffel-Bag-Manufacturers-in-China-2.jpg",1500,1500,false],"thumbnail":["https:\/\/pecbag.com\/wp-content\/uploads\/2025\/04\/Duffel-Bag-Manufacturers-in-China-2-150x150.jpg",150,150,true],"medium":["https:\/\/pecbag.com\/wp-content\/uploads\/2025\/04\/Duffel-Bag-Manufacturers-in-China-2-300x300.jpg",300,300,true],"medium_large":["https:\/\/pecbag.com\/wp-content\/uploads\/2025\/04\/Duffel-Bag-Manufacturers-in-China-2-768x768.jpg",768,768,true],"large":["https:\/\/pecbag.com\/wp-content\/uploads\/2025\/04\/Duffel-Bag-Manufacturers-in-China-2-1024x1024.jpg",800,800,true],"1536x1536":["https:\/\/pecbag.com\/wp-content\/uploads\/2025\/04\/Duffel-Bag-Manufacturers-in-China-2.jpg",1500,1500,false],"2048x2048":["https:\/\/pecbag.com\/wp-content\/uploads\/2025\/04\/Duffel-Bag-Manufacturers-in-China-2.jpg",1500,1500,false],"trp-custom-language-flag":["https:\/\/pecbag.com\/wp-content\/uploads\/2025\/04\/Duffel-Bag-Manufacturers-in-China-2.jpg",12,12,false],"woocommerce_thumbnail":["https:\/\/pecbag.com\/wp-content\/uploads\/2025\/04\/Duffel-Bag-Manufacturers-in-China-2-300x300.jpg",300,300,true],"woocommerce_single":["https:\/\/pecbag.com\/wp-content\/uploads\/2025\/04\/Duffel-Bag-Manufacturers-in-China-2-600x600.jpg",600,600,true],"woocommerce_gallery_thumbnail":["https:\/\/pecbag.com\/wp-content\/uploads\/2025\/04\/Duffel-Bag-Manufacturers-in-China-2-100x100.jpg",100,100,true]},"uagb_author_info":{"display_name":"Lawrence","author_link":"https:\/\/pecbag.com\/br\/author\/"},"uagb_comment_info":0,"uagb_excerpt":"Duffel Bags Manufacturers in China We provide premium bag with full-size and color customization, durable fabrics, and certified quality. Enjoy flexible MOQs, fast global shipping, and private label solutions. Contact us today!","_links":{"self":[{"href":"https:\/\/pecbag.com\/br\/wp-json\/wp\/v2\/product\/1487","targetHints":{"allow":["GET"]}}],"collection":[{"href":"https:\/\/pecbag.com\/br\/wp-json\/wp\/v2\/product"}],"about":[{"href":"https:\/\/pecbag.com\/br\/wp-json\/wp\/v2\/types\/product"}],"wp:featuredmedia":[{"embeddable":true,"href":"https:\/\/pecbag.com\/br\/wp-json\/wp\/v2\/media\/1494"}],"wp:attachment":[{"href":"https:\/\/pecbag.com\/br\/wp-json\/wp\/v2\/media?parent=1487"}],"wp:term":[{"taxonomy":"product_brand","embeddable":true,"href":"https:\/\/pecbag.com\/br\/wp-json\/wp\/v2\/product_brand?post=1487"},{"taxonomy":"product_cat","embeddable":true,"href":"https:\/\/pecbag.com\/br\/wp-json\/wp\/v2\/product_cat?post=1487"},{"taxonomy":"product_tag","embeddable":true,"href":"https:\/\/pecbag.com\/br\/wp-json\/wp\/v2\/product_tag?post=1487"}],"curies":[{"name":"wp","href":"https:\/\/api.w.org\/{rel}","templated":true}]}}