{"id":1510,"date":"2025-04-12T01:28:23","date_gmt":"2025-04-12T01:28:23","guid":{"rendered":"https:\/\/pecbag.com\/?post_type=product&#038;p=1510"},"modified":"2025-11-29T02:10:39","modified_gmt":"2025-11-29T02:10:39","slug":"custom-made-golf-bags-china","status":"publish","type":"product","link":"https:\/\/pecbag.com\/br\/custom-made-golf-bags-china\/","title":{"rendered":"Bolsas de golfe personalizadas da China"},"content":{"rendered":"<h2 title=\"Bolsa dobr\u00e1vel para c\u00e3es Bolsa de ombro de malha respir\u00e1vel para c\u00e3es e gatos de pequeno porte\" data-immersive-translate-walked=\"1c928421-2e42-4cd3-8754-5404553c0af5\" data-immersive-translate-paragraph=\"1\" data-spm-anchor-id=\"a2700.details.0.i35.4f6757d4w4zNZA\">Os melhores sacos de golfe personalizados no atacado da China, com design direto da f\u00e1brica e prontos para o passeio<\/h2>\n<div class=\"flex flex-grow flex-col max-w-full\">\n<div class=\"min-h-[20px] text-message flex w-full flex-col items-end gap-2 whitespace-pre-wrap break-words [.text-message+&amp;]:mt-5 overflow-x-auto\" dir=\"auto\" data-message-author-role=\"assistant\" data-message-id=\"3d7d46f6-7ec2-4222-9257-48fa0bba23c6\" data-suggestions=\"true\">\n<div class=\"flex w-full flex-col gap-1 empty:hidden first:pt-[3px]\">\n<div class=\"markdown prose w-full break-words dark:prose-invert light\">\n<p>Necessidade de pr\u00eamio <strong>Sacos de golfe personalizados da China<\/strong>? Oferecemos pre\u00e7os de atacado, designs personalizados e remessa r\u00e1pida - bolsas em conformidade com a USGA para pro shops e marcas. Solicite amostras gr\u00e1tis hoje mesmo!<\/p>\n<table width=\"288\">\n<tbody>\n<tr>\n<td width=\"137\"><span style=\"color: #333333;\">Nome dos produtos<\/span><\/td>\n<td width=\"151\">Bolsa de golfe<\/td>\n<\/tr>\n<tr>\n<td><span style=\"color: #333333;\">Item No.<\/span><\/td>\n<td><span style=\"color: #333333;\">PB-2013<\/span><\/td>\n<\/tr>\n<tr>\n<td><span style=\"color: #333333;\">Material<\/span><\/td>\n<td>Poli\u00e9ster<\/td>\n<\/tr>\n<tr>\n<td><span style=\"color: #333333;\">\u00a0Tamanho e cor<\/span><\/td>\n<td>34*23*47 cm<\/td>\n<\/tr>\n<tr>\n<td><span style=\"color: #333333;\">\u00a0Prazo de entrega<\/span><\/td>\n<td><span style=\"color: #333333;\">De 1 a 5 dias para pequenas quantidades por via a\u00e9rea e de 30 a 35 dias para grandes quantidades por via mar\u00edtima<\/span><\/td>\n<\/tr>\n<\/tbody>\n<\/table>\n<p>Como l\u00edder <strong>Fabricante de bolsas de golfe personalizadas na China<\/strong>Em nossa f\u00e1brica, criamos bolsas prontas para torneios para clubes de campo, profissionais da PGA e resorts de luxo. Nossa f\u00e1brica entrega:<br \/>\n\u2705 <strong>Flexibilidade no atacado<\/strong>: MOQ 200pcs com descontos para grandes quantidades<br \/>\n\u2705 <strong>Personaliza\u00e7\u00e3o inteligente<\/strong>: Adicione bordados, detalhes em couro ou sistemas de montagem em carrinho<br \/>\n\u2705 <strong>Constru\u00e7\u00f5es de n\u00edvel profissional<\/strong>: Poli\u00e9ster 600D \u00e0 prova d'\u00e1gua + suportes de fibra de carbono<\/p>\n<p><strong>Por que as marcas de golfe confiam em n\u00f3s:<\/strong><\/p>\n<ul>\n<li><strong>Mais de 18 anos de experi\u00eancia<\/strong>: Parceria com fornecedores da TaylorMade e da Callaway<\/li>\n<li><strong>Qualidade certificada<\/strong>: ISO 9001, materiais em conformidade com ROHS<\/li>\n<li><strong>Produ\u00e7\u00e3o r\u00e1pida<\/strong>: Prazo de entrega de 20 dias + remessa a\u00e9rea para mais de 60 pa\u00edses<\/li>\n<\/ul>\n<p><strong>Perfeito para:<\/strong><\/p>\n<ul>\n<li>Resorts de golfe * Lojas profissionais * Programas de presentes corporativos<\/li>\n<\/ul>\n<p><strong>Impulsione seu projeto hoje mesmo:<\/strong><br \/>\nMockups 3D gratuitos com seu logotipo<br \/>\nOp\u00e7\u00f5es de divis\u00f3rias de 14 vias e bolsos para refrigerador<br \/>\nDescontos em pedidos acima de 500 unidades<\/p>\n<\/div>\n<\/div>\n<\/div>\n<\/div>","protected":false},"excerpt":{"rendered":"<h2 data-immersive-translate-walked=\"344be1c1-5052-41eb-8fcd-0dbe236a0d6b\" data-immersive-translate-paragraph=\"1\">Bolsas de golfe personalizadas da China<\/h2>\n<p>Fornecemos bolsas premium com personaliza\u00e7\u00e3o total de tamanho e cor, tecidos dur\u00e1veis e qualidade certificada.<\/p>\n<p>Aproveite os MOQs flex\u00edveis, o envio global r\u00e1pido e as solu\u00e7\u00f5es de marca pr\u00f3pria.<\/p>\n<p>Entre em contato conosco hoje mesmo!<\/p>","protected":false},"featured_media":1511,"template":"","meta":{"_uag_custom_page_level_css":""},"product_brand":[],"product_cat":[51],"product_tag":[],"class_list":{"0":"post-1510","1":"product","2":"type-product","3":"status-publish","4":"has-post-thumbnail","6":"product_cat-golf-bag","8":"first","9":"instock","10":"shipping-taxable","11":"product-type-simple"},"uagb_featured_image_src":{"full":["https:\/\/pecbag.com\/wp-content\/uploads\/2025\/04\/Custom-Made-Golf-Bags-China-4.jpg",720,720,false],"thumbnail":["https:\/\/pecbag.com\/wp-content\/uploads\/2025\/04\/Custom-Made-Golf-Bags-China-4-150x150.jpg",150,150,true],"medium":["https:\/\/pecbag.com\/wp-content\/uploads\/2025\/04\/Custom-Made-Golf-Bags-China-4-300x300.jpg",300,300,true],"medium_large":["https:\/\/pecbag.com\/wp-content\/uploads\/2025\/04\/Custom-Made-Golf-Bags-China-4.jpg",720,720,false],"large":["https:\/\/pecbag.com\/wp-content\/uploads\/2025\/04\/Custom-Made-Golf-Bags-China-4.jpg",720,720,false],"1536x1536":["https:\/\/pecbag.com\/wp-content\/uploads\/2025\/04\/Custom-Made-Golf-Bags-China-4.jpg",720,720,false],"2048x2048":["https:\/\/pecbag.com\/wp-content\/uploads\/2025\/04\/Custom-Made-Golf-Bags-China-4.jpg",720,720,false],"trp-custom-language-flag":["https:\/\/pecbag.com\/wp-content\/uploads\/2025\/04\/Custom-Made-Golf-Bags-China-4.jpg",12,12,false],"woocommerce_thumbnail":["https:\/\/pecbag.com\/wp-content\/uploads\/2025\/04\/Custom-Made-Golf-Bags-China-4-300x300.jpg",300,300,true],"woocommerce_single":["https:\/\/pecbag.com\/wp-content\/uploads\/2025\/04\/Custom-Made-Golf-Bags-China-4-600x600.jpg",600,600,true],"woocommerce_gallery_thumbnail":["https:\/\/pecbag.com\/wp-content\/uploads\/2025\/04\/Custom-Made-Golf-Bags-China-4-100x100.jpg",100,100,true]},"uagb_author_info":{"display_name":"Lawrence","author_link":"https:\/\/pecbag.com\/br\/author\/"},"uagb_comment_info":0,"uagb_excerpt":"Custom Made Golf Bags China We provide premium bags with full-size and color customization, durable fabrics, and certified quality. Enjoy flexible MOQs, fast global shipping, and private label solutions. Contact us today!","_links":{"self":[{"href":"https:\/\/pecbag.com\/br\/wp-json\/wp\/v2\/product\/1510","targetHints":{"allow":["GET"]}}],"collection":[{"href":"https:\/\/pecbag.com\/br\/wp-json\/wp\/v2\/product"}],"about":[{"href":"https:\/\/pecbag.com\/br\/wp-json\/wp\/v2\/types\/product"}],"wp:featuredmedia":[{"embeddable":true,"href":"https:\/\/pecbag.com\/br\/wp-json\/wp\/v2\/media\/1511"}],"wp:attachment":[{"href":"https:\/\/pecbag.com\/br\/wp-json\/wp\/v2\/media?parent=1510"}],"wp:term":[{"taxonomy":"product_brand","embeddable":true,"href":"https:\/\/pecbag.com\/br\/wp-json\/wp\/v2\/product_brand?post=1510"},{"taxonomy":"product_cat","embeddable":true,"href":"https:\/\/pecbag.com\/br\/wp-json\/wp\/v2\/product_cat?post=1510"},{"taxonomy":"product_tag","embeddable":true,"href":"https:\/\/pecbag.com\/br\/wp-json\/wp\/v2\/product_tag?post=1510"}],"curies":[{"name":"wp","href":"https:\/\/api.w.org\/{rel}","templated":true}]}}