{"id":1524,"date":"2025-04-12T02:00:10","date_gmt":"2025-04-12T02:00:10","guid":{"rendered":"https:\/\/pecbag.com\/?post_type=product&#038;p=1524"},"modified":"2025-11-29T02:10:26","modified_gmt":"2025-11-29T02:10:26","slug":"waterproof-hiking-bag-factories","status":"publish","type":"product","link":"https:\/\/pecbag.com\/br\/waterproof-hiking-bag-factories\/","title":{"rendered":"F\u00e1bricas de bolsas de caminhada \u00e0 prova d'\u00e1gua"},"content":{"rendered":"<h2 title=\"Bolsa dobr\u00e1vel para c\u00e3es Bolsa de ombro de malha respir\u00e1vel para c\u00e3es e gatos de pequeno porte\" data-immersive-translate-walked=\"1c928421-2e42-4cd3-8754-5404553c0af5\" data-immersive-translate-paragraph=\"1\" data-spm-anchor-id=\"a2700.details.0.i35.4f6757d4w4zNZA\">Principais f\u00e1bricas atacadistas de bolsas de caminhada \u00e0 prova d'\u00e1gua: direto da f\u00e1brica e designs resistentes \u00e0 montanha<\/h2>\n<div class=\"flex flex-grow flex-col max-w-full\">\n<div class=\"min-h-[20px] text-message flex w-full flex-col items-end gap-2 whitespace-pre-wrap break-words [.text-message+&amp;]:mt-5 overflow-x-auto\" dir=\"auto\" data-message-author-role=\"assistant\" data-message-id=\"3d7d46f6-7ec2-4222-9257-48fa0bba23c6\" data-suggestions=\"true\">\n<div class=\"flex w-full flex-col gap-1 empty:hidden first:pt-[3px]\">\n<div class=\"markdown prose w-full break-words dark:prose-invert light\">\n<p>Precisa de confian\u00e7a <strong>f\u00e1bricas de bolsas de caminhada \u00e0 prova d'\u00e1gua<\/strong>? Fabricamos mochilas com classifica\u00e7\u00e3o IPX6 para marcas de produtos para atividades ao ar livre. Pre\u00e7os de atacado, designs personalizados e envio r\u00e1pido. Solicite amostras gr\u00e1tis agora!<\/p>\n<table width=\"288\">\n<tbody>\n<tr>\n<td width=\"137\"><span style=\"color: #333333;\">Nome dos produtos<\/span><\/td>\n<td width=\"151\">Bolsa de caminhada<\/td>\n<\/tr>\n<tr>\n<td><span style=\"color: #333333;\">Item No.<\/span><\/td>\n<td><span style=\"color: #333333;\">PB-2015<\/span><\/td>\n<\/tr>\n<tr>\n<td><span style=\"color: #333333;\">Material<\/span><\/td>\n<td>Poli\u00e9ster<\/td>\n<\/tr>\n<tr>\n<td><span style=\"color: #333333;\">Tamanho<\/span><\/td>\n<td>35*19*45 cm<\/td>\n<\/tr>\n<tr>\n<td><span style=\"color: #333333;\">\u00a0Prazo de entrega<\/span><\/td>\n<td><span style=\"color: #333333;\">De 1 a 5 dias para pequenas quantidades por via a\u00e9rea e de 30 a 35 dias para grandes quantidades por via mar\u00edtima<\/span><\/td>\n<\/tr>\n<\/tbody>\n<\/table>\n<p>Como confi\u00e1vel <strong>f\u00e1bricas de bolsas de caminhada \u00e0 prova d'\u00e1gua na China<\/strong>Na Kinross, projetamos mochilas prontas para a aventura para guias de montanha, marcas de trekking e varejistas de produtos para atividades ao ar livre. Nossa f\u00e1brica fornece:<br \/>\n\u2705 <strong>Flexibilidade no atacado<\/strong>: MOQ 200pcs com descontos para grandes quantidades<br \/>\n\u2705 <strong>Personaliza\u00e7\u00e3o inteligente<\/strong>: Adicione presilhas para machado de gelo, mangas de hidrata\u00e7\u00e3o ou z\u00edperes \u00e0 prova de ursos<br \/>\n\u2705 <strong>Constru\u00e7\u00f5es \u00e0 prova de tempestade<\/strong>: Tecido ripstop 500D + constru\u00e7\u00e3o com costuras seladas<\/p>\n<p><strong>Por que as marcas de outdoor confiam em n\u00f3s:<\/strong><\/p>\n<ul>\n<li><strong>Mais de 12 anos de experi\u00eancia<\/strong>: Parceria com os fornecedores The North Face e Columbia<\/li>\n<li><strong>Prote\u00e7\u00e3o certificada<\/strong>: Classifica\u00e7\u00e3o IPX6 \u00e0 prova d'\u00e1gua e mais de 50.000 testes de abras\u00e3o<\/li>\n<li><strong>R\u00e1pido e ecol\u00f3gico<\/strong>: Produ\u00e7\u00e3o em 15 dias + op\u00e7\u00f5es de remessa neutras em carbono<\/li>\n<\/ul>\n<p><strong>Perfeito para:<\/strong><\/p>\n<ul>\n<li>Expedi\u00e7\u00f5es alpinas * Operadoras de turismo de caminhada * Lojas de presentes de parques nacionais<\/li>\n<\/ul>\n<p><strong>Embale seu design perfeito hoje mesmo:<\/strong><br \/>\nMockups 3D gratuitos com sua marca<br \/>\nPain\u00e9is traseiros respir\u00e1veis e cintas de distribui\u00e7\u00e3o de peso<br \/>\n\ud83c\udf92 Descontos em pedidos acima de 1.000 unidades<\/p>\n<\/div>\n<\/div>\n<\/div>\n<\/div>","protected":false},"excerpt":{"rendered":"<h2 data-immersive-translate-walked=\"344be1c1-5052-41eb-8fcd-0dbe236a0d6b\" data-immersive-translate-paragraph=\"1\">F\u00e1bricas de bolsas de caminhada \u00e0 prova d'\u00e1gua<\/h2>\n<p>Fornecemos bolsas premium com personaliza\u00e7\u00e3o total de tamanho e cor, tecidos dur\u00e1veis e qualidade certificada.<\/p>\n<p>Aproveite os MOQs flex\u00edveis, o envio global r\u00e1pido e as solu\u00e7\u00f5es de marca pr\u00f3pria.<\/p>\n<p>Entre em contato conosco hoje mesmo!<\/p>","protected":false},"featured_media":1530,"template":"","meta":{"_uag_custom_page_level_css":""},"product_brand":[],"product_cat":[45],"product_tag":[],"class_list":{"0":"post-1524","1":"product","2":"type-product","3":"status-publish","4":"has-post-thumbnail","6":"product_cat-hiking-bag","8":"first","9":"instock","10":"shipping-taxable","11":"product-type-simple"},"uagb_featured_image_src":{"full":["https:\/\/pecbag.com\/wp-content\/uploads\/2025\/04\/Waterproof-5.jpg",679,675,false],"thumbnail":["https:\/\/pecbag.com\/wp-content\/uploads\/2025\/04\/Waterproof-5-150x150.jpg",150,150,true],"medium":["https:\/\/pecbag.com\/wp-content\/uploads\/2025\/04\/Waterproof-5-300x298.jpg",300,298,true],"medium_large":["https:\/\/pecbag.com\/wp-content\/uploads\/2025\/04\/Waterproof-5.jpg",679,675,false],"large":["https:\/\/pecbag.com\/wp-content\/uploads\/2025\/04\/Waterproof-5.jpg",679,675,false],"1536x1536":["https:\/\/pecbag.com\/wp-content\/uploads\/2025\/04\/Waterproof-5.jpg",679,675,false],"2048x2048":["https:\/\/pecbag.com\/wp-content\/uploads\/2025\/04\/Waterproof-5.jpg",679,675,false],"trp-custom-language-flag":["https:\/\/pecbag.com\/wp-content\/uploads\/2025\/04\/Waterproof-5.jpg",12,12,false],"woocommerce_thumbnail":["https:\/\/pecbag.com\/wp-content\/uploads\/2025\/04\/Waterproof-5-300x300.jpg",300,300,true],"woocommerce_single":["https:\/\/pecbag.com\/wp-content\/uploads\/2025\/04\/Waterproof-5-600x596.jpg",600,596,true],"woocommerce_gallery_thumbnail":["https:\/\/pecbag.com\/wp-content\/uploads\/2025\/04\/Waterproof-5-100x100.jpg",100,100,true]},"uagb_author_info":{"display_name":"Lawrence","author_link":"https:\/\/pecbag.com\/br\/author\/"},"uagb_comment_info":0,"uagb_excerpt":"Waterproof Hiking Bag Factories We provide premium bags with full-size and color customization, durable fabrics, and certified quality. Enjoy flexible MOQs, fast global shipping, and private label solutions. Contact us today!","_links":{"self":[{"href":"https:\/\/pecbag.com\/br\/wp-json\/wp\/v2\/product\/1524","targetHints":{"allow":["GET"]}}],"collection":[{"href":"https:\/\/pecbag.com\/br\/wp-json\/wp\/v2\/product"}],"about":[{"href":"https:\/\/pecbag.com\/br\/wp-json\/wp\/v2\/types\/product"}],"wp:featuredmedia":[{"embeddable":true,"href":"https:\/\/pecbag.com\/br\/wp-json\/wp\/v2\/media\/1530"}],"wp:attachment":[{"href":"https:\/\/pecbag.com\/br\/wp-json\/wp\/v2\/media?parent=1524"}],"wp:term":[{"taxonomy":"product_brand","embeddable":true,"href":"https:\/\/pecbag.com\/br\/wp-json\/wp\/v2\/product_brand?post=1524"},{"taxonomy":"product_cat","embeddable":true,"href":"https:\/\/pecbag.com\/br\/wp-json\/wp\/v2\/product_cat?post=1524"},{"taxonomy":"product_tag","embeddable":true,"href":"https:\/\/pecbag.com\/br\/wp-json\/wp\/v2\/product_tag?post=1524"}],"curies":[{"name":"wp","href":"https:\/\/api.w.org\/{rel}","templated":true}]}}