{"id":1531,"date":"2025-04-12T02:06:41","date_gmt":"2025-04-12T02:06:41","guid":{"rendered":"https:\/\/pecbag.com\/?post_type=product&#038;p=1531"},"modified":"2025-11-29T02:10:18","modified_gmt":"2025-11-29T02:10:18","slug":"hunting-bag-factories","status":"publish","type":"product","link":"https:\/\/pecbag.com\/br\/hunting-bag-factories\/","title":{"rendered":"F\u00e1bricas de bolsas de ca\u00e7a"},"content":{"rendered":"<h2 title=\"Bolsa dobr\u00e1vel para c\u00e3es Bolsa de ombro de malha respir\u00e1vel para c\u00e3es e gatos de pequeno porte\" data-immersive-translate-walked=\"1c928421-2e42-4cd3-8754-5404553c0af5\" data-immersive-translate-paragraph=\"1\" data-spm-anchor-id=\"a2700.details.0.i35.4f6757d4w4zNZA\">As melhores f\u00e1bricas de bolsas de ca\u00e7a no atacado: direto da f\u00e1brica e designs de n\u00edvel t\u00e1tico<\/h2>\n<div class=\"flex flex-grow flex-col max-w-full\">\n<div class=\"min-h-[20px] text-message flex w-full flex-col items-end gap-2 whitespace-pre-wrap break-words [.text-message+&amp;]:mt-5 overflow-x-auto\" dir=\"auto\" data-message-author-role=\"assistant\" data-message-id=\"3d7d46f6-7ec2-4222-9257-48fa0bba23c6\" data-suggestions=\"true\">\n<div class=\"flex w-full flex-col gap-1 empty:hidden first:pt-[3px]\">\n<div class=\"markdown prose w-full break-words dark:prose-invert light\">\n<p>Necessidade de durabilidade <strong>f\u00e1bricas de bolsas de ca\u00e7a<\/strong>? Fabricamos mochilas t\u00e1ticas com z\u00edper silencioso para marcas de produtos para atividades ao ar livre. Pre\u00e7os de atacado, padr\u00f5es de camuflagem personalizados e envio r\u00e1pido. Solicite amostras gr\u00e1tis agora!<\/p>\n<table width=\"288\">\n<tbody>\n<tr>\n<td width=\"137\"><span style=\"color: #333333;\">Nome dos produtos<\/span><\/td>\n<td width=\"151\">Bolsa de ca\u00e7a<\/td>\n<\/tr>\n<tr>\n<td><span style=\"color: #333333;\">Item No.<\/span><\/td>\n<td><span style=\"color: #333333;\">PB-2016<\/span><\/td>\n<\/tr>\n<tr>\n<td><span style=\"color: #333333;\">Material<\/span><\/td>\n<td>Poli\u00e9ster 600D<\/td>\n<\/tr>\n<tr>\n<td><span style=\"color: #333333;\">Tamanho<\/span><\/td>\n<td>12,2 x 6,9 x 17,7 polegadas<\/td>\n<\/tr>\n<tr>\n<td><span style=\"color: #333333;\">\u00a0Prazo de entrega<\/span><\/td>\n<td><span style=\"color: #333333;\">De 1 a 5 dias para pequenas quantidades por via a\u00e9rea e de 30 a 35 dias para grandes quantidades por via mar\u00edtima<\/span><\/td>\n<\/tr>\n<\/tbody>\n<\/table>\n<p>Como confi\u00e1vel <strong>f\u00e1bricas de bolsas de ca\u00e7a na China<\/strong>Na KPMG, projetamos equipamentos prontos para uso furtivo para ca\u00e7adores profissionais, guias de atividades ao ar livre e marcas t\u00e1ticas. Nossa f\u00e1brica fornece:<br \/>\n\u2705 <strong>Pronto para o atacado<\/strong>: MOQ 200pcs com descontos para grandes quantidades<br \/>\n\u2705 <strong>Personaliza\u00e7\u00e3o inteligente<\/strong>: Acrescente pain\u00e9is em laranja-azulado, bainhas de armas ou revestimentos \u00e0 prova de sangue<br \/>\n\u2705 <strong>Silencioso e resistente<\/strong>: Tecido 500D Cordura\u00ae + z\u00edperes YKK sem ru\u00eddo<\/p>\n<p><strong>Por que as marcas de ca\u00e7a nos escolhem:<\/strong><\/p>\n<ul>\n<li><strong>Mais de 15 anos de experi\u00eancia<\/strong>: Parceria com fornecedores da Sitka Gear e Browning<\/li>\n<li><strong>Durabilidade certificada<\/strong>: Resist\u00eancia \u00e0 \u00e1gua IPX5 e mais de 30.000 testes de ciclo de z\u00edper<\/li>\n<li><strong>Log\u00edstica r\u00e1pida<\/strong>: Produ\u00e7\u00e3o em 18 dias + remessa global para \u00e1reas remotas<\/li>\n<\/ul>\n<p><strong>Perfeito para:<\/strong><\/p>\n<ul>\n<li>Ca\u00e7a de animais de grande porte, * Escolas de treinamento de sobreviv\u00eancia, * Lojas de excedentes militares<\/li>\n<\/ul>\n<p><strong>Garanta seu design perfeito hoje mesmo:<\/strong><br \/>\nMockups 3D gratuitos com sua marca<br \/>\nTecnologia de bloqueio de odores e compartimentos de acesso r\u00e1pido<br \/>\n\ud83c\udfaf Descontos em pedidos acima de 500 unidades<\/p>\n<\/div>\n<\/div>\n<\/div>\n<\/div>","protected":false},"excerpt":{"rendered":"<h2 data-immersive-translate-walked=\"344be1c1-5052-41eb-8fcd-0dbe236a0d6b\" data-immersive-translate-paragraph=\"1\">F\u00e1bricas de bolsas de ca\u00e7a<\/h2>\n<p>Fornecemos bolsas premium com personaliza\u00e7\u00e3o total de tamanho e cor, tecidos dur\u00e1veis e qualidade certificada.<\/p>\n<p>Aproveite os MOQs flex\u00edveis, o envio global r\u00e1pido e as solu\u00e7\u00f5es de marca pr\u00f3pria.<\/p>\n<p>Entre em contato conosco hoje mesmo!<\/p>","protected":false},"featured_media":1536,"template":"","meta":{"_uag_custom_page_level_css":""},"product_brand":[],"product_cat":[54],"product_tag":[],"class_list":{"0":"post-1531","1":"product","2":"type-product","3":"status-publish","4":"has-post-thumbnail","6":"product_cat-hunting-bag","8":"first","9":"instock","10":"shipping-taxable","11":"product-type-simple"},"uagb_featured_image_src":{"full":["https:\/\/pecbag.com\/wp-content\/uploads\/2025\/04\/Hunting-Bag-Factories-3.jpg",960,960,false],"thumbnail":["https:\/\/pecbag.com\/wp-content\/uploads\/2025\/04\/Hunting-Bag-Factories-3-150x150.jpg",150,150,true],"medium":["https:\/\/pecbag.com\/wp-content\/uploads\/2025\/04\/Hunting-Bag-Factories-3-300x300.jpg",300,300,true],"medium_large":["https:\/\/pecbag.com\/wp-content\/uploads\/2025\/04\/Hunting-Bag-Factories-3-768x768.jpg",768,768,true],"large":["https:\/\/pecbag.com\/wp-content\/uploads\/2025\/04\/Hunting-Bag-Factories-3.jpg",800,800,false],"1536x1536":["https:\/\/pecbag.com\/wp-content\/uploads\/2025\/04\/Hunting-Bag-Factories-3.jpg",960,960,false],"2048x2048":["https:\/\/pecbag.com\/wp-content\/uploads\/2025\/04\/Hunting-Bag-Factories-3.jpg",960,960,false],"trp-custom-language-flag":["https:\/\/pecbag.com\/wp-content\/uploads\/2025\/04\/Hunting-Bag-Factories-3.jpg",12,12,false],"woocommerce_thumbnail":["https:\/\/pecbag.com\/wp-content\/uploads\/2025\/04\/Hunting-Bag-Factories-3-300x300.jpg",300,300,true],"woocommerce_single":["https:\/\/pecbag.com\/wp-content\/uploads\/2025\/04\/Hunting-Bag-Factories-3-600x600.jpg",600,600,true],"woocommerce_gallery_thumbnail":["https:\/\/pecbag.com\/wp-content\/uploads\/2025\/04\/Hunting-Bag-Factories-3-100x100.jpg",100,100,true]},"uagb_author_info":{"display_name":"Lawrence","author_link":"https:\/\/pecbag.com\/br\/author\/"},"uagb_comment_info":0,"uagb_excerpt":"Hunting Bag Factories We provide premium bags with full-size and color customization, durable fabrics, and certified quality. Enjoy flexible MOQs, fast global shipping, and private label solutions. Contact us today!","_links":{"self":[{"href":"https:\/\/pecbag.com\/br\/wp-json\/wp\/v2\/product\/1531","targetHints":{"allow":["GET"]}}],"collection":[{"href":"https:\/\/pecbag.com\/br\/wp-json\/wp\/v2\/product"}],"about":[{"href":"https:\/\/pecbag.com\/br\/wp-json\/wp\/v2\/types\/product"}],"wp:featuredmedia":[{"embeddable":true,"href":"https:\/\/pecbag.com\/br\/wp-json\/wp\/v2\/media\/1536"}],"wp:attachment":[{"href":"https:\/\/pecbag.com\/br\/wp-json\/wp\/v2\/media?parent=1531"}],"wp:term":[{"taxonomy":"product_brand","embeddable":true,"href":"https:\/\/pecbag.com\/br\/wp-json\/wp\/v2\/product_brand?post=1531"},{"taxonomy":"product_cat","embeddable":true,"href":"https:\/\/pecbag.com\/br\/wp-json\/wp\/v2\/product_cat?post=1531"},{"taxonomy":"product_tag","embeddable":true,"href":"https:\/\/pecbag.com\/br\/wp-json\/wp\/v2\/product_tag?post=1531"}],"curies":[{"name":"wp","href":"https:\/\/api.w.org\/{rel}","templated":true}]}}