{"id":1546,"date":"2025-04-12T02:40:09","date_gmt":"2025-04-12T02:40:09","guid":{"rendered":"https:\/\/pecbag.com\/?post_type=product&#038;p=1546"},"modified":"2025-11-29T02:09:26","modified_gmt":"2025-11-29T02:09:26","slug":"china-lunch-bag-manufacturer","status":"publish","type":"product","link":"https:\/\/pecbag.com\/br\/china-lunch-bag-manufacturer\/","title":{"rendered":"Fabricante de lancheiras na China"},"content":{"rendered":"<h2 title=\"Bolsa dobr\u00e1vel para c\u00e3es Bolsa de ombro de malha respir\u00e1vel para c\u00e3es e gatos de pequeno porte\" data-immersive-translate-walked=\"1c928421-2e42-4cd3-8754-5404553c0af5\" data-immersive-translate-paragraph=\"1\" data-spm-anchor-id=\"a2700.details.0.i35.4f6757d4w4zNZA\">Fabricante de sacolas de almo\u00e7o no atacado da China - Designs personalizados e diretos para alimentos<\/h2>\n<div class=\"flex flex-grow flex-col max-w-full\">\n<div class=\"min-h-[20px] text-message flex w-full flex-col items-end gap-2 whitespace-pre-wrap break-words [.text-message+&amp;]:mt-5 overflow-x-auto\" dir=\"auto\" data-message-author-role=\"assistant\" data-message-id=\"3d7d46f6-7ec2-4222-9257-48fa0bba23c6\" data-suggestions=\"true\">\n<div class=\"flex w-full flex-col gap-1 empty:hidden first:pt-[3px]\">\n<div class=\"markdown prose w-full break-words dark:prose-invert light\">\n<p>Precisa de um <strong>Fabricante de lancheiras na China<\/strong>? Produzimos sacolas de almo\u00e7o isoladas aprovadas pela FDA para marcas de entrega de refei\u00e7\u00f5es. Pre\u00e7os de atacado, pedidos r\u00e1pidos de MOQ e remessa global. Obtenha amostras gr\u00e1tis!<\/p>\n<table width=\"288\">\n<tbody>\n<tr>\n<td width=\"137\"><span style=\"color: #333333;\">Nome dos produtos<\/span><\/td>\n<td width=\"151\">Bolsa para lanche<\/td>\n<\/tr>\n<tr>\n<td><span style=\"color: #333333;\">Item No.<\/span><\/td>\n<td><span style=\"color: #333333;\">PB-2018<\/span><\/td>\n<\/tr>\n<tr>\n<td><span style=\"color: #333333;\">Material<\/span><\/td>\n<td>Poli\u00e9ster 600D<\/td>\n<\/tr>\n<tr>\n<td><span style=\"color: #333333;\">Tamanho<\/span><\/td>\n<td>42 x 28 x 33 cm<\/td>\n<\/tr>\n<tr>\n<td><span style=\"color: #333333;\">\u00a0Prazo de entrega<\/span><\/td>\n<td><span style=\"color: #333333;\">De 1 a 5 dias para pequenas quantidades por via a\u00e9rea e de 30 a 35 dias para grandes quantidades por via mar\u00edtima<\/span><\/td>\n<\/tr>\n<\/tbody>\n<\/table>\n<p>Como confi\u00e1vel <strong>Fabricantes de lancheiras na China<\/strong>Na KPMG, fabricamos bolsas t\u00e9rmicas seguras para alimentos para startups de prepara\u00e7\u00e3o de refei\u00e7\u00f5es, cafeterias corporativas e programas de merenda escolar. Nossa f\u00e1brica entrega:<br \/>\n\u2705 <strong>Flexibilidade no atacado<\/strong>: MOQ 300pcs com descontos para grandes quantidades<br \/>\n\u2705 <strong>Personaliza\u00e7\u00e3o inteligente<\/strong>: Adicione divisores, pacotes legais ou logotipos de marcas<br \/>\n\u2705 <strong>Constru\u00e7\u00f5es \u00e0 prova de vazamentos<\/strong>: Espuma isolada de 5 mm + forros aprovados pela FDA<\/p>\n<p><strong>Por que as marcas de alimentos nos escolhem:<\/strong><\/p>\n<ul>\n<li><strong>Mais de 10 anos de experi\u00eancia<\/strong>: Parceria com fornecedores da HelloFresh e da Sodexo<\/li>\n<li><strong>Seguro certificado<\/strong>: Materiais sem BPA e certifica\u00e7\u00e3o OEKO-TEX<\/li>\n<li><strong>Log\u00edstica r\u00e1pida<\/strong>: Produ\u00e7\u00e3o em 15 dias + envio porta a porta<\/li>\n<\/ul>\n<p><strong>Perfeito para:<\/strong><\/p>\n<ul>\n<li>Entrega de kit de refei\u00e7\u00f5es * Servi\u00e7o de alimenta\u00e7\u00e3o hospitalar * Servi\u00e7o de buf\u00ea para escrit\u00f3rios<\/li>\n<\/ul>\n<p><strong>Prepare sua solu\u00e7\u00e3o perfeita para o almo\u00e7o hoje mesmo:<\/strong><br \/>\n\ud83c\udf71 Mockups de design 3D gratuitos<br \/>\nReten\u00e7\u00e3o de gelo por at\u00e9 8 horas<br \/>\n\ud83c\udf71 Descontos em pedidos de mais de 1.000 unidades<\/p>\n<\/div>\n<\/div>\n<\/div>\n<\/div>","protected":false},"excerpt":{"rendered":"<h2 data-immersive-translate-walked=\"344be1c1-5052-41eb-8fcd-0dbe236a0d6b\" data-immersive-translate-paragraph=\"1\">Fabricante de lancheiras na China<\/h2>\n<p>Fornecemos bolsas premium com personaliza\u00e7\u00e3o total de tamanho e cor, tecidos dur\u00e1veis e qualidade certificada.<\/p>\n<p>Aproveite os MOQs flex\u00edveis, o envio global r\u00e1pido e as solu\u00e7\u00f5es de marca pr\u00f3pria.<\/p>\n<p>Entre em contato conosco hoje mesmo!<\/p>","protected":false},"featured_media":1549,"template":"","meta":{"_uag_custom_page_level_css":""},"product_brand":[],"product_cat":[52],"product_tag":[],"class_list":{"0":"post-1546","1":"product","2":"type-product","3":"status-publish","4":"has-post-thumbnail","6":"product_cat-lunch-bag","8":"first","9":"instock","10":"shipping-taxable","11":"product-type-simple"},"uagb_featured_image_src":{"full":["https:\/\/pecbag.com\/wp-content\/uploads\/2025\/04\/China-Lunch-Bag-Manufacturer-1.png",1500,1500,false],"thumbnail":["https:\/\/pecbag.com\/wp-content\/uploads\/2025\/04\/China-Lunch-Bag-Manufacturer-1-150x150.png",150,150,true],"medium":["https:\/\/pecbag.com\/wp-content\/uploads\/2025\/04\/China-Lunch-Bag-Manufacturer-1-300x300.png",300,300,true],"medium_large":["https:\/\/pecbag.com\/wp-content\/uploads\/2025\/04\/China-Lunch-Bag-Manufacturer-1-768x768.png",768,768,true],"large":["https:\/\/pecbag.com\/wp-content\/uploads\/2025\/04\/China-Lunch-Bag-Manufacturer-1-1024x1024.png",800,800,true],"1536x1536":["https:\/\/pecbag.com\/wp-content\/uploads\/2025\/04\/China-Lunch-Bag-Manufacturer-1.png",1500,1500,false],"2048x2048":["https:\/\/pecbag.com\/wp-content\/uploads\/2025\/04\/China-Lunch-Bag-Manufacturer-1.png",1500,1500,false],"trp-custom-language-flag":["https:\/\/pecbag.com\/wp-content\/uploads\/2025\/04\/China-Lunch-Bag-Manufacturer-1.png",12,12,false],"woocommerce_thumbnail":["https:\/\/pecbag.com\/wp-content\/uploads\/2025\/04\/China-Lunch-Bag-Manufacturer-1-300x300.png",300,300,true],"woocommerce_single":["https:\/\/pecbag.com\/wp-content\/uploads\/2025\/04\/China-Lunch-Bag-Manufacturer-1-600x600.png",600,600,true],"woocommerce_gallery_thumbnail":["https:\/\/pecbag.com\/wp-content\/uploads\/2025\/04\/China-Lunch-Bag-Manufacturer-1-100x100.png",100,100,true]},"uagb_author_info":{"display_name":"Lawrence","author_link":"https:\/\/pecbag.com\/br\/author\/"},"uagb_comment_info":0,"uagb_excerpt":"China Lunch Bag Manufacturer We provide premium bags with full-size and color customization, durable fabrics, and certified quality. Enjoy flexible MOQs, fast global shipping, and private label solutions. Contact us today!","_links":{"self":[{"href":"https:\/\/pecbag.com\/br\/wp-json\/wp\/v2\/product\/1546","targetHints":{"allow":["GET"]}}],"collection":[{"href":"https:\/\/pecbag.com\/br\/wp-json\/wp\/v2\/product"}],"about":[{"href":"https:\/\/pecbag.com\/br\/wp-json\/wp\/v2\/types\/product"}],"wp:featuredmedia":[{"embeddable":true,"href":"https:\/\/pecbag.com\/br\/wp-json\/wp\/v2\/media\/1549"}],"wp:attachment":[{"href":"https:\/\/pecbag.com\/br\/wp-json\/wp\/v2\/media?parent=1546"}],"wp:term":[{"taxonomy":"product_brand","embeddable":true,"href":"https:\/\/pecbag.com\/br\/wp-json\/wp\/v2\/product_brand?post=1546"},{"taxonomy":"product_cat","embeddable":true,"href":"https:\/\/pecbag.com\/br\/wp-json\/wp\/v2\/product_cat?post=1546"},{"taxonomy":"product_tag","embeddable":true,"href":"https:\/\/pecbag.com\/br\/wp-json\/wp\/v2\/product_tag?post=1546"}],"curies":[{"name":"wp","href":"https:\/\/api.w.org\/{rel}","templated":true}]}}