{"id":1553,"date":"2025-04-12T02:49:18","date_gmt":"2025-04-12T02:49:18","guid":{"rendered":"https:\/\/pecbag.com\/?post_type=product&#038;p=1553"},"modified":"2025-11-29T02:09:18","modified_gmt":"2025-11-29T02:09:18","slug":"china-messenger-bag-manufacturers","status":"publish","type":"product","link":"https:\/\/pecbag.com\/br\/china-messenger-bag-manufacturers\/","title":{"rendered":"Fabricantes de bolsas de viagem na China"},"content":{"rendered":"<h2 title=\"Bolsa dobr\u00e1vel para c\u00e3es Bolsa de ombro de malha respir\u00e1vel para c\u00e3es e gatos de pequeno porte\" data-immersive-translate-walked=\"1c928421-2e42-4cd3-8754-5404553c0af5\" data-immersive-translate-paragraph=\"1\" data-spm-anchor-id=\"a2700.details.0.i35.4f6757d4w4zNZA\">Principais fabricantes de bolsas para mensageiros no atacado da China - Designs diretos da f\u00e1brica e \u00e0 prova de cidades<\/h2>\n<div class=\"flex flex-grow flex-col max-w-full\">\n<div class=\"min-h-[20px] text-message flex w-full flex-col items-end gap-2 whitespace-pre-wrap break-words [.text-message+&amp;]:mt-5 overflow-x-auto\" dir=\"auto\" data-message-author-role=\"assistant\" data-message-id=\"3d7d46f6-7ec2-4222-9257-48fa0bba23c6\" data-suggestions=\"true\">\n<div class=\"flex w-full flex-col gap-1 empty:hidden first:pt-[3px]\">\n<div class=\"markdown prose w-full break-words dark:prose-invert light\">\n<p>Necessidade de durabilidade <strong>Fabricantes de bolsas mensageiras na China<\/strong>? Oferecemos projetos personalizados, constru\u00e7\u00f5es \u00e0 prova d'\u00e1gua e descontos para grandes volumes. Envio r\u00e1pido para marcas de courier. Solicite amostras gr\u00e1tis agora!<\/p>\n<table width=\"288\">\n<tbody>\n<tr>\n<td width=\"137\"><span style=\"color: #333333;\">Nome dos produtos<\/span><\/td>\n<td width=\"151\">Bolsa de m\u00e3o<\/td>\n<\/tr>\n<tr>\n<td><span style=\"color: #333333;\">Item No.<\/span><\/td>\n<td><span style=\"color: #333333;\">PB-2019<\/span><\/td>\n<\/tr>\n<tr>\n<td><span style=\"color: #333333;\">Material<\/span><\/td>\n<td>Poli\u00e9ster 600D<\/td>\n<\/tr>\n<tr>\n<td><span style=\"color: #333333;\">Tamanho<\/span><\/td>\n<td>25 x 8,5 x 13 cm<\/td>\n<\/tr>\n<tr>\n<td><span style=\"color: #333333;\">\u00a0Prazo de entrega<\/span><\/td>\n<td><span style=\"color: #333333;\">De 1 a 5 dias para pequenas quantidades por via a\u00e9rea e de 30 a 35 dias para grandes quantidades por via mar\u00edtima<\/span><\/td>\n<\/tr>\n<\/tbody>\n<\/table>\n<p>Como l\u00edder <strong>Fabricantes chineses de bolsas mensageiras<\/strong>Na KPMG, projetamos bolsas resistentes \u00e0 cidade para entregadores, entregadores de bicicleta e profissionais urbanos. Nossa f\u00e1brica entrega:<br \/>\n\u2705 <strong>Pronto para o atacado<\/strong>: MOQ 200pcs com pre\u00e7o por volume<br \/>\n\u2705 <strong>Personaliza\u00e7\u00e3o inteligente<\/strong>: Adicione faixas refletivas, bolsos RFID ou capas para tablets<br \/>\n\u2705 <strong>Desempenho \u00e0 prova de tempestades<\/strong>: poli\u00e9ster 600D + z\u00edperes YKK \u00e0 prova d'\u00e1gua<\/p>\n<p><strong>Por que as marcas de log\u00edstica confiam em n\u00f3s:<\/strong><\/p>\n<ul>\n<li><strong>Mais de 12 anos de experi\u00eancia<\/strong>: Parceria com fornecedores da DHL e da UPS<\/li>\n<li><strong>Durabilidade certificada<\/strong>: Mais de 50.000 testes de abras\u00e3o e 2 anos de garantia<\/li>\n<li><strong>R\u00e1pida resposta<\/strong>: Produ\u00e7\u00e3o em 18 dias + remessa a\u00e9rea para mais de 70 pa\u00edses<\/li>\n<\/ul>\n<p><strong>Perfeito para:<\/strong><\/p>\n<ul>\n<li>Servi\u00e7os de entrega de alimentos * Servi\u00e7os de correio no campus * Programas de transporte corporativo<\/li>\n<\/ul>\n<p><strong>Pedale com confian\u00e7a hoje:<\/strong><br \/>\n\ud83d\udc5c Mockups de design 3D gratuitos<br \/>\nCompartimentos acolchoados para laptop e al\u00e7as ergon\u00f4micas<br \/>\n\ud83d\udc5c Descontos em pedidos de mais de 500 unidades<\/p>\n<\/div>\n<\/div>\n<\/div>\n<\/div>","protected":false},"excerpt":{"rendered":"<h2 data-immersive-translate-walked=\"344be1c1-5052-41eb-8fcd-0dbe236a0d6b\" data-immersive-translate-paragraph=\"1\">Fabricantes de bolsas de viagem na China<\/h2>\n<p>Fornecemos bolsas premium com personaliza\u00e7\u00e3o total de tamanho e cor, tecidos dur\u00e1veis e qualidade certificada.<\/p>\n<p>Aproveite os MOQs flex\u00edveis, o envio global r\u00e1pido e as solu\u00e7\u00f5es de marca pr\u00f3pria.<\/p>\n<p>Entre em contato conosco hoje mesmo!<\/p>","protected":false},"featured_media":1556,"template":"","meta":{"_uag_custom_page_level_css":""},"product_brand":[],"product_cat":[48],"product_tag":[],"class_list":{"0":"post-1553","1":"product","2":"type-product","3":"status-publish","4":"has-post-thumbnail","6":"product_cat-bike-bag","8":"first","9":"instock","10":"shipping-taxable","11":"product-type-simple"},"uagb_featured_image_src":{"full":["https:\/\/pecbag.com\/wp-content\/uploads\/2025\/04\/china-messenger-bag-manufacturers-1.jpg",1000,1000,false],"thumbnail":["https:\/\/pecbag.com\/wp-content\/uploads\/2025\/04\/china-messenger-bag-manufacturers-1-150x150.jpg",150,150,true],"medium":["https:\/\/pecbag.com\/wp-content\/uploads\/2025\/04\/china-messenger-bag-manufacturers-1-300x300.jpg",300,300,true],"medium_large":["https:\/\/pecbag.com\/wp-content\/uploads\/2025\/04\/china-messenger-bag-manufacturers-1-768x768.jpg",768,768,true],"large":["https:\/\/pecbag.com\/wp-content\/uploads\/2025\/04\/china-messenger-bag-manufacturers-1.jpg",800,800,false],"1536x1536":["https:\/\/pecbag.com\/wp-content\/uploads\/2025\/04\/china-messenger-bag-manufacturers-1.jpg",1000,1000,false],"2048x2048":["https:\/\/pecbag.com\/wp-content\/uploads\/2025\/04\/china-messenger-bag-manufacturers-1.jpg",1000,1000,false],"trp-custom-language-flag":["https:\/\/pecbag.com\/wp-content\/uploads\/2025\/04\/china-messenger-bag-manufacturers-1.jpg",12,12,false],"woocommerce_thumbnail":["https:\/\/pecbag.com\/wp-content\/uploads\/2025\/04\/china-messenger-bag-manufacturers-1-300x300.jpg",300,300,true],"woocommerce_single":["https:\/\/pecbag.com\/wp-content\/uploads\/2025\/04\/china-messenger-bag-manufacturers-1-600x600.jpg",600,600,true],"woocommerce_gallery_thumbnail":["https:\/\/pecbag.com\/wp-content\/uploads\/2025\/04\/china-messenger-bag-manufacturers-1-100x100.jpg",100,100,true]},"uagb_author_info":{"display_name":"Lawrence","author_link":"https:\/\/pecbag.com\/br\/author\/"},"uagb_comment_info":0,"uagb_excerpt":"China Messenger Bag Manufacturers We provide premium bags with full-size and color customization, durable fabrics, and certified quality. Enjoy flexible MOQs, fast global shipping, and private label solutions. Contact us today!","_links":{"self":[{"href":"https:\/\/pecbag.com\/br\/wp-json\/wp\/v2\/product\/1553","targetHints":{"allow":["GET"]}}],"collection":[{"href":"https:\/\/pecbag.com\/br\/wp-json\/wp\/v2\/product"}],"about":[{"href":"https:\/\/pecbag.com\/br\/wp-json\/wp\/v2\/types\/product"}],"wp:featuredmedia":[{"embeddable":true,"href":"https:\/\/pecbag.com\/br\/wp-json\/wp\/v2\/media\/1556"}],"wp:attachment":[{"href":"https:\/\/pecbag.com\/br\/wp-json\/wp\/v2\/media?parent=1553"}],"wp:term":[{"taxonomy":"product_brand","embeddable":true,"href":"https:\/\/pecbag.com\/br\/wp-json\/wp\/v2\/product_brand?post=1553"},{"taxonomy":"product_cat","embeddable":true,"href":"https:\/\/pecbag.com\/br\/wp-json\/wp\/v2\/product_cat?post=1553"},{"taxonomy":"product_tag","embeddable":true,"href":"https:\/\/pecbag.com\/br\/wp-json\/wp\/v2\/product_tag?post=1553"}],"curies":[{"name":"wp","href":"https:\/\/api.w.org\/{rel}","templated":true}]}}