{"id":1567,"date":"2025-04-12T03:19:46","date_gmt":"2025-04-12T03:19:46","guid":{"rendered":"https:\/\/pecbag.com\/?post_type=product&#038;p=1567"},"modified":"2025-11-29T02:09:03","modified_gmt":"2025-11-29T02:09:03","slug":"oem-sport-dry-bag-manufacturer","status":"publish","type":"product","link":"https:\/\/pecbag.com\/br\/oem-sport-dry-bag-manufacturer\/","title":{"rendered":"Fabricante de bolsa seca esportiva OEM"},"content":{"rendered":"<h2 title=\"Bolsa dobr\u00e1vel para c\u00e3es Bolsa de ombro de malha respir\u00e1vel para c\u00e3es e gatos de pequeno porte\" data-immersive-translate-walked=\"1c928421-2e42-4cd3-8754-5404553c0af5\" data-immersive-translate-paragraph=\"1\" data-spm-anchor-id=\"a2700.details.0.i35.4f6757d4w4zNZA\">Principal fabricante de bolsas esportivas secas OEM no atacado - Solu\u00e7\u00f5es diretas da f\u00e1brica e \u00e0 prova d'\u00e1gua<\/h2>\n<div class=\"flex flex-grow flex-col max-w-full\">\n<div class=\"min-h-[20px] text-message flex w-full flex-col items-end gap-2 whitespace-pre-wrap break-words [.text-message+&amp;]:mt-5 overflow-x-auto\" dir=\"auto\" data-message-author-role=\"assistant\" data-message-id=\"3d7d46f6-7ec2-4222-9257-48fa0bba23c6\" data-suggestions=\"true\">\n<div class=\"flex w-full flex-col gap-1 empty:hidden first:pt-[3px]\">\n<div class=\"markdown prose w-full break-words dark:prose-invert light\">\n<p>Precisa de um <strong>Fabricante de bolsa seca esportiva OEM<\/strong>? Oferecemos designs personalizados, impermeabiliza\u00e7\u00e3o IPX7 e descontos para grandes volumes. Envio global r\u00e1pido para marcas de produtos para atividades ao ar livre. Solicite amostras gr\u00e1tis agora!<\/p>\n<table width=\"288\">\n<tbody>\n<tr>\n<td width=\"137\"><span style=\"color: #333333;\">Nome dos produtos<\/span><\/td>\n<td width=\"151\">Bolsa esportiva<\/td>\n<\/tr>\n<tr>\n<td><span style=\"color: #333333;\">Item No.<\/span><\/td>\n<td><span style=\"color: #333333;\">PB-2021<\/span><\/td>\n<\/tr>\n<tr>\n<td><span style=\"color: #333333;\">Material<\/span><\/td>\n<td><span style=\"color: #333333;\">Algod\u00e3o, poli\u00e9ster, velo<\/span><\/td>\n<\/tr>\n<tr>\n<td><span style=\"color: #333333;\">\u00a0Tamanho e cor<\/span><\/td>\n<td><span style=\"color: #333333;\">Personalizado<\/span><\/td>\n<\/tr>\n<tr>\n<td><span style=\"color: #333333;\">\u00a0Prazo de entrega<\/span><\/td>\n<td><span style=\"color: #333333;\">De 1 a 5 dias para pequenas quantidades por via a\u00e9rea e de 30 a 35 dias para grandes quantidades por via mar\u00edtima<\/span><\/td>\n<\/tr>\n<\/tbody>\n<\/table>\n<p>Como confi\u00e1vel <strong>Fabricantes de bolsas secas esportivas OEM na China<\/strong>Na Kinross, projetamos bolsas \u00e0 prova d'\u00e1gua prontas para aventuras para marcas de caiaque, eventos de triatlo e varejistas de produtos para atividades ao ar livre. Nossa f\u00e1brica fornece:<\/p>\n<p><strong>Por que ser nosso parceiro?<\/strong><br \/>\n\u2705\u00a0<strong>Liberdade de design<\/strong>:<\/p>\n<ul>\n<li>Formas, tamanhos e compartimentos personalizados<\/li>\n<li>Adicionar logotipos\/padr\u00f5es de marca (bordado, impress\u00e3o, patches)<\/li>\n<li>Escolha entre mais de 120 tecidos (couro vegano, poli\u00e9ster reciclado, nylon \u00e0 prova d'\u00e1gua)<\/li>\n<\/ul>\n<p>\u2705\u00a0<strong>Termos favor\u00e1veis ao atacado<\/strong>:<\/p>\n<ul>\n<li>MOQ 100 p\u00e7s - ideal para pequenas marcas<\/li>\n<li>Descontos em massa para mais de 500 unidades<\/li>\n<li>Produ\u00e7\u00e3o em 15 dias + envio porta a porta (DHL\/FedEx)<\/li>\n<\/ul>\n<p>\u2705\u00a0<strong>Constru\u00eddo para durar<\/strong>:<\/p>\n<ul>\n<li>Costura refor\u00e7ada e al\u00e7as de ombro antiderrapantes<\/li>\n<li>Bolsos \u00e0 prova de RFID e z\u00edperes ocultos (op\u00e7\u00e3o de upgrade)<\/li>\n<li>Passa nos testes de durabilidade ISO 9001 e SGS<\/li>\n<\/ul>\n<p><strong>Quem est\u00e1 usando nossas bolsas?<\/strong><br \/>\n\u2714\ufe0f\u00a0<strong>Clientes corporativos<\/strong>: Brindes promocionais para eventos de tecnologia<br \/>\n\u2714\ufe0f\u00a0<strong>Marcas de moda<\/strong>: Bolsas esportivas da moda para cole\u00e7\u00f5es de 2025<br \/>\n\u2714\ufe0f\u00a0<strong>Varejistas de produtos para atividades ao ar livre<\/strong>: Projetos resistentes \u00e0 \u00e1gua para caminhadas\/camping<\/p>\n<\/div>\n<\/div>\n<\/div>\n<\/div>","protected":false},"excerpt":{"rendered":"<h2 data-immersive-translate-walked=\"344be1c1-5052-41eb-8fcd-0dbe236a0d6b\" data-immersive-translate-paragraph=\"1\">Fabricante de bolsa seca esportiva OEM<\/h2>\n<p>Fornecemos bolsas premium com personaliza\u00e7\u00e3o total de tamanho e cor, tecidos dur\u00e1veis e qualidade certificada.<\/p>\n<p>Aproveite os MOQs flex\u00edveis, o envio global r\u00e1pido e as solu\u00e7\u00f5es de marca pr\u00f3pria.<\/p>\n<p>Entre em contato conosco hoje mesmo!<\/p>","protected":false},"featured_media":1570,"template":"","meta":{"_uag_custom_page_level_css":""},"product_brand":[],"product_cat":[67],"product_tag":[],"class_list":{"0":"post-1567","1":"product","2":"type-product","3":"status-publish","4":"has-post-thumbnail","6":"product_cat-sports-bag","8":"first","9":"instock","10":"shipping-taxable","11":"product-type-simple"},"uagb_featured_image_src":{"full":["https:\/\/pecbag.com\/wp-content\/uploads\/2025\/04\/OEM-Sport-Dry-Bag-Manufacturer-3.jpg",1000,1000,false],"thumbnail":["https:\/\/pecbag.com\/wp-content\/uploads\/2025\/04\/OEM-Sport-Dry-Bag-Manufacturer-3-150x150.jpg",150,150,true],"medium":["https:\/\/pecbag.com\/wp-content\/uploads\/2025\/04\/OEM-Sport-Dry-Bag-Manufacturer-3-300x300.jpg",300,300,true],"medium_large":["https:\/\/pecbag.com\/wp-content\/uploads\/2025\/04\/OEM-Sport-Dry-Bag-Manufacturer-3-768x768.jpg",768,768,true],"large":["https:\/\/pecbag.com\/wp-content\/uploads\/2025\/04\/OEM-Sport-Dry-Bag-Manufacturer-3.jpg",800,800,false],"1536x1536":["https:\/\/pecbag.com\/wp-content\/uploads\/2025\/04\/OEM-Sport-Dry-Bag-Manufacturer-3.jpg",1000,1000,false],"2048x2048":["https:\/\/pecbag.com\/wp-content\/uploads\/2025\/04\/OEM-Sport-Dry-Bag-Manufacturer-3.jpg",1000,1000,false],"trp-custom-language-flag":["https:\/\/pecbag.com\/wp-content\/uploads\/2025\/04\/OEM-Sport-Dry-Bag-Manufacturer-3.jpg",12,12,false],"woocommerce_thumbnail":["https:\/\/pecbag.com\/wp-content\/uploads\/2025\/04\/OEM-Sport-Dry-Bag-Manufacturer-3-300x300.jpg",300,300,true],"woocommerce_single":["https:\/\/pecbag.com\/wp-content\/uploads\/2025\/04\/OEM-Sport-Dry-Bag-Manufacturer-3-600x600.jpg",600,600,true],"woocommerce_gallery_thumbnail":["https:\/\/pecbag.com\/wp-content\/uploads\/2025\/04\/OEM-Sport-Dry-Bag-Manufacturer-3-100x100.jpg",100,100,true]},"uagb_author_info":{"display_name":"Lawrence","author_link":"https:\/\/pecbag.com\/br\/author\/"},"uagb_comment_info":0,"uagb_excerpt":"OEM Sport Dry Bag Manufacturer We provide premium bags with full-size and color customization, durable fabrics, and certified quality. Enjoy flexible MOQs, fast global shipping, and private label solutions. Contact us today!","_links":{"self":[{"href":"https:\/\/pecbag.com\/br\/wp-json\/wp\/v2\/product\/1567","targetHints":{"allow":["GET"]}}],"collection":[{"href":"https:\/\/pecbag.com\/br\/wp-json\/wp\/v2\/product"}],"about":[{"href":"https:\/\/pecbag.com\/br\/wp-json\/wp\/v2\/types\/product"}],"wp:featuredmedia":[{"embeddable":true,"href":"https:\/\/pecbag.com\/br\/wp-json\/wp\/v2\/media\/1570"}],"wp:attachment":[{"href":"https:\/\/pecbag.com\/br\/wp-json\/wp\/v2\/media?parent=1567"}],"wp:term":[{"taxonomy":"product_brand","embeddable":true,"href":"https:\/\/pecbag.com\/br\/wp-json\/wp\/v2\/product_brand?post=1567"},{"taxonomy":"product_cat","embeddable":true,"href":"https:\/\/pecbag.com\/br\/wp-json\/wp\/v2\/product_cat?post=1567"},{"taxonomy":"product_tag","embeddable":true,"href":"https:\/\/pecbag.com\/br\/wp-json\/wp\/v2\/product_tag?post=1567"}],"curies":[{"name":"wp","href":"https:\/\/api.w.org\/{rel}","templated":true}]}}