{"id":1583,"date":"2025-04-12T03:43:51","date_gmt":"2025-04-12T03:43:51","guid":{"rendered":"https:\/\/pecbag.com\/?post_type=product&#038;p=1583"},"modified":"2025-11-29T02:08:47","modified_gmt":"2025-11-29T02:08:47","slug":"camouflage-tactical-bag-manufacturer","status":"publish","type":"product","link":"https:\/\/pecbag.com\/br\/camouflage-tactical-bag-manufacturer\/","title":{"rendered":"Bolsa T\u00e1tica de Camuflagem Fabricante"},"content":{"rendered":"<h2 title=\"Bolsa dobr\u00e1vel para c\u00e3es Bolsa de ombro de malha respir\u00e1vel para c\u00e3es e gatos de pequeno porte\" data-immersive-translate-walked=\"1c928421-2e42-4cd3-8754-5404553c0af5\" data-immersive-translate-paragraph=\"1\" data-spm-anchor-id=\"a2700.details.0.i35.4f6757d4w4zNZA\">Fabricante confi\u00e1vel de bolsas t\u00e1ticas de camuflagem e f\u00e1brica atacadista de designs personalizados de n\u00edvel militar<\/h2>\n<div class=\"flex flex-grow flex-col max-w-full\">\n<div class=\"min-h-[20px] text-message flex w-full flex-col items-end gap-2 whitespace-pre-wrap break-words [.text-message+&amp;]:mt-5 overflow-x-auto\" dir=\"auto\" data-message-author-role=\"assistant\" data-message-id=\"3d7d46f6-7ec2-4222-9257-48fa0bba23c6\" data-suggestions=\"true\">\n<div class=\"flex w-full flex-col gap-1 empty:hidden first:pt-[3px]\">\n<div class=\"markdown prose w-full break-words dark:prose-invert light\">\n<p>Necessidade de robustez\u00a0<strong>fabricantes de bolsas t\u00e1ticas de camuflagem<\/strong>? Oferecemos designs MIL-SPEC, pre\u00e7os por atacado e logotipos personalizados. Baixo MOQ, remessa r\u00e1pida e amostras gr\u00e1tis. Fa\u00e7a parceria com uma f\u00e1brica certificada hoje mesmo!<\/p>\n<table width=\"288\">\n<tbody>\n<tr>\n<td width=\"137\"><span style=\"color: #333333;\">Nome dos produtos<\/span><\/td>\n<td width=\"151\">Bolsa t\u00e1tica<\/td>\n<\/tr>\n<tr>\n<td><span style=\"color: #333333;\">Item No.<\/span><\/td>\n<td><span style=\"color: #333333;\">PB-2023<\/span><\/td>\n<\/tr>\n<tr>\n<td><span style=\"color: #333333;\">Material<\/span><\/td>\n<td>Poli\u00e9ster 600D<\/td>\n<\/tr>\n<tr>\n<td><span style=\"color: #333333;\">Tamanho<\/span><\/td>\n<td>30*15*52cm<\/td>\n<\/tr>\n<tr>\n<td><span style=\"color: #333333;\">\u00a0Prazo de entrega<\/span><\/td>\n<td><span style=\"color: #333333;\">De 1 a 5 dias para pequenas quantidades por via a\u00e9rea e de 30 a 35 dias para grandes quantidades por via mar\u00edtima<\/span><\/td>\n<\/tr>\n<\/tbody>\n<\/table>\n<p>Como l\u00edder\u00a0<strong>Fabricante de bolsas t\u00e1ticas de camuflagem<\/strong>Na Am\u00e9rica Latina, projetamos equipamentos que t\u00eam a confian\u00e7a de unidades militares, marcas de produtos para atividades ao ar livre e especialistas em sobreviv\u00eancia. Nossos\u00a0<strong>f\u00e1brica atacadista<\/strong>\u00a0produz\u00a0<strong>bolsas t\u00e1ticas personalizadas<\/strong>\u00a0projetado para se misturar a florestas, desertos e selvas urbanas - enquanto sobrevive \u00e0s miss\u00f5es mais dif\u00edceis.<\/p>\n<p><strong>Por que trabalhar conosco?<\/strong><br \/>\n\u2705\u00a0<strong>Qualidade de n\u00edvel militar<\/strong>:<\/p>\n<ul>\n<li><strong>Tecido Cordura\u00ae 500D<\/strong>\u00a0- \u00e0 prova de rasgos e resistente \u00e0s intemp\u00e9ries<\/li>\n<li><strong>Cinta MOLLE<\/strong>\u00a0para acess\u00f3rios modulares (layouts personaliz\u00e1veis)<\/li>\n<li><strong>Z\u00edperes \u00e0 prova d'\u00e1gua IP67<\/strong>\u00a0+ pontos de estresse refor\u00e7ados<\/li>\n<\/ul>\n<p>\u2705\u00a0<strong>Vantagens do atacado<\/strong>:<\/p>\n<ul>\n<li><strong>MOQ 150pcs<\/strong>\u00a0- perfeito para startups e pedidos pequenos<\/li>\n<li><strong>20% desligado<\/strong>\u00a0pedidos de mais de 500 unidades<\/li>\n<li><strong>Produ\u00e7\u00e3o de 18 dias<\/strong>\u00a0+ remessa a\u00e9rea\/mar\u00edtima para mais de 60 pa\u00edses<\/li>\n<\/ul>\n<p>\u2705\u00a0<strong>Recursos prontos para a batalha<\/strong>:<\/p>\n<ul>\n<li><strong>Padr\u00f5es de camuflagem resistentes a infravermelho<\/strong>\u00a0(Woodland, Digital, Multicam)<\/li>\n<li><strong>Compartimentos para bexiga de hidrata\u00e7\u00e3o<\/strong>\u00a0+ bolsos para transporte oculto<\/li>\n<li><strong>Testado de acordo com a norma MIL-STD-810G<\/strong>\u00a0padr\u00f5es (abras\u00e3o, UV e exposi\u00e7\u00e3o \u00e0 \u00e1gua)<\/li>\n<\/ul>\n<p><strong>Confi\u00e1vel por<\/strong>:<br \/>\nFornecedores militares nas regi\u00f5es dos EUA e da OTAN<br \/>\n\ud83c\udf32 Marcas de equipamentos de ca\u00e7a no Canad\u00e1 e na Escandin\u00e1via<br \/>\nONGs de assist\u00eancia a desastres em todo o mundo<\/p>\n<\/div>\n<\/div>\n<\/div>\n<\/div>","protected":false},"excerpt":{"rendered":"<h2 data-immersive-translate-walked=\"344be1c1-5052-41eb-8fcd-0dbe236a0d6b\" data-immersive-translate-paragraph=\"1\">Bolsa T\u00e1tica de Camuflagem Fabricante<\/h2>\n<p>Fornecemos bolsas premium com personaliza\u00e7\u00e3o total de tamanho e cor, tecidos dur\u00e1veis e qualidade certificada.<\/p>\n<p>Aproveite os MOQs flex\u00edveis, o envio global r\u00e1pido e as solu\u00e7\u00f5es de marca pr\u00f3pria.<\/p>\n<p>Entre em contato conosco hoje mesmo!<\/p>","protected":false},"featured_media":1586,"template":"","meta":{"_uag_custom_page_level_css":""},"product_brand":[],"product_cat":[55],"product_tag":[],"class_list":{"0":"post-1583","1":"product","2":"type-product","3":"status-publish","4":"has-post-thumbnail","6":"product_cat-tactical-bag","8":"first","9":"instock","10":"shipping-taxable","11":"product-type-simple"},"uagb_featured_image_src":{"full":["https:\/\/pecbag.com\/wp-content\/uploads\/2025\/04\/Tactical-Bag-6.jpg",1600,1600,false],"thumbnail":["https:\/\/pecbag.com\/wp-content\/uploads\/2025\/04\/Tactical-Bag-6-150x150.jpg",150,150,true],"medium":["https:\/\/pecbag.com\/wp-content\/uploads\/2025\/04\/Tactical-Bag-6-300x300.jpg",300,300,true],"medium_large":["https:\/\/pecbag.com\/wp-content\/uploads\/2025\/04\/Tactical-Bag-6-768x768.jpg",768,768,true],"large":["https:\/\/pecbag.com\/wp-content\/uploads\/2025\/04\/Tactical-Bag-6-1024x1024.jpg",800,800,true],"1536x1536":["https:\/\/pecbag.com\/wp-content\/uploads\/2025\/04\/Tactical-Bag-6-1536x1536.jpg",1536,1536,true],"2048x2048":["https:\/\/pecbag.com\/wp-content\/uploads\/2025\/04\/Tactical-Bag-6.jpg",1600,1600,false],"trp-custom-language-flag":["https:\/\/pecbag.com\/wp-content\/uploads\/2025\/04\/Tactical-Bag-6.jpg",12,12,false],"woocommerce_thumbnail":["https:\/\/pecbag.com\/wp-content\/uploads\/2025\/04\/Tactical-Bag-6-300x300.jpg",300,300,true],"woocommerce_single":["https:\/\/pecbag.com\/wp-content\/uploads\/2025\/04\/Tactical-Bag-6-600x600.jpg",600,600,true],"woocommerce_gallery_thumbnail":["https:\/\/pecbag.com\/wp-content\/uploads\/2025\/04\/Tactical-Bag-6-100x100.jpg",100,100,true]},"uagb_author_info":{"display_name":"Lawrence","author_link":"https:\/\/pecbag.com\/br\/author\/"},"uagb_comment_info":0,"uagb_excerpt":"Camouflage Tactical Bag Manufacturer We provide premium bags with full-size and color customization, durable fabrics, and certified quality. Enjoy flexible MOQs, fast global shipping, and private label solutions. Contact us today!","_links":{"self":[{"href":"https:\/\/pecbag.com\/br\/wp-json\/wp\/v2\/product\/1583","targetHints":{"allow":["GET"]}}],"collection":[{"href":"https:\/\/pecbag.com\/br\/wp-json\/wp\/v2\/product"}],"about":[{"href":"https:\/\/pecbag.com\/br\/wp-json\/wp\/v2\/types\/product"}],"wp:featuredmedia":[{"embeddable":true,"href":"https:\/\/pecbag.com\/br\/wp-json\/wp\/v2\/media\/1586"}],"wp:attachment":[{"href":"https:\/\/pecbag.com\/br\/wp-json\/wp\/v2\/media?parent=1583"}],"wp:term":[{"taxonomy":"product_brand","embeddable":true,"href":"https:\/\/pecbag.com\/br\/wp-json\/wp\/v2\/product_brand?post=1583"},{"taxonomy":"product_cat","embeddable":true,"href":"https:\/\/pecbag.com\/br\/wp-json\/wp\/v2\/product_cat?post=1583"},{"taxonomy":"product_tag","embeddable":true,"href":"https:\/\/pecbag.com\/br\/wp-json\/wp\/v2\/product_tag?post=1583"}],"curies":[{"name":"wp","href":"https:\/\/api.w.org\/{rel}","templated":true}]}}