{"id":1600,"date":"2025-04-12T03:52:43","date_gmt":"2025-04-12T03:52:43","guid":{"rendered":"https:\/\/pecbag.com\/?post_type=product&#038;p=1600"},"modified":"2025-11-29T02:08:33","modified_gmt":"2025-11-29T02:08:33","slug":"travel-makeup-bag-gactory","status":"publish","type":"product","link":"https:\/\/pecbag.com\/br\/travel-makeup-bag-gactory\/","title":{"rendered":"Bolsa de maquiagem para viagem Gactory"},"content":{"rendered":"<h2 title=\"Bolsa dobr\u00e1vel para c\u00e3es Bolsa de ombro de malha respir\u00e1vel para c\u00e3es e gatos de pequeno porte\" data-immersive-translate-walked=\"1c928421-2e42-4cd3-8754-5404553c0af5\" data-immersive-translate-paragraph=\"1\" data-spm-anchor-id=\"a2700.details.0.i35.4f6757d4w4zNZA\">Top Travel Makeup Bag Factory - Organizadores de cosm\u00e9ticos personalizados no atacado para marcas de beleza<\/h2>\n<div class=\"flex flex-grow flex-col max-w-full\">\n<div class=\"min-h-[20px] text-message flex w-full flex-col items-end gap-2 whitespace-pre-wrap break-words [.text-message+&amp;]:mt-5 overflow-x-auto\" dir=\"auto\" data-message-author-role=\"assistant\" data-message-id=\"3d7d46f6-7ec2-4222-9257-48fa0bba23c6\" data-suggestions=\"true\">\n<div class=\"flex w-full flex-col gap-1 empty:hidden first:pt-[3px]\">\n<div class=\"markdown prose w-full break-words dark:prose-invert light\">\n<p>Precisa de um\u00a0<strong>f\u00e1brica de bolsas de maquiagem para viagem<\/strong>? Oferecemos designs elegantes e \u00e0 prova d'\u00e1gua, descontos para grandes quantidades e remessa r\u00e1pida. Baixo MOQ e impress\u00e3o gratuita do logotipo. Solicite amostras gr\u00e1tis + modelos 3D hoje mesmo!<\/p>\n<table width=\"288\">\n<tbody>\n<tr>\n<td width=\"137\"><span style=\"color: #333333;\">Nome dos produtos<\/span><\/td>\n<td width=\"151\">Bolsa de viagem<\/td>\n<\/tr>\n<tr>\n<td><span style=\"color: #333333;\">Item No.<\/span><\/td>\n<td><span style=\"color: #333333;\">PB-2025<\/span><\/td>\n<\/tr>\n<tr>\n<td><span style=\"color: #333333;\">Material<\/span><\/td>\n<td>Poli\u00e9ster<\/td>\n<\/tr>\n<tr>\n<td><span style=\"color: #333333;\">\u00a0Tamanho e cor<\/span><\/td>\n<td>21*10,5*11,5 polegadas<\/td>\n<\/tr>\n<tr>\n<td><span style=\"color: #333333;\">\u00a0Prazo de entrega<\/span><\/td>\n<td><span style=\"color: #333333;\">De 1 a 5 dias para pequenas quantidades por via a\u00e9rea e de 30 a 35 dias para grandes quantidades por via mar\u00edtima<\/span><\/td>\n<\/tr>\n<\/tbody>\n<\/table>\n<p>Como l\u00edder\u00a0<strong>f\u00e1brica de bolsas de maquiagem para viagem<\/strong>\u00a0na China, criamos organizadores elegantes para cosm\u00e9ticos, pinc\u00e9is e produtos para a pele. Perfeitos para marcas de beleza, hot\u00e9is e varejistas de presentes, nossos\u00a0<strong>bolsas de maquiagem personalizadas no atacado<\/strong>\u00a0mantenha os produtos seguros, com estilo e prontos para viagens.<\/p>\n<p><strong>Por que nos escolher?<\/strong><br \/>\n\u2705\u00a0<strong>Personaliza\u00e7\u00e3o inteligente<\/strong>:<\/p>\n<ul>\n<li>Adicionar\u00a0<strong>logotipos de marcas<\/strong>\u00a0(bordado, estampagem em papel alum\u00ednio ou grava\u00e7\u00e3o a laser)<\/li>\n<li>Escolha entre mais de 80 tecidos (PU \u00e0 prova d'\u00e1gua, couro vegano, poli\u00e9ster reciclado ecologicamente correto)<\/li>\n<li>Compartimentos personalizados (compartimentos para escovas, bolsos para espelhos, bolsas remov\u00edveis)<\/li>\n<\/ul>\n<p>\u2705\u00a0<strong>Benef\u00edcios de atacado<\/strong>:<\/p>\n<ul>\n<li><strong>MOQ 100pcs<\/strong>\u00a0- ideal para startups e pedidos pequenos<\/li>\n<li><strong>25% desligado<\/strong>\u00a0para pedidos em massa (mais de 500 unidades)<\/li>\n<li><strong>Produ\u00e7\u00e3o de 12 dias<\/strong>\u00a0+ frete a\u00e9reo para os EUA\/UE\/\u00c1sia<\/li>\n<\/ul>\n<p>\u2705\u00a0<strong>Durabilidade testada em viagens<\/strong>:<\/p>\n<ul>\n<li><strong>Z\u00edperes \u00e0 prova d'\u00e1gua<\/strong>\u00a0+ revestimentos que podem ser limpos com pano (sem derramamentos ou manchas!)<\/li>\n<li><strong>Tamanhos compat\u00edveis com TSA<\/strong> (cabe na bagagem de m\u00e3o)<\/li>\n<li>Aprovado em mais de 10.000 testes de ciclo zip (certificado ISO 9001)<\/li>\n<\/ul>\n<p><strong>Confi\u00e1vel por<\/strong>:<br \/>\nGigantes da beleza como GlowLab e PureSkin<br \/>\nRedes de hot\u00e9is de luxo em Dubai e Paris<br \/>\nFornecedores de presentes para companhias a\u00e9reas e eventos VIP<\/p>\n<\/div>\n<\/div>\n<\/div>\n<\/div>","protected":false},"excerpt":{"rendered":"<h2 data-immersive-translate-walked=\"344be1c1-5052-41eb-8fcd-0dbe236a0d6b\" data-immersive-translate-paragraph=\"1\">Bolsa de maquiagem para viagem Gactory<\/h2>\n<p>Fornecemos bolsas premium com personaliza\u00e7\u00e3o total de tamanho e cor, tecidos dur\u00e1veis e qualidade certificada.<\/p>\n<p>Aproveite os MOQs flex\u00edveis, o envio global r\u00e1pido e as solu\u00e7\u00f5es de marca pr\u00f3pria.<\/p>\n<p>Entre em contato conosco hoje mesmo!<\/p>","protected":false},"featured_media":1604,"template":"","meta":{"_uag_custom_page_level_css":""},"product_brand":[],"product_cat":[68],"product_tag":[],"class_list":{"0":"post-1600","1":"product","2":"type-product","3":"status-publish","4":"has-post-thumbnail","6":"product_cat-travel-bag","8":"first","9":"instock","10":"shipping-taxable","11":"product-type-simple"},"uagb_featured_image_src":{"full":["https:\/\/pecbag.com\/wp-content\/uploads\/2025\/04\/Travel-Makeup-Bag-Gactory-2.jpg",1000,1000,false],"thumbnail":["https:\/\/pecbag.com\/wp-content\/uploads\/2025\/04\/Travel-Makeup-Bag-Gactory-2-150x150.jpg",150,150,true],"medium":["https:\/\/pecbag.com\/wp-content\/uploads\/2025\/04\/Travel-Makeup-Bag-Gactory-2-300x300.jpg",300,300,true],"medium_large":["https:\/\/pecbag.com\/wp-content\/uploads\/2025\/04\/Travel-Makeup-Bag-Gactory-2-768x768.jpg",768,768,true],"large":["https:\/\/pecbag.com\/wp-content\/uploads\/2025\/04\/Travel-Makeup-Bag-Gactory-2.jpg",800,800,false],"1536x1536":["https:\/\/pecbag.com\/wp-content\/uploads\/2025\/04\/Travel-Makeup-Bag-Gactory-2.jpg",1000,1000,false],"2048x2048":["https:\/\/pecbag.com\/wp-content\/uploads\/2025\/04\/Travel-Makeup-Bag-Gactory-2.jpg",1000,1000,false],"trp-custom-language-flag":["https:\/\/pecbag.com\/wp-content\/uploads\/2025\/04\/Travel-Makeup-Bag-Gactory-2.jpg",12,12,false],"woocommerce_thumbnail":["https:\/\/pecbag.com\/wp-content\/uploads\/2025\/04\/Travel-Makeup-Bag-Gactory-2-300x300.jpg",300,300,true],"woocommerce_single":["https:\/\/pecbag.com\/wp-content\/uploads\/2025\/04\/Travel-Makeup-Bag-Gactory-2-600x600.jpg",600,600,true],"woocommerce_gallery_thumbnail":["https:\/\/pecbag.com\/wp-content\/uploads\/2025\/04\/Travel-Makeup-Bag-Gactory-2-100x100.jpg",100,100,true]},"uagb_author_info":{"display_name":"Lawrence","author_link":"https:\/\/pecbag.com\/br\/author\/"},"uagb_comment_info":0,"uagb_excerpt":"Travel Makeup Bag Gactory We provide premium bags with full-size and color customization, durable fabrics, and certified quality. Enjoy flexible MOQs, fast global shipping, and private label solutions. Contact us today!","_links":{"self":[{"href":"https:\/\/pecbag.com\/br\/wp-json\/wp\/v2\/product\/1600","targetHints":{"allow":["GET"]}}],"collection":[{"href":"https:\/\/pecbag.com\/br\/wp-json\/wp\/v2\/product"}],"about":[{"href":"https:\/\/pecbag.com\/br\/wp-json\/wp\/v2\/types\/product"}],"wp:featuredmedia":[{"embeddable":true,"href":"https:\/\/pecbag.com\/br\/wp-json\/wp\/v2\/media\/1604"}],"wp:attachment":[{"href":"https:\/\/pecbag.com\/br\/wp-json\/wp\/v2\/media?parent=1600"}],"wp:term":[{"taxonomy":"product_brand","embeddable":true,"href":"https:\/\/pecbag.com\/br\/wp-json\/wp\/v2\/product_brand?post=1600"},{"taxonomy":"product_cat","embeddable":true,"href":"https:\/\/pecbag.com\/br\/wp-json\/wp\/v2\/product_cat?post=1600"},{"taxonomy":"product_tag","embeddable":true,"href":"https:\/\/pecbag.com\/br\/wp-json\/wp\/v2\/product_tag?post=1600"}],"curies":[{"name":"wp","href":"https:\/\/api.w.org\/{rel}","templated":true}]}}