{"id":1606,"date":"2025-04-12T03:56:38","date_gmt":"2025-04-12T03:56:38","guid":{"rendered":"https:\/\/pecbag.com\/?post_type=product&#038;p=1606"},"modified":"2025-11-29T02:07:41","modified_gmt":"2025-11-29T02:07:41","slug":"waterproof-cooler-bag-manufacturers","status":"publish","type":"product","link":"https:\/\/pecbag.com\/br\/waterproof-cooler-bag-manufacturers\/","title":{"rendered":"Fabricantes de bolsas t\u00e9rmicas \u00e0 prova d'\u00e1gua"},"content":{"rendered":"<h2 title=\"Bolsa dobr\u00e1vel para c\u00e3es Bolsa de ombro de malha respir\u00e1vel para c\u00e3es e gatos de pequeno porte\" data-immersive-translate-walked=\"1c928421-2e42-4cd3-8754-5404553c0af5\" data-immersive-translate-paragraph=\"1\" data-spm-anchor-id=\"a2700.details.0.i35.4f6757d4w4zNZA\">Os melhores fabricantes de bolsas t\u00e9rmicas \u00e0 prova d'\u00e1gua no atacado - Designs diretos da f\u00e1brica e prontos para o gelo<\/h2>\n<div class=\"flex flex-grow flex-col max-w-full\">\n<div class=\"min-h-[20px] text-message flex w-full flex-col items-end gap-2 whitespace-pre-wrap break-words [.text-message+&amp;]:mt-5 overflow-x-auto\" dir=\"auto\" data-message-author-role=\"assistant\" data-message-id=\"3d7d46f6-7ec2-4222-9257-48fa0bba23c6\" data-suggestions=\"true\">\n<div class=\"flex w-full flex-col gap-1 empty:hidden first:pt-[3px]\">\n<div class=\"markdown prose w-full break-words dark:prose-invert light\">\n<p>Precisa de confian\u00e7a\u00a0<strong>fabricantes de bolsas t\u00e9rmicas \u00e0 prova d'\u00e1gua<\/strong>? Oferecemos designs personalizados, pre\u00e7os em massa e reten\u00e7\u00e3o de gelo em 48 horas. Baixo MOQ e envio global r\u00e1pido. Solicite amostras gr\u00e1tis agora!<\/p>\n<table width=\"288\">\n<tbody>\n<tr>\n<td width=\"137\"><span style=\"color: #333333;\">Nome dos produtos<\/span><\/td>\n<td width=\"151\">Bolsa \u00e0 prova d'\u00e1gua<\/td>\n<\/tr>\n<tr>\n<td><span style=\"color: #333333;\">Item No.<\/span><\/td>\n<td><span style=\"color: #333333;\">PB-2026<\/span><\/td>\n<\/tr>\n<tr>\n<td><span style=\"color: #333333;\">Material<\/span><\/td>\n<td><span style=\"color: #333333;\">Algod\u00e3o, poli\u00e9ster, velo<\/span><\/td>\n<\/tr>\n<tr>\n<td><span style=\"color: #333333;\">\u00a0Tamanho e cor<\/span><\/td>\n<td><span style=\"color: #333333;\">Personalizado<\/span><\/td>\n<\/tr>\n<tr>\n<td><span style=\"color: #333333;\">\u00a0Prazo de entrega<\/span><\/td>\n<td><span style=\"color: #333333;\">De 1 a 5 dias para pequenas quantidades por via a\u00e9rea e de 30 a 35 dias para grandes quantidades por via mar\u00edtima<\/span><\/td>\n<\/tr>\n<\/tbody>\n<\/table>\n<p>Como confi\u00e1vel\u00a0<strong>fabricantes de bolsas t\u00e9rmicas \u00e0 prova d'\u00e1gua<\/strong>Na KPMG, projetamos isolamento resistente para marcas de bebidas, food trucks e varejistas ao ar livre. Nossos\u00a0<strong>f\u00e1brica atacadista<\/strong>\u00a0entrega\u00a0<strong>bolsas t\u00e9rmicas personalizadas<\/strong>\u00a0que mant\u00eam o frio para aventuras, entregas e dias de praia - fa\u00e7a chuva ou fa\u00e7a sol!<\/p>\n<p><strong>Por que ser nosso parceiro?<\/strong><br \/>\n\u2705\u00a0<strong>Tecnologia de armadura de gelo<\/strong>:<\/p>\n<ul>\n<li><strong>Isolamento de 3 camadas<\/strong>\u00a0(reten\u00e7\u00e3o de frio de 48 horas)<\/li>\n<li><strong>Forro de TPU \u00e0 prova d'\u00e1gua<\/strong>\u00a0+ z\u00edperes anti-vazamento (classifica\u00e7\u00e3o IPX6)<\/li>\n<li><strong>Grau aliment\u00edcio aprovado pela FDA<\/strong>\u00a0tecido interno<\/li>\n<\/ul>\n<p>\u2705\u00a0<strong>Vantagens do atacado<\/strong>:<\/p>\n<ul>\n<li><strong>MOQ 200pcs<\/strong>\u00a0- ideal para startups e pequenas marcas<\/li>\n<li><strong>30% desligado<\/strong>\u00a0pedidos de mais de 500 unidades<\/li>\n<li><strong>Produ\u00e7\u00e3o de 15 dias<\/strong>\u00a0+ transporte a\u00e9reo\/mar\u00edtimo (DHL\/FedEx)<\/li>\n<\/ul>\n<p>\u2705\u00a0<strong>Personalize seu refrigerador<\/strong>:<\/p>\n<ul>\n<li>Adicionar\u00a0<strong>logotipos de marcas<\/strong>\u00a0(impress\u00e3o em tela, bordado ou adesivos de PVC)<\/li>\n<li>Escolha os tamanhos (de 6 latas a 50L) + cores (neon, camuflado, transparente)<\/li>\n<li>Atualize com\u00a0<strong>al\u00e7as remov\u00edveis<\/strong>, abridores de garrafa ou bolsos RFID<\/li>\n<\/ul>\n<p><strong>Confi\u00e1vel por<\/strong>:<br \/>\nGigantes das bebidas, como ChillWave e TropicalSips<br \/>\n\ud83d\ude9a Frotas de entrega de alimentos em Dubai e Miami<br \/>\n\ud83c\udfd5\ufe0f Varejistas de camping na Europa e Austr\u00e1lia<\/p>\n<\/div>\n<\/div>\n<\/div>\n<\/div>","protected":false},"excerpt":{"rendered":"<h2 data-immersive-translate-walked=\"344be1c1-5052-41eb-8fcd-0dbe236a0d6b\" data-immersive-translate-paragraph=\"1\">Fabricantes de bolsas t\u00e9rmicas \u00e0 prova d'\u00e1gua<\/h2>\n<p>Fornecemos bolsas premium com personaliza\u00e7\u00e3o total de tamanho e cor, tecidos dur\u00e1veis e qualidade certificada.<\/p>\n<p>Aproveite os MOQs flex\u00edveis, o envio global r\u00e1pido e as solu\u00e7\u00f5es de marca pr\u00f3pria.<\/p>\n<p>Entre em contato conosco hoje mesmo!<\/p>","protected":false},"featured_media":1610,"template":"","meta":{"_uag_custom_page_level_css":""},"product_brand":[],"product_cat":[66],"product_tag":[],"class_list":{"0":"post-1606","1":"product","2":"type-product","3":"status-publish","4":"has-post-thumbnail","6":"product_cat-waterproof-bag","8":"first","9":"instock","10":"shipping-taxable","11":"product-type-simple"},"uagb_featured_image_src":{"full":["https:\/\/pecbag.com\/wp-content\/uploads\/2025\/04\/Waterproof-Cooler-Bag-Manufacturers-3.jpg",960,960,false],"thumbnail":["https:\/\/pecbag.com\/wp-content\/uploads\/2025\/04\/Waterproof-Cooler-Bag-Manufacturers-3-150x150.jpg",150,150,true],"medium":["https:\/\/pecbag.com\/wp-content\/uploads\/2025\/04\/Waterproof-Cooler-Bag-Manufacturers-3-300x300.jpg",300,300,true],"medium_large":["https:\/\/pecbag.com\/wp-content\/uploads\/2025\/04\/Waterproof-Cooler-Bag-Manufacturers-3-768x768.jpg",768,768,true],"large":["https:\/\/pecbag.com\/wp-content\/uploads\/2025\/04\/Waterproof-Cooler-Bag-Manufacturers-3.jpg",800,800,false],"1536x1536":["https:\/\/pecbag.com\/wp-content\/uploads\/2025\/04\/Waterproof-Cooler-Bag-Manufacturers-3.jpg",960,960,false],"2048x2048":["https:\/\/pecbag.com\/wp-content\/uploads\/2025\/04\/Waterproof-Cooler-Bag-Manufacturers-3.jpg",960,960,false],"trp-custom-language-flag":["https:\/\/pecbag.com\/wp-content\/uploads\/2025\/04\/Waterproof-Cooler-Bag-Manufacturers-3.jpg",12,12,false],"woocommerce_thumbnail":["https:\/\/pecbag.com\/wp-content\/uploads\/2025\/04\/Waterproof-Cooler-Bag-Manufacturers-3-300x300.jpg",300,300,true],"woocommerce_single":["https:\/\/pecbag.com\/wp-content\/uploads\/2025\/04\/Waterproof-Cooler-Bag-Manufacturers-3-600x600.jpg",600,600,true],"woocommerce_gallery_thumbnail":["https:\/\/pecbag.com\/wp-content\/uploads\/2025\/04\/Waterproof-Cooler-Bag-Manufacturers-3-100x100.jpg",100,100,true]},"uagb_author_info":{"display_name":"Lawrence","author_link":"https:\/\/pecbag.com\/br\/author\/"},"uagb_comment_info":0,"uagb_excerpt":"Waterproof Cooler Bag Manufacturers We provide premium bags with full-size and color customization, durable fabrics, and certified quality. Enjoy flexible MOQs, fast global shipping, and private label solutions. Contact us today!","_links":{"self":[{"href":"https:\/\/pecbag.com\/br\/wp-json\/wp\/v2\/product\/1606","targetHints":{"allow":["GET"]}}],"collection":[{"href":"https:\/\/pecbag.com\/br\/wp-json\/wp\/v2\/product"}],"about":[{"href":"https:\/\/pecbag.com\/br\/wp-json\/wp\/v2\/types\/product"}],"wp:featuredmedia":[{"embeddable":true,"href":"https:\/\/pecbag.com\/br\/wp-json\/wp\/v2\/media\/1610"}],"wp:attachment":[{"href":"https:\/\/pecbag.com\/br\/wp-json\/wp\/v2\/media?parent=1606"}],"wp:term":[{"taxonomy":"product_brand","embeddable":true,"href":"https:\/\/pecbag.com\/br\/wp-json\/wp\/v2\/product_brand?post=1606"},{"taxonomy":"product_cat","embeddable":true,"href":"https:\/\/pecbag.com\/br\/wp-json\/wp\/v2\/product_cat?post=1606"},{"taxonomy":"product_tag","embeddable":true,"href":"https:\/\/pecbag.com\/br\/wp-json\/wp\/v2\/product_tag?post=1606"}],"curies":[{"name":"wp","href":"https:\/\/api.w.org\/{rel}","templated":true}]}}