{"id":3174,"date":"2025-05-23T01:23:49","date_gmt":"2025-05-23T01:23:49","guid":{"rendered":"https:\/\/pecbag.com\/?post_type=product&#038;p=3174"},"modified":"2025-11-29T02:07:26","modified_gmt":"2025-11-29T02:07:26","slug":"waterproof-outdoor-bicycle-backpack","status":"publish","type":"product","link":"https:\/\/pecbag.com\/br\/waterproof-outdoor-bicycle-backpack\/","title":{"rendered":"Mochila de bicicleta imperme\u00e1vel para uso externo"},"content":{"rendered":"<h2 title=\"Bolsa dobr\u00e1vel para c\u00e3es Bolsa de ombro de malha respir\u00e1vel para c\u00e3es e gatos de pequeno porte\" data-immersive-translate-walked=\"1c928421-2e42-4cd3-8754-5404553c0af5\" data-immersive-translate-paragraph=\"1\" data-spm-anchor-id=\"a2700.details.0.i35.4f6757d4w4zNZA\">Fabricante de mochilas imperme\u00e1veis para bicicletas ao ar livre | F\u00e1brica de bolsas imperme\u00e1veis | Fornecedor a granel<\/h2>\n<div class=\"flex flex-grow flex-col max-w-full\">\n<div class=\"min-h-[20px] text-message flex w-full flex-col items-end gap-2 whitespace-pre-wrap break-words [.text-message+&amp;]:mt-5 overflow-x-auto\" dir=\"auto\" data-message-author-role=\"assistant\" data-message-id=\"3d7d46f6-7ec2-4222-9257-48fa0bba23c6\" data-suggestions=\"true\">\n<div class=\"flex w-full flex-col gap-1 empty:hidden first:pt-[3px]\">\n<div class=\"markdown prose w-full break-words dark:prose-invert light\">\n<p>Necessidade\u00a0<strong>mochilas de bicicleta imperme\u00e1veis para uso externo<\/strong>\u00a0que sobrevivem \u00e0 chuva, lama e passeios dif\u00edceis? Somos um dos melhores\u00a0<strong>f\u00e1brica de bolsas imperme\u00e1veis<\/strong>\u00a0e\u00a0<strong>fabricante de mochilas<\/strong>\u00a0na China, produzindo bolsas para bicicletas resistentes para marcas e atacadistas em todo o mundo!<\/p>\n<table width=\"288\">\n<tbody>\n<tr>\n<td width=\"137\"><span style=\"color: #333333;\">Nome dos produtos<\/span><\/td>\n<td width=\"151\"><span style=\"color: #333333;\">Bolsa para bicicleta<\/span><\/td>\n<\/tr>\n<tr>\n<td><span style=\"color: #333333;\">Item No.<\/span><\/td>\n<td><span style=\"color: #333333;\">PB-2004<\/span><\/td>\n<\/tr>\n<tr>\n<td><span style=\"color: #333333;\">Material<\/span><\/td>\n<td>PU<\/td>\n<\/tr>\n<tr>\n<td><span style=\"color: #333333;\">Tamanho<\/span><\/td>\n<td>29,5 x 12 x 42 cm<\/td>\n<\/tr>\n<tr>\n<td><span style=\"color: #333333;\">\u00a0Prazo de entrega<\/span><\/td>\n<td><span style=\"color: #333333;\">De 1 a 5 dias para pequenas quantidades por via a\u00e9rea e de 30 a 35 dias para grandes quantidades por via mar\u00edtima<\/span><\/td>\n<\/tr>\n<\/tbody>\n<\/table>\n<p class=\"ds-markdown-paragraph\">\u2705\u00a0<strong>Por que nos escolher?<\/strong><\/p>\n<ul>\n<li>\n<p class=\"ds-markdown-paragraph\"><strong>100% \u00e0 prova d'\u00e1gua<\/strong>: As costuras seladas e o tecido revestido com TPU mant\u00eam o equipamento seco - sem vazamentos, nunca!<\/p>\n<\/li>\n<li>\n<p class=\"ds-markdown-paragraph\"><strong>Economia com pedidos em massa<\/strong>: Produzir pedidos em massa de bolsas para bicicletas a pre\u00e7os imbat\u00edveis (MOQ 50+ unidades).<\/p>\n<\/li>\n<li>\n<p class=\"ds-markdown-paragraph\"><strong>Sua marca, seu jeito<\/strong>: Personalize designs, logotipos e cores com a bolsa para bicicleta ODM\/OEM ou\u00a0<strong>marca pr\u00f3pria<\/strong>\u00a0servi\u00e7os.<\/p>\n<\/li>\n<li>\n<p class=\"ds-markdown-paragraph\"><strong>Especializa\u00e7\u00e3o baseada na China<\/strong>: Como fornecedor l\u00edder de bolsas para bicicletas na China, combinamos qualidade com log\u00edstica r\u00e1pida de exporta\u00e7\u00e3o de bolsas para bicicletas.<\/p>\n<\/li>\n<\/ul>\n<p class=\"ds-markdown-paragraph\"><strong>Recursos que vendem:<\/strong><br \/>\nCintas refor\u00e7adas e z\u00edperes YKK para maior durabilidade<br \/>\nTiras refletivas para seguran\u00e7a noturna<br \/>\nAcolchoamento respir\u00e1vel para as costas e design ergon\u00f4mico<br \/>\nProdu\u00e7\u00e3o com certifica\u00e7\u00e3o CE e ISO<\/p>\n<p class=\"ds-markdown-paragraph\"><strong>Perfeito para:<\/strong><\/p>\n<ul>\n<li>\n<p class=\"ds-markdown-paragraph\">Marcas de ciclismo e atacadistas de bolsas para bicicletas<\/p>\n<\/li>\n<li>\n<p class=\"ds-markdown-paragraph\">Varejistas de produtos para atividades ao ar livre e vendedores de bolsas para bicicletas<\/p>\n<\/li>\n<li>\n<p class=\"ds-markdown-paragraph\">Startups que precisam de solu\u00e7\u00f5es de marca pr\u00f3pria para bolsas de bicicleta<\/p>\n<\/li>\n<\/ul>\n<p class=\"ds-markdown-paragraph\"><strong>Tem um design?<\/strong>\u00a0Vamos tornar isso real!<br \/>\nAmostras gr\u00e1tis \u2705 Produ\u00e7\u00e3o em 15 dias \u2705 Remessa porta a porta<\/p>\n<p class=\"ds-markdown-paragraph\"><strong>Pronto para estocar bolsas para bicicletas prontas para a aventura?<\/strong>\u00a0Entre em contato conosco hoje para obter cota\u00e7\u00f5es ou inicie seu projeto de bolsa para bicicleta OEM\/ODM agora mesmo!<\/p>\n<\/div>\n<\/div>\n<\/div>\n<\/div>","protected":false},"excerpt":{"rendered":"<h2 data-immersive-translate-walked=\"344be1c1-5052-41eb-8fcd-0dbe236a0d6b\" data-immersive-translate-paragraph=\"1\">Mochila de bicicleta imperme\u00e1vel para uso externo<\/h2>\n<p><strong>Repelente \u00e0 \u00e1gua:<\/strong> Essa bolsa para bicicleta \u00e9 feita de tecido repelente \u00e0 \u00e1gua e laminada com uma superf\u00edcie de borracha PU. Seu z\u00edper usa fita imperme\u00e1vel selada a quente, o que pode impedir efetivamente a infiltra\u00e7\u00e3o da \u00e1gua da chuva. Al\u00e9m disso, uma capa de chuva tamb\u00e9m est\u00e1 inclu\u00edda para proporcionar a melhor prote\u00e7\u00e3o \u00e0 prova d'\u00e1gua<\/p>\n<p><strong>Aplicativo para v\u00e1rias cenas:<\/strong> Pode ser usada como mochila com um compartimento para computador embutido para atender \u00e0s suas necessidades. Pode ser usada como uma bolsa de ombro para atender \u00e0s suas necessidades de deslocamento. Pode ser usada como bolsa de cesto de bicicleta, livre para trocar, adequada para uma variedade de bicicletas<\/p>","protected":false},"featured_media":3176,"template":"","meta":{"_uag_custom_page_level_css":""},"product_brand":[],"product_cat":[48],"product_tag":[],"class_list":{"0":"post-3174","1":"product","2":"type-product","3":"status-publish","4":"has-post-thumbnail","6":"product_cat-bike-bag","8":"first","9":"instock","10":"shipping-taxable","11":"product-type-simple"},"uagb_featured_image_src":{"full":["https:\/\/pecbag.com\/wp-content\/uploads\/2025\/05\/Waterproof-Outdoor-Bicycle-Backpack-6.jpg",1500,1500,false],"thumbnail":["https:\/\/pecbag.com\/wp-content\/uploads\/2025\/05\/Waterproof-Outdoor-Bicycle-Backpack-6-150x150.jpg",150,150,true],"medium":["https:\/\/pecbag.com\/wp-content\/uploads\/2025\/05\/Waterproof-Outdoor-Bicycle-Backpack-6-300x300.jpg",300,300,true],"medium_large":["https:\/\/pecbag.com\/wp-content\/uploads\/2025\/05\/Waterproof-Outdoor-Bicycle-Backpack-6-768x768.jpg",768,768,true],"large":["https:\/\/pecbag.com\/wp-content\/uploads\/2025\/05\/Waterproof-Outdoor-Bicycle-Backpack-6-1024x1024.jpg",800,800,true],"1536x1536":["https:\/\/pecbag.com\/wp-content\/uploads\/2025\/05\/Waterproof-Outdoor-Bicycle-Backpack-6.jpg",1500,1500,false],"2048x2048":["https:\/\/pecbag.com\/wp-content\/uploads\/2025\/05\/Waterproof-Outdoor-Bicycle-Backpack-6.jpg",1500,1500,false],"trp-custom-language-flag":["https:\/\/pecbag.com\/wp-content\/uploads\/2025\/05\/Waterproof-Outdoor-Bicycle-Backpack-6-12x12.jpg",12,12,true],"woocommerce_thumbnail":["https:\/\/pecbag.com\/wp-content\/uploads\/2025\/05\/Waterproof-Outdoor-Bicycle-Backpack-6-300x300.jpg",300,300,true],"woocommerce_single":["https:\/\/pecbag.com\/wp-content\/uploads\/2025\/05\/Waterproof-Outdoor-Bicycle-Backpack-6-600x600.jpg",600,600,true],"woocommerce_gallery_thumbnail":["https:\/\/pecbag.com\/wp-content\/uploads\/2025\/05\/Waterproof-Outdoor-Bicycle-Backpack-6-100x100.jpg",100,100,true]},"uagb_author_info":{"display_name":"Lawrence","author_link":"https:\/\/pecbag.com\/br\/author\/"},"uagb_comment_info":0,"uagb_excerpt":"Waterproof Outdoor Bicycle Backpack Water Repellent: This bicycle bag is made of water repellent fabric and laminated with a PU rubber surface. Its zipper uses heat-sealed waterproof tape, which can effectively prevent rainwater from infiltrating. In addition, a rain cover is also included to provide the best waterproof protection Multi-scene Application: Can be used as&hellip;","_links":{"self":[{"href":"https:\/\/pecbag.com\/br\/wp-json\/wp\/v2\/product\/3174","targetHints":{"allow":["GET"]}}],"collection":[{"href":"https:\/\/pecbag.com\/br\/wp-json\/wp\/v2\/product"}],"about":[{"href":"https:\/\/pecbag.com\/br\/wp-json\/wp\/v2\/types\/product"}],"wp:featuredmedia":[{"embeddable":true,"href":"https:\/\/pecbag.com\/br\/wp-json\/wp\/v2\/media\/3176"}],"wp:attachment":[{"href":"https:\/\/pecbag.com\/br\/wp-json\/wp\/v2\/media?parent=3174"}],"wp:term":[{"taxonomy":"product_brand","embeddable":true,"href":"https:\/\/pecbag.com\/br\/wp-json\/wp\/v2\/product_brand?post=3174"},{"taxonomy":"product_cat","embeddable":true,"href":"https:\/\/pecbag.com\/br\/wp-json\/wp\/v2\/product_cat?post=3174"},{"taxonomy":"product_tag","embeddable":true,"href":"https:\/\/pecbag.com\/br\/wp-json\/wp\/v2\/product_tag?post=3174"}],"curies":[{"name":"wp","href":"https:\/\/api.w.org\/{rel}","templated":true}]}}