{"id":3183,"date":"2025-05-23T02:39:04","date_gmt":"2025-05-23T02:39:04","guid":{"rendered":"https:\/\/pecbag.com\/?post_type=product&#038;p=3183"},"modified":"2025-11-29T02:07:21","modified_gmt":"2025-11-29T02:07:21","slug":"3-in-1-tarpaulin-outdoor-bike-backpack","status":"publish","type":"product","link":"https:\/\/pecbag.com\/br\/3-in-1-tarpaulin-outdoor-bike-backpack\/","title":{"rendered":"Mochila de lona para ciclismo ao ar livre"},"content":{"rendered":"<h2 title=\"Bolsa dobr\u00e1vel para c\u00e3es Bolsa de ombro de malha respir\u00e1vel para c\u00e3es e gatos de pequeno porte\" data-immersive-translate-walked=\"1c928421-2e42-4cd3-8754-5404553c0af5\" data-immersive-translate-paragraph=\"1\" data-spm-anchor-id=\"a2700.details.0.i35.4f6757d4w4zNZA\">\u00a0Fabricante de mochilas de lona para ciclismo ao ar livre | F\u00e1brica de bolsas \u00e0 prova d'\u00e1gua | Fornecedor a granel<\/h2>\n<div class=\"flex flex-grow flex-col max-w-full\">\n<div class=\"min-h-[20px] text-message flex w-full flex-col items-end gap-2 whitespace-pre-wrap break-words [.text-message+&amp;]:mt-5 overflow-x-auto\" dir=\"auto\" data-message-author-role=\"assistant\" data-message-id=\"3d7d46f6-7ec2-4222-9257-48fa0bba23c6\" data-suggestions=\"true\">\n<div class=\"flex w-full flex-col gap-1 empty:hidden first:pt-[3px]\">\n<div class=\"markdown prose w-full break-words dark:prose-invert light\">\n<p>Necessidade <strong>\u00a0Mochilas de lona 3 em 1 para ciclismo ao ar livre<\/strong>\u00a0que suportam chuva, estradas irregulares e cargas pesadas? Somos um dos melhores\u00a0<strong>f\u00e1brica de bolsas imperme\u00e1veis<\/strong>\u00a0e\u00a0<strong>fabricante de mochilas<\/strong>\u00a0na China, criando bolsas multifuncionais para bicicletas para aventureiros e marcas do mundo todo!<\/p>\n<p class=\"ds-markdown-paragraph\">\u2705 <strong>Por que trabalhar conosco?<\/strong><\/p>\n<ul>\n<li>\n<p class=\"ds-markdown-paragraph\"><strong>M\u00e1gico 3 em 1<\/strong>: Compartimentos remov\u00edveis + armazenamento expans\u00edvel + capa de chuva embutida = o melhor companheiro de viagem.<\/p>\n<\/li>\n<li>\n<p class=\"ds-markdown-paragraph\"><strong>Lona resistente<\/strong>: Tecido de lona 1200D 100% \u00e0 prova d'\u00e1gua - sobrevive a tempestades e arranh\u00f5es!<\/p>\n<\/li>\n<li>\n<p class=\"ds-markdown-paragraph\"><strong>Energia para pedidos em massa<\/strong>: Produzir rapidamente pedidos em massa de bolsas para bicicletas (MOQ 100pcs) com\u00a0<strong>ODM\/OEM<\/strong>\u00a0ou op\u00e7\u00f5es de marca pr\u00f3pria.<\/p>\n<\/li>\n<li>\n<p class=\"ds-markdown-paragraph\"><strong>Borda de custo da China<\/strong>: Como fornecedor l\u00edder de bolsas para bicicletas na China, oferecemos qualidade a pre\u00e7os imbat\u00edveis.<\/p>\n<\/li>\n<\/ul>\n<p class=\"ds-markdown-paragraph\"><strong>Recursos que vendem rapidamente:<\/strong><br \/>\nBolsos ocultos antifurto + faixas de seguran\u00e7a refletivas<br \/>\nAl\u00e7as de ombro em malha respir\u00e1vel (ajust\u00e1veis para todos os ciclistas)<br \/>\nCostura refor\u00e7ada + z\u00edperes YKK (testados para mais de 50.000 ciclos)<br \/>\nCertifica\u00e7\u00e3o CE\/SGS - sem materiais t\u00f3xicos<\/p>\n<p class=\"ds-markdown-paragraph\"><strong>Perfeito para:<\/strong><\/p>\n<ul>\n<li>\n<p class=\"ds-markdown-paragraph\">Marcas de ciclismo e atacadistas de bolsas para bicicletas<\/p>\n<\/li>\n<li>\n<p class=\"ds-markdown-paragraph\">Vendedores de equipamentos para atividades ao ar livre e lojas de com\u00e9rcio eletr\u00f4nico<\/p>\n<\/li>\n<li>\n<p class=\"ds-markdown-paragraph\">Startups que precisam de solu\u00e7\u00f5es de marca pr\u00f3pria para bolsas de bicicleta<\/p>\n<\/li>\n<\/ul>\n<p class=\"ds-markdown-paragraph\"><strong>Tem um design?<\/strong>\u00a0Tornamos isso real em tr\u00eas etapas:<br \/>\n1\ufe0f\u20e3 . Envie sua ideia (ou use a nossa!)<br \/>\n2\ufe0f\u20e3 . Faremos o prot\u00f3tipo em 7 dias<br \/>\n3\ufe0f\u20e3 Envie globalmente por meio de redes de exporta\u00e7\u00e3o de bolsas para bicicletas<\/p>\n<p class=\"ds-markdown-paragraph\"><strong>Pronto para dominar as trilhas?<\/strong><br \/>\n\ud83d\udc49 Obter\u00a0<strong>amostras gr\u00e1tis,<\/strong>\u00a0Cota\u00e7\u00f5es instant\u00e2neas \ud83d\udc49 , e produ\u00e7\u00e3o em 15 dias<\/p>\n<\/div>\n<\/div>\n<\/div>\n<\/div>","protected":false},"excerpt":{"rendered":"<p><strong>\u00c0 prova d'\u00e1gua:\u00a0<\/strong>Utiliza tecnologia de solda sem costura, material de lona e design de enrolamento, permitindo que o 100% seja \u00e0 prova d'\u00e1gua.<\/p>\n<p><strong>Multifuncional:<\/strong> Ela pode ser usada como uma bolsa de cesto para bicicletas\/mochila de viagem\/ bolsa de ombro. As al\u00e7as de ombro est\u00e3o escondidas na mochila, que pode ser fixada no rack traseiro. Abra o compartimento inferior com z\u00edper e h\u00e1 uma bolsa de malha para capacete em seu interior.<\/p>\n<table width=\"288\">\n<tbody>\n<tr>\n<td width=\"137\"><span style=\"color: #333333;\">Nome dos produtos<\/span><\/td>\n<td width=\"151\"><span style=\"color: #333333;\">Bolsa para bicicleta<\/span><\/td>\n<\/tr>\n<tr>\n<td><span style=\"color: #333333;\">Item No.<\/span><\/td>\n<td><span style=\"color: #333333;\">PB-2028<\/span><\/td>\n<\/tr>\n<tr>\n<td><span style=\"color: #333333;\">Material<\/span><\/td>\n<td>Poli\u00e9ster 600D<\/td>\n<\/tr>\n<tr>\n<td><span style=\"color: #333333;\">\u00a0Tamanho e cor<\/span><\/td>\n<td>26 x 16 x 43 cm<\/td>\n<\/tr>\n<tr>\n<td><span style=\"color: #333333;\">\u00a0Prazo de entrega<\/span><\/td>\n<td><span style=\"color: #333333;\">De 1 a 5 dias para pequenas quantidades por via a\u00e9rea e de 30 a 35 dias para grandes quantidades por via mar\u00edtima<\/span><\/td>\n<\/tr>\n<\/tbody>\n<\/table>","protected":false},"featured_media":3185,"template":"","meta":{"_uag_custom_page_level_css":""},"product_brand":[],"product_cat":[48],"product_tag":[],"class_list":{"0":"post-3183","1":"product","2":"type-product","3":"status-publish","4":"has-post-thumbnail","6":"product_cat-bike-bag","8":"first","9":"instock","10":"shipping-taxable","11":"product-type-simple"},"uagb_featured_image_src":{"full":["https:\/\/pecbag.com\/wp-content\/uploads\/2025\/05\/3-in-1-Tarpaulin-Outdoor-Bike-Backpack-1.jpeg",1367,1367,false],"thumbnail":["https:\/\/pecbag.com\/wp-content\/uploads\/2025\/05\/3-in-1-Tarpaulin-Outdoor-Bike-Backpack-1-150x150.jpeg",150,150,true],"medium":["https:\/\/pecbag.com\/wp-content\/uploads\/2025\/05\/3-in-1-Tarpaulin-Outdoor-Bike-Backpack-1-300x300.jpeg",300,300,true],"medium_large":["https:\/\/pecbag.com\/wp-content\/uploads\/2025\/05\/3-in-1-Tarpaulin-Outdoor-Bike-Backpack-1-768x768.jpeg",768,768,true],"large":["https:\/\/pecbag.com\/wp-content\/uploads\/2025\/05\/3-in-1-Tarpaulin-Outdoor-Bike-Backpack-1-1024x1024.jpeg",800,800,true],"1536x1536":["https:\/\/pecbag.com\/wp-content\/uploads\/2025\/05\/3-in-1-Tarpaulin-Outdoor-Bike-Backpack-1.jpeg",1367,1367,false],"2048x2048":["https:\/\/pecbag.com\/wp-content\/uploads\/2025\/05\/3-in-1-Tarpaulin-Outdoor-Bike-Backpack-1.jpeg",1367,1367,false],"trp-custom-language-flag":["https:\/\/pecbag.com\/wp-content\/uploads\/2025\/05\/3-in-1-Tarpaulin-Outdoor-Bike-Backpack-1-12x12.jpeg",12,12,true],"woocommerce_thumbnail":["https:\/\/pecbag.com\/wp-content\/uploads\/2025\/05\/3-in-1-Tarpaulin-Outdoor-Bike-Backpack-1-300x300.jpeg",300,300,true],"woocommerce_single":["https:\/\/pecbag.com\/wp-content\/uploads\/2025\/05\/3-in-1-Tarpaulin-Outdoor-Bike-Backpack-1-600x600.jpeg",600,600,true],"woocommerce_gallery_thumbnail":["https:\/\/pecbag.com\/wp-content\/uploads\/2025\/05\/3-in-1-Tarpaulin-Outdoor-Bike-Backpack-1-100x100.jpeg",100,100,true]},"uagb_author_info":{"display_name":"Lawrence","author_link":"https:\/\/pecbag.com\/br\/author\/"},"uagb_comment_info":0,"uagb_excerpt":"Waterproof:\u00a0Use seamless welded technology, tarpaulin material, and roll-up design, enabling 100% waterproof. Multifunctional: It can be used as a bike pannier bag\/a commuter backpack\/shoulder bag. Shoulder straps are hidden in the backpack, which could be attached to the rear rack. Open the bottom zipper compartment, and there is a helmet mesh bag inside. Products Name&hellip;","_links":{"self":[{"href":"https:\/\/pecbag.com\/br\/wp-json\/wp\/v2\/product\/3183","targetHints":{"allow":["GET"]}}],"collection":[{"href":"https:\/\/pecbag.com\/br\/wp-json\/wp\/v2\/product"}],"about":[{"href":"https:\/\/pecbag.com\/br\/wp-json\/wp\/v2\/types\/product"}],"wp:featuredmedia":[{"embeddable":true,"href":"https:\/\/pecbag.com\/br\/wp-json\/wp\/v2\/media\/3185"}],"wp:attachment":[{"href":"https:\/\/pecbag.com\/br\/wp-json\/wp\/v2\/media?parent=3183"}],"wp:term":[{"taxonomy":"product_brand","embeddable":true,"href":"https:\/\/pecbag.com\/br\/wp-json\/wp\/v2\/product_brand?post=3183"},{"taxonomy":"product_cat","embeddable":true,"href":"https:\/\/pecbag.com\/br\/wp-json\/wp\/v2\/product_cat?post=3183"},{"taxonomy":"product_tag","embeddable":true,"href":"https:\/\/pecbag.com\/br\/wp-json\/wp\/v2\/product_tag?post=3183"}],"curies":[{"name":"wp","href":"https:\/\/api.w.org\/{rel}","templated":true}]}}