{"id":3197,"date":"2025-05-23T03:04:19","date_gmt":"2025-05-23T03:04:19","guid":{"rendered":"https:\/\/pecbag.com\/?post_type=product&#038;p=3197"},"modified":"2025-11-29T02:07:08","modified_gmt":"2025-11-29T02:07:08","slug":"pu-tear-resistant-travel-bike-storage-pack","status":"publish","type":"product","link":"https:\/\/pecbag.com\/br\/pu-tear-resistant-travel-bike-storage-pack\/","title":{"rendered":"Bolsa de armazenamento para bicicleta de viagem resistente a rasgos de PU 11L"},"content":{"rendered":"<h5 title=\"Bolsa dobr\u00e1vel para c\u00e3es Bolsa de ombro de malha respir\u00e1vel para c\u00e3es e gatos de pequeno porte\" data-immersive-translate-walked=\"1c928421-2e42-4cd3-8754-5404553c0af5\" data-immersive-translate-paragraph=\"1\" data-spm-anchor-id=\"a2700.details.0.i35.4f6757d4w4zNZA\">11L PU Tear Resistant Travel Bike Storage Pack | Waterproof Bag Factory &amp; Backpack Manufacturer | Bulk Supplier<\/h5>\n<p title=\"Bolsa dobr\u00e1vel para c\u00e3es Bolsa de ombro de malha respir\u00e1vel para c\u00e3es e gatos de pequeno porte\" data-immersive-translate-walked=\"1c928421-2e42-4cd3-8754-5404553c0af5\" data-immersive-translate-paragraph=\"1\" data-spm-anchor-id=\"a2700.details.0.i35.4f6757d4w4zNZA\">Precisa de uma bolsa de armazenamento para bicicleta de viagem de 11L em PU resistente a rasgos para aventuras dif\u00edceis? Somos uma das principais f\u00e1bricas de bolsas \u00e0 prova d'\u00e1gua e fabricantes de mochilas da China, produzindo bolsas para bicicletas resistentes que sobrevivem a estradas irregulares, ferramentas afiadas e chuvas de mon\u00e7\u00f5es!<\/p>\n<div class=\"flex flex-grow flex-col max-w-full\">\n<div class=\"min-h-[20px] text-message flex w-full flex-col items-end gap-2 whitespace-pre-wrap break-words [.text-message+&amp;]:mt-5 overflow-x-auto\" dir=\"auto\" data-message-author-role=\"assistant\" data-message-id=\"3d7d46f6-7ec2-4222-9257-48fa0bba23c6\" data-suggestions=\"true\">\n<div class=\"flex w-full flex-col gap-1 empty:hidden first:pt-[3px]\">\n<div class=\"markdown prose w-full break-words dark:prose-invert light\">\n<table width=\"288\">\n<tbody>\n<tr>\n<td width=\"137\"><span style=\"color: #333333;\">Nome dos produtos<\/span><\/td>\n<td width=\"151\"><span style=\"color: #333333;\">Bolsa para bicicleta<\/span><\/td>\n<\/tr>\n<tr>\n<td><span style=\"color: #333333;\">Item No.<\/span><\/td>\n<td><span style=\"color: #333333;\">PB-2030<\/span><\/td>\n<\/tr>\n<tr>\n<td><span style=\"color: #333333;\">Material<\/span><\/td>\n<td>PU<\/td>\n<\/tr>\n<tr>\n<td><span style=\"color: #333333;\">Tamanho<\/span><\/td>\n<td>47 X 17 X 14 CM<\/td>\n<\/tr>\n<tr>\n<td><span style=\"color: #333333;\">\u00a0Prazo de entrega<\/span><\/td>\n<td><span style=\"color: #333333;\">De 1 a 5 dias para pequenas quantidades por via a\u00e9rea e de 30 a 35 dias para grandes quantidades por via mar\u00edtima<\/span><\/td>\n<\/tr>\n<\/tbody>\n<\/table>\n<p class=\"ds-markdown-paragraph\">\u2705\u00a0<strong>Por que ser nosso parceiro?<\/strong><\/p>\n<ul>\n<li>\n<p class=\"ds-markdown-paragraph\"><strong>Pot\u00eancia \u00e0 prova de rasgos<\/strong>: Tecido revestido de PU de 18 oz + costuras com pontos triplos - constru\u00eddo para motocicletas, bicicletas ou armazenamento de equipamentos externos.<\/p>\n<\/li>\n<li>\n<p class=\"ds-markdown-paragraph\"><strong>Design inteligente 11L<\/strong>: Compacto, mas cabe capacetes, ferramentas e equipamento de chuva - al\u00e7as expans\u00edveis para sobrecarga.<\/p>\n<\/li>\n<li>\n<p class=\"ds-markdown-paragraph\"><strong>Vantagens dos pedidos em massa<\/strong>: Produza pedidos em massa de bolsas para bicicletas (MOQ 100pcs) com ODM\/OEM ou marca pr\u00f3pria em apenas 15 dias!<\/p>\n<\/li>\n<li>\n<p class=\"ds-markdown-paragraph\"><strong>Borda de custo da China<\/strong>: Como fornecedor l\u00edder de bolsas para bicicletas na China, a qualidade encontra um pre\u00e7o imbat\u00edvel.<\/p>\n<\/li>\n<\/ul>\n<p class=\"ds-markdown-paragraph\"><strong>Recursos que vendem rapidamente:<\/strong><br \/>\nZ\u00edperes YKK 100% \u00e0 prova d'\u00e1gua + aberturas de drenagem<br \/>\nPatches de seguran\u00e7a refletivos e bolsos antifurto ocultos<br \/>\nSistema de montagem universal (compat\u00edvel com todos os racks de bicicleta)<br \/>\nCertifica\u00e7\u00e3o CE\/SGS - sem colas ou odores t\u00f3xicos<\/p>\n<p class=\"ds-markdown-paragraph\"><strong>Perfeito para:<\/strong><\/p>\n<ul>\n<li>\n<p class=\"ds-markdown-paragraph\">Marcas de motocicletas e atacadistas de bolsas para bicicletas<\/p>\n<\/li>\n<li>\n<p class=\"ds-markdown-paragraph\">Fornecedores de equipamentos para atividades ao ar livre e gigantes do com\u00e9rcio eletr\u00f4nico<\/p>\n<\/li>\n<li>\n<p class=\"ds-markdown-paragraph\">Startups que desejam solu\u00e7\u00f5es de marca pr\u00f3pria para bolsas de bicicletas<\/p>\n<\/li>\n<\/ul>\n<p class=\"ds-markdown-paragraph\"><strong>Como estamos:<\/strong><br \/>\n1\ufe0f\u20e3 Envie seu logotipo\/desenho (ou use nossos mais de 100 modelos)<br \/>\n2\ufe0f\u20e3 Prot\u00f3tipo em 5 dias \u2192 aprova\u00e7\u00e3o \u2192 produ\u00e7\u00e3o em massa<br \/>\n3\ufe0f\u20e3 Envie por meio de redes de exporta\u00e7\u00e3o de bolsas para bicicletas (com suporte de DDP\/DAP)<\/p>\n<p class=\"ds-markdown-paragraph\"><strong>Pronto para estocar pacotes que duram mais do que a aventura?<\/strong><br \/>\n\ud83d\udc49\u00a0<strong>Amostras gr\u00e1tis<\/strong>\u00a0\ud83d\udc49 , dep\u00f3sito 30% \ud83d\udc49 , cota\u00e7\u00f5es 24 horas<\/p>\n<\/div>\n<\/div>\n<\/div>\n<\/div>","protected":false},"excerpt":{"rendered":"<h2 title=\"Bolsa dobr\u00e1vel para c\u00e3es Bolsa de ombro de malha respir\u00e1vel para c\u00e3es e gatos de pequeno porte\" data-immersive-translate-walked=\"1c928421-2e42-4cd3-8754-5404553c0af5\" data-immersive-translate-paragraph=\"1\" data-spm-anchor-id=\"a2700.details.0.i35.4f6757d4w4zNZA\">Bolsa de armazenamento para bicicleta de viagem resistente a rasgos de PU 11L<\/h2>\n<p><strong>1. Resistente a rasgos.<\/strong> A bolsa para selim de bicicleta feita de tecido xadrez e PU tem as caracter\u00edsticas de ser \u00e0 prova d'\u00e1gua, resistente a rasgos, forte e pode ser usada por muito tempo.<\/p>\n<p><strong>2. Simples de instalar.\u00a0<\/strong>As bolsas para bicicleta sob o assento s\u00e3o projetadas com adesivos e fivelas m\u00e1gicas, f\u00e1ceis de instalar. Voc\u00ea pode mont\u00e1-la de forma r\u00e1pida e f\u00e1cil na traseira da bicicleta.<\/p>\n<p><strong>3. Amplamente utilizado.<\/strong>\u00a0A bolsa para bicicletas tem uma ampla gama de usos. Pode ser usada para bicicletas de estrada, mountain bikes, bicicletas dobr\u00e1veis, etc. Ela pode pendurar as luzes traseiras e tem boa capacidade de carga.<\/p>","protected":false},"featured_media":3199,"template":"","meta":{"_uag_custom_page_level_css":""},"product_brand":[],"product_cat":[48],"product_tag":[],"class_list":{"0":"post-3197","1":"product","2":"type-product","3":"status-publish","4":"has-post-thumbnail","6":"product_cat-bike-bag","8":"first","9":"instock","10":"shipping-taxable","11":"product-type-simple"},"uagb_featured_image_src":{"full":["https:\/\/pecbag.com\/wp-content\/uploads\/2025\/05\/11L-PU-Tear-Resistant-Travel-Bike-Storage-Pack-6.jpeg",1601,1601,false],"thumbnail":["https:\/\/pecbag.com\/wp-content\/uploads\/2025\/05\/11L-PU-Tear-Resistant-Travel-Bike-Storage-Pack-6-150x150.jpeg",150,150,true],"medium":["https:\/\/pecbag.com\/wp-content\/uploads\/2025\/05\/11L-PU-Tear-Resistant-Travel-Bike-Storage-Pack-6-300x300.jpeg",300,300,true],"medium_large":["https:\/\/pecbag.com\/wp-content\/uploads\/2025\/05\/11L-PU-Tear-Resistant-Travel-Bike-Storage-Pack-6-768x768.jpeg",768,768,true],"large":["https:\/\/pecbag.com\/wp-content\/uploads\/2025\/05\/11L-PU-Tear-Resistant-Travel-Bike-Storage-Pack-6-1024x1024.jpeg",800,800,true],"1536x1536":["https:\/\/pecbag.com\/wp-content\/uploads\/2025\/05\/11L-PU-Tear-Resistant-Travel-Bike-Storage-Pack-6-1536x1536.jpeg",1536,1536,true],"2048x2048":["https:\/\/pecbag.com\/wp-content\/uploads\/2025\/05\/11L-PU-Tear-Resistant-Travel-Bike-Storage-Pack-6.jpeg",1601,1601,false],"trp-custom-language-flag":["https:\/\/pecbag.com\/wp-content\/uploads\/2025\/05\/11L-PU-Tear-Resistant-Travel-Bike-Storage-Pack-6-12x12.jpeg",12,12,true],"woocommerce_thumbnail":["https:\/\/pecbag.com\/wp-content\/uploads\/2025\/05\/11L-PU-Tear-Resistant-Travel-Bike-Storage-Pack-6-300x300.jpeg",300,300,true],"woocommerce_single":["https:\/\/pecbag.com\/wp-content\/uploads\/2025\/05\/11L-PU-Tear-Resistant-Travel-Bike-Storage-Pack-6-600x600.jpeg",600,600,true],"woocommerce_gallery_thumbnail":["https:\/\/pecbag.com\/wp-content\/uploads\/2025\/05\/11L-PU-Tear-Resistant-Travel-Bike-Storage-Pack-6-100x100.jpeg",100,100,true]},"uagb_author_info":{"display_name":"Lawrence","author_link":"https:\/\/pecbag.com\/br\/author\/"},"uagb_comment_info":0,"uagb_excerpt":"11L PU Tear Resistant Travel Bike Storage Pack 1. Tear Resistant. The bicycle saddle bag made of plaid fabric and PU has the characteristics of being waterproof, tear-resistant, strong, and can be used for a long time. 2. Simple to install.\u00a0The bike bags under the seat are designed with magic stickers and buckles, easy to&hellip;","_links":{"self":[{"href":"https:\/\/pecbag.com\/br\/wp-json\/wp\/v2\/product\/3197","targetHints":{"allow":["GET"]}}],"collection":[{"href":"https:\/\/pecbag.com\/br\/wp-json\/wp\/v2\/product"}],"about":[{"href":"https:\/\/pecbag.com\/br\/wp-json\/wp\/v2\/types\/product"}],"wp:featuredmedia":[{"embeddable":true,"href":"https:\/\/pecbag.com\/br\/wp-json\/wp\/v2\/media\/3199"}],"wp:attachment":[{"href":"https:\/\/pecbag.com\/br\/wp-json\/wp\/v2\/media?parent=3197"}],"wp:term":[{"taxonomy":"product_brand","embeddable":true,"href":"https:\/\/pecbag.com\/br\/wp-json\/wp\/v2\/product_brand?post=3197"},{"taxonomy":"product_cat","embeddable":true,"href":"https:\/\/pecbag.com\/br\/wp-json\/wp\/v2\/product_cat?post=3197"},{"taxonomy":"product_tag","embeddable":true,"href":"https:\/\/pecbag.com\/br\/wp-json\/wp\/v2\/product_tag?post=3197"}],"curies":[{"name":"wp","href":"https:\/\/api.w.org\/{rel}","templated":true}]}}