{"id":3204,"date":"2025-05-23T06:23:26","date_gmt":"2025-05-23T06:23:26","guid":{"rendered":"https:\/\/pecbag.com\/?post_type=product&#038;p=3204"},"modified":"2025-11-29T02:07:00","modified_gmt":"2025-11-29T02:07:00","slug":"bike-under-seat-pack","status":"publish","type":"product","link":"https:\/\/pecbag.com\/br\/bike-under-seat-pack\/","title":{"rendered":"Bolsa sob o assento da bicicleta com garrafa de \u00e1gua"},"content":{"rendered":"<h5 title=\"Bolsa dobr\u00e1vel para c\u00e3es Bolsa de ombro de malha respir\u00e1vel para c\u00e3es e gatos de pequeno porte\" data-immersive-translate-walked=\"1c928421-2e42-4cd3-8754-5404553c0af5\" data-immersive-translate-paragraph=\"1\" data-spm-anchor-id=\"a2700.details.0.i35.4f6757d4w4zNZA\">Fabricante de mochilas para assento de bicicleta | F\u00e1brica de bolsas e mochilas \u00e0 prova d'\u00e1gua | OEM a granel<\/h5>\n<p title=\"Bolsa dobr\u00e1vel para c\u00e3es Bolsa de ombro de malha respir\u00e1vel para c\u00e3es e gatos de pequeno porte\" data-immersive-translate-walked=\"1c928421-2e42-4cd3-8754-5404553c0af5\" data-immersive-translate-paragraph=\"1\" data-spm-anchor-id=\"a2700.details.0.i35.4f6757d4w4zNZA\">Voc\u00ea precisa de uma bolsa para o assento da bicicleta que mantenha as ferramentas secas e n\u00e3o atrapalhe o passeio? Somos uma f\u00e1brica de bolsas \u00e0 prova d'\u00e1gua e fabricantes de mochilas na China, produzindo bolsas de assento elegantes e dur\u00e1veis para ciclistas, varejistas e marcas globais!<\/p>\n<div class=\"flex flex-grow flex-col max-w-full\">\n<div class=\"min-h-[20px] text-message flex w-full flex-col items-end gap-2 whitespace-pre-wrap break-words [.text-message+&amp;]:mt-5 overflow-x-auto\" dir=\"auto\" data-message-author-role=\"assistant\" data-message-id=\"3d7d46f6-7ec2-4222-9257-48fa0bba23c6\" data-suggestions=\"true\">\n<div class=\"flex w-full flex-col gap-1 empty:hidden first:pt-[3px]\">\n<div class=\"markdown prose w-full break-words dark:prose-invert light\">\n<table style=\"height: 247px;\" width=\"306\">\n<tbody>\n<tr>\n<td width=\"137\"><span style=\"color: #333333;\">Nome dos produtos<\/span><\/td>\n<td width=\"151\">Bolsa para bicicleta<\/td>\n<\/tr>\n<tr>\n<td><span style=\"color: #333333;\">Item No.<\/span><\/td>\n<td><span style=\"color: #333333;\">PB-2031<\/span><\/td>\n<\/tr>\n<tr>\n<td><span style=\"color: #333333;\">Material<\/span><\/td>\n<td>PU<\/td>\n<\/tr>\n<tr>\n<td><span style=\"color: #333333;\">Tamanho<\/span><\/td>\n<td>12 X 8 X 26 CM<\/td>\n<\/tr>\n<tr>\n<td><span style=\"color: #333333;\">\u00a0Prazo de entrega<\/span><\/td>\n<td><span style=\"color: #333333;\">De 1 a 5 dias para pequenas quantidades por via a\u00e9rea e de 30 a 35 dias para grandes quantidades por via mar\u00edtima<\/span><\/td>\n<\/tr>\n<\/tbody>\n<\/table>\n<p class=\"ds-markdown-paragraph\">\u2705\u00a0<strong>Por que nos escolher?<\/strong><\/p>\n<ul>\n<li>\n<p class=\"ds-markdown-paragraph\"><strong>100% \u00e0 prova d'\u00e1gua<\/strong>: Costuras revestidas de TPU + fechamento com tampa de enrolar - sobrevive \u00e0 chuva, lama e po\u00e7as!<\/p>\n<\/li>\n<li>\n<p class=\"ds-markdown-paragraph\"><strong>Armazenamento furtivo<\/strong>: Os designs finos de 2L-5L cabem sob qualquer assento de bicicleta (sem oscila\u00e7\u00f5es!).<\/p>\n<\/li>\n<li>\n<p class=\"ds-markdown-paragraph\"><strong>Vantagens dos pedidos em massa<\/strong>: Produza pedidos em massa de bolsas para bicicletas (MOQ 50pcs) com ODM\/OEM ou marca pr\u00f3pria em 12 dias!<\/p>\n<\/li>\n<li>\n<p class=\"ds-markdown-paragraph\"><strong>Borda de custo da China<\/strong>: Como um dos principais fornecedores de bolsas para bicicletas da China, oferecemos qualidade a pre\u00e7os de f\u00e1brica.<\/p>\n<\/li>\n<\/ul>\n<p class=\"ds-markdown-paragraph\"><strong>Caracter\u00edsticas que os ciclistas desejam:<\/strong><br \/>\nLogotipos refletivos para seguran\u00e7a noturna<br \/>\nCorreias antiderrapantes + fivelas de libera\u00e7\u00e3o r\u00e1pida<br \/>\nBolsos internos ocultos de malha (chaves\/cart\u00f5es)<br \/>\nTecidos com certifica\u00e7\u00e3o OEKO-TEX (sem odores t\u00f3xicos)<\/p>\n<p class=\"ds-markdown-paragraph\"><strong>Perfeito para:<\/strong><\/p>\n<ul>\n<li>\n<p class=\"ds-markdown-paragraph\">Lojas de bicicletas e atacadistas de bolsas para bicicletas<\/p>\n<\/li>\n<li>\n<p class=\"ds-markdown-paragraph\">Fornecedores de com\u00e9rcio eletr\u00f4nico e marcas para atividades ao ar livre<\/p>\n<\/li>\n<li>\n<p class=\"ds-markdown-paragraph\">Startups que precisam de solu\u00e7\u00f5es de marca pr\u00f3pria para bolsas de bicicleta<\/p>\n<\/li>\n<\/ul>\n<p class=\"ds-markdown-paragraph\"><strong>Como funciona:<\/strong><br \/>\n1\ufe0f\u20e3 Envie seu logotipo ou escolha entre mais de 80 designs<br \/>\n2\ufe0f\u20e3 Criamos prot\u00f3tipos \u2192 aprovamos \u2192 produzimos em massa<br \/>\n3\ufe0f\u20e3 Envie para o mundo todo por meio de redes de exporta\u00e7\u00e3o de bolsas para bicicletas<\/p>\n<p class=\"ds-markdown-paragraph\"><strong>Pronto para estocar pacotes de assentos que vendem como \u00e1gua?<\/strong><br \/>\n\ud83d\udc49\u00a0<strong>Amostras gr\u00e1tis<\/strong>\u00a0Dep\u00f3sito 20% \ud83d\udc49 Suporte 24\/7<\/p>\n<\/div>\n<\/div>\n<\/div>\n<\/div>","protected":false},"excerpt":{"rendered":"<h2 title=\"Bolsa dobr\u00e1vel para c\u00e3es Bolsa de ombro de malha respir\u00e1vel para c\u00e3es e gatos de pequeno porte\" data-immersive-translate-walked=\"1c928421-2e42-4cd3-8754-5404553c0af5\" data-immersive-translate-paragraph=\"1\" data-spm-anchor-id=\"a2700.details.0.i35.4f6757d4w4zNZA\">Bolsa sob o assento da bicicleta com garrafa de \u00e1gua<\/h2>\n<p><strong>1. SUPORTE PARA GARRAFA DE \u00c1GUA: <\/strong>Projetado para caber na maioria das garrafas de \u00e1gua, voc\u00ea pode colocar a garrafa dentro da bolsa e ajustar a faixa el\u00e1stica para prend\u00ea-la no lugar.<\/p>\n<p><strong>2. RESISTENTE \u00c0 \u00c1GUA E SEM PVC: <\/strong>A parte externa da bolsa para assento de bicicleta \u00e9 feita de fibra Oxford com um complexo tecido imperme\u00e1vel de PU e possui um z\u00edper imperme\u00e1vel, garantindo que a \u00e1gua fique fora. Al\u00e9m disso, nossa bolsa para bicicleta n\u00e3o cont\u00e9m PVC, o que a torna mais segura e confi\u00e1vel para uso a longo prazo.<\/p>\n<p><strong>3. PASSEIOS MAIS SEGUROS:<\/strong>\u00a0A bolsa de selim de bicicleta \u00e9 equipada com revestimentos refletivos nas laterais e na parte traseira, e tem um ponto de fixa\u00e7\u00e3o para uma luz de advert\u00eancia na parte traseira, reduzindo efetivamente o risco de acidentes durante a condu\u00e7\u00e3o noturna.<\/p>","protected":false},"featured_media":3206,"template":"","meta":{"_uag_custom_page_level_css":""},"product_brand":[],"product_cat":[48],"product_tag":[],"class_list":{"0":"post-3204","1":"product","2":"type-product","3":"status-publish","4":"has-post-thumbnail","6":"product_cat-bike-bag","8":"first","9":"instock","10":"shipping-taxable","11":"product-type-simple"},"uagb_featured_image_src":{"full":["https:\/\/pecbag.com\/wp-content\/uploads\/2025\/05\/Bike-Under-Seat-Pack-with-Water-Bottle-4.jpeg",1600,1600,false],"thumbnail":["https:\/\/pecbag.com\/wp-content\/uploads\/2025\/05\/Bike-Under-Seat-Pack-with-Water-Bottle-4-150x150.jpeg",150,150,true],"medium":["https:\/\/pecbag.com\/wp-content\/uploads\/2025\/05\/Bike-Under-Seat-Pack-with-Water-Bottle-4-300x300.jpeg",300,300,true],"medium_large":["https:\/\/pecbag.com\/wp-content\/uploads\/2025\/05\/Bike-Under-Seat-Pack-with-Water-Bottle-4-768x768.jpeg",768,768,true],"large":["https:\/\/pecbag.com\/wp-content\/uploads\/2025\/05\/Bike-Under-Seat-Pack-with-Water-Bottle-4-1024x1024.jpeg",800,800,true],"1536x1536":["https:\/\/pecbag.com\/wp-content\/uploads\/2025\/05\/Bike-Under-Seat-Pack-with-Water-Bottle-4-1536x1536.jpeg",1536,1536,true],"2048x2048":["https:\/\/pecbag.com\/wp-content\/uploads\/2025\/05\/Bike-Under-Seat-Pack-with-Water-Bottle-4.jpeg",1600,1600,false],"trp-custom-language-flag":["https:\/\/pecbag.com\/wp-content\/uploads\/2025\/05\/Bike-Under-Seat-Pack-with-Water-Bottle-4-12x12.jpeg",12,12,true],"woocommerce_thumbnail":["https:\/\/pecbag.com\/wp-content\/uploads\/2025\/05\/Bike-Under-Seat-Pack-with-Water-Bottle-4-300x300.jpeg",300,300,true],"woocommerce_single":["https:\/\/pecbag.com\/wp-content\/uploads\/2025\/05\/Bike-Under-Seat-Pack-with-Water-Bottle-4-600x600.jpeg",600,600,true],"woocommerce_gallery_thumbnail":["https:\/\/pecbag.com\/wp-content\/uploads\/2025\/05\/Bike-Under-Seat-Pack-with-Water-Bottle-4-100x100.jpeg",100,100,true]},"uagb_author_info":{"display_name":"Lawrence","author_link":"https:\/\/pecbag.com\/br\/author\/"},"uagb_comment_info":0,"uagb_excerpt":"Bike Under Seat Pack with Water Bottle 1. WATER BOTTLE HOLDER: Designed to fit most water bottles, you can place the bottle inside the bag and adjust the elastic band to secure it in place. 2. WATER RESISTANT &amp; PVC-FREE: The exterior of the bike seat bag is made from Oxford fiber with a complex&hellip;","_links":{"self":[{"href":"https:\/\/pecbag.com\/br\/wp-json\/wp\/v2\/product\/3204","targetHints":{"allow":["GET"]}}],"collection":[{"href":"https:\/\/pecbag.com\/br\/wp-json\/wp\/v2\/product"}],"about":[{"href":"https:\/\/pecbag.com\/br\/wp-json\/wp\/v2\/types\/product"}],"wp:featuredmedia":[{"embeddable":true,"href":"https:\/\/pecbag.com\/br\/wp-json\/wp\/v2\/media\/3206"}],"wp:attachment":[{"href":"https:\/\/pecbag.com\/br\/wp-json\/wp\/v2\/media?parent=3204"}],"wp:term":[{"taxonomy":"product_brand","embeddable":true,"href":"https:\/\/pecbag.com\/br\/wp-json\/wp\/v2\/product_brand?post=3204"},{"taxonomy":"product_cat","embeddable":true,"href":"https:\/\/pecbag.com\/br\/wp-json\/wp\/v2\/product_cat?post=3204"},{"taxonomy":"product_tag","embeddable":true,"href":"https:\/\/pecbag.com\/br\/wp-json\/wp\/v2\/product_tag?post=3204"}],"curies":[{"name":"wp","href":"https:\/\/api.w.org\/{rel}","templated":true}]}}