{"id":3221,"date":"2025-05-23T07:39:17","date_gmt":"2025-05-23T07:39:17","guid":{"rendered":"https:\/\/pecbag.com\/?post_type=product&#038;p=3221"},"modified":"2025-11-29T02:06:49","modified_gmt":"2025-11-29T02:06:49","slug":"portable-camping-bag","status":"publish","type":"product","link":"https:\/\/pecbag.com\/br\/portable-camping-bag\/","title":{"rendered":"Bolsa de acampamento port\u00e1til"},"content":{"rendered":"<h5 title=\"Bolsa dobr\u00e1vel para c\u00e3es Bolsa de ombro de malha respir\u00e1vel para c\u00e3es e gatos de pequeno porte\" data-immersive-translate-walked=\"1c928421-2e42-4cd3-8754-5404553c0af5\" data-immersive-translate-paragraph=\"1\" data-spm-anchor-id=\"a2700.details.0.i35.4f6757d4w4zNZA\">Fabricante de bolsas port\u00e1teis para acampamento | F\u00e1brica de bolsas e mochilas \u00e0 prova d'\u00e1gua | OEM a granel<\/h5>\n<div class=\"flex flex-grow flex-col max-w-full\">\n<div class=\"min-h-[20px] text-message flex w-full flex-col items-end gap-2 whitespace-pre-wrap break-words [.text-message+&amp;]:mt-5 overflow-x-auto\" dir=\"auto\" data-message-author-role=\"assistant\" data-message-id=\"3d7d46f6-7ec2-4222-9257-48fa0bba23c6\" data-suggestions=\"true\">\n<div class=\"flex w-full flex-col gap-1 empty:hidden first:pt-[3px]\">\n<div class=\"markdown prose w-full break-words dark:prose-invert light\">\n<p>Precisa de bolsas de acampamento port\u00e1teis que equilibrem design leve com durabilidade robusta? Somos uma f\u00e1brica de bolsas \u00e0 prova d'\u00e1gua e fabricantes de mochilas na China, produzindo equipamentos prontos para a aventura para marcas, varejistas e atacadistas globais!<\/p>\n<table width=\"288\">\n<tbody>\n<tr>\n<td width=\"137\"><span style=\"color: #333333;\">Nome dos produtos<\/span><\/td>\n<td width=\"151\"><span style=\"color: #333333;\">Bolsa de acampamento<\/span><\/td>\n<\/tr>\n<tr>\n<td><span style=\"color: #333333;\">Item No.<\/span><\/td>\n<td><span style=\"color: #333333;\">PB-2033<\/span><\/td>\n<\/tr>\n<tr>\n<td><span style=\"color: #333333;\">Material<\/span><\/td>\n<td>Poli\u00e9ster 600D<\/td>\n<\/tr>\n<tr>\n<td><span style=\"color: #333333;\">Tamanho<\/span><\/td>\n<td>15,3 x 7,9 x 9,4 polegadas<\/td>\n<\/tr>\n<tr>\n<td><span style=\"color: #333333;\">\u00a0Prazo de entrega<\/span><\/td>\n<td><span style=\"color: #333333;\">De 1 a 5 dias para pequenas quantidades por via a\u00e9rea e de 30 a 35 dias para grandes quantidades por via mar\u00edtima<\/span><\/td>\n<\/tr>\n<\/tbody>\n<\/table>\n<p class=\"ds-markdown-paragraph\">Necessidade\u00a0<strong>bolsas de acampamento port\u00e1teis<\/strong>\u00a0que equilibram design leve com durabilidade robusta? N\u00f3s somos um\u00a0<strong>f\u00e1brica de bolsas imperme\u00e1veis<\/strong>\u00a0e\u00a0<strong>fabricante de mochilas<\/strong>\u00a0na China, produzindo equipamentos prontos para a aventura para marcas de atividades ao ar livre, varejistas e atacadistas globais!<\/p>\n<p class=\"ds-markdown-paragraph\">\u2705\u00a0<strong>Por que nos escolher?<\/strong><\/p>\n<ul>\n<li>\n<p class=\"ds-markdown-paragraph\"><strong>Ultraport\u00e1til<\/strong>: Dobr\u00e1vel at\u00e9 o tamanho de um bolso (15x10cm!) - perfeito para caminhantes, viajantes e kits de emerg\u00eancia.<\/p>\n<\/li>\n<li>\n<p class=\"ds-markdown-paragraph\"><strong>Guerreiro \u00e0 prova d'\u00e1gua<\/strong>: Costuras laminadas em TPU + fechamento com tampa de enrolar - ria das tempestades e das travessias de rios!<\/p>\n<\/li>\n<li>\n<p class=\"ds-markdown-paragraph\"><strong>Pedidos em massa Magic<\/strong>: Produzir\u00a0<strong>Pedidos a granel de sacos de camping (MOQ 50pcs) com ODM\/OEM ou marca pr\u00f3pria em 10<\/strong> dias!<\/p>\n<\/li>\n<li>\n<p class=\"ds-markdown-paragraph\"><strong>Vantagem de custo da China<\/strong>: Como um dos principais fornecedores de bolsas de camping na China, oferecemos qualidade a pre\u00e7os diretos de f\u00e1brica.<\/p>\n<\/li>\n<\/ul>\n<p class=\"ds-markdown-paragraph\"><strong>Recursos que vendem rapidamente:<\/strong><br \/>\nCapacidade expans\u00edvel de 20L-40L (cabe sacos de dormir + equipamentos)<br \/>\nBolsos ocultos antifurto + cinta de corrente em margarida<br \/>\nAl\u00e7as de malha respir\u00e1vel + design de distribui\u00e7\u00e3o de peso<br \/>\nTecidos com certifica\u00e7\u00e3o OEKO-TEX (ecologicamente corretos, sem odores)<\/p>\n<p class=\"ds-markdown-paragraph\"><strong>Perfeito para:<\/strong><\/p>\n<ul>\n<li>\n<p class=\"ds-markdown-paragraph\">Varejistas de produtos para atividades ao ar livre e atacadistas de bolsas de camping<\/p>\n<\/li>\n<li>\n<p class=\"ds-markdown-paragraph\">Vendedores de equipamentos de sobreviv\u00eancia e lojas de com\u00e9rcio eletr\u00f4nico<\/p>\n<\/li>\n<li>\n<p class=\"ds-markdown-paragraph\">Startups que est\u00e3o criando marcas pr\u00f3prias de sacolas de camping<\/p>\n<\/li>\n<\/ul>\n<p class=\"ds-markdown-paragraph\"><strong>Como funciona:<\/strong><br \/>\n1\ufe0f\u20e3 Escolha entre mais de 150 designs ou envie seu logotipo<br \/>\n2\ufe0f\u20e3 Criamos prot\u00f3tipos \u2192 aprovamos \u2192 produzimos em massa<br \/>\n3\ufe0f\u20e3 Envie para o mundo todo por meio de redes de exporta\u00e7\u00e3o de sacolas de camping<\/p>\n<p class=\"ds-markdown-paragraph\"><strong>Pronto para levar o sucesso para todas as aventuras?<\/strong><br \/>\n\ud83d\udc49\u00a0<strong>Amostras gr\u00e1tis<\/strong>\u00a0Dep\u00f3sito de 15% \ud83d\udc49 Suporte 24\/7<\/p>\n<\/div>\n<\/div>\n<\/div>\n<\/div>","protected":false},"excerpt":{"rendered":"<h2 data-immersive-translate-walked=\"344be1c1-5052-41eb-8fcd-0dbe236a0d6b\" data-immersive-translate-paragraph=\"1\">Bolsa de acampamento port\u00e1til<\/h2>\n<p><strong>1. PROJETO DE GRANDE CAPACIDADE:\u00a0<\/strong>Dimens\u00f5es: 44 x 25 x 23 cm (C x L x A) cerca de 25 L de capacidade interna. A grande capacidade pode conter 36 latas (330 ml), o que pode atender a todas as necessidades de bebidas e alimentos de 3 a 4 pessoas que viajam ao ar livre. Agora s\u00f3 \u00e9 necess\u00e1rio uma cesta de piquenique dobr\u00e1vel para resolver todos os problemas de armazenamento ao sair, e n\u00e3o h\u00e1 necessidade de carregar v\u00e1rias bolsas e recipientes para todos os lugares.<\/p>\n<p><strong>2. PORT\u00c1TIL E DOBR\u00c1VEL:<\/strong>\u00a0A vers\u00e3o atualizada inclui suportes laterais flex\u00edveis que proporcionam mais estrutura, em vez de ceder ou desmoronar; o design da al\u00e7a acolchoada dobr\u00e1vel \u00e9 ideal para economizar espa\u00e7o e \u00e9 conveniente para o transporte; o forro de TPU \u00e0 prova d'\u00e1gua e o corpo de tecido remov\u00edvel da bolsa t\u00e9rmica da cesta de piquenique contribuem para a estanqueidade e a facilidade de limpeza. Uma cesta de tecido e um recipiente de \u00e1gua perfeitos para levar na bagagem de m\u00e3o.<\/p>","protected":false},"featured_media":3224,"template":"","meta":{"_uag_custom_page_level_css":""},"product_brand":[],"product_cat":[44,50],"product_tag":[],"class_list":{"0":"post-3221","1":"product","2":"type-product","3":"status-publish","4":"has-post-thumbnail","6":"product_cat-camping-bags","7":"product_cat-cooler-bag","9":"first","10":"instock","11":"shipping-taxable","12":"product-type-simple"},"uagb_featured_image_src":{"full":["https:\/\/pecbag.com\/wp-content\/uploads\/2025\/05\/Portable-Camping-Bag-1.jpeg",800,800,false],"thumbnail":["https:\/\/pecbag.com\/wp-content\/uploads\/2025\/05\/Portable-Camping-Bag-1-150x150.jpeg",150,150,true],"medium":["https:\/\/pecbag.com\/wp-content\/uploads\/2025\/05\/Portable-Camping-Bag-1-300x300.jpeg",300,300,true],"medium_large":["https:\/\/pecbag.com\/wp-content\/uploads\/2025\/05\/Portable-Camping-Bag-1-768x768.jpeg",768,768,true],"large":["https:\/\/pecbag.com\/wp-content\/uploads\/2025\/05\/Portable-Camping-Bag-1.jpeg",800,800,false],"1536x1536":["https:\/\/pecbag.com\/wp-content\/uploads\/2025\/05\/Portable-Camping-Bag-1.jpeg",800,800,false],"2048x2048":["https:\/\/pecbag.com\/wp-content\/uploads\/2025\/05\/Portable-Camping-Bag-1.jpeg",800,800,false],"trp-custom-language-flag":["https:\/\/pecbag.com\/wp-content\/uploads\/2025\/05\/Portable-Camping-Bag-1-12x12.jpeg",12,12,true],"woocommerce_thumbnail":["https:\/\/pecbag.com\/wp-content\/uploads\/2025\/05\/Portable-Camping-Bag-1-300x300.jpeg",300,300,true],"woocommerce_single":["https:\/\/pecbag.com\/wp-content\/uploads\/2025\/05\/Portable-Camping-Bag-1-600x600.jpeg",600,600,true],"woocommerce_gallery_thumbnail":["https:\/\/pecbag.com\/wp-content\/uploads\/2025\/05\/Portable-Camping-Bag-1-100x100.jpeg",100,100,true]},"uagb_author_info":{"display_name":"Lawrence","author_link":"https:\/\/pecbag.com\/br\/author\/"},"uagb_comment_info":0,"uagb_excerpt":"Portable Camping Bag 1.LARGE CAPACITY DESIGN:\u00a0Dimensions: 44 x 25 x 23 cm (L x W x H) about 25 L internal capacity. Large capacity can hold 36 cans (330 ml), which can meet all the beverage and food needs of 3-4 people traveling outdoors. Now only a foldable picnic basket is needed to solve all&hellip;","_links":{"self":[{"href":"https:\/\/pecbag.com\/br\/wp-json\/wp\/v2\/product\/3221","targetHints":{"allow":["GET"]}}],"collection":[{"href":"https:\/\/pecbag.com\/br\/wp-json\/wp\/v2\/product"}],"about":[{"href":"https:\/\/pecbag.com\/br\/wp-json\/wp\/v2\/types\/product"}],"wp:featuredmedia":[{"embeddable":true,"href":"https:\/\/pecbag.com\/br\/wp-json\/wp\/v2\/media\/3224"}],"wp:attachment":[{"href":"https:\/\/pecbag.com\/br\/wp-json\/wp\/v2\/media?parent=3221"}],"wp:term":[{"taxonomy":"product_brand","embeddable":true,"href":"https:\/\/pecbag.com\/br\/wp-json\/wp\/v2\/product_brand?post=3221"},{"taxonomy":"product_cat","embeddable":true,"href":"https:\/\/pecbag.com\/br\/wp-json\/wp\/v2\/product_cat?post=3221"},{"taxonomy":"product_tag","embeddable":true,"href":"https:\/\/pecbag.com\/br\/wp-json\/wp\/v2\/product_tag?post=3221"}],"curies":[{"name":"wp","href":"https:\/\/api.w.org\/{rel}","templated":true}]}}