{"id":3237,"date":"2025-05-23T09:30:10","date_gmt":"2025-05-23T09:30:10","guid":{"rendered":"https:\/\/pecbag.com\/?post_type=product&#038;p=3237"},"modified":"2025-11-29T02:06:26","modified_gmt":"2025-11-29T02:06:26","slug":"wholesale-camping-picnic-bag","status":"publish","type":"product","link":"https:\/\/pecbag.com\/br\/wholesale-camping-picnic-bag\/","title":{"rendered":"Saco de piquenique para acampamento no atacado"},"content":{"rendered":"<h5 title=\"Bolsa dobr\u00e1vel para c\u00e3es Bolsa de ombro de malha respir\u00e1vel para c\u00e3es e gatos de pequeno porte\" data-immersive-translate-walked=\"1c928421-2e42-4cd3-8754-5404553c0af5\" data-immersive-translate-paragraph=\"1\" data-spm-anchor-id=\"a2700.details.0.i35.4f6757d4w4zNZA\">Fabricante de bolsas de piquenique para acampamento por atacado | F\u00e1brica de bolsas e mochilas \u00e0 prova d'\u00e1gua | OEM a granel<\/h5>\n<div class=\"flex flex-grow flex-col max-w-full\">\n<div class=\"min-h-[20px] text-message flex w-full flex-col items-end gap-2 whitespace-pre-wrap break-words [.text-message+&amp;]:mt-5 overflow-x-auto\" dir=\"auto\" data-message-author-role=\"assistant\" data-message-id=\"3d7d46f6-7ec2-4222-9257-48fa0bba23c6\" data-suggestions=\"true\">\n<div class=\"flex w-full flex-col gap-1 empty:hidden first:pt-[3px]\">\n<div class=\"markdown prose w-full break-words dark:prose-invert light\">\n<p>Precisa de bolsas de piquenique para acampamento no atacado que combinem estilo, durabilidade e valor? Somos uma f\u00e1brica de bolsas imperme\u00e1veis e fabricantes de mochilas na China, produzindo equipamentos de piquenique de alta qualidade para marcas, varejistas e atacadistas de bolsas de camping em todo o mundo!<\/p>\n<table width=\"288\">\n<tbody>\n<tr>\n<td width=\"137\"><span style=\"color: #333333;\">Nome dos produtos<\/span><\/td>\n<td width=\"151\"><span style=\"color: #333333;\">Bolsa de acampamento<\/span><\/td>\n<\/tr>\n<tr>\n<td><span style=\"color: #333333;\">Item No.<\/span><\/td>\n<td><span style=\"color: #333333;\">PB-2035<\/span><\/td>\n<\/tr>\n<tr>\n<td><span style=\"color: #333333;\">Material<\/span><\/td>\n<td>Floco de neve<\/td>\n<\/tr>\n<tr>\n<td><span style=\"color: #333333;\">Tamanho<\/span><\/td>\n<td>12 x 8 x 16 polegadas<\/td>\n<\/tr>\n<tr>\n<td><span style=\"color: #333333;\">\u00a0Prazo de entrega<\/span><\/td>\n<td><span style=\"color: #333333;\">De 1 a 5 dias para pequenas quantidades por via a\u00e9rea e de 30 a 35 dias para grandes quantidades por via mar\u00edtima<\/span><\/td>\n<\/tr>\n<\/tbody>\n<\/table>\n<p class=\"ds-markdown-paragraph\">\u2705\u00a0<strong>Por que nos escolher?<\/strong><\/p>\n<ul>\n<li>\n<p class=\"ds-markdown-paragraph\"><strong>\u00c0 prova d'\u00e1gua e de derramamento<\/strong>: Interior revestido de TPU + costuras seladas - mant\u00e9m os alimentos secos e as bebidas geladas por mais de 24 horas!<\/p>\n<\/li>\n<li>\n<p class=\"ds-markdown-paragraph\"><strong>Benef\u00edcios do pedido em massa<\/strong>: Encomende sacos de camping em grandes quantidades (MOQ 50pcs) com op\u00e7\u00f5es ODM\/OEM ou de marca pr\u00f3pria - pronto em 12 dias!<\/p>\n<\/li>\n<li>\n<p class=\"ds-markdown-paragraph\"><strong>Dobr\u00e1vel e leve<\/strong>: Economiza espa\u00e7o de armazenamento do 60% - reduz os custos de remessa para exporta\u00e7\u00e3o de sacolas de camping!<\/p>\n<\/li>\n<li>\n<p class=\"ds-markdown-paragraph\"><strong>Vantagem de pre\u00e7o da China<\/strong>: Como fornecedor l\u00edder de bolsas de camping na China, oferecemos qualidade superior a pre\u00e7os diretos de f\u00e1brica.<\/p>\n<\/li>\n<\/ul>\n<p class=\"ds-markdown-paragraph\"><strong>Recursos que vendem rapidamente:<\/strong><br \/>\nCapacidade de 15L-30L (cabe cobertores, utens\u00edlios, garrafas)<br \/>\nAl\u00e7as de ombro remov\u00edveis + al\u00e7as refor\u00e7adas (3 modos de transporte)<br \/>\nForro de PEVA ecol\u00f3gico (certificado OEKO-TEX, sem toxinas)<br \/>\nRevestimento antimofo + superf\u00edcies f\u00e1ceis de limpar<\/p>\n<p class=\"ds-markdown-paragraph\"><strong>Perfeito para:<\/strong><\/p>\n<ul>\n<li>\n<p class=\"ds-markdown-paragraph\">Varejistas de produtos para atividades ao ar livre e vendedores de bolsas de camping<\/p>\n<\/li>\n<li>\n<p class=\"ds-markdown-paragraph\">Lojas de equipamentos para piquenique e vendedores de com\u00e9rcio eletr\u00f4nico<\/p>\n<\/li>\n<li>\n<p class=\"ds-markdown-paragraph\">Startups lan\u00e7am marcas pr\u00f3prias de sacolas de camping<\/p>\n<\/li>\n<\/ul>\n<p class=\"ds-markdown-paragraph\"><strong>Como funciona:<\/strong><br \/>\n1\ufe0f\u20e3 Escolha entre mais de 100 designs ou personalize o seu pr\u00f3prio<br \/>\n2\ufe0f\u20e3 Prot\u00f3tipo em 5 dias \u2192 aprova\u00e7\u00e3o \u2192 produ\u00e7\u00e3o em massa<br \/>\n3\ufe0f\u20e3 Envie globalmente por meio de redes de exporta\u00e7\u00e3o de sacolas de camping (DDP\/DAP dispon\u00edvel)<\/p>\n<p class=\"ds-markdown-paragraph\"><strong>Pronto para estocar sacolas de piquenique que voam das prateleiras?<\/strong><br \/>\n\ud83d\udc49\u00a0<strong>Amostras gr\u00e1tis<\/strong>\u00a0Dep\u00f3sito de 15% \ud83d\udc49 Suporte 24\/7<\/p>\n<\/div>\n<\/div>\n<\/div>\n<\/div>","protected":false},"excerpt":{"rendered":"<h2 data-immersive-translate-walked=\"344be1c1-5052-41eb-8fcd-0dbe236a0d6b\" data-immersive-translate-paragraph=\"1\">Saco de piquenique para acampamento no atacado<\/h2>\n<p><strong>1. MATERIAL DE PRIMEIRA QUALIDADE: <\/strong>Nossa mochila \u00e9 feita de tecido 600D de alta densidade, que \u00e9 resistente a rasgos e \u00e0 \u00e1gua. Para tornar o z\u00edper suave e dur\u00e1vel, a mochila \u00e9 equipada com um z\u00edper SBS.<\/p>\n<p><strong>2. COMPARTIMENTO ISOLADO:<\/strong> O forro da mochila \u00e9 feito de filme de alum\u00ednio, cujo efeito de isolamento \u00e9 melhor do que o forro de PEVA. \u00c9 bom manter os alimentos frescos, frios ou quentes por um longo tempo. O suporte para vinho remov\u00edvel tamb\u00e9m tem um revestimento de alum\u00ednio isolante.<\/p>\n<p><strong>3. COBERTOR DE L\u00c3:<\/strong>\u00a0O cobertor de l\u00e3 mede 47 x 59 polegadas com base de PE \u00e0 prova d'\u00e1gua. Ele pode ser facilmente armazenado na lateral da mochila ou carregado com a al\u00e7a.<\/p>","protected":false},"featured_media":3243,"template":"","meta":{"_uag_custom_page_level_css":""},"product_brand":[],"product_cat":[44,60,50],"product_tag":[],"class_list":{"0":"post-3237","1":"product","2":"type-product","3":"status-publish","4":"has-post-thumbnail","6":"product_cat-camping-bags","7":"product_cat-backpack","8":"product_cat-cooler-bag","10":"first","11":"instock","12":"shipping-taxable","13":"product-type-simple"},"uagb_featured_image_src":{"full":["https:\/\/pecbag.com\/wp-content\/uploads\/2025\/05\/Wholesale-Camping-Picnic-Bag-6.jpeg",800,800,false],"thumbnail":["https:\/\/pecbag.com\/wp-content\/uploads\/2025\/05\/Wholesale-Camping-Picnic-Bag-6-150x150.jpeg",150,150,true],"medium":["https:\/\/pecbag.com\/wp-content\/uploads\/2025\/05\/Wholesale-Camping-Picnic-Bag-6-300x300.jpeg",300,300,true],"medium_large":["https:\/\/pecbag.com\/wp-content\/uploads\/2025\/05\/Wholesale-Camping-Picnic-Bag-6-768x768.jpeg",768,768,true],"large":["https:\/\/pecbag.com\/wp-content\/uploads\/2025\/05\/Wholesale-Camping-Picnic-Bag-6.jpeg",800,800,false],"1536x1536":["https:\/\/pecbag.com\/wp-content\/uploads\/2025\/05\/Wholesale-Camping-Picnic-Bag-6.jpeg",800,800,false],"2048x2048":["https:\/\/pecbag.com\/wp-content\/uploads\/2025\/05\/Wholesale-Camping-Picnic-Bag-6.jpeg",800,800,false],"trp-custom-language-flag":["https:\/\/pecbag.com\/wp-content\/uploads\/2025\/05\/Wholesale-Camping-Picnic-Bag-6-12x12.jpeg",12,12,true],"woocommerce_thumbnail":["https:\/\/pecbag.com\/wp-content\/uploads\/2025\/05\/Wholesale-Camping-Picnic-Bag-6-300x300.jpeg",300,300,true],"woocommerce_single":["https:\/\/pecbag.com\/wp-content\/uploads\/2025\/05\/Wholesale-Camping-Picnic-Bag-6-600x600.jpeg",600,600,true],"woocommerce_gallery_thumbnail":["https:\/\/pecbag.com\/wp-content\/uploads\/2025\/05\/Wholesale-Camping-Picnic-Bag-6-100x100.jpeg",100,100,true]},"uagb_author_info":{"display_name":"Lawrence","author_link":"https:\/\/pecbag.com\/br\/author\/"},"uagb_comment_info":0,"uagb_excerpt":"Wholesale Camping Picnic Bag 1. PREMIUM MATERIAL: Our backpack is made from high-density 600D fabric, which is tear-resistant and water-resistant. To make the zipper smooth and durable, the backpack is equipped with an SBS zipper. 2. INSULATED COMPARTMENT: The lining of the backpack is made of aluminum film, whose insulation effect is better than PEVA&hellip;","_links":{"self":[{"href":"https:\/\/pecbag.com\/br\/wp-json\/wp\/v2\/product\/3237","targetHints":{"allow":["GET"]}}],"collection":[{"href":"https:\/\/pecbag.com\/br\/wp-json\/wp\/v2\/product"}],"about":[{"href":"https:\/\/pecbag.com\/br\/wp-json\/wp\/v2\/types\/product"}],"wp:featuredmedia":[{"embeddable":true,"href":"https:\/\/pecbag.com\/br\/wp-json\/wp\/v2\/media\/3243"}],"wp:attachment":[{"href":"https:\/\/pecbag.com\/br\/wp-json\/wp\/v2\/media?parent=3237"}],"wp:term":[{"taxonomy":"product_brand","embeddable":true,"href":"https:\/\/pecbag.com\/br\/wp-json\/wp\/v2\/product_brand?post=3237"},{"taxonomy":"product_cat","embeddable":true,"href":"https:\/\/pecbag.com\/br\/wp-json\/wp\/v2\/product_cat?post=3237"},{"taxonomy":"product_tag","embeddable":true,"href":"https:\/\/pecbag.com\/br\/wp-json\/wp\/v2\/product_tag?post=3237"}],"curies":[{"name":"wp","href":"https:\/\/api.w.org\/{rel}","templated":true}]}}