{"id":3244,"date":"2025-05-26T01:22:57","date_gmt":"2025-05-26T01:22:57","guid":{"rendered":"https:\/\/pecbag.com\/?post_type=product&#038;p=3244"},"modified":"2025-11-29T02:06:16","modified_gmt":"2025-11-29T02:06:16","slug":"large-soft-sided-cooling-bag","status":"publish","type":"product","link":"https:\/\/pecbag.com\/br\/large-soft-sided-cooling-bag\/","title":{"rendered":"Bolsa de resfriamento grande e macia"},"content":{"rendered":"<h5 title=\"Bolsa dobr\u00e1vel para c\u00e3es Bolsa de ombro de malha respir\u00e1vel para c\u00e3es e gatos de pequeno porte\" data-immersive-translate-walked=\"1c928421-2e42-4cd3-8754-5404553c0af5\" data-immersive-translate-paragraph=\"1\" data-spm-anchor-id=\"a2700.details.0.i35.4f6757d4w4zNZA\">Fabricante de bolsas de resfriamento grandes com laterais macias | F\u00e1brica de bolsas e mochilas \u00e0 prova d'\u00e1gua | OEM a granel<\/h5>\n<div class=\"flex flex-grow flex-col max-w-full\">\n<div class=\"min-h-[20px] text-message flex w-full flex-col items-end gap-2 whitespace-pre-wrap break-words [.text-message+&amp;]:mt-5 overflow-x-auto\" dir=\"auto\" data-message-author-role=\"assistant\" data-message-id=\"3d7d46f6-7ec2-4222-9257-48fa0bba23c6\" data-suggestions=\"true\">\n<div class=\"flex w-full flex-col gap-1 empty:hidden first:pt-[3px]\">\n<div class=\"markdown prose w-full break-words dark:prose-invert light\">\n<p>Precisa de grandes bolsas de resfriamento com laterais macias que mantenham os produtos refrigerados por dias? Somos uma f\u00e1brica de sacos imperme\u00e1veis e fabricantes de mochilas na China, produzindo solu\u00e7\u00f5es de resfriamento para servi\u00e7os pesados de entrega de alimentos, empresas farmac\u00eauticas e atacadistas de sacos de resfriamento em todo o mundo!<\/p>\n<table width=\"288\">\n<tbody>\n<tr>\n<td width=\"137\"><span style=\"color: #333333;\">Nome dos produtos<\/span><\/td>\n<td width=\"151\"><span style=\"color: #333333;\">Bolsa de resfriamento<\/span><\/td>\n<\/tr>\n<tr>\n<td><span style=\"color: #333333;\">Item No.<\/span><\/td>\n<td><span style=\"color: #333333;\">PB-2036<\/span><\/td>\n<\/tr>\n<tr>\n<td><span style=\"color: #333333;\">Material<\/span><\/td>\n<td>Poli\u00e9ster 600D<\/td>\n<\/tr>\n<tr>\n<td><span style=\"color: #333333;\">\u00a0Tamanho e cor<\/span><\/td>\n<td>40 x 30 x 30 cm<\/td>\n<\/tr>\n<tr>\n<td><span style=\"color: #333333;\">\u00a0Prazo de entrega<\/span><\/td>\n<td><span style=\"color: #333333;\">De 1 a 5 dias para pequenas quantidades por via a\u00e9rea e de 30 a 35 dias para grandes quantidades por via mar\u00edtima<\/span><\/td>\n<\/tr>\n<\/tbody>\n<\/table>\n<p class=\"ds-markdown-paragraph\">\u2705\u00a0<strong>Por que ser nosso parceiro?<\/strong><\/p>\n<ul>\n<li>\n<p class=\"ds-markdown-paragraph\"><strong>Resfriamento de 72 horas<\/strong>: Isolamento ecol\u00f3gico de 4 cm + forro refletor de calor - perfeito para vacinas, frutos do mar ou prepara\u00e7\u00e3o de refei\u00e7\u00f5es!<\/p>\n<\/li>\n<li>\n<p class=\"ds-markdown-paragraph\"><strong>Macio e espa\u00e7oso<\/strong>: Capacidades de 50L a 100L - cabe caixas, garrafas ou itens irregulares sem abaulamento.<\/p>\n<\/li>\n<li>\n<p class=\"ds-markdown-paragraph\"><strong>Vantagens dos pedidos em massa<\/strong>: Produza pedidos em massa de sacos de resfriamento (MOQ 50pcs) com ODM\/OEM ou marca pr\u00f3pria em 15 dias!<\/p>\n<\/li>\n<li>\n<p class=\"ds-markdown-paragraph\"><strong>Borda de custo da China<\/strong>: Como um dos principais fornecedores de bolsas de resfriamento da China, combinamos qualidade com pre\u00e7os imbat\u00edveis.<\/p>\n<\/li>\n<\/ul>\n<p class=\"ds-markdown-paragraph\"><strong>Recursos que vendem:<\/strong><br \/>\n100% costuras de TPU \u00e0 prova d'\u00e1gua + interiores de PEVA resistentes a mofo<br \/>\nAl\u00e7as refor\u00e7adas (capacidade para mais de 300 lbs) + al\u00e7as de ombro remov\u00edveis<br \/>\nCompartimentos personaliz\u00e1veis + bolsos com bloqueio de RFID<br \/>\nCertificado OEKO-TEX - seguro para uso aliment\u00edcio\/farmac\u00eautico<\/p>\n<p class=\"ds-markdown-paragraph\"><strong>Perfeito para:<\/strong><\/p>\n<ul>\n<li>\n<p class=\"ds-markdown-paragraph\">Fornecedores m\u00e9dicos e fornecedores de bolsas de resfriamento<\/p>\n<\/li>\n<li>\n<p class=\"ds-markdown-paragraph\">Empresas de kits de refei\u00e7\u00f5es e atacadistas de bolsas t\u00e9rmicas<\/p>\n<\/li>\n<li>\n<p class=\"ds-markdown-paragraph\">Startups que est\u00e3o criando bolsas de resfriamento de marca pr\u00f3pria Marcas de marca pr\u00f3pria<\/p>\n<\/li>\n<\/ul>\n<p class=\"ds-markdown-paragraph\"><strong>Como trabalhamos:<\/strong><br \/>\n1\ufe0f\u20e3 Escolha entre mais de 80 designs ou envie suas especifica\u00e7\u00f5es<br \/>\n2\ufe0f\u20e3 Prot\u00f3tipo em 7 dias \u2192 aprova\u00e7\u00e3o \u2192 produ\u00e7\u00e3o em massa<br \/>\n3\ufe0f\u20e3 Envie por meio de redes de exporta\u00e7\u00e3o de bolsas de resfriamento (op\u00e7\u00f5es DDP\/DAP)<\/p>\n<p class=\"ds-markdown-paragraph\"><strong>Pronto para reduzir suas margens de lucro?<\/strong><br \/>\n\ud83d\udc49\u00a0<strong>Amostras gr\u00e1tis<\/strong>\u00a0Dep\u00f3sito 20% \ud83d\udc49 Cota\u00e7\u00f5es 24h<\/p>\n<\/div>\n<\/div>\n<\/div>\n<\/div>","protected":false},"excerpt":{"rendered":"<h2 data-immersive-translate-walked=\"344be1c1-5052-41eb-8fcd-0dbe236a0d6b\" data-immersive-translate-paragraph=\"1\">Bolsa de resfriamento grande e macia<\/h2>\n<div class=\"sliderTable mt10 mb10 sliderTable-index0\">\n<div class=\"inner\">Essa bolsa t\u00e9rmica tem um design excelente, um tamanho adequado e uma embalagem port\u00e1til f\u00e1cil de guardar. Voc\u00ea pode dobr\u00e1-la e coloc\u00e1-la em sua bagagem ou armazenar alimentos congelados enquanto faz compras. Fabricada com tecido de poli\u00e9ster 600D de alta qualidade e z\u00edperes refor\u00e7ados para garantir a m\u00e1xima durabilidade. Apresenta um forro interno Ultra Safe \u00e0 prova de vazamentos e f\u00e1cil de limpar. O forro macio e \u00e0 prova de vazamentos tamb\u00e9m \u00e9 f\u00e1cil de limpar; basta passar um pano \u00famido.<\/div>\n<\/div>","protected":false},"featured_media":3251,"template":"","meta":{"_uag_custom_page_level_css":""},"product_brand":[],"product_cat":[44,50],"product_tag":[],"class_list":{"0":"post-3244","1":"product","2":"type-product","3":"status-publish","4":"has-post-thumbnail","6":"product_cat-camping-bags","7":"product_cat-cooler-bag","9":"first","10":"instock","11":"shipping-taxable","12":"product-type-simple"},"uagb_featured_image_src":{"full":["https:\/\/pecbag.com\/wp-content\/uploads\/2025\/05\/Large-Soft-Sided-Cooling-Bag-3-1.jpeg",750,750,false],"thumbnail":["https:\/\/pecbag.com\/wp-content\/uploads\/2025\/05\/Large-Soft-Sided-Cooling-Bag-3-1-150x150.jpeg",150,150,true],"medium":["https:\/\/pecbag.com\/wp-content\/uploads\/2025\/05\/Large-Soft-Sided-Cooling-Bag-3-1-300x300.jpeg",300,300,true],"medium_large":["https:\/\/pecbag.com\/wp-content\/uploads\/2025\/05\/Large-Soft-Sided-Cooling-Bag-3-1.jpeg",750,750,false],"large":["https:\/\/pecbag.com\/wp-content\/uploads\/2025\/05\/Large-Soft-Sided-Cooling-Bag-3-1.jpeg",750,750,false],"1536x1536":["https:\/\/pecbag.com\/wp-content\/uploads\/2025\/05\/Large-Soft-Sided-Cooling-Bag-3-1.jpeg",750,750,false],"2048x2048":["https:\/\/pecbag.com\/wp-content\/uploads\/2025\/05\/Large-Soft-Sided-Cooling-Bag-3-1.jpeg",750,750,false],"trp-custom-language-flag":["https:\/\/pecbag.com\/wp-content\/uploads\/2025\/05\/Large-Soft-Sided-Cooling-Bag-3-1-12x12.jpeg",12,12,true],"woocommerce_thumbnail":["https:\/\/pecbag.com\/wp-content\/uploads\/2025\/05\/Large-Soft-Sided-Cooling-Bag-3-1-300x300.jpeg",300,300,true],"woocommerce_single":["https:\/\/pecbag.com\/wp-content\/uploads\/2025\/05\/Large-Soft-Sided-Cooling-Bag-3-1-600x600.jpeg",600,600,true],"woocommerce_gallery_thumbnail":["https:\/\/pecbag.com\/wp-content\/uploads\/2025\/05\/Large-Soft-Sided-Cooling-Bag-3-1-100x100.jpeg",100,100,true]},"uagb_author_info":{"display_name":"Lawrence","author_link":"https:\/\/pecbag.com\/br\/author\/"},"uagb_comment_info":0,"uagb_excerpt":"Large Soft Sided Cooling Bag This cooler bag is an excellent design, a suitable size, and an easy-to-store portable pack. You can fold it flat and pack it in your luggage, or store frozen food while shopping. Made with high-quality 600D polyester fabric and reinforced zippers to ensure maximum durability. Features an Ultra Safe leak-proof,&hellip;","_links":{"self":[{"href":"https:\/\/pecbag.com\/br\/wp-json\/wp\/v2\/product\/3244","targetHints":{"allow":["GET"]}}],"collection":[{"href":"https:\/\/pecbag.com\/br\/wp-json\/wp\/v2\/product"}],"about":[{"href":"https:\/\/pecbag.com\/br\/wp-json\/wp\/v2\/types\/product"}],"wp:featuredmedia":[{"embeddable":true,"href":"https:\/\/pecbag.com\/br\/wp-json\/wp\/v2\/media\/3251"}],"wp:attachment":[{"href":"https:\/\/pecbag.com\/br\/wp-json\/wp\/v2\/media?parent=3244"}],"wp:term":[{"taxonomy":"product_brand","embeddable":true,"href":"https:\/\/pecbag.com\/br\/wp-json\/wp\/v2\/product_brand?post=3244"},{"taxonomy":"product_cat","embeddable":true,"href":"https:\/\/pecbag.com\/br\/wp-json\/wp\/v2\/product_cat?post=3244"},{"taxonomy":"product_tag","embeddable":true,"href":"https:\/\/pecbag.com\/br\/wp-json\/wp\/v2\/product_tag?post=3244"}],"curies":[{"name":"wp","href":"https:\/\/api.w.org\/{rel}","templated":true}]}}