{"id":3252,"date":"2025-05-26T01:56:16","date_gmt":"2025-05-26T01:56:16","guid":{"rendered":"https:\/\/pecbag.com\/?post_type=product&#038;p=3252"},"modified":"2025-11-29T02:03:49","modified_gmt":"2025-11-29T02:03:49","slug":"durable-multifunctional-large-rolling-cooler-bag","status":"publish","type":"product","link":"https:\/\/pecbag.com\/br\/durable-multifunctional-large-rolling-cooler-bag\/","title":{"rendered":"Bolsa t\u00e9rmica grande multifuncional e dur\u00e1vel com rod\u00edzio"},"content":{"rendered":"<h5 title=\"Bolsa dobr\u00e1vel para c\u00e3es Bolsa de ombro de malha respir\u00e1vel para c\u00e3es e gatos de pequeno porte\" data-immersive-translate-walked=\"1c928421-2e42-4cd3-8754-5404553c0af5\" data-immersive-translate-paragraph=\"1\" data-spm-anchor-id=\"a2700.details.0.i35.4f6757d4w4zNZA\">Fabricante de bolsa t\u00e9rmica grande multifuncional dur\u00e1vel com rod\u00edzio | F\u00e1brica de bolsas e mochilas \u00e0 prova d'\u00e1gua | OEM a granel<\/h5>\n<div class=\"flex flex-grow flex-col max-w-full\">\n<div class=\"min-h-[20px] text-message flex w-full flex-col items-end gap-2 whitespace-pre-wrap break-words [.text-message+&amp;]:mt-5 overflow-x-auto\" dir=\"auto\" data-message-author-role=\"assistant\" data-message-id=\"3d7d46f6-7ec2-4222-9257-48fa0bba23c6\" data-suggestions=\"true\">\n<div class=\"flex w-full flex-col gap-1 empty:hidden first:pt-[3px]\">\n<div class=\"markdown prose w-full break-words dark:prose-invert light\">\n<p>Procurando por bolsas t\u00e9rmicas grandes, dur\u00e1veis e multifuncionais que suportem cargas pesadas e condi\u00e7\u00f5es adversas? Como uma das principais f\u00e1bricas de bolsas imperme\u00e1veis e fabricantes de mochilas da China, somos especializados na fabrica\u00e7\u00e3o de bolsas t\u00e9rmicas grandes com rodinhas de n\u00edvel industrial, dur\u00e1veis e multifuncionais para log\u00edstica de alimentos, fornecedores m\u00e9dicos e marcas de produtos para atividades ao ar livre em todo o mundo!<\/p>\n<table width=\"288\">\n<tbody>\n<tr>\n<td width=\"137\"><span style=\"color: #333333;\">Nome dos produtos<\/span><\/td>\n<td width=\"151\"><span style=\"color: #333333;\">Bolsa de resfriamento<\/span><\/td>\n<\/tr>\n<tr>\n<td><span style=\"color: #333333;\">Item No.<\/span><\/td>\n<td><span style=\"color: #333333;\">PB-2037<\/span><\/td>\n<\/tr>\n<tr>\n<td><span style=\"color: #333333;\">Material<\/span><\/td>\n<td>Oxford<\/td>\n<\/tr>\n<tr>\n<td><span style=\"color: #333333;\">Tamanho<\/span><\/td>\n<td>10,6\u2033 x 12,9\u2033 x 20,1\u2033<\/td>\n<\/tr>\n<tr>\n<td><span style=\"color: #333333;\">\u00a0Prazo de entrega<\/span><\/td>\n<td><span style=\"color: #333333;\">De 1 a 5 dias para pequenas quantidades por via a\u00e9rea e de 30 a 35 dias para grandes quantidades por via mar\u00edtima<\/span><\/td>\n<\/tr>\n<\/tbody>\n<\/table>\n<p class=\"ds-markdown-paragraph\">\u2705\u00a0<strong>Por que escolher nossas bolsas t\u00e9rmicas grandes multifuncionais e dur\u00e1veis com rod\u00edzio?<\/strong><\/p>\n<ul>\n<li>\n<p class=\"ds-markdown-paragraph\"><strong>Constru\u00eddo para durar<\/strong>: Poli\u00e9ster 1680D + cantos refor\u00e7ados - suporta mais de 200 libras, perfeito para pedidos de sacos de resfriamento a granel!<\/p>\n<\/li>\n<li>\n<p class=\"ds-markdown-paragraph\"><strong>Design completo<\/strong>: Rodas de 360\u00b0 + al\u00e7a telesc\u00f3pica + divis\u00f3rias remov\u00edveis - transita do armaz\u00e9m para o caminh\u00e3o em segundos.<\/p>\n<\/li>\n<li>\n<p class=\"ds-markdown-paragraph\"><strong>Resfriamento de 72 horas<\/strong>: Isolamento ecol\u00f3gico de 5 cm + forro refletivo - mant\u00e9m produtos farmac\u00eauticos, frutos do mar ou bebidas gelados.<\/p>\n<\/li>\n<li>\n<p class=\"ds-markdown-paragraph\"><strong>Pronto para personaliza\u00e7\u00e3o<\/strong>: Adicione logotipos, cores ou compartimentos por meio da bolsa de resfriamento ODM\/OEM ou marca pr\u00f3pria.<\/p>\n<\/li>\n<\/ul>\n<p class=\"ds-markdown-paragraph\"><strong>Recursos que dominam os mercados:<\/strong><br \/>\n100% costuras de TPU \u00e0 prova d'\u00e1gua + interiores de PEVA antimofo (em conformidade com a FDA)<br \/>\nZ\u00edperes YKK com trava + bolsos de seguran\u00e7a com bloqueio de RFID<br \/>\nCapacidade expans\u00edvel de 80L-150L - cabe em paletes ou cargas irregulares<br \/>\nCertifica\u00e7\u00e3o CE\/SGS - seguro para exporta\u00e7\u00e3o global de bolsas de resfriamento<\/p>\n<p class=\"ds-markdown-paragraph\"><strong>Perfeito para:<\/strong><\/p>\n<ul>\n<li>\n<p class=\"ds-markdown-paragraph\">Distribuidores farmac\u00eauticos e fornecedores de bolsas de resfriamento<\/p>\n<\/li>\n<li>\n<p class=\"ds-markdown-paragraph\">Redes de supermercados e atacadistas de sacos de resfriamento<\/p>\n<\/li>\n<li>\n<p class=\"ds-markdown-paragraph\">Startups que est\u00e3o criando marcas pr\u00f3prias de sacolas t\u00e9rmicas<\/p>\n<\/li>\n<\/ul>\n<p class=\"ds-markdown-paragraph\"><strong>Como entregamos suas bolsas t\u00e9rmicas grandes, dur\u00e1veis e multifuncionais com rod\u00edzio:<\/strong><br \/>\n1\ufe0f\u20e3 Envie especifica\u00e7\u00f5es ou escolha entre mais de 50 designs para servi\u00e7os pesados<br \/>\n2\ufe0f\u20e3 Prot\u00f3tipo em 10 dias \u2192 aprova\u00e7\u00e3o \u2192 produ\u00e7\u00e3o em massa<br \/>\n3\ufe0f\u20e3 Transporte via redes de exporta\u00e7\u00e3o de bolsas de resfriamento (a\u00e9reo\/mar\u00edtimo\/ferrovi\u00e1rio)<\/p>\n<p class=\"ds-markdown-paragraph\"><strong>Por que somos o seu principal fornecedor de bolsas t\u00e9rmicas na China:<\/strong><br \/>\n15 anos de experi\u00eancia como fabricante de bolsas de resfriamento<br \/>\n30% custos mais baixos do que os das f\u00e1bricas dos EUA\/UE<br \/>\nSuporte bil\u00edngue 24 horas por dia, 7 dias por semana<\/p>\n<p class=\"ds-markdown-paragraph\"><strong>Pronto para obter lucros?<\/strong><br \/>\n\ud83d\udc49\u00a0<strong>Amostras gr\u00e1tis<\/strong>\u00a0\ud83d\udc49 Dep\u00f3sito de 25% \ud83d\udc49 Cota\u00e7\u00f5es em 48h<\/p>\n<\/div>\n<\/div>\n<\/div>\n<\/div>","protected":false},"excerpt":{"rendered":"<h2 data-immersive-translate-walked=\"344be1c1-5052-41eb-8fcd-0dbe236a0d6b\" data-immersive-translate-paragraph=\"1\">Bolsa t\u00e9rmica grande multifuncional e dur\u00e1vel com rod\u00edzio<\/h2>\n<div class=\"sliderTable mt10 mb10 sliderTable-index0\">\n<div class=\"inner\">\n<div>\u00c0 prova de vazamentos e com isolamento t\u00e9rmico: O refrigerador macio com rodas no interior apresenta EVA de grau aliment\u00edcio com prensagem a quente sem emendas para garantir a estanqueidade do 100%. O material de isolamento de alta densidade com 4 camadas e o forro \u00e0 prova d'\u00e1gua e de vazamentos trabalham juntos para manter o conte\u00fado quente\/frio por muito tempo.<\/div>\n<\/div>\n<\/div>","protected":false},"featured_media":3259,"template":"","meta":{"_uag_custom_page_level_css":""},"product_brand":[],"product_cat":[44,50],"product_tag":[],"class_list":{"0":"post-3252","1":"product","2":"type-product","3":"status-publish","4":"has-post-thumbnail","6":"product_cat-camping-bags","7":"product_cat-cooler-bag","9":"first","10":"instock","11":"shipping-taxable","12":"product-type-simple"},"uagb_featured_image_src":{"full":["https:\/\/pecbag.com\/wp-content\/uploads\/2025\/05\/COOLER2.jpg",679,717,false],"thumbnail":["https:\/\/pecbag.com\/wp-content\/uploads\/2025\/05\/COOLER2-150x150.jpg",150,150,true],"medium":["https:\/\/pecbag.com\/wp-content\/uploads\/2025\/05\/COOLER2-284x300.jpg",284,300,true],"medium_large":["https:\/\/pecbag.com\/wp-content\/uploads\/2025\/05\/COOLER2.jpg",679,717,false],"large":["https:\/\/pecbag.com\/wp-content\/uploads\/2025\/05\/COOLER2.jpg",679,717,false],"1536x1536":["https:\/\/pecbag.com\/wp-content\/uploads\/2025\/05\/COOLER2.jpg",679,717,false],"2048x2048":["https:\/\/pecbag.com\/wp-content\/uploads\/2025\/05\/COOLER2.jpg",679,717,false],"trp-custom-language-flag":["https:\/\/pecbag.com\/wp-content\/uploads\/2025\/05\/COOLER2-11x12.jpg",11,12,true],"woocommerce_thumbnail":["https:\/\/pecbag.com\/wp-content\/uploads\/2025\/05\/COOLER2-300x300.jpg",300,300,true],"woocommerce_single":["https:\/\/pecbag.com\/wp-content\/uploads\/2025\/05\/COOLER2-600x634.jpg",600,634,true],"woocommerce_gallery_thumbnail":["https:\/\/pecbag.com\/wp-content\/uploads\/2025\/05\/COOLER2-100x100.jpg",100,100,true]},"uagb_author_info":{"display_name":"Lawrence","author_link":"https:\/\/pecbag.com\/br\/author\/"},"uagb_comment_info":0,"uagb_excerpt":"Durable Multifunctional Large Rolling Cooler Bag Leakproof and Insulated: The soft cooler on wheels inside features food-grade EVA with seamless hot pressing to make sure 100% leak-proof. 4-layer high-density insulation material and waterproof, leakproof liner work together to keep the contents long-lasting warm\/cold.","_links":{"self":[{"href":"https:\/\/pecbag.com\/br\/wp-json\/wp\/v2\/product\/3252","targetHints":{"allow":["GET"]}}],"collection":[{"href":"https:\/\/pecbag.com\/br\/wp-json\/wp\/v2\/product"}],"about":[{"href":"https:\/\/pecbag.com\/br\/wp-json\/wp\/v2\/types\/product"}],"wp:featuredmedia":[{"embeddable":true,"href":"https:\/\/pecbag.com\/br\/wp-json\/wp\/v2\/media\/3259"}],"wp:attachment":[{"href":"https:\/\/pecbag.com\/br\/wp-json\/wp\/v2\/media?parent=3252"}],"wp:term":[{"taxonomy":"product_brand","embeddable":true,"href":"https:\/\/pecbag.com\/br\/wp-json\/wp\/v2\/product_brand?post=3252"},{"taxonomy":"product_cat","embeddable":true,"href":"https:\/\/pecbag.com\/br\/wp-json\/wp\/v2\/product_cat?post=3252"},{"taxonomy":"product_tag","embeddable":true,"href":"https:\/\/pecbag.com\/br\/wp-json\/wp\/v2\/product_tag?post=3252"}],"curies":[{"name":"wp","href":"https:\/\/api.w.org\/{rel}","templated":true}]}}