{"id":3262,"date":"2025-05-26T02:34:02","date_gmt":"2025-05-26T02:34:02","guid":{"rendered":"https:\/\/pecbag.com\/?post_type=product&#038;p=3262"},"modified":"2025-11-29T02:03:47","modified_gmt":"2025-11-29T02:03:47","slug":"waterproof-camping-cooler-lunch-bag","status":"publish","type":"product","link":"https:\/\/pecbag.com\/br\/waterproof-camping-cooler-lunch-bag\/","title":{"rendered":"Bolsa t\u00e9rmica para acampamento \u00e0 prova d'\u00e1gua para lanche"},"content":{"rendered":"<h5 title=\"Bolsa dobr\u00e1vel para c\u00e3es Bolsa de ombro de malha respir\u00e1vel para c\u00e3es e gatos de pequeno porte\" data-immersive-translate-walked=\"1c928421-2e42-4cd3-8754-5404553c0af5\" data-immersive-translate-paragraph=\"1\" data-spm-anchor-id=\"a2700.details.0.i35.4f6757d4w4zNZA\">Fabricante de sacola t\u00e9rmica para acampamento \u00e0 prova d'\u00e1gua | F\u00e1brica de sacolas e mochilas \u00e0 prova d'\u00e1gua | OEM a granel<\/h5>\n<div class=\"flex flex-grow flex-col max-w-full\">\n<div class=\"min-h-[20px] text-message flex w-full flex-col items-end gap-2 whitespace-pre-wrap break-words [.text-message+&amp;]:mt-5 overflow-x-auto\" dir=\"auto\" data-message-author-role=\"assistant\" data-message-id=\"3d7d46f6-7ec2-4222-9257-48fa0bba23c6\" data-suggestions=\"true\">\n<div class=\"flex w-full flex-col gap-1 empty:hidden first:pt-[3px]\">\n<div class=\"markdown prose w-full break-words dark:prose-invert light\">\n<p>Procurando por lancheiras t\u00e9rmicas para acampamento \u00e0 prova d'\u00e1gua que mantenham as refei\u00e7\u00f5es frescas e as aventuras secas? Como uma das principais f\u00e1bricas de bolsas \u00e0 prova d'\u00e1gua e fabricantes de mochilas da China, somos especializados na fabrica\u00e7\u00e3o de bolsas de almo\u00e7o t\u00e9rmicas para acampamento \u00e0 prova d'\u00e1gua projetadas para entusiastas de atividades ao ar livre, servi\u00e7os de prepara\u00e7\u00e3o de refei\u00e7\u00f5es e atacadistas de bolsas t\u00e9rmicas em todo o mundo!<\/p>\n<table width=\"288\">\n<tbody>\n<tr>\n<td width=\"137\"><span style=\"color: #333333;\">Nome dos produtos<\/span><\/td>\n<td width=\"151\"><span style=\"color: #333333;\">Bolsa de resfriamento<\/span><\/td>\n<\/tr>\n<tr>\n<td><span style=\"color: #333333;\">Item No.<\/span><\/td>\n<td><span style=\"color: #333333;\">PB-2038<\/span><\/td>\n<\/tr>\n<tr>\n<td><span style=\"color: #333333;\">Material<\/span><\/td>\n<td>Poli\u00e9ster 600D<\/td>\n<\/tr>\n<tr>\n<td><span style=\"color: #333333;\">Tamanho<\/span><\/td>\n<td>19,3 \"x13,7 \"x7,1\u2033 (A x L x L)<\/td>\n<\/tr>\n<tr>\n<td><span style=\"color: #333333;\">\u00a0Prazo de entrega<\/span><\/td>\n<td><span style=\"color: #333333;\">De 1 a 5 dias para pequenas quantidades por via a\u00e9rea e de 30 a 35 dias para grandes quantidades por via mar\u00edtima<\/span><\/td>\n<\/tr>\n<\/tbody>\n<\/table>\n<p class=\"ds-markdown-paragraph\">\u2705\u00a0<strong>Por que nossas sacolas t\u00e9rmicas para acampamento \u00e0 prova d'\u00e1gua ganham mercados:<\/strong><\/p>\n<ul>\n<li>\n<p class=\"ds-markdown-paragraph\"><strong>Frescor 24 horas por dia, 7 dias por semana<\/strong>: Isolamento ecol\u00f3gico de 3 cm + forro imperme\u00e1vel 100% - mant\u00e9m os alimentos refrigerados por mais de 12 horas, mesmo na chuva!<\/p>\n<\/li>\n<li>\n<p class=\"ds-markdown-paragraph\"><strong>Compacto e resistente<\/strong>: Tamanhos de 10L-20L com al\u00e7as refor\u00e7adas - perfeitos para caminhadas, viagens \u00e0 praia ou deslocamentos di\u00e1rios.<\/p>\n<\/li>\n<li>\n<p class=\"ds-markdown-paragraph\"><strong>Pronto para pedidos em massa<\/strong>: Produza pedidos a granel de sacos de resfriamento com sacos de resfriamento ODM\/OEM ou marca pr\u00f3pria em 10 dias!<\/p>\n<\/li>\n<li>\n<p class=\"ds-markdown-paragraph\"><strong>Vantagem de custo da China<\/strong>: Como um fornecedor confi\u00e1vel de bolsas de resfriamento na China, oferecemos qualidade premium a pre\u00e7os de f\u00e1brica.<\/p>\n<\/li>\n<\/ul>\n<p class=\"ds-markdown-paragraph\"><strong>Recursos que os clientes adoram:<\/strong><br \/>\nCosturas de TPU \u00e0 prova de vazamentos + interiores de PEVA de f\u00e1cil limpeza (em conformidade com a FDA)<br \/>\nAl\u00e7as de ombro remov\u00edveis + bolsos ocultos para utens\u00edlios<br \/>\nLogotipos refletivos para seguran\u00e7a + slots de seguran\u00e7a com bloqueio de RFID<br \/>\nCertificado OEKO-TEX - seguro para armazenamento de alimentos<\/p>\n<p class=\"ds-markdown-paragraph\"><strong>Perfeito para:<\/strong><\/p>\n<ul>\n<li>\n<p class=\"ds-markdown-paragraph\">Lojas de camping e vendedores de bolsas t\u00e9rmicas<\/p>\n<\/li>\n<li>\n<p class=\"ds-markdown-paragraph\">Startups de entrega de refei\u00e7\u00f5es e atacadistas de bolsas t\u00e9rmicas<\/p>\n<\/li>\n<li>\n<p class=\"ds-markdown-paragraph\">As marcas est\u00e3o criando cole\u00e7\u00f5es de marcas pr\u00f3prias de bolsas refrescantes<\/p>\n<\/li>\n<\/ul>\n<p class=\"ds-markdown-paragraph\"><strong>Como fabricamos suas bolsas t\u00e9rmicas para acampamento \u00e0 prova d'\u00e1gua:<\/strong><br \/>\n1\ufe0f\u20e3 Escolha entre mais de 80 designs ou personalize o seu pr\u00f3prio<br \/>\n2\ufe0f\u20e3 Prot\u00f3tipo em 5 dias \u2192 aprova\u00e7\u00e3o \u2192 produ\u00e7\u00e3o em massa<br \/>\n3\ufe0f\u20e3 Envie globalmente por meio de redes de exporta\u00e7\u00e3o de bolsas de resfriamento<\/p>\n<p class=\"ds-markdown-paragraph\"><strong>Por que nos escolher como seu fabricante de bolsa t\u00e9rmica na China?<\/strong><br \/>\nMais de 10 anos de experi\u00eancia como fabricante de bolsas de resfriamento<br \/>\n\u2705 30% mais barato do que os fornecedores locais<br \/>\nSuporte 24 horas por dia, 7 dias por semana, em ingl\u00eas, espanhol e \u00e1rabe<\/p>\n<p class=\"ds-markdown-paragraph\"><strong>Pronto para incluir o frescor em cada pedido?<\/strong><br \/>\n\ud83d\udc49\u00a0<strong>Amostras gr\u00e1tis<\/strong>\u00a0Dep\u00f3sito 20% \ud83d\udc49 Cota\u00e7\u00f5es 24h<\/p>\n<\/div>\n<\/div>\n<\/div>\n<\/div>","protected":false},"excerpt":{"rendered":"<h2 data-immersive-translate-walked=\"344be1c1-5052-41eb-8fcd-0dbe236a0d6b\" data-immersive-translate-paragraph=\"1\">Bolsa t\u00e9rmica para acampamento \u00e0 prova d'\u00e1gua para lanche<\/h2>\n<div class=\"sliderTable mt10 mb10 sliderTable-index0\">\n<div class=\"inner\">1. Nossa mochila t\u00e9rmica \u00e9 feita de materiais atualizados \u00e0 prova de vazamento, que funcionam de forma eficaz para manter o conte\u00fado l\u00edquido na temperatura ideal sem a preocupa\u00e7\u00e3o de vazamento.<\/div>\n<div>2. Nossa mochila t\u00e9rmica \u00e9 mais leve do que as outras. Al\u00e9m disso, \u00e9 ergon\u00f4mica e acolchoada<br \/>\nAs al\u00e7as de ombro aliviam bastante a press\u00e3o sobre os ombros, tornando a viagem mais confort\u00e1vel.<\/div>\n<\/div>","protected":false},"featured_media":3267,"template":"","meta":{"_uag_custom_page_level_css":""},"product_brand":[],"product_cat":[44,50],"product_tag":[],"class_list":{"0":"post-3262","1":"product","2":"type-product","3":"status-publish","4":"has-post-thumbnail","6":"product_cat-camping-bags","7":"product_cat-cooler-bag","9":"first","10":"instock","11":"shipping-taxable","12":"product-type-simple"},"uagb_featured_image_src":{"full":["https:\/\/pecbag.com\/wp-content\/uploads\/2025\/05\/Waterproof-Camping-Cooler-Lunch-Bag-4.jpeg",1600,1601,false],"thumbnail":["https:\/\/pecbag.com\/wp-content\/uploads\/2025\/05\/Waterproof-Camping-Cooler-Lunch-Bag-4-150x150.jpeg",150,150,true],"medium":["https:\/\/pecbag.com\/wp-content\/uploads\/2025\/05\/Waterproof-Camping-Cooler-Lunch-Bag-4-300x300.jpeg",300,300,true],"medium_large":["https:\/\/pecbag.com\/wp-content\/uploads\/2025\/05\/Waterproof-Camping-Cooler-Lunch-Bag-4-768x768.jpeg",768,768,true],"large":["https:\/\/pecbag.com\/wp-content\/uploads\/2025\/05\/Waterproof-Camping-Cooler-Lunch-Bag-4-1024x1024.jpeg",800,800,true],"1536x1536":["https:\/\/pecbag.com\/wp-content\/uploads\/2025\/05\/Waterproof-Camping-Cooler-Lunch-Bag-4-1536x1536.jpeg",1536,1536,true],"2048x2048":["https:\/\/pecbag.com\/wp-content\/uploads\/2025\/05\/Waterproof-Camping-Cooler-Lunch-Bag-4.jpeg",1600,1601,false],"trp-custom-language-flag":["https:\/\/pecbag.com\/wp-content\/uploads\/2025\/05\/Waterproof-Camping-Cooler-Lunch-Bag-4-12x12.jpeg",12,12,true],"woocommerce_thumbnail":["https:\/\/pecbag.com\/wp-content\/uploads\/2025\/05\/Waterproof-Camping-Cooler-Lunch-Bag-4-300x300.jpeg",300,300,true],"woocommerce_single":["https:\/\/pecbag.com\/wp-content\/uploads\/2025\/05\/Waterproof-Camping-Cooler-Lunch-Bag-4-600x600.jpeg",600,600,true],"woocommerce_gallery_thumbnail":["https:\/\/pecbag.com\/wp-content\/uploads\/2025\/05\/Waterproof-Camping-Cooler-Lunch-Bag-4-100x100.jpeg",100,100,true]},"uagb_author_info":{"display_name":"Lawrence","author_link":"https:\/\/pecbag.com\/br\/author\/"},"uagb_comment_info":0,"uagb_excerpt":"Waterproof Camping Cooler Lunch Bag 1. Our cooler backpack is made of upgraded leak-proof materials, which work effectively at keeping your liquid contents at their ideal temperature without worry of leaking. 2. Our cooler backpack is lighter than others. In addition, Ergonomic and padded Shoulder straps greatly relieve shoulder pressure, making the journey more comfortable.","_links":{"self":[{"href":"https:\/\/pecbag.com\/br\/wp-json\/wp\/v2\/product\/3262","targetHints":{"allow":["GET"]}}],"collection":[{"href":"https:\/\/pecbag.com\/br\/wp-json\/wp\/v2\/product"}],"about":[{"href":"https:\/\/pecbag.com\/br\/wp-json\/wp\/v2\/types\/product"}],"wp:featuredmedia":[{"embeddable":true,"href":"https:\/\/pecbag.com\/br\/wp-json\/wp\/v2\/media\/3267"}],"wp:attachment":[{"href":"https:\/\/pecbag.com\/br\/wp-json\/wp\/v2\/media?parent=3262"}],"wp:term":[{"taxonomy":"product_brand","embeddable":true,"href":"https:\/\/pecbag.com\/br\/wp-json\/wp\/v2\/product_brand?post=3262"},{"taxonomy":"product_cat","embeddable":true,"href":"https:\/\/pecbag.com\/br\/wp-json\/wp\/v2\/product_cat?post=3262"},{"taxonomy":"product_tag","embeddable":true,"href":"https:\/\/pecbag.com\/br\/wp-json\/wp\/v2\/product_tag?post=3262"}],"curies":[{"name":"wp","href":"https:\/\/api.w.org\/{rel}","templated":true}]}}