{"id":3269,"date":"2025-05-26T02:52:21","date_gmt":"2025-05-26T02:52:21","guid":{"rendered":"https:\/\/pecbag.com\/?post_type=product&#038;p=3269"},"modified":"2025-11-29T02:04:08","modified_gmt":"2025-11-29T02:04:08","slug":"compartment-outdoor-cooler-picnic-backpack","status":"publish","type":"product","link":"https:\/\/pecbag.com\/br\/compartment-outdoor-cooler-picnic-backpack\/","title":{"rendered":"Mochila para piquenique com compartimento para refrigerador externo"},"content":{"rendered":"<h5 title=\"Bolsa dobr\u00e1vel para c\u00e3es Bolsa de ombro de malha respir\u00e1vel para c\u00e3es e gatos de pequeno porte\" data-immersive-translate-walked=\"1c928421-2e42-4cd3-8754-5404553c0af5\" data-immersive-translate-paragraph=\"1\" data-spm-anchor-id=\"a2700.details.0.i35.4f6757d4w4zNZA\">Fabricante de mochilas para piquenique com compartimento para uso externo | F\u00e1brica de bolsas e mochilas \u00e0 prova d'\u00e1gua | OEM a granel<\/h5>\n<div class=\"flex flex-grow flex-col max-w-full\">\n<div class=\"min-h-[20px] text-message flex w-full flex-col items-end gap-2 whitespace-pre-wrap break-words [.text-message+&amp;]:mt-5 overflow-x-auto\" dir=\"auto\" data-message-author-role=\"assistant\" data-message-id=\"3d7d46f6-7ec2-4222-9257-48fa0bba23c6\" data-suggestions=\"true\">\n<div class=\"flex w-full flex-col gap-1 empty:hidden first:pt-[3px]\">\n<div class=\"markdown prose w-full break-words dark:prose-invert light\">\n<p>Precisa de mochilas de piquenique com compartimento para refrigerador externo que organizem os equipamentos e mantenham as bebidas geladas o dia todo? Como uma das principais f\u00e1bricas de bolsas imperme\u00e1veis e fabricantes de mochilas na China, criamos mochilas de piquenique com compartimento para refrigerador ao ar livre com solu\u00e7\u00f5es inteligentes de armazenamento para marcas de atividades ao ar livre, planejadores de eventos e atacadistas de bolsas t\u00e9rmicas em todo o mundo!<\/p>\n<table width=\"288\">\n<tbody>\n<tr>\n<td width=\"137\"><span style=\"color: #333333;\">Nome dos produtos<\/span><\/td>\n<td width=\"151\"><span style=\"color: #333333;\">Bolsa de resfriamento<\/span><\/td>\n<\/tr>\n<tr>\n<td><span style=\"color: #333333;\">Item No.<\/span><\/td>\n<td><span style=\"color: #333333;\">PB-2039<\/span><\/td>\n<\/tr>\n<tr>\n<td><span style=\"color: #333333;\">Material<\/span><\/td>\n<td>Floco de neve<\/td>\n<\/tr>\n<tr>\n<td><span style=\"color: #333333;\">\u00a0Tamanho e cor<\/span><\/td>\n<td>19*32*46 cm<\/td>\n<\/tr>\n<tr>\n<td><span style=\"color: #333333;\">\u00a0Prazo de entrega<\/span><\/td>\n<td><span style=\"color: #333333;\">De 1 a 5 dias para pequenas quantidades por via a\u00e9rea e de 30 a 35 dias para grandes quantidades por via mar\u00edtima<\/span><\/td>\n<\/tr>\n<\/tbody>\n<\/table>\n<p class=\"ds-markdown-paragraph\">\u2705\u00a0<strong>Por que nossas mochilas para piquenique com compartimento para refrigerador externo se destacam:<\/strong><\/p>\n<ul>\n<li>\n<p class=\"ds-markdown-paragraph\"><strong>Mais de 6 compartimentos dedicados<\/strong>: Separe os alimentos, as bebidas, os utens\u00edlios e os aparelhos - chega de caos no piquenique!<\/p>\n<\/li>\n<li>\n<p class=\"ds-markdown-paragraph\"><strong>Resfriamento de 48 horas<\/strong>: Isolamento ecol\u00f3gico de 4 cm + forro de TPU \u00e0 prova d'\u00e1gua - o gelo dura 2x mais do que as bolsas comuns.<\/p>\n<\/li>\n<li>\n<p class=\"ds-markdown-paragraph\"><strong>Energia para pedidos em massa<\/strong>: Produza pedidos em massa de bolsas de resfriamento (MOQ 50pcs) com bolsas de resfriamento ODM\/OEM ou marca pr\u00f3pria em 12 dias!<\/p>\n<\/li>\n<li>\n<p class=\"ds-markdown-paragraph\"><strong>Borda de custo da China<\/strong>: Como um dos principais fornecedores de bolsas de resfriamento da China, combinamos qualidade com pre\u00e7os imbat\u00edveis.<\/p>\n<\/li>\n<\/ul>\n<p class=\"ds-markdown-paragraph\"><strong>Recursos que impulsionam as vendas:<\/strong><br \/>\nCapacidade de 30L-50L + bolsos laterais expans\u00edveis (para garrafas de vinho e cobertores)<br \/>\nAl\u00e7as de ombro acolchoadas + painel traseiro respir\u00e1vel (conforto o dia todo)<br \/>\nZ\u00edperes antifurto + compartimentos para cart\u00f5es com bloqueio de RFID<br \/>\nCertificado CE\/SGS - seguro para contato com alimentos<\/p>\n<p class=\"ds-markdown-paragraph\"><strong>Perfeito para:<\/strong><\/p>\n<ul>\n<li>\n<p class=\"ds-markdown-paragraph\">Varejistas de produtos para atividades ao ar livre e vendedores de bolsas t\u00e9rmicas<\/p>\n<\/li>\n<li>\n<p class=\"ds-markdown-paragraph\">Organizadores de casamentos e atacadistas de sacolas t\u00e9rmicas<\/p>\n<\/li>\n<li>\n<p class=\"ds-markdown-paragraph\">Startups que criam marcas pr\u00f3prias de bolsas t\u00e9rmicas de marca pr\u00f3pria<\/p>\n<\/li>\n<\/ul>\n<p class=\"ds-markdown-paragraph\"><strong>Como constru\u00edmos seu compartimento para refrigerador externo Mochilas para piquenique:<\/strong><br \/>\n1\ufe0f\u20e3 Escolha entre mais de 100 designs ou personalize cada detalhe<br \/>\n2\ufe0f\u20e3 Prot\u00f3tipo em 7 dias \u2192 aprova\u00e7\u00e3o \u2192 produ\u00e7\u00e3o em massa<br \/>\n3\ufe0f\u20e3 Transporte via redes de exporta\u00e7\u00e3o de bolsas de resfriamento (a\u00e9reo\/mar\u00edtimo\/expresso)<\/p>\n<p class=\"ds-markdown-paragraph\"><strong>Por que somos o fabricante chin\u00eas de bolsas de resfriamento #1:<\/strong><br \/>\nMais de 10 anos de experi\u00eancia como fabricante de bolsas de resfriamento<br \/>\nTecnologia de isolamento 40% mais leve que a dos concorrentes<br \/>\nSuporte multil\u00edngue 24 horas por dia, 7 dias por semana (EN\/ES\/FR\/DE)<\/p>\n<p class=\"ds-markdown-paragraph\"><strong>Pronto para transformar piqueniques em lucros?<\/strong><br \/>\n\ud83d\udc49\u00a0<strong>Amostras gr\u00e1tis<\/strong>\u00a0\ud83d\udc49 Dep\u00f3sito 15% \ud83d\udc49 Cota\u00e7\u00f5es 24h<\/p>\n<\/div>\n<\/div>\n<\/div>\n<\/div>","protected":false},"excerpt":{"rendered":"<h2 data-immersive-translate-walked=\"344be1c1-5052-41eb-8fcd-0dbe236a0d6b\" data-immersive-translate-paragraph=\"1\">Mochila para piquenique com compartimento para refrigerador externo<\/h2>\n<div class=\"sliderTable mt10 mb10 sliderTable-index0\">\n<div class=\"inner\">1. Mochila com isolamento para 22 horas: A espuma de folha de isolamento espessa e o forro \u00e0 prova de vazamentos garantem um excelente desempenho de isolamento. Quer esteja acampando, na praia, fazendo piquenique, caminhando, viajando, passeando de barco, brincando ao ar livre ou trabalhando, nossa Cooler Bag pode manter suas cervejas e alimentos frescos\/quentes\/refrescantes por muito tempo<br \/>\n2. Cooler com design de grande capacidade e v\u00e1rios bolsos: O Cooler de mochila com isolamento t\u00e9rmico oferece v\u00e1rios bolsos, a bolsa principal pode armazenar at\u00e9 36 latas (32L). 2 bolsos frontais com z\u00edper para colocar seus talheres e telefones celulares, 4 bolsos laterais para guardar guarda-chuvas e bebidas, al\u00e9m de um bolso superior para f\u00e1cil armazenamento de lanches e frutas.<\/div>\n<\/div>","protected":false},"featured_media":3271,"template":"","meta":{"_uag_custom_page_level_css":""},"product_brand":[],"product_cat":[44,60,50],"product_tag":[],"class_list":{"0":"post-3269","1":"product","2":"type-product","3":"status-publish","4":"has-post-thumbnail","6":"product_cat-camping-bags","7":"product_cat-backpack","8":"product_cat-cooler-bag","10":"first","11":"instock","12":"shipping-taxable","13":"product-type-simple"},"uagb_featured_image_src":{"full":["https:\/\/pecbag.com\/wp-content\/uploads\/2025\/05\/Compartment-Outdoor-Cooler-Picnic-Backpack-1.jpeg",963,963,false],"thumbnail":["https:\/\/pecbag.com\/wp-content\/uploads\/2025\/05\/Compartment-Outdoor-Cooler-Picnic-Backpack-1-150x150.jpeg",150,150,true],"medium":["https:\/\/pecbag.com\/wp-content\/uploads\/2025\/05\/Compartment-Outdoor-Cooler-Picnic-Backpack-1-300x300.jpeg",300,300,true],"medium_large":["https:\/\/pecbag.com\/wp-content\/uploads\/2025\/05\/Compartment-Outdoor-Cooler-Picnic-Backpack-1-768x768.jpeg",768,768,true],"large":["https:\/\/pecbag.com\/wp-content\/uploads\/2025\/05\/Compartment-Outdoor-Cooler-Picnic-Backpack-1.jpeg",800,800,false],"1536x1536":["https:\/\/pecbag.com\/wp-content\/uploads\/2025\/05\/Compartment-Outdoor-Cooler-Picnic-Backpack-1.jpeg",963,963,false],"2048x2048":["https:\/\/pecbag.com\/wp-content\/uploads\/2025\/05\/Compartment-Outdoor-Cooler-Picnic-Backpack-1.jpeg",963,963,false],"trp-custom-language-flag":["https:\/\/pecbag.com\/wp-content\/uploads\/2025\/05\/Compartment-Outdoor-Cooler-Picnic-Backpack-1-12x12.jpeg",12,12,true],"woocommerce_thumbnail":["https:\/\/pecbag.com\/wp-content\/uploads\/2025\/05\/Compartment-Outdoor-Cooler-Picnic-Backpack-1-300x300.jpeg",300,300,true],"woocommerce_single":["https:\/\/pecbag.com\/wp-content\/uploads\/2025\/05\/Compartment-Outdoor-Cooler-Picnic-Backpack-1-600x600.jpeg",600,600,true],"woocommerce_gallery_thumbnail":["https:\/\/pecbag.com\/wp-content\/uploads\/2025\/05\/Compartment-Outdoor-Cooler-Picnic-Backpack-1-100x100.jpeg",100,100,true]},"uagb_author_info":{"display_name":"Lawrence","author_link":"https:\/\/pecbag.com\/br\/author\/"},"uagb_comment_info":0,"uagb_excerpt":"Compartment Outdoor Cooler Picnic Backpack 1. 22 Hours Insulated Backpack: Thickened insulation foil foam and leak-proof liner ensure excellent insulation performance. Whether you're camping, at the beach, picnicking, hiking, traveling, boating, playing outdoors, or working, our Cooler Bag can keep your beers and food cool\/hot\/fresh for a long time 2. Large Capacity &amp; Multi-Pocket Design&hellip;","_links":{"self":[{"href":"https:\/\/pecbag.com\/br\/wp-json\/wp\/v2\/product\/3269","targetHints":{"allow":["GET"]}}],"collection":[{"href":"https:\/\/pecbag.com\/br\/wp-json\/wp\/v2\/product"}],"about":[{"href":"https:\/\/pecbag.com\/br\/wp-json\/wp\/v2\/types\/product"}],"wp:featuredmedia":[{"embeddable":true,"href":"https:\/\/pecbag.com\/br\/wp-json\/wp\/v2\/media\/3271"}],"wp:attachment":[{"href":"https:\/\/pecbag.com\/br\/wp-json\/wp\/v2\/media?parent=3269"}],"wp:term":[{"taxonomy":"product_brand","embeddable":true,"href":"https:\/\/pecbag.com\/br\/wp-json\/wp\/v2\/product_brand?post=3269"},{"taxonomy":"product_cat","embeddable":true,"href":"https:\/\/pecbag.com\/br\/wp-json\/wp\/v2\/product_cat?post=3269"},{"taxonomy":"product_tag","embeddable":true,"href":"https:\/\/pecbag.com\/br\/wp-json\/wp\/v2\/product_tag?post=3269"}],"curies":[{"name":"wp","href":"https:\/\/api.w.org\/{rel}","templated":true}]}}