{"id":3275,"date":"2025-05-26T03:12:51","date_gmt":"2025-05-26T03:12:51","guid":{"rendered":"https:\/\/pecbag.com\/?post_type=product&#038;p=3275"},"modified":"2025-11-29T02:03:29","modified_gmt":"2025-11-29T02:03:29","slug":"new-design-lightweight-sports-chest-bag","status":"publish","type":"product","link":"https:\/\/pecbag.com\/br\/new-design-lightweight-sports-chest-bag\/","title":{"rendered":"Novo design de bolsa de peito esportiva leve"},"content":{"rendered":"<h5 title=\"Bolsa dobr\u00e1vel para c\u00e3es Bolsa de ombro de malha respir\u00e1vel para c\u00e3es e gatos de pequeno porte\" data-immersive-translate-walked=\"1c928421-2e42-4cd3-8754-5404553c0af5\" data-immersive-translate-paragraph=\"1\" data-spm-anchor-id=\"a2700.details.0.i35.4f6757d4w4zNZA\">Fabricante de bolsas esportivas leves e com novo design | F\u00e1brica de bolsas e mochilas \u00e0 prova d'\u00e1gua | OEM a granel<\/h5>\n<div class=\"flex flex-grow flex-col max-w-full\">\n<div class=\"min-h-[20px] text-message flex w-full flex-col items-end gap-2 whitespace-pre-wrap break-words [.text-message+&amp;]:mt-5 overflow-x-auto\" dir=\"auto\" data-message-author-role=\"assistant\" data-message-id=\"3d7d46f6-7ec2-4222-9257-48fa0bba23c6\" data-suggestions=\"true\">\n<div class=\"flex w-full flex-col gap-1 empty:hidden first:pt-[3px]\">\n<div class=\"markdown prose w-full break-words dark:prose-invert light\">\n<p>Precisa de bolsas esportivas leves e com novo design que acompanhem o estilo de vida ativo? Somos uma das principais f\u00e1bricas de bolsas \u00e0 prova d'\u00e1gua e fabricantes de mochilas da China, produzindo bolsas esportivas leves e de alto desempenho com novo design para atletas, marcas de produtos para atividades ao ar livre e atacadistas de bolsas esportivas em todo o mundo!<\/p>\n<table width=\"288\">\n<tbody>\n<tr>\n<td width=\"137\"><span style=\"color: #333333;\">Nome dos produtos<\/span><\/td>\n<td width=\"151\"><span style=\"color: #333333;\">Bolsa peitoral<\/span><\/td>\n<\/tr>\n<tr>\n<td><span style=\"color: #333333;\">Item No.<\/span><\/td>\n<td><span style=\"color: #333333;\">PB-2040<\/span><\/td>\n<\/tr>\n<tr>\n<td><span style=\"color: #333333;\">Material<\/span><\/td>\n<td>Tecido xadrez bicolor\/PU<\/td>\n<\/tr>\n<tr>\n<td><span style=\"color: #333333;\">\u00a0Tamanho e cor<\/span><\/td>\n<td><span style=\"color: #333333;\">Personalizado<\/span><\/td>\n<\/tr>\n<tr>\n<td><span style=\"color: #333333;\">\u00a0Prazo de entrega<\/span><\/td>\n<td><span style=\"color: #333333;\">De 1 a 5 dias para pequenas quantidades por via a\u00e9rea e de 30 a 35 dias para grandes quantidades por via mar\u00edtima<\/span><\/td>\n<\/tr>\n<\/tbody>\n<\/table>\n<p class=\"ds-markdown-paragraph\">\u2705\u00a0<strong>Por que nossas sacolas esportivas leves e com novo design vencem:<\/strong><\/p>\n<ul>\n<li>\n<p class=\"ds-markdown-paragraph\"><strong>Conforto ultraleve<\/strong>: Nylon ripstop 300D (apenas 0,5 kg!) - perfeito para corrida, ciclismo ou caminhada.<\/p>\n<\/li>\n<li>\n<p class=\"ds-markdown-paragraph\"><strong>Preparado para suor e chuva<\/strong>: Z\u00edperes \u00e0 prova d'\u00e1gua + parte traseira em malha respir\u00e1vel - sobrevive a treinos intensos ou chuviscos.<\/p>\n<\/li>\n<li>\n<p class=\"ds-markdown-paragraph\"><strong>Flexibilidade de pedidos em massa<\/strong>: Produzir pedidos a granel de sacos para peito (MOQ 100pcs) com saco para peito ODM\/OEM ou marca pr\u00f3pria em 10 dias!<\/p>\n<\/li>\n<li>\n<p class=\"ds-markdown-paragraph\"><strong>Vantagem de custo da China<\/strong>: Como fornecedor l\u00edder de chest bag na China, oferecemos qualidade premium a pre\u00e7os de f\u00e1brica.<\/p>\n<\/li>\n<\/ul>\n<p class=\"ds-markdown-paragraph\"><strong>Recursos que os atletas adoram:<\/strong><br \/>\nAl\u00e7as ajust\u00e1veis (adequadas para todos os tipos de corpo) + bolso para celular de acesso r\u00e1pido<br \/>\nCompartimento com bloqueio de RFID + z\u00edperes de seguran\u00e7a ocultos<br \/>\nLogotipos refletivos para seguran\u00e7a noturna<br \/>\nCertificado OEKO-TEX - n\u00e3o agride a pele e n\u00e3o tem odor<\/p>\n<p class=\"ds-markdown-paragraph\"><strong>Perfeito para:<\/strong><\/p>\n<ul>\n<li>\n<p class=\"ds-markdown-paragraph\">Varejistas de esportes e vendedores de bolsas de peito<\/p>\n<\/li>\n<li>\n<p class=\"ds-markdown-paragraph\">Atacadistas de correntes de gin\u00e1stica e bolsas peitorais<\/p>\n<\/li>\n<li>\n<p class=\"ds-markdown-paragraph\">Startups que est\u00e3o criando marcas pr\u00f3prias de sacos de peito<\/p>\n<\/li>\n<\/ul>\n<p class=\"ds-markdown-paragraph\"><strong>Como trabalhamos:<\/strong><br \/>\n1\ufe0f\u20e3 Escolha entre mais de 50 designs modernos ou personalize o seu pr\u00f3prio<br \/>\n2\ufe0f\u20e3 Prot\u00f3tipo em 5 dias \u2192 aprova\u00e7\u00e3o \u2192 produ\u00e7\u00e3o em massa<br \/>\n3\ufe0f\u20e3 Envie globalmente via\u00a0<strong>exporta\u00e7\u00e3o de bolsas peitorais<\/strong>\u00a0redes<\/p>\n<p class=\"ds-markdown-paragraph\"><strong>Por que nos escolher como seu fabricante de bolsa peitoral na China?<\/strong><br \/>\nMais de 8 anos de experi\u00eancia em fabrica\u00e7\u00e3o de bolsas peitorais<br \/>\n\u2705 30% mais leve do que a m\u00e9dia dos produtos do mercado<br \/>\nSuporte 24 horas por dia, 7 dias por semana, em ingl\u00eas, espanhol e alem\u00e3o<\/p>\n<p class=\"ds-markdown-paragraph\"><strong>Pronto para se preparar para o sucesso?<\/strong><br \/>\n\ud83d\udc49\u00a0<strong>Amostras gr\u00e1tis<\/strong>\u00a0Dep\u00f3sito 20% \ud83d\udc49 Cota\u00e7\u00f5es 24h<\/p>\n<\/div>\n<\/div>\n<\/div>\n<\/div>","protected":false},"excerpt":{"rendered":"<h2 data-immersive-translate-walked=\"344be1c1-5052-41eb-8fcd-0dbe236a0d6b\" data-immersive-translate-paragraph=\"1\">Novo design de bolsa de peito esportiva leve<\/h2>\n<p>Fornecemos bolsas premium com personaliza\u00e7\u00e3o total de tamanho e cor, tecidos dur\u00e1veis e qualidade certificada.<\/p>\n<p>Aproveite os MOQs flex\u00edveis, o envio global r\u00e1pido e as solu\u00e7\u00f5es de marca pr\u00f3pria.<\/p>\n<p>Entre em contato conosco hoje mesmo!<\/p>","protected":false},"featured_media":3281,"template":"","meta":{"_uag_custom_page_level_css":""},"product_brand":[],"product_cat":[61,56],"product_tag":[],"class_list":{"0":"post-3275","1":"product","2":"type-product","3":"status-publish","4":"has-post-thumbnail","6":"product_cat-chest-bag","7":"product_cat-gym-bag","9":"first","10":"instock","11":"shipping-taxable","12":"product-type-simple"},"uagb_featured_image_src":{"full":["https:\/\/pecbag.com\/wp-content\/uploads\/2025\/05\/New-Design-Lightweight-Sports-Chest-Bag-4.jpeg",1000,1000,false],"thumbnail":["https:\/\/pecbag.com\/wp-content\/uploads\/2025\/05\/New-Design-Lightweight-Sports-Chest-Bag-4-150x150.jpeg",150,150,true],"medium":["https:\/\/pecbag.com\/wp-content\/uploads\/2025\/05\/New-Design-Lightweight-Sports-Chest-Bag-4-300x300.jpeg",300,300,true],"medium_large":["https:\/\/pecbag.com\/wp-content\/uploads\/2025\/05\/New-Design-Lightweight-Sports-Chest-Bag-4-768x768.jpeg",768,768,true],"large":["https:\/\/pecbag.com\/wp-content\/uploads\/2025\/05\/New-Design-Lightweight-Sports-Chest-Bag-4.jpeg",800,800,false],"1536x1536":["https:\/\/pecbag.com\/wp-content\/uploads\/2025\/05\/New-Design-Lightweight-Sports-Chest-Bag-4.jpeg",1000,1000,false],"2048x2048":["https:\/\/pecbag.com\/wp-content\/uploads\/2025\/05\/New-Design-Lightweight-Sports-Chest-Bag-4.jpeg",1000,1000,false],"trp-custom-language-flag":["https:\/\/pecbag.com\/wp-content\/uploads\/2025\/05\/New-Design-Lightweight-Sports-Chest-Bag-4-12x12.jpeg",12,12,true],"woocommerce_thumbnail":["https:\/\/pecbag.com\/wp-content\/uploads\/2025\/05\/New-Design-Lightweight-Sports-Chest-Bag-4-300x300.jpeg",300,300,true],"woocommerce_single":["https:\/\/pecbag.com\/wp-content\/uploads\/2025\/05\/New-Design-Lightweight-Sports-Chest-Bag-4-600x600.jpeg",600,600,true],"woocommerce_gallery_thumbnail":["https:\/\/pecbag.com\/wp-content\/uploads\/2025\/05\/New-Design-Lightweight-Sports-Chest-Bag-4-100x100.jpeg",100,100,true]},"uagb_author_info":{"display_name":"Lawrence","author_link":"https:\/\/pecbag.com\/br\/author\/"},"uagb_comment_info":0,"uagb_excerpt":"New Design Lightweight Sports Chest Bag We provide premium bags with full-size and color customization, durable fabrics, and certified quality. Enjoy flexible MOQs, fast global shipping, and private label solutions. Contact us today!","_links":{"self":[{"href":"https:\/\/pecbag.com\/br\/wp-json\/wp\/v2\/product\/3275","targetHints":{"allow":["GET"]}}],"collection":[{"href":"https:\/\/pecbag.com\/br\/wp-json\/wp\/v2\/product"}],"about":[{"href":"https:\/\/pecbag.com\/br\/wp-json\/wp\/v2\/types\/product"}],"wp:featuredmedia":[{"embeddable":true,"href":"https:\/\/pecbag.com\/br\/wp-json\/wp\/v2\/media\/3281"}],"wp:attachment":[{"href":"https:\/\/pecbag.com\/br\/wp-json\/wp\/v2\/media?parent=3275"}],"wp:term":[{"taxonomy":"product_brand","embeddable":true,"href":"https:\/\/pecbag.com\/br\/wp-json\/wp\/v2\/product_brand?post=3275"},{"taxonomy":"product_cat","embeddable":true,"href":"https:\/\/pecbag.com\/br\/wp-json\/wp\/v2\/product_cat?post=3275"},{"taxonomy":"product_tag","embeddable":true,"href":"https:\/\/pecbag.com\/br\/wp-json\/wp\/v2\/product_tag?post=3275"}],"curies":[{"name":"wp","href":"https:\/\/api.w.org\/{rel}","templated":true}]}}