{"id":3289,"date":"2025-05-26T03:41:44","date_gmt":"2025-05-26T03:41:44","guid":{"rendered":"https:\/\/pecbag.com\/?post_type=product&#038;p=3289"},"modified":"2025-11-29T02:03:20","modified_gmt":"2025-11-29T02:03:20","slug":"fishing-tackle-storage-chest-bag","status":"publish","type":"product","link":"https:\/\/pecbag.com\/br\/fishing-tackle-storage-chest-bag\/","title":{"rendered":"Bolsa ba\u00fa para armazenamento de equipamentos de pesca"},"content":{"rendered":"<h5 title=\"Bolsa dobr\u00e1vel para c\u00e3es Bolsa de ombro de malha respir\u00e1vel para c\u00e3es e gatos de pequeno porte\" data-immersive-translate-walked=\"1c928421-2e42-4cd3-8754-5404553c0af5\" data-immersive-translate-paragraph=\"1\" data-spm-anchor-id=\"a2700.details.0.i35.4f6757d4w4zNZA\">Fabricante de bolsas para armazenamento de equipamentos de pesca | F\u00e1brica de bolsas e mochilas \u00e0 prova d'\u00e1gua | OEM a granel<\/h5>\n<div class=\"flex flex-grow flex-col max-w-full\">\n<div class=\"min-h-[20px] text-message flex w-full flex-col items-end gap-2 whitespace-pre-wrap break-words [.text-message+&amp;]:mt-5 overflow-x-auto\" dir=\"auto\" data-message-author-role=\"assistant\" data-message-id=\"3d7d46f6-7ec2-4222-9257-48fa0bba23c6\" data-suggestions=\"true\">\n<div class=\"flex w-full flex-col gap-1 empty:hidden first:pt-[3px]\">\n<div class=\"markdown prose w-full break-words dark:prose-invert light\">\n<p>Precisa de sacos para guardar equipamentos de pesca que mantenham as iscas secas e os equipamentos organizados? Como uma das principais f\u00e1bricas de bolsas imperme\u00e1veis e fabricantes de mochilas da China, nos especializamos em bolsas peitorais para armazenamento de equipamentos de pesca projetadas para pescadores, marcas de pesca e atacadistas de bolsas peitorais em todo o mundo!<\/p>\n<table width=\"288\">\n<tbody>\n<tr>\n<td width=\"137\"><span style=\"color: #333333;\">Nome dos produtos<\/span><\/td>\n<td width=\"151\"><span style=\"color: #333333;\">Bolsa peitoral<\/span><\/td>\n<\/tr>\n<tr>\n<td><span style=\"color: #333333;\">Item No.<\/span><\/td>\n<td><span style=\"color: #333333;\">PB-2042<\/span><\/td>\n<\/tr>\n<tr>\n<td><span style=\"color: #333333;\">Material<\/span><\/td>\n<td>Nylon 1000D<\/td>\n<\/tr>\n<tr>\n<td><span style=\"color: #333333;\">Tamanho<\/span><\/td>\n<td>11,8*9*6,3 pol.<\/td>\n<\/tr>\n<tr>\n<td><span style=\"color: #333333;\">\u00a0Prazo de entrega<\/span><\/td>\n<td><span style=\"color: #333333;\">De 1 a 5 dias para pequenas quantidades por via a\u00e9rea e de 30 a 35 dias para grandes quantidades por via mar\u00edtima<\/span><\/td>\n<\/tr>\n<\/tbody>\n<\/table>\n<p class=\"ds-markdown-paragraph\">\u2705\u00a0<strong>Por que nossos sacos de ba\u00fa para armazenamento de equipamentos de pesca atraem as vendas:<\/strong><\/p>\n<ul>\n<li>\n<p class=\"ds-markdown-paragraph\"><strong>Guerreiros \u00e0 prova d'\u00e1gua<\/strong>: Revestimento de TPU com costuras seladas + aberturas de drenagem - sobrevive a respingos de \u00e1gua do barco e dias chuvosos!<\/p>\n<\/li>\n<li>\n<p class=\"ds-markdown-paragraph\"><strong>Design voltado para o pescador<\/strong>8+ compartimentos modulares - armazene anz\u00f3is, linhas, ferramentas e iscas sem emaranhados.<\/p>\n<\/li>\n<li>\n<p class=\"ds-markdown-paragraph\"><strong>Vantagens dos pedidos em massa<\/strong>: Produzir pedidos a granel de sacos para peito (MOQ 50pcs) com saco para peito ODM\/OEM ou marca pr\u00f3pria em 10 dias!<\/p>\n<\/li>\n<li>\n<p class=\"ds-markdown-paragraph\"><strong>Borda de custo da China<\/strong>: Como um dos principais fornecedores de bolsas peitorais da China, a qualidade encontra um pre\u00e7o imbat\u00edvel.<\/p>\n<\/li>\n<\/ul>\n<p class=\"ds-markdown-paragraph\"><strong>Caracter\u00edsticas que os pescadores adoram:<\/strong><br \/>\nZ\u00edperes resistentes \u00e0 corros\u00e3o + an\u00e9is em D \u00e0 prova de ferrugem (prontos para \u00e1gua salgada!)<br \/>\nBolsos de malha de secagem r\u00e1pida + al\u00e7as para porta-varas<br \/>\nGuarni\u00e7\u00e3o refletiva para seguran\u00e7a ao amanhecer e ao anoitecer<br \/>\nCertificado OEKO-TEX - sem odores qu\u00edmicos que assustam os peixes<\/p>\n<p class=\"ds-markdown-paragraph\"><strong>Perfeito para:<\/strong><\/p>\n<ul>\n<li>\n<p class=\"ds-markdown-paragraph\">Lojas de equipamentos de pesca e vendedores de sacos de pesca<\/p>\n<\/li>\n<li>\n<p class=\"ds-markdown-paragraph\">Fornecedores mar\u00edtimos e atacadistas de bolsas peitorais<\/p>\n<\/li>\n<li>\n<p class=\"ds-markdown-paragraph\">As marcas est\u00e3o criando cole\u00e7\u00f5es de marcas pr\u00f3prias de sacos de peito<\/p>\n<\/li>\n<\/ul>\n<p class=\"ds-markdown-paragraph\"><strong>Como criamos seus sacos de armazenamento de equipamentos de pesca:<\/strong><br \/>\n1\ufe0f\u20e3 Escolha entre mais de 30 designs aprovados por pescadores ou personalize o seu<br \/>\n2\ufe0f\u20e3 Prot\u00f3tipo em 5 dias \u2192 teste \u2192 produ\u00e7\u00e3o em massa<br \/>\n3\ufe0f\u20e3 Envie por meio de redes de exporta\u00e7\u00e3o de sacos de peito (DDP\/DAP dispon\u00edvel)<\/p>\n<p class=\"ds-markdown-paragraph\"><strong>Por que somos o fabricante chin\u00eas da bolsa peitoral #1:<\/strong><br \/>\nMais de 12 anos de experi\u00eancia como fabricante de bolsas peitorais<br \/>\nRevestimento \u00e0 prova d'\u00e1gua mais espesso do que o dos concorrentes<br \/>\nSuporte 24 horas por dia, 7 dias por semana, em ingl\u00eas, japon\u00eas e espanhol<\/p>\n<p class=\"ds-markdown-paragraph\"><strong>Pronto para obter lucros maiores?<\/strong><br \/>\n\ud83d\udc49\u00a0<strong>Amostras gr\u00e1tis<\/strong>\u00a0Dep\u00f3sito 20% \ud83d\udc49 Cota\u00e7\u00f5es 24h<\/p>\n<\/div>\n<\/div>\n<\/div>\n<\/div>","protected":false},"excerpt":{"rendered":"<h2 data-immersive-translate-walked=\"344be1c1-5052-41eb-8fcd-0dbe236a0d6b\" data-immersive-translate-paragraph=\"1\">Bolsa ba\u00fa para armazenamento de equipamentos de pesca<\/h2>\n<ol class=\"list-paddingleft-2\">\n<li>O tamanho da bolsa para equipamentos de pesca \u00e9 de 11,8*9*6,3 pol. H\u00e1 v\u00e1rios compartimentos para voc\u00ea guardar iscas, alicates, arame, uma caixa de iscas, uma carteira, um telefone e outros acess\u00f3rios. Torne sua viagem mais conveniente.<\/li>\n<li>A al\u00e7a de ombro \u00e9 ajust\u00e1vel e remov\u00edvel, e voc\u00ea pode us\u00e1-la de v\u00e1rias maneiras, como bolsa de ombro, bolsa de m\u00e3o, bolsa de peito, bolsa de equipamento de pesca, bolsa crossbody, etc.<\/li>\n<\/ol>","protected":false},"featured_media":3290,"template":"","meta":{"_uag_custom_page_level_css":""},"product_brand":[],"product_cat":[61,46],"product_tag":[],"class_list":{"0":"post-3289","1":"product","2":"type-product","3":"status-publish","4":"has-post-thumbnail","6":"product_cat-chest-bag","7":"product_cat-fishing-bag","9":"first","10":"instock","11":"shipping-taxable","12":"product-type-simple"},"uagb_featured_image_src":{"full":["https:\/\/pecbag.com\/wp-content\/uploads\/2025\/05\/Fishing-Tackle-Storage-Chest-Bag.jpeg",1053,1500,false],"thumbnail":["https:\/\/pecbag.com\/wp-content\/uploads\/2025\/05\/Fishing-Tackle-Storage-Chest-Bag-150x150.jpeg",150,150,true],"medium":["https:\/\/pecbag.com\/wp-content\/uploads\/2025\/05\/Fishing-Tackle-Storage-Chest-Bag-211x300.jpeg",211,300,true],"medium_large":["https:\/\/pecbag.com\/wp-content\/uploads\/2025\/05\/Fishing-Tackle-Storage-Chest-Bag-768x1094.jpeg",768,1094,true],"large":["https:\/\/pecbag.com\/wp-content\/uploads\/2025\/05\/Fishing-Tackle-Storage-Chest-Bag-719x1024.jpeg",719,1024,true],"1536x1536":["https:\/\/pecbag.com\/wp-content\/uploads\/2025\/05\/Fishing-Tackle-Storage-Chest-Bag.jpeg",1053,1500,false],"2048x2048":["https:\/\/pecbag.com\/wp-content\/uploads\/2025\/05\/Fishing-Tackle-Storage-Chest-Bag.jpeg",1053,1500,false],"trp-custom-language-flag":["https:\/\/pecbag.com\/wp-content\/uploads\/2025\/05\/Fishing-Tackle-Storage-Chest-Bag-8x12.jpeg",8,12,true],"woocommerce_thumbnail":["https:\/\/pecbag.com\/wp-content\/uploads\/2025\/05\/Fishing-Tackle-Storage-Chest-Bag-300x300.jpeg",300,300,true],"woocommerce_single":["https:\/\/pecbag.com\/wp-content\/uploads\/2025\/05\/Fishing-Tackle-Storage-Chest-Bag-600x855.jpeg",600,855,true],"woocommerce_gallery_thumbnail":["https:\/\/pecbag.com\/wp-content\/uploads\/2025\/05\/Fishing-Tackle-Storage-Chest-Bag-100x100.jpeg",100,100,true]},"uagb_author_info":{"display_name":"Lawrence","author_link":"https:\/\/pecbag.com\/br\/author\/"},"uagb_comment_info":0,"uagb_excerpt":"Fishing Tackle Storage Chest Bag The size of the fishing gear bag is 11.8*9*6.3in. There are multiple compartments for you to store bait, pliers, wire, a bait box, a wallet, a phone, and other accessories. Make your travel more convenient. The shoulder strap is adjustable and detachable, you can have multiple ways to use it,&hellip;","_links":{"self":[{"href":"https:\/\/pecbag.com\/br\/wp-json\/wp\/v2\/product\/3289","targetHints":{"allow":["GET"]}}],"collection":[{"href":"https:\/\/pecbag.com\/br\/wp-json\/wp\/v2\/product"}],"about":[{"href":"https:\/\/pecbag.com\/br\/wp-json\/wp\/v2\/types\/product"}],"wp:featuredmedia":[{"embeddable":true,"href":"https:\/\/pecbag.com\/br\/wp-json\/wp\/v2\/media\/3290"}],"wp:attachment":[{"href":"https:\/\/pecbag.com\/br\/wp-json\/wp\/v2\/media?parent=3289"}],"wp:term":[{"taxonomy":"product_brand","embeddable":true,"href":"https:\/\/pecbag.com\/br\/wp-json\/wp\/v2\/product_brand?post=3289"},{"taxonomy":"product_cat","embeddable":true,"href":"https:\/\/pecbag.com\/br\/wp-json\/wp\/v2\/product_cat?post=3289"},{"taxonomy":"product_tag","embeddable":true,"href":"https:\/\/pecbag.com\/br\/wp-json\/wp\/v2\/product_tag?post=3289"}],"curies":[{"name":"wp","href":"https:\/\/api.w.org\/{rel}","templated":true}]}}