{"id":3296,"date":"2025-05-26T03:54:22","date_gmt":"2025-05-26T03:54:22","guid":{"rendered":"https:\/\/pecbag.com\/?post_type=product&#038;p=3296"},"modified":"2025-11-29T02:03:12","modified_gmt":"2025-11-29T02:03:12","slug":"custom-durable-multi-usage-chest-pack","status":"publish","type":"product","link":"https:\/\/pecbag.com\/br\/custom-durable-multi-usage-chest-pack\/","title":{"rendered":"Mochila peitoral dur\u00e1vel e personalizada para v\u00e1rios usos"},"content":{"rendered":"<h5 title=\"Bolsa dobr\u00e1vel para c\u00e3es Bolsa de ombro de malha respir\u00e1vel para c\u00e3es e gatos de pequeno porte\" data-immersive-translate-walked=\"1c928421-2e42-4cd3-8754-5404553c0af5\" data-immersive-translate-paragraph=\"1\" data-spm-anchor-id=\"a2700.details.0.i35.4f6757d4w4zNZA\">Fabricante de mochilas personalizadas dur\u00e1veis para m\u00faltiplos usos | F\u00e1brica de bolsas e mochilas \u00e0 prova d'\u00e1gua | OEM a granel<\/h5>\n<div class=\"flex flex-grow flex-col max-w-full\">\n<div class=\"min-h-[20px] text-message flex w-full flex-col items-end gap-2 whitespace-pre-wrap break-words [.text-message+&amp;]:mt-5 overflow-x-auto\" dir=\"auto\" data-message-author-role=\"assistant\" data-message-id=\"3d7d46f6-7ec2-4222-9257-48fa0bba23c6\" data-suggestions=\"true\">\n<div class=\"flex w-full flex-col gap-1 empty:hidden first:pt-[3px]\">\n<div class=\"markdown prose w-full break-words dark:prose-invert light\">\n<p>Necessidade\u00a0<strong>pacotes de peito personalizados, dur\u00e1veis e multiuso<\/strong>\u00a0que se adaptam a qualquer aventura? Como l\u00edder\u00a0<strong>f\u00e1brica de bolsas imperme\u00e1veis<\/strong>\u00a0e\u00a0<strong>fabricante de mochilas<\/strong>\u00a0na China, criamos\u00a0<strong>pacotes de peito personalizados, dur\u00e1veis e multiuso<\/strong>\u00a0para profissionais de atividades ao ar livre, marcas t\u00e1ticas e\u00a0<strong>atacadistas de bolsas peitorais<\/strong>\u00a0no mundo todo!<\/p>\n<table width=\"288\">\n<tbody>\n<tr>\n<td width=\"137\"><span style=\"color: #333333;\">Nome dos produtos<\/span><\/td>\n<td width=\"151\"><span style=\"color: #333333;\">Bolsa peitoral<\/span><\/td>\n<\/tr>\n<tr>\n<td><span style=\"color: #333333;\">Item No.<\/span><\/td>\n<td><span style=\"color: #333333;\">PB-2043<\/span><\/td>\n<\/tr>\n<tr>\n<td><span style=\"color: #333333;\">Material<\/span><\/td>\n<td>Poli\u00e9ster<\/td>\n<\/tr>\n<tr>\n<td><span style=\"color: #333333;\">Tamanho<\/span><\/td>\n<td>13 x 4 x 18 cm<\/td>\n<\/tr>\n<tr>\n<td><span style=\"color: #333333;\">\u00a0Prazo de entrega<\/span><\/td>\n<td><span style=\"color: #333333;\">De 1 a 5 dias para pequenas quantidades por via a\u00e9rea e de 30 a 35 dias para grandes quantidades por via mar\u00edtima<\/span><\/td>\n<\/tr>\n<\/tbody>\n<\/table>\n<p class=\"ds-markdown-paragraph\">\u2705\u00a0<strong>Por que nossas mochilas peitorais personalizadas e dur\u00e1veis para m\u00faltiplos usos se destacam:<\/strong><\/p>\n<ul>\n<li>\n<p class=\"ds-markdown-paragraph\"><strong>Constru\u00eddo para resistir<\/strong>: Nylon bal\u00edstico 1680D + costuras com pontos triplos - sobrevive a caminhadas, escaladas ou deslocamentos urbanos!<\/p>\n<\/li>\n<li>\n<p class=\"ds-markdown-paragraph\"><strong>Pronto para m\u00faltiplas miss\u00f5es<\/strong>: Compartimentos modulares + correias MOLLE - transporte ferramentas, c\u00e2meras ou equipamentos de sobreviv\u00eancia sem esfor\u00e7o.<\/p>\n<\/li>\n<li>\n<p class=\"ds-markdown-paragraph\"><strong>Energia para pedidos em massa<\/strong>: Produzir pedidos a granel de sacos para peito (MOQ 50pcs) com saco para peito ODM\/OEM ou marca pr\u00f3pria em 12 dias!<\/p>\n<\/li>\n<li>\n<p class=\"ds-markdown-paragraph\"><strong>Borda de custo da China<\/strong>: Como um dos principais fornecedores de bolsas peitorais da China, combinamos a qualidade das especifica\u00e7\u00f5es militares com o pre\u00e7o de f\u00e1brica.<\/p>\n<\/li>\n<\/ul>\n<p class=\"ds-markdown-paragraph\"><strong>Recursos que vendem:<\/strong><br \/>\nZ\u00edperes YKK 100% \u00e0 prova d'\u00e1gua + aberturas de drenagem (classifica\u00e7\u00e3o IPX6)<br \/>\nBolso com bloqueio de RFID + compartimentos antifurto ocultos<br \/>\nAl\u00e7as ajust\u00e1veis (para todos os tipos de corpo) + costas em malha respir\u00e1vel<br \/>\nCertifica\u00e7\u00e3o CE\/SGS - sem materiais t\u00f3xicos ou odores<\/p>\n<p class=\"ds-markdown-paragraph\"><strong>Perfeito para:<\/strong><\/p>\n<ul>\n<li>\n<p class=\"ds-markdown-paragraph\">Varejistas de produtos para atividades ao ar livre e vendedores de bolsas de peito<\/p>\n<\/li>\n<li>\n<p class=\"ds-markdown-paragraph\">Marcas de equipamentos t\u00e1ticos e atacadistas de bolsas peitorais<\/p>\n<\/li>\n<li>\n<p class=\"ds-markdown-paragraph\">Startups que est\u00e3o criando linhas de marcas pr\u00f3prias de sacos de peito<\/p>\n<\/li>\n<\/ul>\n<p class=\"ds-markdown-paragraph\"><strong>Como entregamos suas embalagens peitorais personalizadas e dur\u00e1veis para m\u00faltiplos usos:<\/strong><br \/>\n1\ufe0f\u20e3 Envie designs ou escolha entre mais de 80 modelos modulares<br \/>\n2\ufe0f\u20e3 Prot\u00f3tipo em 5 dias \u2192 teste \u2192 produ\u00e7\u00e3o em massa<br \/>\n3\ufe0f\u20e3 Envio por meio de redes de exporta\u00e7\u00e3o de sacos de peito (a\u00e9reo\/mar\u00edtimo\/expresso)<\/p>\n<p class=\"ds-markdown-paragraph\"><strong>Por que nos escolher?<\/strong><br \/>\nMais de 10 anos de experi\u00eancia na fabrica\u00e7\u00e3o de bolsas peitorais<br \/>\n40% tecido mais grosso do que as embalagens padr\u00e3o<br \/>\nSuporte 24 horas por dia, 7 dias por semana, em 6 idiomas (EN\/ES\/FR\/DE\/AR\/RU)<\/p>\n<p class=\"ds-markdown-paragraph\"><strong>Pronto para se preparar para as vendas globais?<\/strong><br \/>\n\ud83d\udc49\u00a0<strong>Amostras gr\u00e1tis<\/strong>\u00a0\ud83d\udc49 Dep\u00f3sito 15% \ud83d\udc49 Cota\u00e7\u00f5es 24h<\/p>\n<\/div>\n<\/div>\n<\/div>\n<\/div>","protected":false},"excerpt":{"rendered":"<h2 data-immersive-translate-walked=\"344be1c1-5052-41eb-8fcd-0dbe236a0d6b\" data-immersive-translate-paragraph=\"1\">Mochila peitoral dur\u00e1vel e personalizada para v\u00e1rios usos<\/h2>\n<p>Transporte equipamentos sem usar cinto e alcance facilmente seus itens em espa\u00e7os confinados, como cabines de ve\u00edculos\/aeronaves, onde o espa\u00e7o para os cotovelos \u00e9 restrito.<\/p>\n<p>Uma alternativa mais confort\u00e1vel aos coldres de cinto, pois voc\u00ea n\u00e3o ser\u00e1 cutucado pelo seu equipamento enquanto estiver sentado, esse arn\u00eas convers\u00edvel expandir\u00e1 sua capacidade de carga al\u00e9m do que voc\u00ea pode carregar confortavelmente no cinto.<\/p>","protected":false},"featured_media":3297,"template":"","meta":{"_uag_custom_page_level_css":""},"product_brand":[],"product_cat":[61,55],"product_tag":[],"class_list":{"0":"post-3296","1":"product","2":"type-product","3":"status-publish","4":"has-post-thumbnail","6":"product_cat-chest-bag","7":"product_cat-tactical-bag","9":"first","10":"instock","11":"shipping-taxable","12":"product-type-simple"},"uagb_featured_image_src":{"full":["https:\/\/pecbag.com\/wp-content\/uploads\/2025\/05\/Custom-Durable-Multi-Usage-Chest-Pack-4.jpeg",1487,1500,false],"thumbnail":["https:\/\/pecbag.com\/wp-content\/uploads\/2025\/05\/Custom-Durable-Multi-Usage-Chest-Pack-4-150x150.jpeg",150,150,true],"medium":["https:\/\/pecbag.com\/wp-content\/uploads\/2025\/05\/Custom-Durable-Multi-Usage-Chest-Pack-4-297x300.jpeg",297,300,true],"medium_large":["https:\/\/pecbag.com\/wp-content\/uploads\/2025\/05\/Custom-Durable-Multi-Usage-Chest-Pack-4-768x775.jpeg",768,775,true],"large":["https:\/\/pecbag.com\/wp-content\/uploads\/2025\/05\/Custom-Durable-Multi-Usage-Chest-Pack-4-1015x1024.jpeg",800,807,true],"1536x1536":["https:\/\/pecbag.com\/wp-content\/uploads\/2025\/05\/Custom-Durable-Multi-Usage-Chest-Pack-4.jpeg",1487,1500,false],"2048x2048":["https:\/\/pecbag.com\/wp-content\/uploads\/2025\/05\/Custom-Durable-Multi-Usage-Chest-Pack-4.jpeg",1487,1500,false],"trp-custom-language-flag":["https:\/\/pecbag.com\/wp-content\/uploads\/2025\/05\/Custom-Durable-Multi-Usage-Chest-Pack-4-12x12.jpeg",12,12,true],"woocommerce_thumbnail":["https:\/\/pecbag.com\/wp-content\/uploads\/2025\/05\/Custom-Durable-Multi-Usage-Chest-Pack-4-300x300.jpeg",300,300,true],"woocommerce_single":["https:\/\/pecbag.com\/wp-content\/uploads\/2025\/05\/Custom-Durable-Multi-Usage-Chest-Pack-4-600x605.jpeg",600,605,true],"woocommerce_gallery_thumbnail":["https:\/\/pecbag.com\/wp-content\/uploads\/2025\/05\/Custom-Durable-Multi-Usage-Chest-Pack-4-100x100.jpeg",100,100,true]},"uagb_author_info":{"display_name":"Lawrence","author_link":"https:\/\/pecbag.com\/br\/author\/"},"uagb_comment_info":0,"uagb_excerpt":"Custom Durable Multi Usage Chest Pack Carry gear without using a belt &amp; easily reach your items in confined spaces, such as vehicle\/aircraft cabs, where your elbow room is restricted. A more comfortable alternative to belt holsters, as you won't be poked by your gear while seated, this convertible harness will expand your carrying capacity&hellip;","_links":{"self":[{"href":"https:\/\/pecbag.com\/br\/wp-json\/wp\/v2\/product\/3296","targetHints":{"allow":["GET"]}}],"collection":[{"href":"https:\/\/pecbag.com\/br\/wp-json\/wp\/v2\/product"}],"about":[{"href":"https:\/\/pecbag.com\/br\/wp-json\/wp\/v2\/types\/product"}],"wp:featuredmedia":[{"embeddable":true,"href":"https:\/\/pecbag.com\/br\/wp-json\/wp\/v2\/media\/3297"}],"wp:attachment":[{"href":"https:\/\/pecbag.com\/br\/wp-json\/wp\/v2\/media?parent=3296"}],"wp:term":[{"taxonomy":"product_brand","embeddable":true,"href":"https:\/\/pecbag.com\/br\/wp-json\/wp\/v2\/product_brand?post=3296"},{"taxonomy":"product_cat","embeddable":true,"href":"https:\/\/pecbag.com\/br\/wp-json\/wp\/v2\/product_cat?post=3296"},{"taxonomy":"product_tag","embeddable":true,"href":"https:\/\/pecbag.com\/br\/wp-json\/wp\/v2\/product_tag?post=3296"}],"curies":[{"name":"wp","href":"https:\/\/api.w.org\/{rel}","templated":true}]}}