{"id":3310,"date":"2025-05-26T06:55:13","date_gmt":"2025-05-26T06:55:13","guid":{"rendered":"https:\/\/pecbag.com\/?post_type=product&#038;p=3310"},"modified":"2025-11-29T02:02:58","modified_gmt":"2025-11-29T02:02:58","slug":"fashion-wholesale-sports-crossbody-bag","status":"publish","type":"product","link":"https:\/\/pecbag.com\/br\/fashion-wholesale-sports-crossbody-bag\/","title":{"rendered":"Bolsa esportiva para crossbody Fashion Wholesale"},"content":{"rendered":"<h5 title=\"Bolsa dobr\u00e1vel para c\u00e3es Bolsa de ombro de malha respir\u00e1vel para c\u00e3es e gatos de pequeno porte\" data-immersive-translate-walked=\"1c928421-2e42-4cd3-8754-5404553c0af5\" data-immersive-translate-paragraph=\"1\" data-spm-anchor-id=\"a2700.details.0.i35.4f6757d4w4zNZA\">Fabricante de bolsas esportivas de crossbody no atacado | F\u00e1brica de bolsas e mochilas \u00e0 prova d'\u00e1gua | OEM a granel<\/h5>\n<div class=\"flex flex-grow flex-col max-w-full\">\n<div class=\"min-h-[20px] text-message flex w-full flex-col items-end gap-2 whitespace-pre-wrap break-words [.text-message+&amp;]:mt-5 overflow-x-auto\" dir=\"auto\" data-message-author-role=\"assistant\" data-message-id=\"3d7d46f6-7ec2-4222-9257-48fa0bba23c6\" data-suggestions=\"true\">\n<div class=\"flex w-full flex-col gap-1 empty:hidden first:pt-[3px]\">\n<div class=\"markdown prose w-full break-words dark:prose-invert light\">\n<p>Precisa de bolsas esportivas de corpo cruzado que combinem estilo e fun\u00e7\u00e3o? Como uma das principais f\u00e1bricas de bolsas \u00e0 prova d'\u00e1gua e fabricantes de mochilas da China, criamos bolsas esportivas de crossbody no atacado para amantes de academia, viajantes urbanos e atacadistas de bolsas de crossbody em todo o mundo!<\/p>\n<table width=\"288\">\n<tbody>\n<tr>\n<td width=\"137\"><span style=\"color: #333333;\">Nome dos produtos<\/span><\/td>\n<td width=\"151\"><span style=\"color: #333333;\">Bolsa de m\u00e3o<\/span><\/td>\n<\/tr>\n<tr>\n<td><span style=\"color: #333333;\">Item No.<\/span><\/td>\n<td><span style=\"color: #333333;\">PB-2045<\/span><\/td>\n<\/tr>\n<tr>\n<td><span style=\"color: #333333;\">Material<\/span><\/td>\n<td>Neoprene<\/td>\n<\/tr>\n<tr>\n<td><span style=\"color: #333333;\">Tamanho<\/span><\/td>\n<td>15 x 5 x 29 cm<\/td>\n<\/tr>\n<tr>\n<td><span style=\"color: #333333;\">\u00a0Prazo de entrega<\/span><\/td>\n<td><span style=\"color: #333333;\">De 1 a 5 dias para pequenas quantidades por via a\u00e9rea e de 30 a 35 dias para grandes quantidades por via mar\u00edtima<\/span><\/td>\n<\/tr>\n<\/tbody>\n<\/table>\n<p class=\"ds-markdown-paragraph\">\u2705\u00a0<strong>Por que nossas bolsas esportivas de crossbody no atacado s\u00e3o vendidas rapidamente:<\/strong><\/p>\n<ul>\n<li>\n<p class=\"ds-markdown-paragraph\"><strong>Estilo Street-Smart<\/strong>: Mais de 50 designs da moda (neon, camuflagem, minimalista) - atualize seu invent\u00e1rio semanalmente!<\/p>\n<\/li>\n<li>\n<p class=\"ds-markdown-paragraph\"><strong>Preparado para suor e chuva<\/strong>: Forro de TPU \u00e0 prova d'\u00e1gua + al\u00e7as respir\u00e1veis - sobrevive a treinos ou chuvas repentinas.<\/p>\n<\/li>\n<li>\n<p class=\"ds-markdown-paragraph\"><strong>Vantagens dos pedidos em massa<\/strong>: Produza pedidos a granel de bolsas crossbody (MOQ 50pcs) com bolsa crossbody ODM\/OEM ou marca pr\u00f3pria em 7 dias!<\/p>\n<\/li>\n<li>\n<p class=\"ds-markdown-paragraph\"><strong>Custo de energia na China<\/strong>: Como um dos principais fornecedores de bolsas crossbody da China, combinamos o visual das passarelas com o pre\u00e7o de f\u00e1brica.<\/p>\n<\/li>\n<\/ul>\n<p class=\"ds-markdown-paragraph\"><strong>Recursos que os clientes desejam:<\/strong><br \/>\nCapacidade de 3L-8L (cabe telefones, chaves, equipamentos de gin\u00e1stica) + bolso com bloqueio de RFID<br \/>\nAl\u00e7as ajust\u00e1veis (para todos os tipos de corpo) + z\u00edperes laterais de acesso r\u00e1pido<br \/>\nLogotipos refletivos para seguran\u00e7a noturna + tecido antimofo com certifica\u00e7\u00e3o OEKO-TEX<br \/>\n\ud83d\udd39 Leve (0,4 kg) - perfeito para corrida, viagem ou uso di\u00e1rio<\/p>\n<p class=\"ds-markdown-paragraph\"><strong>Perfeito para:<\/strong><\/p>\n<ul>\n<li>\n<p class=\"ds-markdown-paragraph\">Lojas de roupas esportivas e vendedores de bolsas crossbody<\/p>\n<\/li>\n<li>\n<p class=\"ds-markdown-paragraph\">Atacadistas de correntes de gin\u00e1stica e bolsas crossbody<\/p>\n<\/li>\n<li>\n<p class=\"ds-markdown-paragraph\">Startups criam marcas pr\u00f3prias de bolsas cross-body<\/p>\n<\/li>\n<\/ul>\n<p class=\"ds-markdown-paragraph\"><strong>Como trabalhamos:<\/strong><br \/>\n1\ufe0f\u20e3 Escolha entre mais de 100 designs ou personalize cores\/logotipos<br \/>\n2\ufe0f\u20e3 Prot\u00f3tipo em 3 dias \u2192 aprova\u00e7\u00e3o \u2192 produ\u00e7\u00e3o em massa<br \/>\n3\ufe0f\u20e3 Envio por meio de redes de exporta\u00e7\u00e3o de bolsas crossbody (op\u00e7\u00f5es DDP\/DAP)<\/p>\n<p class=\"ds-markdown-paragraph\"><strong>Por que nos escolher?<\/strong><br \/>\nMais de 5.000 pedidos de fabricantes de bolsas crossbody enviados globalmente<br \/>\n\u2705 40% mais leve que as bolsas da concorr\u00eancia<br \/>\nSuporte 24 horas por dia, 7 dias por semana, em ingl\u00eas, espanhol e \u00e1rabe<\/p>\n<p class=\"ds-markdown-paragraph\"><strong>Pronto para se pavonear em dire\u00e7\u00e3o aos lucros?<\/strong><br \/>\n\ud83d\udc49\u00a0<strong>Amostras gr\u00e1tis<\/strong>\u00a0\ud83d\udc49 Dep\u00f3sito 15% \ud83d\udc49 Cota\u00e7\u00f5es instant\u00e2neas<\/p>\n<\/div>\n<\/div>\n<\/div>\n<\/div>","protected":false},"excerpt":{"rendered":"<h2 data-immersive-translate-walked=\"344be1c1-5052-41eb-8fcd-0dbe236a0d6b\" data-immersive-translate-paragraph=\"1\">Bolsa esportiva para crossbody Fashion Wholesale<\/h2>\n<p>Com 6 poderosos \u00edm\u00e3s embutidos, a bolsa de gin\u00e1stica magn\u00e9tica pode ser fixada com firmeza em qualquer superf\u00edcie met\u00e1lica.<\/p>\n<p>Manter sua garrafa de \u00e1gua e itens pessoais fora do ch\u00e3o sujo durante os treinos e na altura dos olhos para facilitar a recupera\u00e7\u00e3o.<\/p>\n<p>Equipada com duas al\u00e7as diferentes, ela pode ser usada como bolsa de ombro, bolsa transversal ou al\u00e7a para transporte flex\u00edvel<\/p>","protected":false},"featured_media":3314,"template":"","meta":{"_uag_custom_page_level_css":""},"product_brand":[],"product_cat":[62],"product_tag":[],"class_list":{"0":"post-3310","1":"product","2":"type-product","3":"status-publish","4":"has-post-thumbnail","6":"product_cat-crossbody-bags","8":"first","9":"instock","10":"shipping-taxable","11":"product-type-simple"},"uagb_featured_image_src":{"full":["https:\/\/pecbag.com\/wp-content\/uploads\/2025\/05\/Fashion-Wholesale-Sports-Crossbody-Bag-6.jpeg",1283,1487,false],"thumbnail":["https:\/\/pecbag.com\/wp-content\/uploads\/2025\/05\/Fashion-Wholesale-Sports-Crossbody-Bag-6-150x150.jpeg",150,150,true],"medium":["https:\/\/pecbag.com\/wp-content\/uploads\/2025\/05\/Fashion-Wholesale-Sports-Crossbody-Bag-6-259x300.jpeg",259,300,true],"medium_large":["https:\/\/pecbag.com\/wp-content\/uploads\/2025\/05\/Fashion-Wholesale-Sports-Crossbody-Bag-6-768x890.jpeg",768,890,true],"large":["https:\/\/pecbag.com\/wp-content\/uploads\/2025\/05\/Fashion-Wholesale-Sports-Crossbody-Bag-6-884x1024.jpeg",800,927,true],"1536x1536":["https:\/\/pecbag.com\/wp-content\/uploads\/2025\/05\/Fashion-Wholesale-Sports-Crossbody-Bag-6.jpeg",1283,1487,false],"2048x2048":["https:\/\/pecbag.com\/wp-content\/uploads\/2025\/05\/Fashion-Wholesale-Sports-Crossbody-Bag-6.jpeg",1283,1487,false],"trp-custom-language-flag":["https:\/\/pecbag.com\/wp-content\/uploads\/2025\/05\/Fashion-Wholesale-Sports-Crossbody-Bag-6-10x12.jpeg",10,12,true],"woocommerce_thumbnail":["https:\/\/pecbag.com\/wp-content\/uploads\/2025\/05\/Fashion-Wholesale-Sports-Crossbody-Bag-6-300x300.jpeg",300,300,true],"woocommerce_single":["https:\/\/pecbag.com\/wp-content\/uploads\/2025\/05\/Fashion-Wholesale-Sports-Crossbody-Bag-6-600x695.jpeg",600,695,true],"woocommerce_gallery_thumbnail":["https:\/\/pecbag.com\/wp-content\/uploads\/2025\/05\/Fashion-Wholesale-Sports-Crossbody-Bag-6-100x100.jpeg",100,100,true]},"uagb_author_info":{"display_name":"Lawrence","author_link":"https:\/\/pecbag.com\/br\/author\/"},"uagb_comment_info":0,"uagb_excerpt":"Fashion Wholesale Sports Crossbody Bag With 6 powerful built-in magnets, the magnetic gym bag can firmly attach to any metal surface. Keeping your water bottle and personal items off the dirty floor during workouts and at eye level for easy retrieval. Equipped with 2 different straps, it can be used as a shoulder bag\/crossbody bag\/handle&hellip;","_links":{"self":[{"href":"https:\/\/pecbag.com\/br\/wp-json\/wp\/v2\/product\/3310","targetHints":{"allow":["GET"]}}],"collection":[{"href":"https:\/\/pecbag.com\/br\/wp-json\/wp\/v2\/product"}],"about":[{"href":"https:\/\/pecbag.com\/br\/wp-json\/wp\/v2\/types\/product"}],"wp:featuredmedia":[{"embeddable":true,"href":"https:\/\/pecbag.com\/br\/wp-json\/wp\/v2\/media\/3314"}],"wp:attachment":[{"href":"https:\/\/pecbag.com\/br\/wp-json\/wp\/v2\/media?parent=3310"}],"wp:term":[{"taxonomy":"product_brand","embeddable":true,"href":"https:\/\/pecbag.com\/br\/wp-json\/wp\/v2\/product_brand?post=3310"},{"taxonomy":"product_cat","embeddable":true,"href":"https:\/\/pecbag.com\/br\/wp-json\/wp\/v2\/product_cat?post=3310"},{"taxonomy":"product_tag","embeddable":true,"href":"https:\/\/pecbag.com\/br\/wp-json\/wp\/v2\/product_tag?post=3310"}],"curies":[{"name":"wp","href":"https:\/\/api.w.org\/{rel}","templated":true}]}}