{"id":3317,"date":"2025-05-26T07:06:58","date_gmt":"2025-05-26T07:06:58","guid":{"rendered":"https:\/\/pecbag.com\/?post_type=product&#038;p=3317"},"modified":"2025-11-04T09:50:51","modified_gmt":"2025-11-04T09:50:51","slug":"durable-outdoor-sport-crossbody-bag","status":"publish","type":"product","link":"https:\/\/pecbag.com\/br\/durable-outdoor-sport-crossbody-bag\/","title":{"rendered":"Bolsa esportiva dur\u00e1vel para uso externo"},"content":{"rendered":"<h5 title=\"Bolsa dobr\u00e1vel para c\u00e3es Bolsa de ombro de malha respir\u00e1vel para c\u00e3es e gatos de pequeno porte\" data-immersive-translate-walked=\"1c928421-2e42-4cd3-8754-5404553c0af5\" data-immersive-translate-paragraph=\"1\" data-spm-anchor-id=\"a2700.details.0.i35.4f6757d4w4zNZA\">Fabricante de bolsas esportivas dur\u00e1veis para uso externo | F\u00e1brica de bolsas e mochilas \u00e0 prova d'\u00e1gua | OEM a granel<\/h5>\n<div class=\"flex flex-grow flex-col max-w-full\">\n<div class=\"min-h-[20px] text-message flex w-full flex-col items-end gap-2 whitespace-pre-wrap break-words [.text-message+&amp;]:mt-5 overflow-x-auto\" dir=\"auto\" data-message-author-role=\"assistant\" data-message-id=\"3d7d46f6-7ec2-4222-9257-48fa0bba23c6\" data-suggestions=\"true\">\n<div class=\"flex w-full flex-col gap-1 empty:hidden first:pt-[3px]\">\n<div class=\"markdown prose w-full break-words dark:prose-invert light\">\n<p>Precisa de bolsas esportivas dur\u00e1veis para uso externo que sobrevivam a aventuras dif\u00edceis? Como uma das principais f\u00e1bricas de bolsas \u00e0 prova d'\u00e1gua e fabricantes de mochilas na China, criamos bolsas esportivas dur\u00e1veis para caminhantes, ciclistas e atacadistas de bolsas crossbody em todo o mundo!<\/p>\n<table width=\"288\">\n<tbody>\n<tr>\n<td width=\"137\"><span style=\"color: #333333;\">Nome dos produtos<\/span><\/td>\n<td width=\"151\"><span style=\"color: #333333;\">Bolsa de m\u00e3o<\/span><\/td>\n<\/tr>\n<tr>\n<td><span style=\"color: #333333;\">Item No.<\/span><\/td>\n<td><span style=\"color: #333333;\">PB-2046<\/span><\/td>\n<\/tr>\n<tr>\n<td><span style=\"color: #333333;\">Material<\/span><\/td>\n<td>Poli\u00e9ster 600D<\/td>\n<\/tr>\n<tr>\n<td><span style=\"color: #333333;\">\u00a0Tamanho e cor<\/span><\/td>\n<td>24 x 9,5 x 32 cm<\/td>\n<\/tr>\n<tr>\n<td><span style=\"color: #333333;\">\u00a0Prazo de entrega<\/span><\/td>\n<td><span style=\"color: #333333;\">De 1 a 5 dias para pequenas quantidades por via a\u00e9rea e de 30 a 35 dias para grandes quantidades por via mar\u00edtima<\/span><\/td>\n<\/tr>\n<\/tbody>\n<\/table>\n<p class=\"ds-markdown-paragraph\">\u2705\u00a0<strong>Por que nossas bolsas esportivas dur\u00e1veis para uso externo vencem:<\/strong><\/p>\n<ul>\n<li>\n<p class=\"ds-markdown-paragraph\"><strong>Resistente<\/strong>Poli\u00e9ster 600D + costura refor\u00e7ada - suporta trilhas, pedras e chuvas!<\/p>\n<\/li>\n<li>\n<p class=\"ds-markdown-paragraph\"><strong>\u00c0 prova d'\u00e1gua e de suor<\/strong>: Revestimento de TPU com costuras seladas + malha respir\u00e1vel - perfeito para chuva ou exerc\u00edcios intensos.<\/p>\n<\/li>\n<li>\n<p class=\"ds-markdown-paragraph\"><strong>Energia para pedidos em massa<\/strong>: Produza pedidos em massa de bolsas crossbody (MOQ 100pcs) via ODM\/OEM ou marca pr\u00f3pria em 10 dias!<\/p>\n<\/li>\n<li>\n<p class=\"ds-markdown-paragraph\"><strong>Borda de custo da China<\/strong>: Como um dos principais fornecedores de bolsas crossbody da China, a qualidade encontra um pre\u00e7o de f\u00e1brica imbat\u00edvel.<\/p>\n<\/li>\n<\/ul>\n<p class=\"ds-markdown-paragraph\"><strong>Caracter\u00edsticas que os aventureiros adoram:<\/strong><br \/>\nCapacidade de 5L-10L (cabe garrafas de \u00e1gua, ferramentas, telefones) + bolso com bloqueio de RFID<br \/>\nAl\u00e7as ajust\u00e1veis (para todos os tipos de corpo) + z\u00edperes laterais de acesso r\u00e1pido<br \/>\nLogotipos refletivos para seguran\u00e7a noturna + tecido OEKO-TEX antimofo<br \/>\n\ud83d\udd39 Leve (0,5 kg) - ideal para escaladas, acampamentos ou deslocamentos urbanos<\/p>\n<p class=\"ds-markdown-paragraph\"><strong>Perfeito para:<\/strong><\/p>\n<ul>\n<li>\n<p class=\"ds-markdown-paragraph\">Varejistas de produtos para atividades ao ar livre e vendedores de bolsas crossbody<\/p>\n<\/li>\n<li>\n<p class=\"ds-markdown-paragraph\">Marcas esportivas e atacadistas de bolsas crossbody<\/p>\n<\/li>\n<li>\n<p class=\"ds-markdown-paragraph\">Startups que est\u00e3o criando linhas de marcas pr\u00f3prias de bolsas crossbody<\/p>\n<\/li>\n<\/ul>\n<p class=\"ds-markdown-paragraph\"><strong>Como trabalhamos:<\/strong><br \/>\n1\ufe0f\u20e3 Escolha entre mais de 80 designs robustos ou personalize o seu<br \/>\n2\ufe0f\u20e3 Prot\u00f3tipo em 5 dias \u2192 teste \u2192 produ\u00e7\u00e3o em massa<br \/>\n3\ufe0f\u20e3 Enviar por meio de redes de exporta\u00e7\u00e3o de bolsas crossbody (a\u00e9rea\/mar\u00edtima\/DDP)<\/p>\n<p class=\"ds-markdown-paragraph\"><strong>Por que confiar em n\u00f3s?<\/strong><br \/>\nMais de 10 anos de experi\u00eancia na fabrica\u00e7\u00e3o de bolsas crossbody<br \/>\nTecido 30% mais resistente do que os concorrentes<br \/>\nSuporte 24 horas por dia, 7 dias por semana, em ingl\u00eas, espanhol e alem\u00e3o<\/p>\n<p class=\"ds-markdown-paragraph\"><strong>Pronto para se preparar para as vendas externas?<\/strong><br \/>\n\ud83d\udc49\u00a0<strong>Amostras gr\u00e1tis<\/strong>\u00a0Dep\u00f3sito 20% \ud83d\udc49 Cota\u00e7\u00f5es 24h<\/p>\n<\/div>\n<\/div>\n<\/div>\n<\/div>","protected":false},"excerpt":{"rendered":"<h2 data-immersive-translate-walked=\"344be1c1-5052-41eb-8fcd-0dbe236a0d6b\" data-immersive-translate-paragraph=\"1\">Bolsa esportiva dur\u00e1vel para uso externo<\/h2>\n<div>1. Excelente impermeabiliza\u00e7\u00e3o: \u00c9 altamente \u00e0 prova d'\u00e1gua, resistente ao desgaste e f\u00e1cil de limpar. O z\u00edper da pequena bolsa de equipamento de pesca tamb\u00e9m \u00e9 \u00e0 prova d'\u00e1gua e \u00e0 prova de ferrugem, e n\u00e3o quebra mesmo ap\u00f3s o uso prolongado em um ambiente de \u00e1gua salgada.<\/div>\n<div><\/div>\n<div>\n<div>2. Leve e dur\u00e1vel: Pesando 0,68 libras, essa pochete de pesca \u00e9 mais leve e port\u00e1til do que uma mochila de pesca, o que a torna confort\u00e1vel de usar mesmo por longos per\u00edodos. Um z\u00edper robusto de duas vias no compartimento principal permite acess\u00e1-lo facilmente pelos dois lados<\/div>\n<\/div>","protected":false},"featured_media":3334,"template":"","meta":{"_uag_custom_page_level_css":""},"product_brand":[],"product_cat":[62],"product_tag":[],"class_list":{"0":"post-3317","1":"product","2":"type-product","3":"status-publish","4":"has-post-thumbnail","6":"product_cat-crossbody-bags","8":"first","9":"instock","10":"shipping-taxable","11":"product-type-simple"},"uagb_featured_image_src":{"full":["https:\/\/pecbag.com\/wp-content\/uploads\/2025\/05\/Durable-Outdoor-Sport-Crossbody-Bag-2-1.jpeg",800,800,false],"thumbnail":["https:\/\/pecbag.com\/wp-content\/uploads\/2025\/05\/Durable-Outdoor-Sport-Crossbody-Bag-2-1-150x150.jpeg",150,150,true],"medium":["https:\/\/pecbag.com\/wp-content\/uploads\/2025\/05\/Durable-Outdoor-Sport-Crossbody-Bag-2-1-300x300.jpeg",300,300,true],"medium_large":["https:\/\/pecbag.com\/wp-content\/uploads\/2025\/05\/Durable-Outdoor-Sport-Crossbody-Bag-2-1-768x768.jpeg",768,768,true],"large":["https:\/\/pecbag.com\/wp-content\/uploads\/2025\/05\/Durable-Outdoor-Sport-Crossbody-Bag-2-1.jpeg",800,800,false],"1536x1536":["https:\/\/pecbag.com\/wp-content\/uploads\/2025\/05\/Durable-Outdoor-Sport-Crossbody-Bag-2-1.jpeg",800,800,false],"2048x2048":["https:\/\/pecbag.com\/wp-content\/uploads\/2025\/05\/Durable-Outdoor-Sport-Crossbody-Bag-2-1.jpeg",800,800,false],"trp-custom-language-flag":["https:\/\/pecbag.com\/wp-content\/uploads\/2025\/05\/Durable-Outdoor-Sport-Crossbody-Bag-2-1-12x12.jpeg",12,12,true],"woocommerce_thumbnail":["https:\/\/pecbag.com\/wp-content\/uploads\/2025\/05\/Durable-Outdoor-Sport-Crossbody-Bag-2-1-300x300.jpeg",300,300,true],"woocommerce_single":["https:\/\/pecbag.com\/wp-content\/uploads\/2025\/05\/Durable-Outdoor-Sport-Crossbody-Bag-2-1-600x600.jpeg",600,600,true],"woocommerce_gallery_thumbnail":["https:\/\/pecbag.com\/wp-content\/uploads\/2025\/05\/Durable-Outdoor-Sport-Crossbody-Bag-2-1-100x100.jpeg",100,100,true]},"uagb_author_info":{"display_name":"Lawrence","author_link":"https:\/\/pecbag.com\/br\/author\/"},"uagb_comment_info":0,"uagb_excerpt":"Durable Outdoor Sport Crossbody Bag 1. Excellent waterproofing: It is highly waterproof, wear-resistant, and easy to clean. The zipper of the small fishing tackle bag is also waterproof and rust-proof, and will not break even after long-term use in a saltwater environment. 2. Lightweight and durable: Weighing 0.68 pounds, this fishing fanny pack is lighter&hellip;","_links":{"self":[{"href":"https:\/\/pecbag.com\/br\/wp-json\/wp\/v2\/product\/3317","targetHints":{"allow":["GET"]}}],"collection":[{"href":"https:\/\/pecbag.com\/br\/wp-json\/wp\/v2\/product"}],"about":[{"href":"https:\/\/pecbag.com\/br\/wp-json\/wp\/v2\/types\/product"}],"wp:featuredmedia":[{"embeddable":true,"href":"https:\/\/pecbag.com\/br\/wp-json\/wp\/v2\/media\/3334"}],"wp:attachment":[{"href":"https:\/\/pecbag.com\/br\/wp-json\/wp\/v2\/media?parent=3317"}],"wp:term":[{"taxonomy":"product_brand","embeddable":true,"href":"https:\/\/pecbag.com\/br\/wp-json\/wp\/v2\/product_brand?post=3317"},{"taxonomy":"product_cat","embeddable":true,"href":"https:\/\/pecbag.com\/br\/wp-json\/wp\/v2\/product_cat?post=3317"},{"taxonomy":"product_tag","embeddable":true,"href":"https:\/\/pecbag.com\/br\/wp-json\/wp\/v2\/product_tag?post=3317"}],"curies":[{"name":"wp","href":"https:\/\/api.w.org\/{rel}","templated":true}]}}