{"id":3324,"date":"2025-05-26T07:33:50","date_gmt":"2025-05-26T07:33:50","guid":{"rendered":"https:\/\/pecbag.com\/?post_type=product&#038;p=3324"},"modified":"2025-11-29T02:01:10","modified_gmt":"2025-11-29T02:01:10","slug":"customized-military-gear-messenger-bag","status":"publish","type":"product","link":"https:\/\/pecbag.com\/br\/customized-military-gear-messenger-bag\/","title":{"rendered":"Bolsa de transporte de equipamento militar personalizada"},"content":{"rendered":"<h5 title=\"Bolsa dobr\u00e1vel para c\u00e3es Bolsa de ombro de malha respir\u00e1vel para c\u00e3es e gatos de pequeno porte\" data-immersive-translate-walked=\"1c928421-2e42-4cd3-8754-5404553c0af5\" data-immersive-translate-paragraph=\"1\" data-spm-anchor-id=\"a2700.details.0.i35.4f6757d4w4zNZA\">Bolsas de mensageiro de equipamento militar personalizadas - F\u00e1brica de bolsas \u00e0 prova d'\u00e1gua e fabricante de mochilas - Solu\u00e7\u00f5es t\u00e1ticas OEM em massa<\/h5>\n<div class=\"flex flex-grow flex-col max-w-full\">\n<div class=\"min-h-[20px] text-message flex w-full flex-col items-end gap-2 whitespace-pre-wrap break-words [.text-message+&amp;]:mt-5 overflow-x-auto\" dir=\"auto\" data-message-author-role=\"assistant\" data-message-id=\"3d7d46f6-7ec2-4222-9257-48fa0bba23c6\" data-suggestions=\"true\">\n<div class=\"flex w-full flex-col gap-1 empty:hidden first:pt-[3px]\">\n<div class=\"markdown prose w-full break-words dark:prose-invert light\">\n<table width=\"288\">\n<tbody>\n<tr>\n<td width=\"137\"><span style=\"color: #333333;\">Nome dos produtos<\/span><\/td>\n<td width=\"151\"><span style=\"color: #333333;\">Bolsa de m\u00e3o<\/span><\/td>\n<\/tr>\n<tr>\n<td><span style=\"color: #333333;\">Item No.<\/span><\/td>\n<td><span style=\"color: #333333;\">PB-2047<\/span><\/td>\n<\/tr>\n<tr>\n<td><span style=\"color: #333333;\">Material<\/span><\/td>\n<td>Poli\u00e9ster 600D<\/td>\n<\/tr>\n<tr>\n<td><span style=\"color: #333333;\">Tamanho<\/span><\/td>\n<td>41*16*20cm<\/td>\n<\/tr>\n<tr>\n<td><span style=\"color: #333333;\">\u00a0Prazo de entrega<\/span><\/td>\n<td><span style=\"color: #333333;\">De 1 a 5 dias para pequenas quantidades por via a\u00e9rea e de 30 a 35 dias para grandes quantidades por via mar\u00edtima<\/span><\/td>\n<\/tr>\n<\/tbody>\n<\/table>\n<p>Como fabricante profissional de bolsas crossbody e fornecedor de bolsas crossbody na China, nos especializamos na produ\u00e7\u00e3o de bolsas mensageiras personalizadas para servi\u00e7o pesado com equipamento militar. Nossa f\u00e1brica de bolsas crossbody oferece:<br \/>\nBolsas militares imperme\u00e1veis para mensageiro com cintas MOLLE (nylon 500D-1000D)<br \/>\n\u2705 <strong>Servi\u00e7os OEM\/ODM<\/strong> para bolsas crossbody de marca pr\u00f3pria (MOQ 100pcs)<br \/>\nProdu\u00e7\u00e3o de bolsas crossbody a granel com prazo de entrega r\u00e1pido de 15 dias<br \/>\nBolsas crossbody t\u00e1ticas com certifica\u00e7\u00e3o MIL-SPEC para exporta\u00e7\u00e3o global<\/p>\n<p>Com a confian\u00e7a de unidades militares\/policiais e marcas de produtos para atividades ao ar livre em todo o mundo. Solicite amostras gr\u00e1tis de nossas bolsas crossbody fabricadas na China ou fa\u00e7a o download das especifica\u00e7\u00f5es t\u00e9cnicas. Os atacadistas de bolsas crossbody obt\u00eam descontos exclusivos em pedidos acima de 2.000 unidades.<\/p>\n<\/div>\n<\/div>\n<\/div>\n<\/div>","protected":false},"excerpt":{"rendered":"<h2 data-immersive-translate-walked=\"344be1c1-5052-41eb-8fcd-0dbe236a0d6b\" data-immersive-translate-paragraph=\"1\">Bolsa de transporte de equipamento militar personalizada<\/h2>\n<div>\n<p><strong>1. sistema MOLLE:\u00a0<\/strong>Bolsa de ombro t\u00e1tica Molle com sistema molle, pode ser usada como bolsa t\u00e1tica adicional e equipamento. O adesivo na frente permite que voc\u00ea cole o distintivo, tornando a bolsa exclusiva.<\/p>\n<p><strong>2. multifuncional:<\/strong>\u00a0O compartimento fechado espa\u00e7oso oferece espa\u00e7o de armazenamento amplo e seguro para o seu equipamento; o bolso frontal \u00e9 conveniente para acesso r\u00e1pido; o bolso interno \u00e9 conveniente para armazenar itens separadamente; o bolso com cord\u00e3o do lado esquerdo foi projetado como uma bolsa de vidro para beber; o bolso com abertura e fechamento com z\u00edper \u00e0 direita pode colocar itens pequenos.<\/p>\n<\/div>","protected":false},"featured_media":3323,"template":"","meta":{"_uag_custom_page_level_css":""},"product_brand":[],"product_cat":[62],"product_tag":[],"class_list":{"0":"post-3324","1":"product","2":"type-product","3":"status-publish","4":"has-post-thumbnail","6":"product_cat-crossbody-bags","8":"first","9":"instock","10":"shipping-taxable","11":"product-type-simple"},"uagb_featured_image_src":{"full":["https:\/\/pecbag.com\/wp-content\/uploads\/2025\/05\/Durable-Outdoor-Sport-Crossbody-Bag-5.jpeg",800,800,false],"thumbnail":["https:\/\/pecbag.com\/wp-content\/uploads\/2025\/05\/Durable-Outdoor-Sport-Crossbody-Bag-5-150x150.jpeg",150,150,true],"medium":["https:\/\/pecbag.com\/wp-content\/uploads\/2025\/05\/Durable-Outdoor-Sport-Crossbody-Bag-5-300x300.jpeg",300,300,true],"medium_large":["https:\/\/pecbag.com\/wp-content\/uploads\/2025\/05\/Durable-Outdoor-Sport-Crossbody-Bag-5-768x768.jpeg",768,768,true],"large":["https:\/\/pecbag.com\/wp-content\/uploads\/2025\/05\/Durable-Outdoor-Sport-Crossbody-Bag-5.jpeg",800,800,false],"1536x1536":["https:\/\/pecbag.com\/wp-content\/uploads\/2025\/05\/Durable-Outdoor-Sport-Crossbody-Bag-5.jpeg",800,800,false],"2048x2048":["https:\/\/pecbag.com\/wp-content\/uploads\/2025\/05\/Durable-Outdoor-Sport-Crossbody-Bag-5.jpeg",800,800,false],"trp-custom-language-flag":["https:\/\/pecbag.com\/wp-content\/uploads\/2025\/05\/Durable-Outdoor-Sport-Crossbody-Bag-5-12x12.jpeg",12,12,true],"woocommerce_thumbnail":["https:\/\/pecbag.com\/wp-content\/uploads\/2025\/05\/Durable-Outdoor-Sport-Crossbody-Bag-5-300x300.jpeg",300,300,true],"woocommerce_single":["https:\/\/pecbag.com\/wp-content\/uploads\/2025\/05\/Durable-Outdoor-Sport-Crossbody-Bag-5-600x600.jpeg",600,600,true],"woocommerce_gallery_thumbnail":["https:\/\/pecbag.com\/wp-content\/uploads\/2025\/05\/Durable-Outdoor-Sport-Crossbody-Bag-5-100x100.jpeg",100,100,true]},"uagb_author_info":{"display_name":"Lawrence","author_link":"https:\/\/pecbag.com\/br\/author\/"},"uagb_comment_info":0,"uagb_excerpt":"Customized Military Gear Messenger Bag 1.MOLLE system:\u00a0Molle tactical shoulder bag with molle system, can be used as an additional tactical pouch and equipment. The sticker on the front allows you to stick the badge, making the bag unique. 2.Multi-function:\u00a0The spacious closed compartment provides spacious and safe storage space for your equipment; the front pocket is&hellip;","_links":{"self":[{"href":"https:\/\/pecbag.com\/br\/wp-json\/wp\/v2\/product\/3324","targetHints":{"allow":["GET"]}}],"collection":[{"href":"https:\/\/pecbag.com\/br\/wp-json\/wp\/v2\/product"}],"about":[{"href":"https:\/\/pecbag.com\/br\/wp-json\/wp\/v2\/types\/product"}],"wp:featuredmedia":[{"embeddable":true,"href":"https:\/\/pecbag.com\/br\/wp-json\/wp\/v2\/media\/3323"}],"wp:attachment":[{"href":"https:\/\/pecbag.com\/br\/wp-json\/wp\/v2\/media?parent=3324"}],"wp:term":[{"taxonomy":"product_brand","embeddable":true,"href":"https:\/\/pecbag.com\/br\/wp-json\/wp\/v2\/product_brand?post=3324"},{"taxonomy":"product_cat","embeddable":true,"href":"https:\/\/pecbag.com\/br\/wp-json\/wp\/v2\/product_cat?post=3324"},{"taxonomy":"product_tag","embeddable":true,"href":"https:\/\/pecbag.com\/br\/wp-json\/wp\/v2\/product_tag?post=3324"}],"curies":[{"name":"wp","href":"https:\/\/api.w.org\/{rel}","templated":true}]}}