{"id":3325,"date":"2025-05-26T07:40:40","date_gmt":"2025-05-26T07:40:40","guid":{"rendered":"https:\/\/pecbag.com\/?post_type=product&#038;p=3325"},"modified":"2025-11-29T02:01:06","modified_gmt":"2025-11-29T02:01:06","slug":"factory-custom-color-fanny-waist-pack","status":"publish","type":"product","link":"https:\/\/pecbag.com\/br\/factory-custom-color-fanny-waist-pack\/","title":{"rendered":"Bolsa de cintura com pochete colorida personalizada de f\u00e1brica"},"content":{"rendered":"<h5 title=\"Bolsa dobr\u00e1vel para c\u00e3es Bolsa de ombro de malha respir\u00e1vel para c\u00e3es e gatos de pequeno porte\" data-immersive-translate-walked=\"1c928421-2e42-4cd3-8754-5404553c0af5\" data-immersive-translate-paragraph=\"1\" data-spm-anchor-id=\"a2700.details.0.i35.4f6757d4w4zNZA\">F\u00e1brica de pochetes coloridas personalizadas | F\u00e1brica de bolsas \u00e0 prova d'\u00e1gua e fabricante de mochilas - Solu\u00e7\u00f5es de mochilas OEM a granel<\/h5>\n<div class=\"flex flex-grow flex-col max-w-full\">\n<div class=\"min-h-[20px] text-message flex w-full flex-col items-end gap-2 whitespace-pre-wrap break-words [.text-message+&amp;]:mt-5 overflow-x-auto\" dir=\"auto\" data-message-author-role=\"assistant\" data-message-id=\"3d7d46f6-7ec2-4222-9257-48fa0bba23c6\" data-suggestions=\"true\">\n<div class=\"flex w-full flex-col gap-1 empty:hidden first:pt-[3px]\">\n<div class=\"markdown prose w-full break-words dark:prose-invert light\">\n<table width=\"288\">\n<tbody>\n<tr>\n<td width=\"137\"><span style=\"color: #333333;\">Nome dos produtos<\/span><\/td>\n<td width=\"151\"><span style=\"color: #333333;\">Bolsa de m\u00e3o<\/span><\/td>\n<\/tr>\n<tr>\n<td><span style=\"color: #333333;\">Item No.<\/span><\/td>\n<td><span style=\"color: #333333;\">PB-2048<\/span><\/td>\n<\/tr>\n<tr>\n<td><span style=\"color: #333333;\">Material<\/span><\/td>\n<td>Poli\u00e9ster 600D<\/td>\n<\/tr>\n<tr>\n<td><span style=\"color: #333333;\">\u00a0Tamanho e cor<\/span><\/td>\n<td>11 x 5 x 6 polegadas<\/td>\n<\/tr>\n<tr>\n<td><span style=\"color: #333333;\">\u00a0Prazo de entrega<\/span><\/td>\n<td><span style=\"color: #333333;\">De 1 a 5 dias para pequenas quantidades por via a\u00e9rea e de 30 a 35 dias para grandes quantidades por via mar\u00edtima<\/span><\/td>\n<\/tr>\n<\/tbody>\n<\/table>\n<p>Como principal fabricante de bolsas de corpo cruzado e f\u00e1brica de bolsas \u00e0 prova d'\u00e1gua da China, somos especializados na produ\u00e7\u00e3o de pochetes coloridas personalizadas de f\u00e1brica para marcas globais. Nossa empresa de bolsas crossbody oferece:<\/p>\n<p>\u2705 <strong>Bolsas de cintura personaliz\u00e1veis<\/strong> com mais de 200 op\u00e7\u00f5es de cores Pantone (MOQ 100pcs)<br \/>\n\u2705 <strong>Bolsas \u00e0 prova d'\u00e1gua<\/strong> usando nylon 420D-1680D com revestimento de TPU<br \/>\n\u2705 <strong>Servi\u00e7os OEM\/ODM<\/strong> para <strong>Embalagens de cintura de marca pr\u00f3pria<\/strong> - do design \u00e0 exporta\u00e7\u00e3o<br \/>\n\u2705 <strong>Produ\u00e7\u00e3o de pochetes a granel<\/strong> com entrega r\u00e1pida de 12 dias<\/p>\n<p>Confi\u00e1vel por atacadistas de bolsas crossbody e marcas de atividades ao ar livre em todo o mundo. Os recursos incluem:<br \/>\n- Bolsos com bloqueio de RFID e cinta MIL-STD<br \/>\n- Cintas ajust\u00e1veis na cintura (25 a 60 polegadas)<br \/>\n- Materiais ecol\u00f3gicos com certifica\u00e7\u00e3o OEKO-TEX<\/p>\n<p><strong>Por que escolher nossa f\u00e1brica de bolsas crossbody?<\/strong>?<br \/>\n18 anos como exportadores de bolsas crossbody da China<br \/>\nPrograma de amostra gr\u00e1tis com impress\u00e3o de logotipo personalizado<br \/>\nRemessa FOB\/DDP com certifica\u00e7\u00f5es REACH\/CPSC<\/p>\n<p>Solicite um pre\u00e7o imediato para seu projeto de bolsa de cintura colorida personalizada. Os fornecedores de bolsas crossbody desfrutam de descontos exclusivos para pedidos acima de 2.000 unidades.<\/p>\n<\/div>\n<\/div>\n<\/div>\n<\/div>","protected":false},"excerpt":{"rendered":"<h2 data-immersive-translate-walked=\"344be1c1-5052-41eb-8fcd-0dbe236a0d6b\" data-immersive-translate-paragraph=\"1\">Bolsa de cintura com pochete colorida personalizada de f\u00e1brica<\/h2>\n<div>\n<p>1. Constru\u00e7\u00e3o e multifuncionalidade: Equipada com 2 compartimentos frontais com z\u00edper, 1 compartimento traseiro com z\u00edper, 1 compartimento interno com z\u00edper e um forro de poli\u00e9ster, essa mochila manter\u00e1 suas carteiras de identidade, dinheiro e todos os outros objetos de valor protegidos contra roubo. Al\u00e9m disso, voc\u00ea pode transform\u00e1-la de uma pochete em uma bolsa transversal ou sobre o ombro.<\/p>\n<p>2. Tamanho da cintura: O cinto se ajusta aos tamanhos de cintura de 16\u2033 a 40\u2033, o que \u00e9 adequado para homens, mulheres, adolescentes e crian\u00e7as grandes. Al\u00e9m disso, essas pochetes da moda s\u00e3o presentes perfeitos para seus familiares e amigos.<\/p>\n<\/div>","protected":false},"featured_media":3329,"template":"","meta":{"_uag_custom_page_level_css":""},"product_brand":[],"product_cat":[62],"product_tag":[],"class_list":{"0":"post-3325","1":"product","2":"type-product","3":"status-publish","4":"has-post-thumbnail","6":"product_cat-crossbody-bags","8":"first","9":"instock","10":"shipping-taxable","11":"product-type-simple"},"uagb_featured_image_src":{"full":["https:\/\/pecbag.com\/wp-content\/uploads\/2025\/05\/Factory-Custom-Color-Fanny-Waist-Pack-2.jpeg",800,800,false],"thumbnail":["https:\/\/pecbag.com\/wp-content\/uploads\/2025\/05\/Factory-Custom-Color-Fanny-Waist-Pack-2-150x150.jpeg",150,150,true],"medium":["https:\/\/pecbag.com\/wp-content\/uploads\/2025\/05\/Factory-Custom-Color-Fanny-Waist-Pack-2-300x300.jpeg",300,300,true],"medium_large":["https:\/\/pecbag.com\/wp-content\/uploads\/2025\/05\/Factory-Custom-Color-Fanny-Waist-Pack-2-768x768.jpeg",768,768,true],"large":["https:\/\/pecbag.com\/wp-content\/uploads\/2025\/05\/Factory-Custom-Color-Fanny-Waist-Pack-2.jpeg",800,800,false],"1536x1536":["https:\/\/pecbag.com\/wp-content\/uploads\/2025\/05\/Factory-Custom-Color-Fanny-Waist-Pack-2.jpeg",800,800,false],"2048x2048":["https:\/\/pecbag.com\/wp-content\/uploads\/2025\/05\/Factory-Custom-Color-Fanny-Waist-Pack-2.jpeg",800,800,false],"trp-custom-language-flag":["https:\/\/pecbag.com\/wp-content\/uploads\/2025\/05\/Factory-Custom-Color-Fanny-Waist-Pack-2-12x12.jpeg",12,12,true],"woocommerce_thumbnail":["https:\/\/pecbag.com\/wp-content\/uploads\/2025\/05\/Factory-Custom-Color-Fanny-Waist-Pack-2-300x300.jpeg",300,300,true],"woocommerce_single":["https:\/\/pecbag.com\/wp-content\/uploads\/2025\/05\/Factory-Custom-Color-Fanny-Waist-Pack-2-600x600.jpeg",600,600,true],"woocommerce_gallery_thumbnail":["https:\/\/pecbag.com\/wp-content\/uploads\/2025\/05\/Factory-Custom-Color-Fanny-Waist-Pack-2-100x100.jpeg",100,100,true]},"uagb_author_info":{"display_name":"Lawrence","author_link":"https:\/\/pecbag.com\/br\/author\/"},"uagb_comment_info":0,"uagb_excerpt":"Factory Custom Color Fanny Waist Pack 1. Construction &amp; Multi-ways: Equipped with 2 front zippered compartments, 1 rear zipper compartment, 1 interior zipper compartment, and a polyester lining, this pack will keep your ID cards, money, and all other valuables safe from theft. Also, you can convert from a fanny pack to a crossbody bag&hellip;","_links":{"self":[{"href":"https:\/\/pecbag.com\/br\/wp-json\/wp\/v2\/product\/3325","targetHints":{"allow":["GET"]}}],"collection":[{"href":"https:\/\/pecbag.com\/br\/wp-json\/wp\/v2\/product"}],"about":[{"href":"https:\/\/pecbag.com\/br\/wp-json\/wp\/v2\/types\/product"}],"wp:featuredmedia":[{"embeddable":true,"href":"https:\/\/pecbag.com\/br\/wp-json\/wp\/v2\/media\/3329"}],"wp:attachment":[{"href":"https:\/\/pecbag.com\/br\/wp-json\/wp\/v2\/media?parent=3325"}],"wp:term":[{"taxonomy":"product_brand","embeddable":true,"href":"https:\/\/pecbag.com\/br\/wp-json\/wp\/v2\/product_brand?post=3325"},{"taxonomy":"product_cat","embeddable":true,"href":"https:\/\/pecbag.com\/br\/wp-json\/wp\/v2\/product_cat?post=3325"},{"taxonomy":"product_tag","embeddable":true,"href":"https:\/\/pecbag.com\/br\/wp-json\/wp\/v2\/product_tag?post=3325"}],"curies":[{"name":"wp","href":"https:\/\/api.w.org\/{rel}","templated":true}]}}