{"id":3339,"date":"2025-05-26T08:11:40","date_gmt":"2025-05-26T08:11:40","guid":{"rendered":"https:\/\/pecbag.com\/?post_type=product&#038;p=3339"},"modified":"2025-11-29T02:00:59","modified_gmt":"2025-11-29T02:00:59","slug":"stethoscope-organizer-belt-pocket-waist-bag","status":"publish","type":"product","link":"https:\/\/pecbag.com\/br\/stethoscope-organizer-belt-pocket-waist-bag\/","title":{"rendered":"Bolsa de cintura com bolso para cinto e organizador de estetosc\u00f3pio"},"content":{"rendered":"<h5 title=\"Bolsa dobr\u00e1vel para c\u00e3es Bolsa de ombro de malha respir\u00e1vel para c\u00e3es e gatos de pequeno porte\" data-immersive-translate-walked=\"1c928421-2e42-4cd3-8754-5404553c0af5\" data-immersive-translate-paragraph=\"1\" data-spm-anchor-id=\"a2700.details.0.i35.4f6757d4w4zNZA\">Bolsas de cintura com bolso para estetosc\u00f3pio e organizador de cinto - F\u00e1brica de bolsas e mochilas \u00e0 prova d'\u00e1gua - Solu\u00e7\u00f5es para bolsas para uso m\u00e9dico<\/h5>\n<div class=\"flex flex-grow flex-col max-w-full\">\n<div class=\"min-h-[20px] text-message flex w-full flex-col items-end gap-2 whitespace-pre-wrap break-words [.text-message+&amp;]:mt-5 overflow-x-auto\" dir=\"auto\" data-message-author-role=\"assistant\" data-message-id=\"3d7d46f6-7ec2-4222-9257-48fa0bba23c6\" data-suggestions=\"true\">\n<div class=\"flex w-full flex-col gap-1 empty:hidden first:pt-[3px]\">\n<div class=\"markdown prose w-full break-words dark:prose-invert light\">\n<table width=\"288\">\n<tbody>\n<tr>\n<td width=\"137\"><span style=\"color: #333333;\">Nome dos produtos<\/span><\/td>\n<td width=\"151\"><span style=\"color: #333333;\">Bolsa de m\u00e3o<\/span><\/td>\n<\/tr>\n<tr>\n<td><span style=\"color: #333333;\">Item No.<\/span><\/td>\n<td><span style=\"color: #333333;\">PB-2049<\/span><\/td>\n<\/tr>\n<tr>\n<td><span style=\"color: #333333;\">Material<\/span><\/td>\n<td>Poli\u00e9ster 600D<\/td>\n<\/tr>\n<tr>\n<td><span style=\"color: #333333;\">Tamanho<\/span><\/td>\n<td>17,5 x 24 cm<\/td>\n<\/tr>\n<tr>\n<td><span style=\"color: #333333;\">\u00a0Prazo de entrega<\/span><\/td>\n<td><span style=\"color: #333333;\">De 1 a 5 dias para pequenas quantidades por via a\u00e9rea e de 30 a 35 dias para grandes quantidades por via mar\u00edtima<\/span><\/td>\n<\/tr>\n<\/tbody>\n<\/table>\n<p>Como fabricante profissional de bolsas transversais e f\u00e1brica de bolsas \u00e0 prova d'\u00e1gua na China, somos especializados na produ\u00e7\u00e3o de bolsas de cintura com bolso para cinto organizador de estetosc\u00f3pio de n\u00edvel m\u00e9dico para profissionais da \u00e1rea de sa\u00fade. Nossa empresa de bolsas crossbody oferece:<\/p>\n<p>\u2705 <strong>Sacos organizadores em conformidade com a HIPAA<\/strong> com forro antimicrobiano (nylon revestido de PVC 500D)<br \/>\n\u2705 <strong>Bolsas de cintura m\u00e9dicas personalizadas<\/strong> com al\u00e7as para estetosc\u00f3pio e bolsos para instrumentos<br \/>\n\u2705 <strong>Servi\u00e7os OEM\/ODM<\/strong> para bolsas crossbody de marca pr\u00f3pria (MOQ 50pcs)<br \/>\n\u2705 <strong>Produ\u00e7\u00e3o de sacos m\u00e9dicos a granel<\/strong> com entrega r\u00e1pida em 10 dias<\/p>\n<p>Com a confian\u00e7a de atacadistas de bolsas crossbody e fornecedores hospitalares em todo o mundo. Os principais recursos incluem:<br \/>\n- Z\u00edperes \u00e0 prova d'\u00e1gua e superf\u00edcies limpas com pano<br \/>\n- Compartimentos com bloqueio de RFID para armazenamento seguro<br \/>\n- Cintas ajust\u00e1veis na cintura (28 a 52 polegadas)<\/p>\n<p><strong>Por que fazer parceria com nossa f\u00e1brica de bolsas crossbody\uff1f<\/strong><br \/>\n15 anos como l\u00edder na exporta\u00e7\u00e3o de bolsas crossbody da China<br \/>\nCertifica\u00e7\u00f5es CE\/FDA para dispositivos m\u00e9dicos dispon\u00edveis<br \/>\nDesenvolvimento gratuito de prot\u00f3tipos com seu logotipo<br \/>\nRemessa FOB\/DDP com suporte para libera\u00e7\u00e3o alfandeg\u00e1ria<\/p>\n<p>Solicite amostras gr\u00e1tis de nossas bolsas de cintura organizadoras de estetosc\u00f3pio ou obtenha pre\u00e7os imediatos. Os fornecedores de bolsas transversais economizam 15% em pedidos acima de 1.000 unidades.<\/p>\n<\/div>\n<\/div>\n<\/div>\n<\/div>","protected":false},"excerpt":{"rendered":"<h2 data-immersive-translate-walked=\"344be1c1-5052-41eb-8fcd-0dbe236a0d6b\" data-immersive-translate-paragraph=\"1\">Bolsa de cintura com bolso para cinto e organizador de estetosc\u00f3pio<\/h2>\n<div>\n<p>Bolsos multifuncionais oferecem mais espa\u00e7o - Bolsa de enfermagem perfeita para organizar suprimentos de enfermagem usados com frequ\u00eancia, como canetas, marcadores, tesouras para curativos, etc.<\/p>\n<\/div>","protected":false},"featured_media":3341,"template":"","meta":{"_uag_custom_page_level_css":""},"product_brand":[],"product_cat":[62],"product_tag":[],"class_list":{"0":"post-3339","1":"product","2":"type-product","3":"status-publish","4":"has-post-thumbnail","6":"product_cat-crossbody-bags","8":"first","9":"instock","10":"shipping-taxable","11":"product-type-simple"},"uagb_featured_image_src":{"full":["https:\/\/pecbag.com\/wp-content\/uploads\/2025\/05\/Stethoscope-Organizer-Belt-Pocket-Waist-Bag-6.jpeg",940,940,false],"thumbnail":["https:\/\/pecbag.com\/wp-content\/uploads\/2025\/05\/Stethoscope-Organizer-Belt-Pocket-Waist-Bag-6-150x150.jpeg",150,150,true],"medium":["https:\/\/pecbag.com\/wp-content\/uploads\/2025\/05\/Stethoscope-Organizer-Belt-Pocket-Waist-Bag-6-300x300.jpeg",300,300,true],"medium_large":["https:\/\/pecbag.com\/wp-content\/uploads\/2025\/05\/Stethoscope-Organizer-Belt-Pocket-Waist-Bag-6-768x768.jpeg",768,768,true],"large":["https:\/\/pecbag.com\/wp-content\/uploads\/2025\/05\/Stethoscope-Organizer-Belt-Pocket-Waist-Bag-6.jpeg",800,800,false],"1536x1536":["https:\/\/pecbag.com\/wp-content\/uploads\/2025\/05\/Stethoscope-Organizer-Belt-Pocket-Waist-Bag-6.jpeg",940,940,false],"2048x2048":["https:\/\/pecbag.com\/wp-content\/uploads\/2025\/05\/Stethoscope-Organizer-Belt-Pocket-Waist-Bag-6.jpeg",940,940,false],"trp-custom-language-flag":["https:\/\/pecbag.com\/wp-content\/uploads\/2025\/05\/Stethoscope-Organizer-Belt-Pocket-Waist-Bag-6-12x12.jpeg",12,12,true],"woocommerce_thumbnail":["https:\/\/pecbag.com\/wp-content\/uploads\/2025\/05\/Stethoscope-Organizer-Belt-Pocket-Waist-Bag-6-300x300.jpeg",300,300,true],"woocommerce_single":["https:\/\/pecbag.com\/wp-content\/uploads\/2025\/05\/Stethoscope-Organizer-Belt-Pocket-Waist-Bag-6-600x600.jpeg",600,600,true],"woocommerce_gallery_thumbnail":["https:\/\/pecbag.com\/wp-content\/uploads\/2025\/05\/Stethoscope-Organizer-Belt-Pocket-Waist-Bag-6-100x100.jpeg",100,100,true]},"uagb_author_info":{"display_name":"Lawrence","author_link":"https:\/\/pecbag.com\/br\/author\/"},"uagb_comment_info":0,"uagb_excerpt":"Stethoscope Organizer Belt Pocket Waist Bag Multifunction Pockets Offer More Room - Perfect nursing bag to organize frequently used nursing supplies, such as pens, markers, bandage scissors, etc.","_links":{"self":[{"href":"https:\/\/pecbag.com\/br\/wp-json\/wp\/v2\/product\/3339","targetHints":{"allow":["GET"]}}],"collection":[{"href":"https:\/\/pecbag.com\/br\/wp-json\/wp\/v2\/product"}],"about":[{"href":"https:\/\/pecbag.com\/br\/wp-json\/wp\/v2\/types\/product"}],"wp:featuredmedia":[{"embeddable":true,"href":"https:\/\/pecbag.com\/br\/wp-json\/wp\/v2\/media\/3341"}],"wp:attachment":[{"href":"https:\/\/pecbag.com\/br\/wp-json\/wp\/v2\/media?parent=3339"}],"wp:term":[{"taxonomy":"product_brand","embeddable":true,"href":"https:\/\/pecbag.com\/br\/wp-json\/wp\/v2\/product_brand?post=3339"},{"taxonomy":"product_cat","embeddable":true,"href":"https:\/\/pecbag.com\/br\/wp-json\/wp\/v2\/product_cat?post=3339"},{"taxonomy":"product_tag","embeddable":true,"href":"https:\/\/pecbag.com\/br\/wp-json\/wp\/v2\/product_tag?post=3339"}],"curies":[{"name":"wp","href":"https:\/\/api.w.org\/{rel}","templated":true}]}}