{"id":3354,"date":"2025-05-26T08:39:17","date_gmt":"2025-05-26T08:39:17","guid":{"rendered":"https:\/\/pecbag.com\/?post_type=product&#038;p=3354"},"modified":"2025-11-29T02:00:48","modified_gmt":"2025-11-29T02:00:48","slug":"wholesale-fashion-large-capacity-duffel-bag","status":"publish","type":"product","link":"https:\/\/pecbag.com\/br\/wholesale-fashion-large-capacity-duffel-bag\/","title":{"rendered":"Bolsa Duffel de grande capacidade no atacado"},"content":{"rendered":"<h5 title=\"Bolsa dobr\u00e1vel para c\u00e3es Bolsa de ombro de malha respir\u00e1vel para c\u00e3es e gatos de pequeno porte\" data-immersive-translate-walked=\"1c928421-2e42-4cd3-8754-5404553c0af5\" data-immersive-translate-paragraph=\"1\" data-spm-anchor-id=\"a2700.details.0.i35.4f6757d4w4zNZA\">Fabricante de bolsas imperme\u00e1veis e mochilas - Solu\u00e7\u00f5es OEM a granel<\/h5>\n<div class=\"flex flex-grow flex-col max-w-full\">\n<div class=\"min-h-[20px] text-message flex w-full flex-col items-end gap-2 whitespace-pre-wrap break-words [.text-message+&amp;]:mt-5 overflow-x-auto\" dir=\"auto\" data-message-author-role=\"assistant\" data-message-id=\"3d7d46f6-7ec2-4222-9257-48fa0bba23c6\" data-suggestions=\"true\">\n<div class=\"flex w-full flex-col gap-1 empty:hidden first:pt-[3px]\">\n<div class=\"markdown prose w-full break-words dark:prose-invert light\">\n<table width=\"288\">\n<tbody>\n<tr>\n<td width=\"137\"><span style=\"color: #333333;\">Nome dos produtos<\/span><\/td>\n<td width=\"151\">Bolsa Duffel<\/td>\n<\/tr>\n<tr>\n<td><span style=\"color: #333333;\">Item No.<\/span><\/td>\n<td><span style=\"color: #333333;\">PB-2051<\/span><\/td>\n<\/tr>\n<tr>\n<td><span style=\"color: #333333;\">Material<\/span><\/td>\n<td>Poli\u00e9ster 600D<\/td>\n<\/tr>\n<tr>\n<td><span style=\"color: #333333;\">Tamanho<\/span><\/td>\n<td><span style=\"color: #333333;\">40,6 cm x 40,6 cm x 73,7 cm<\/span><\/td>\n<\/tr>\n<tr>\n<td><span style=\"color: #333333;\">\u00a0Prazo de entrega<\/span><\/td>\n<td><span style=\"color: #333333;\">De 1 a 5 dias para pequenas quantidades por via a\u00e9rea e de 30 a 35 dias para grandes quantidades por via mar\u00edtima<\/span><\/td>\n<\/tr>\n<\/tbody>\n<\/table>\n<p>Como principal fabricante de sacolas de lona e f\u00e1brica de sacolas \u00e0 prova d'\u00e1gua na China, nos especializamos na produ\u00e7\u00e3o de sacolas de lona de grande capacidade com estilo no atacado para varejistas globais. Nossa empresa de bolsas de lona oferece:<\/p>\n<p>\u2705 <strong>Sacos de lona extragrandes de 100L<\/strong> com compartimentos expans\u00edveis (poli\u00e9ster revestido de PVC 600D)<br \/>\n\u2705 <strong>Bolsas de lona personalizadas<\/strong> com mais de 200 op\u00e7\u00f5es de cores Pantone (MOQ 50pcs)<br \/>\n\u2705 <strong>Servi\u00e7os ODM\/OEM<\/strong> para <strong>bolsas de lona de marca pr\u00f3pria<\/strong><br \/>\n\u2705 <strong>Produ\u00e7\u00e3o de sacos de lona a granel<\/strong> com entrega r\u00e1pida de 12 dias<\/p>\n<p>A confian\u00e7a de atacadistas de bolsas de lona e marcas de moda em todo o mundo. Os recursos incluem:<br \/>\n- Z\u00edperes \u00e0 prova d'\u00e1gua e tecido resistente a rasgos<br \/>\n- Al\u00e7as remov\u00edveis e compartimentos para cal\u00e7ados<br \/>\n- Dimens\u00f5es da bagagem de m\u00e3o aprovadas pela companhia a\u00e9rea<\/p>\n<p><strong>Por que escolher nossa f\u00e1brica de bolsas de lona<\/strong>:<br \/>\nMais de 10 anos como exportadores l\u00edderes de sacolas de lona da China<br \/>\nSuporte gratuito para design 3D e desenvolvimento de amostras<br \/>\nRemessa FOB\/DDP com certifica\u00e7\u00f5es REACH<br \/>\n\ud83d\udd39 Desconto de 15% em pedidos de atacado acima de 2.000 unidades<\/p>\n<p>Solicite amostras gr\u00e1tis de nossas bolsas de lona de grande capacidade ou obtenha cota\u00e7\u00f5es instant\u00e2neas. Os fornecedores de bolsas Duffel t\u00eam acesso priorit\u00e1rio a pre\u00e7os promocionais sazonais.<\/p>\n<\/div>\n<\/div>\n<\/div>\n<\/div>","protected":false},"excerpt":{"rendered":"<h2 data-immersive-translate-walked=\"344be1c1-5052-41eb-8fcd-0dbe236a0d6b\" data-immersive-translate-paragraph=\"1\">Bolsa Duffel de grande capacidade no atacado<\/h2>\n<p>Fornecemos bolsas premium com personaliza\u00e7\u00e3o total de tamanho e cor, tecidos dur\u00e1veis e qualidade certificada.<\/p>\n<p>Aproveite os MOQs flex\u00edveis, o envio global r\u00e1pido e as solu\u00e7\u00f5es de marca pr\u00f3pria.<\/p>\n<p>Entre em contato conosco hoje mesmo!<\/p>","protected":false},"featured_media":3360,"template":"","meta":{"_uag_custom_page_level_css":""},"product_brand":[],"product_cat":[63,56,67],"product_tag":[],"class_list":{"0":"post-3354","1":"product","2":"type-product","3":"status-publish","4":"has-post-thumbnail","6":"product_cat-duffel-bag","7":"product_cat-gym-bag","8":"product_cat-sports-bag","10":"first","11":"instock","12":"shipping-taxable","13":"product-type-simple"},"uagb_featured_image_src":{"full":["https:\/\/pecbag.com\/wp-content\/uploads\/2025\/05\/Wholesale-Fashion-Large-Capacity-Duffel-Bag-4.jpeg",1500,1500,false],"thumbnail":["https:\/\/pecbag.com\/wp-content\/uploads\/2025\/05\/Wholesale-Fashion-Large-Capacity-Duffel-Bag-4-150x150.jpeg",150,150,true],"medium":["https:\/\/pecbag.com\/wp-content\/uploads\/2025\/05\/Wholesale-Fashion-Large-Capacity-Duffel-Bag-4-300x300.jpeg",300,300,true],"medium_large":["https:\/\/pecbag.com\/wp-content\/uploads\/2025\/05\/Wholesale-Fashion-Large-Capacity-Duffel-Bag-4-768x768.jpeg",768,768,true],"large":["https:\/\/pecbag.com\/wp-content\/uploads\/2025\/05\/Wholesale-Fashion-Large-Capacity-Duffel-Bag-4-1024x1024.jpeg",800,800,true],"1536x1536":["https:\/\/pecbag.com\/wp-content\/uploads\/2025\/05\/Wholesale-Fashion-Large-Capacity-Duffel-Bag-4.jpeg",1500,1500,false],"2048x2048":["https:\/\/pecbag.com\/wp-content\/uploads\/2025\/05\/Wholesale-Fashion-Large-Capacity-Duffel-Bag-4.jpeg",1500,1500,false],"trp-custom-language-flag":["https:\/\/pecbag.com\/wp-content\/uploads\/2025\/05\/Wholesale-Fashion-Large-Capacity-Duffel-Bag-4-12x12.jpeg",12,12,true],"woocommerce_thumbnail":["https:\/\/pecbag.com\/wp-content\/uploads\/2025\/05\/Wholesale-Fashion-Large-Capacity-Duffel-Bag-4-300x300.jpeg",300,300,true],"woocommerce_single":["https:\/\/pecbag.com\/wp-content\/uploads\/2025\/05\/Wholesale-Fashion-Large-Capacity-Duffel-Bag-4-600x600.jpeg",600,600,true],"woocommerce_gallery_thumbnail":["https:\/\/pecbag.com\/wp-content\/uploads\/2025\/05\/Wholesale-Fashion-Large-Capacity-Duffel-Bag-4-100x100.jpeg",100,100,true]},"uagb_author_info":{"display_name":"Lawrence","author_link":"https:\/\/pecbag.com\/br\/author\/"},"uagb_comment_info":0,"uagb_excerpt":"Wholesale Fashion Large Capacity Duffel Bag We provide premium bags with full-size and color customization, durable fabrics, and certified quality. Enjoy flexible MOQs, fast global shipping, and private label solutions. Contact us today!","_links":{"self":[{"href":"https:\/\/pecbag.com\/br\/wp-json\/wp\/v2\/product\/3354","targetHints":{"allow":["GET"]}}],"collection":[{"href":"https:\/\/pecbag.com\/br\/wp-json\/wp\/v2\/product"}],"about":[{"href":"https:\/\/pecbag.com\/br\/wp-json\/wp\/v2\/types\/product"}],"wp:featuredmedia":[{"embeddable":true,"href":"https:\/\/pecbag.com\/br\/wp-json\/wp\/v2\/media\/3360"}],"wp:attachment":[{"href":"https:\/\/pecbag.com\/br\/wp-json\/wp\/v2\/media?parent=3354"}],"wp:term":[{"taxonomy":"product_brand","embeddable":true,"href":"https:\/\/pecbag.com\/br\/wp-json\/wp\/v2\/product_brand?post=3354"},{"taxonomy":"product_cat","embeddable":true,"href":"https:\/\/pecbag.com\/br\/wp-json\/wp\/v2\/product_cat?post=3354"},{"taxonomy":"product_tag","embeddable":true,"href":"https:\/\/pecbag.com\/br\/wp-json\/wp\/v2\/product_tag?post=3354"}],"curies":[{"name":"wp","href":"https:\/\/api.w.org\/{rel}","templated":true}]}}