{"id":3361,"date":"2025-05-26T08:46:22","date_gmt":"2025-05-26T08:46:22","guid":{"rendered":"https:\/\/pecbag.com\/?post_type=product&#038;p=3361"},"modified":"2025-11-29T02:00:41","modified_gmt":"2025-11-29T02:00:41","slug":"durable-oxford-sports-travel-duffel-bag","status":"publish","type":"product","link":"https:\/\/pecbag.com\/br\/durable-oxford-sports-travel-duffel-bag\/","title":{"rendered":"Bolsa de viagem esportiva dur\u00e1vel em Oxford"},"content":{"rendered":"<h5 title=\"Bolsa dobr\u00e1vel para c\u00e3es Bolsa de ombro de malha respir\u00e1vel para c\u00e3es e gatos de pequeno porte\" data-immersive-translate-walked=\"1c928421-2e42-4cd3-8754-5404553c0af5\" data-immersive-translate-paragraph=\"1\" data-spm-anchor-id=\"a2700.details.0.i35.4f6757d4w4zNZA\">Fabricante de mochilas e bolsas de viagem esportivas Oxford dur\u00e1veis - Solu\u00e7\u00f5es OEM em massa<\/h5>\n<div class=\"flex flex-grow flex-col max-w-full\">\n<div class=\"min-h-[20px] text-message flex w-full flex-col items-end gap-2 whitespace-pre-wrap break-words [.text-message+&amp;]:mt-5 overflow-x-auto\" dir=\"auto\" data-message-author-role=\"assistant\" data-message-id=\"3d7d46f6-7ec2-4222-9257-48fa0bba23c6\" data-suggestions=\"true\">\n<div class=\"flex w-full flex-col gap-1 empty:hidden first:pt-[3px]\">\n<div class=\"markdown prose w-full break-words dark:prose-invert light\">\n<table width=\"288\">\n<tbody>\n<tr>\n<td width=\"137\"><span style=\"color: #333333;\">Nome dos produtos<\/span><\/td>\n<td width=\"151\">Bolsa Duffel<\/td>\n<\/tr>\n<tr>\n<td><span style=\"color: #333333;\">Item No.<\/span><\/td>\n<td><span style=\"color: #333333;\">PB-2052<\/span><\/td>\n<\/tr>\n<tr>\n<td><span style=\"color: #333333;\">Material<\/span><\/td>\n<td>Ripstop com revestimento de couro<\/td>\n<\/tr>\n<tr>\n<td><span style=\"color: #333333;\">Tamanho e cor<\/span><\/td>\n<td><span style=\"color: #333333;\">Personalizado<\/span><\/td>\n<\/tr>\n<tr>\n<td><span style=\"color: #333333;\">\u00a0Prazo de entrega<\/span><\/td>\n<td><span style=\"color: #333333;\">De 1 a 5 dias para pequenas quantidades por via a\u00e9rea e de 30 a 35 dias para grandes quantidades por via mar\u00edtima<\/span><\/td>\n<\/tr>\n<\/tbody>\n<\/table>\n<p>Como fabricante l\u00edder de sacolas Duffel e f\u00e1brica de sacolas \u00e0 prova d'\u00e1gua na China, somos especializados em sacolas de viagem esportivas Oxford resistentes e dur\u00e1veis para distribuidores globais. Nossa empresa de bolsas Duffel fornece:<\/p>\n<p>\u2705 <strong>Bolsas de lona em tecido Oxford 1680D<\/strong> com revestimento \u00e0 prova d'\u00e1gua em TPU<br \/>\n\u2705 <strong>Sacos de lona esportivos personalizados<\/strong> com compartimentos ventilados para cal\u00e7ados (MOQ 100pcs)<br \/>\n\u2705 <strong>Servi\u00e7os ODM\/OEM<\/strong> para <strong>bolsas de lona de marca pr\u00f3pria<\/strong><br \/>\n\u2705 <strong>Produ\u00e7\u00e3o de sacos de lona a granel<\/strong> com entrega r\u00e1pida em 10 dias<\/p>\n<p>Confiado por atacadistas de bolsas Duffel e marcas esportivas em todo o mundo. Principais recursos:<br \/>\n- Z\u00edperes YKK de n\u00edvel militar e pontos de tens\u00e3o refor\u00e7ados<br \/>\n- Al\u00e7as de mochila remov\u00edveis e bolsos com prote\u00e7\u00e3o RFID<br \/>\n- Tamanho da bagagem de m\u00e3o de 22x14x9 polegadas aprovado pela companhia a\u00e9rea<\/p>\n<p><strong>Por que escolher nossa f\u00e1brica de bolsas Duffel<\/strong>:<br \/>\nMais de 15 anos como os principais exportadores de bolsas Duffel da China<br \/>\nDesign de pacote tecnol\u00f3gico 3D gratuito com seu logotipo<br \/>\nCertificado IP67 \u00e0 prova d'\u00e1gua e resistente \u00e0 abras\u00e3o<br \/>\n20% de desconto em pedidos acima de 1.500 unidades para fornecedores de bolsas Duffel<\/p>\n<p>Solicite amostras gr\u00e1tis de nossas bolsas de viagem esportivas Oxford ou obtenha cota\u00e7\u00f5es instant\u00e2neas. Os fornecedores de bolsas Duffel contam com gerentes de CQ dedicados e condi\u00e7\u00f5es EXW\/FOB.<\/p>\n<\/div>\n<\/div>\n<\/div>\n<\/div>","protected":false},"excerpt":{"rendered":"<h2 data-immersive-translate-walked=\"344be1c1-5052-41eb-8fcd-0dbe236a0d6b\" data-immersive-translate-paragraph=\"1\">Bolsa de viagem esportiva dur\u00e1vel em Oxford<\/h2>\n<p>Fornecemos bolsas premium com personaliza\u00e7\u00e3o total de tamanho e cor, tecidos dur\u00e1veis e qualidade certificada.<\/p>\n<p>Aproveite os MOQs flex\u00edveis, o envio global r\u00e1pido e as solu\u00e7\u00f5es de marca pr\u00f3pria.<\/p>\n<p>Entre em contato conosco hoje mesmo!<\/p>","protected":false},"featured_media":3366,"template":"","meta":{"_uag_custom_page_level_css":""},"product_brand":[],"product_cat":[63,56,67],"product_tag":[],"class_list":{"0":"post-3361","1":"product","2":"type-product","3":"status-publish","4":"has-post-thumbnail","6":"product_cat-duffel-bag","7":"product_cat-gym-bag","8":"product_cat-sports-bag","10":"first","11":"instock","12":"shipping-taxable","13":"product-type-simple"},"uagb_featured_image_src":{"full":["https:\/\/pecbag.com\/wp-content\/uploads\/2025\/05\/Durable-Oxford-Sports-Travel-Duffel-Bag-2.jpeg",1000,1000,false],"thumbnail":["https:\/\/pecbag.com\/wp-content\/uploads\/2025\/05\/Durable-Oxford-Sports-Travel-Duffel-Bag-2-150x150.jpeg",150,150,true],"medium":["https:\/\/pecbag.com\/wp-content\/uploads\/2025\/05\/Durable-Oxford-Sports-Travel-Duffel-Bag-2-300x300.jpeg",300,300,true],"medium_large":["https:\/\/pecbag.com\/wp-content\/uploads\/2025\/05\/Durable-Oxford-Sports-Travel-Duffel-Bag-2-768x768.jpeg",768,768,true],"large":["https:\/\/pecbag.com\/wp-content\/uploads\/2025\/05\/Durable-Oxford-Sports-Travel-Duffel-Bag-2.jpeg",800,800,false],"1536x1536":["https:\/\/pecbag.com\/wp-content\/uploads\/2025\/05\/Durable-Oxford-Sports-Travel-Duffel-Bag-2.jpeg",1000,1000,false],"2048x2048":["https:\/\/pecbag.com\/wp-content\/uploads\/2025\/05\/Durable-Oxford-Sports-Travel-Duffel-Bag-2.jpeg",1000,1000,false],"trp-custom-language-flag":["https:\/\/pecbag.com\/wp-content\/uploads\/2025\/05\/Durable-Oxford-Sports-Travel-Duffel-Bag-2-12x12.jpeg",12,12,true],"woocommerce_thumbnail":["https:\/\/pecbag.com\/wp-content\/uploads\/2025\/05\/Durable-Oxford-Sports-Travel-Duffel-Bag-2-300x300.jpeg",300,300,true],"woocommerce_single":["https:\/\/pecbag.com\/wp-content\/uploads\/2025\/05\/Durable-Oxford-Sports-Travel-Duffel-Bag-2-600x600.jpeg",600,600,true],"woocommerce_gallery_thumbnail":["https:\/\/pecbag.com\/wp-content\/uploads\/2025\/05\/Durable-Oxford-Sports-Travel-Duffel-Bag-2-100x100.jpeg",100,100,true]},"uagb_author_info":{"display_name":"Lawrence","author_link":"https:\/\/pecbag.com\/br\/author\/"},"uagb_comment_info":0,"uagb_excerpt":"Durable Oxford Sports Travel Duffel Bag We provide premium bags with full-size and color customization, durable fabrics, and certified quality. Enjoy flexible MOQs, fast global shipping, and private label solutions. Contact us today!","_links":{"self":[{"href":"https:\/\/pecbag.com\/br\/wp-json\/wp\/v2\/product\/3361","targetHints":{"allow":["GET"]}}],"collection":[{"href":"https:\/\/pecbag.com\/br\/wp-json\/wp\/v2\/product"}],"about":[{"href":"https:\/\/pecbag.com\/br\/wp-json\/wp\/v2\/types\/product"}],"wp:featuredmedia":[{"embeddable":true,"href":"https:\/\/pecbag.com\/br\/wp-json\/wp\/v2\/media\/3366"}],"wp:attachment":[{"href":"https:\/\/pecbag.com\/br\/wp-json\/wp\/v2\/media?parent=3361"}],"wp:term":[{"taxonomy":"product_brand","embeddable":true,"href":"https:\/\/pecbag.com\/br\/wp-json\/wp\/v2\/product_brand?post=3361"},{"taxonomy":"product_cat","embeddable":true,"href":"https:\/\/pecbag.com\/br\/wp-json\/wp\/v2\/product_cat?post=3361"},{"taxonomy":"product_tag","embeddable":true,"href":"https:\/\/pecbag.com\/br\/wp-json\/wp\/v2\/product_tag?post=3361"}],"curies":[{"name":"wp","href":"https:\/\/api.w.org\/{rel}","templated":true}]}}