{"id":3368,"date":"2025-05-26T09:16:35","date_gmt":"2025-05-26T09:16:35","guid":{"rendered":"https:\/\/pecbag.com\/?post_type=product&#038;p=3368"},"modified":"2025-11-29T02:00:35","modified_gmt":"2025-11-29T02:00:35","slug":"airline-friendly-sports-holdall-backpack","status":"publish","type":"product","link":"https:\/\/pecbag.com\/br\/airline-friendly-sports-holdall-backpack\/","title":{"rendered":"Mochila esportiva com v\u00e1rios compartimentos 4 em 1 para companhias a\u00e9reas"},"content":{"rendered":"<h5 title=\"Bolsa dobr\u00e1vel para c\u00e3es Bolsa de ombro de malha respir\u00e1vel para c\u00e3es e gatos de pequeno porte\" data-immersive-translate-walked=\"1c928421-2e42-4cd3-8754-5404553c0af5\" data-immersive-translate-paragraph=\"1\" data-spm-anchor-id=\"a2700.details.0.i35.4f6757d4w4zNZA\">Mochilas esportivas com v\u00e1rios compartimentos e compat\u00edveis com companhias a\u00e9reas 4 em 1 - F\u00e1brica de bolsas \u00e0 prova d'\u00e1gua e fabricante de mochilas - Bulk Duffel Bag Solutions<\/h5>\n<div class=\"flex flex-grow flex-col max-w-full\">\n<div class=\"min-h-[20px] text-message flex w-full flex-col items-end gap-2 whitespace-pre-wrap break-words [.text-message+&amp;]:mt-5 overflow-x-auto\" dir=\"auto\" data-message-author-role=\"assistant\" data-message-id=\"3d7d46f6-7ec2-4222-9257-48fa0bba23c6\" data-suggestions=\"true\">\n<div class=\"flex w-full flex-col gap-1 empty:hidden first:pt-[3px]\">\n<div class=\"markdown prose w-full break-words dark:prose-invert light\">\n<table width=\"288\">\n<tbody>\n<tr>\n<td width=\"137\"><span style=\"color: #333333;\">Nome dos produtos<\/span><\/td>\n<td width=\"151\">Bolsa Duffel<\/td>\n<\/tr>\n<tr>\n<td><span style=\"color: #333333;\">Item No.<\/span><\/td>\n<td><span style=\"color: #333333;\">PB-2053<\/span><\/td>\n<\/tr>\n<tr>\n<td><span style=\"color: #333333;\">Material<\/span><\/td>\n<td>Poli\u00e9ster 600D<\/td>\n<\/tr>\n<tr>\n<td><span style=\"color: #333333;\">Tamanho<\/span><\/td>\n<td>48 X 24 X 25 CM<\/td>\n<\/tr>\n<tr>\n<td><span style=\"color: #333333;\">\u00a0Prazo de entrega<\/span><\/td>\n<td><span style=\"color: #333333;\">De 1 a 5 dias para pequenas quantidades por via a\u00e9rea e de 30 a 35 dias para grandes quantidades por via mar\u00edtima<\/span><\/td>\n<\/tr>\n<\/tbody>\n<\/table>\n<p>Como o principal fabricante de sacolas de lona e f\u00e1brica de sacolas \u00e0 prova d'\u00e1gua da China, projetamos mochilas esportivas 4 em 1 vers\u00e1teis e com v\u00e1rios compartimentos para companhias a\u00e9reas para distribuidores globais. Nossa empresa de bolsas de lona oferece:<\/p>\n<p>\u2705 <strong>Projetos convers\u00edveis<\/strong> (modos mochila\/duffel\/crossbody\/com rodas)<br \/>\n\u2705 <strong>Compat\u00edvel com as companhias a\u00e9reas<\/strong> Dimens\u00f5es de 22x14x9 polegadas com travas aprovadas pela TSA<br \/>\n\u2705 <strong>Servi\u00e7os OEM\/ODM<\/strong> para <strong>mochilas de m\u00e3o de marca pr\u00f3pria<\/strong> (MOQ 100pcs)<br \/>\n\u2705 <strong>Produ\u00e7\u00e3o de sacos de lona a granel<\/strong> com entrega r\u00e1pida de 12 dias<\/p>\n<p>Com a confian\u00e7a de atacadistas de bolsas de lona e varejistas esportivos em todo o mundo. Principais inova\u00e7\u00f5es:<br \/>\n- Nylon bal\u00edstico 1680D com classifica\u00e7\u00e3o IPX6 \u00e0 prova d'\u00e1gua<br \/>\n- Mais de 12 compartimentos especializados (ventilados\/isolados\/seguros para RFID)<br \/>\n- Sistema de suspens\u00e3o de libera\u00e7\u00e3o r\u00e1pida e al\u00e7as ergon\u00f4micas<\/p>\n<p><strong>Por que fazer parceria com nossa f\u00e1brica de bolsas de lona<\/strong>:<br \/>\n18 anos como l\u00edder na exporta\u00e7\u00e3o de bolsas de lona da China<br \/>\nDesenvolvimento gratuito de prot\u00f3tipos 3D com sua marca<br \/>\nCertifica\u00e7\u00f5es CE\/SGS e remessa EXW\/FOB\/DDP<br \/>\nDesconto de 25% para fornecedores de sacolas de lona em pedidos de mais de 2.000 unidades<\/p>\n<p>Solicite amostras gr\u00e1tis de nossas mochilas esportivas 4 em 1 ou obtenha cota\u00e7\u00f5es instant\u00e2neas. Os fornecedores de bolsas Duffel recebem relat\u00f3rios de controle de qualidade dedicados e suporte de gerenciamento de estoque.<\/p>\n<\/div>\n<\/div>\n<\/div>\n<\/div>","protected":false},"excerpt":{"rendered":"<h2 data-immersive-translate-walked=\"344be1c1-5052-41eb-8fcd-0dbe236a0d6b\" data-immersive-translate-paragraph=\"1\">Mochila esportiva com v\u00e1rios compartimentos 4 em 1 para companhias a\u00e9reas<\/h2>\n<p>Bolso para roupas \u00famidas e compartimento para cal\u00e7ados: O bolso para roupas molhadas \u00e9 perfeito para guardar roupas suadas ou toalhas ap\u00f3s o treino; o compartimento para cal\u00e7ados permite que voc\u00ea armazene e acesse facilmente seus cal\u00e7ados de gin\u00e1stica sem sujar o compartimento principal.<\/p>\n<p>Bolsa transversal ou mochila: Nossa bolsa de viagem pode ser transformada em uma bolsa de corpo cruzado ou em uma mochila, conforme sua prefer\u00eancia, o que facilita sua viagem.<\/p>\n<p>Bolsa multifuncional: A bolsa multifuncional \u00e9 macia e tem amplas aplica\u00e7\u00f5es. Pode ser usada como bolsa de gin\u00e1stica, bolsa esportiva, bolsa de viagem, bolsa de fim de semana, bolsa de pernoite, bolsa hospitalar, bolsa de transporte, bolsa de nata\u00e7\u00e3o, etc<\/p>","protected":false},"featured_media":3373,"template":"","meta":{"_uag_custom_page_level_css":""},"product_brand":[],"product_cat":[63,56,67],"product_tag":[],"class_list":{"0":"post-3368","1":"product","2":"type-product","3":"status-publish","4":"has-post-thumbnail","6":"product_cat-duffel-bag","7":"product_cat-gym-bag","8":"product_cat-sports-bag","10":"first","11":"instock","12":"shipping-taxable","13":"product-type-simple"},"uagb_featured_image_src":{"full":["https:\/\/pecbag.com\/wp-content\/uploads\/2025\/05\/4-In-1-Airline-Friendly-Multi-Compartment-Sports-Holdall-Backpack-3.jpeg",1500,1500,false],"thumbnail":["https:\/\/pecbag.com\/wp-content\/uploads\/2025\/05\/4-In-1-Airline-Friendly-Multi-Compartment-Sports-Holdall-Backpack-3-150x150.jpeg",150,150,true],"medium":["https:\/\/pecbag.com\/wp-content\/uploads\/2025\/05\/4-In-1-Airline-Friendly-Multi-Compartment-Sports-Holdall-Backpack-3-300x300.jpeg",300,300,true],"medium_large":["https:\/\/pecbag.com\/wp-content\/uploads\/2025\/05\/4-In-1-Airline-Friendly-Multi-Compartment-Sports-Holdall-Backpack-3-768x768.jpeg",768,768,true],"large":["https:\/\/pecbag.com\/wp-content\/uploads\/2025\/05\/4-In-1-Airline-Friendly-Multi-Compartment-Sports-Holdall-Backpack-3-1024x1024.jpeg",800,800,true],"1536x1536":["https:\/\/pecbag.com\/wp-content\/uploads\/2025\/05\/4-In-1-Airline-Friendly-Multi-Compartment-Sports-Holdall-Backpack-3.jpeg",1500,1500,false],"2048x2048":["https:\/\/pecbag.com\/wp-content\/uploads\/2025\/05\/4-In-1-Airline-Friendly-Multi-Compartment-Sports-Holdall-Backpack-3.jpeg",1500,1500,false],"trp-custom-language-flag":["https:\/\/pecbag.com\/wp-content\/uploads\/2025\/05\/4-In-1-Airline-Friendly-Multi-Compartment-Sports-Holdall-Backpack-3-12x12.jpeg",12,12,true],"woocommerce_thumbnail":["https:\/\/pecbag.com\/wp-content\/uploads\/2025\/05\/4-In-1-Airline-Friendly-Multi-Compartment-Sports-Holdall-Backpack-3-300x300.jpeg",300,300,true],"woocommerce_single":["https:\/\/pecbag.com\/wp-content\/uploads\/2025\/05\/4-In-1-Airline-Friendly-Multi-Compartment-Sports-Holdall-Backpack-3-600x600.jpeg",600,600,true],"woocommerce_gallery_thumbnail":["https:\/\/pecbag.com\/wp-content\/uploads\/2025\/05\/4-In-1-Airline-Friendly-Multi-Compartment-Sports-Holdall-Backpack-3-100x100.jpeg",100,100,true]},"uagb_author_info":{"display_name":"Lawrence","author_link":"https:\/\/pecbag.com\/br\/author\/"},"uagb_comment_info":0,"uagb_excerpt":"4 In 1 Airline Friendly Multi-Compartment Sports Holdall Backpack Wet Pocket &amp; Shoe Compartment: The wet pocket is perfect for storing sweaty clothes or towels after your workout; The shoe compartment allows you to easily store and access your gym shoes without dirtying the main compartment. Cross-body or Backpack: Our Travel bag can be changed&hellip;","_links":{"self":[{"href":"https:\/\/pecbag.com\/br\/wp-json\/wp\/v2\/product\/3368","targetHints":{"allow":["GET"]}}],"collection":[{"href":"https:\/\/pecbag.com\/br\/wp-json\/wp\/v2\/product"}],"about":[{"href":"https:\/\/pecbag.com\/br\/wp-json\/wp\/v2\/types\/product"}],"wp:featuredmedia":[{"embeddable":true,"href":"https:\/\/pecbag.com\/br\/wp-json\/wp\/v2\/media\/3373"}],"wp:attachment":[{"href":"https:\/\/pecbag.com\/br\/wp-json\/wp\/v2\/media?parent=3368"}],"wp:term":[{"taxonomy":"product_brand","embeddable":true,"href":"https:\/\/pecbag.com\/br\/wp-json\/wp\/v2\/product_brand?post=3368"},{"taxonomy":"product_cat","embeddable":true,"href":"https:\/\/pecbag.com\/br\/wp-json\/wp\/v2\/product_cat?post=3368"},{"taxonomy":"product_tag","embeddable":true,"href":"https:\/\/pecbag.com\/br\/wp-json\/wp\/v2\/product_tag?post=3368"}],"curies":[{"name":"wp","href":"https:\/\/api.w.org\/{rel}","templated":true}]}}