{"id":3375,"date":"2025-05-26T09:33:23","date_gmt":"2025-05-26T09:33:23","guid":{"rendered":"https:\/\/pecbag.com\/?post_type=product&#038;p=3375"},"modified":"2025-11-29T02:00:28","modified_gmt":"2025-11-29T02:00:28","slug":"hot-selling-tackle-fishing-rod-bag","status":"publish","type":"product","link":"https:\/\/pecbag.com\/br\/hot-selling-tackle-fishing-rod-bag\/","title":{"rendered":"Bolsa para vara de pescar com equipamento de venda quente"},"content":{"rendered":"<h5 title=\"Bolsa dobr\u00e1vel para c\u00e3es Bolsa de ombro de malha respir\u00e1vel para c\u00e3es e gatos de pequeno porte\" data-immersive-translate-walked=\"1c928421-2e42-4cd3-8754-5404553c0af5\" data-immersive-translate-paragraph=\"1\" data-spm-anchor-id=\"a2700.details.0.i35.4f6757d4w4zNZA\">Bolsas para varas de pesca de equipamento de pesca de venda quente - F\u00e1brica de bolsas \u00e0 prova d'\u00e1gua e fabricante de mochilas - Solu\u00e7\u00f5es de equipamento de pesca a granel<\/h5>\n<div class=\"flex flex-grow flex-col max-w-full\">\n<div class=\"min-h-[20px] text-message flex w-full flex-col items-end gap-2 whitespace-pre-wrap break-words [.text-message+&amp;]:mt-5 overflow-x-auto\" dir=\"auto\" data-message-author-role=\"assistant\" data-message-id=\"3d7d46f6-7ec2-4222-9257-48fa0bba23c6\" data-suggestions=\"true\">\n<div class=\"flex w-full flex-col gap-1 empty:hidden first:pt-[3px]\">\n<div class=\"markdown prose w-full break-words dark:prose-invert light\">\n<table width=\"288\">\n<tbody>\n<tr>\n<td width=\"137\"><span style=\"color: #333333;\">Nome dos produtos<\/span><\/td>\n<td width=\"151\">Bolsa de pesca<\/td>\n<\/tr>\n<tr>\n<td><span style=\"color: #333333;\">Item No.<\/span><\/td>\n<td><span style=\"color: #333333;\">PB-2054<\/span><\/td>\n<\/tr>\n<tr>\n<td><span style=\"color: #333333;\">Material<\/span><\/td>\n<td>Poli\u00e9ster 600D<\/td>\n<\/tr>\n<tr>\n<td><span style=\"color: #333333;\">Tamanho<\/span><\/td>\n<td>30*15*20cm<\/td>\n<\/tr>\n<tr>\n<td><span style=\"color: #333333;\">\u00a0Prazo de entrega<\/span><\/td>\n<td><span style=\"color: #333333;\">De 1 a 5 dias para pequenas quantidades por via a\u00e9rea e de 30 a 35 dias para grandes quantidades por via mar\u00edtima<\/span><\/td>\n<\/tr>\n<\/tbody>\n<\/table>\n<p>Como fabricante l\u00edder de bolsas de pesca e f\u00e1brica de bolsas \u00e0 prova d'\u00e1gua da China, produzimos bolsas para varas de pesca de primeira linha para distribuidores globais. Nossa empresa de bolsas de pesca oferece:<\/p>\n<p>\u2705 <strong>Sacos com capacidade para 3-7 hastes<\/strong> com protetores de tubo de PVC e tecido Oxford 600D<br \/>\n\u2705 <strong>Bolsas de pesca personalizadas<\/strong> com caixas de equipamento modulares (MOQ 50pcs)<br \/>\n\u2705 <strong>Servi\u00e7os OEM\/ODM<\/strong> para <strong>equipamentos de pesca de marca pr\u00f3pria<\/strong><br \/>\n\u2705 <strong>Produ\u00e7\u00e3o de sacos de pesca a granel<\/strong> com entrega r\u00e1pida em 10 dias<\/p>\n<p>Com a confian\u00e7a de atacadistas de bolsas de pesca e marcas de produtos para atividades ao ar livre em todo o mundo. Os recursos incluem:<br \/>\n- Z\u00edperes \u00e0 prova d'\u00e1gua IPX5 e al\u00e7as de ombro refor\u00e7adas<br \/>\n- Bolsos de malha de secagem r\u00e1pida e ferragens de metal \u00e0 prova de ferrugem<br \/>\n- Modelos convers\u00edveis de mochila\/cruzeiro<\/p>\n<p><strong>Por que escolher nossa f\u00e1brica de sacos de pesca<\/strong>:<br \/>\nMais de 12 anos como os principais exportadores de sacos de pesca da China<br \/>\nDesign 3D gratuito com seu logotipo e esquema de cores<br \/>\nCertifica\u00e7\u00f5es CE\/SGS e suporte para remessa DDP<br \/>\n20% de desconto em pedidos acima de 1.000 unidades para vendedores de bolsas de pesca<\/p>\n<p>Solicite amostras gr\u00e1tis de nossas bolsas para varas de pesca ou obtenha cota\u00e7\u00f5es instant\u00e2neas. Os fornecedores de bolsas de pesca recebem prioridade na produ\u00e7\u00e3o e relat\u00f3rios de controle de qualidade.<\/p>\n<\/div>\n<\/div>\n<\/div>\n<\/div>","protected":false},"excerpt":{"rendered":"<h2 data-immersive-translate-walked=\"344be1c1-5052-41eb-8fcd-0dbe236a0d6b\" data-immersive-translate-paragraph=\"1\">Bolsa para vara de pescar com equipamento de venda quente<\/h2>\n<p>1. PROTE\u00c7\u00c3O CONFI\u00c1VEL: nossa bolsa de pesca \u00e9 feita de material resistente \u00e0 \u00e1gua para garantir que seu equipamento permane\u00e7a seco, seguro e f\u00e1cil<br \/>\npara acessar.<\/p>\n<p>2. MUITO ESPA\u00c7O: Essa bolsa para varas e equipamentos \u00e9 constru\u00edda com oito divis\u00f3rias externas para todas as suas varas, molinetes, moscas, linhas e outros itens.<br \/>\nequipamento. Carregue facilmente tudo o que voc\u00ea precisa para o lago ou rio e nunca se preocupe em deixar nada para tr\u00e1s.<\/p>\n<p>3. PORT\u00c1TIL: Pegue-a e v\u00e1 embora. Essa bolsa combinada com vara de pesca tem duas al\u00e7as de transporte acolchoadas e uma al\u00e7a de ombro remov\u00edvel. \u00c9 f\u00e1cil de<br \/>\ne apresenta z\u00edperes resistentes nos bolsos externos.<\/p>\n<p>4. DIMENS\u00d5ES: Essa bolsa mede 31,5\u2033 x 9,5\u2033 x 6\u2033 na parte externa e possui um compartimento principal que mede 30,5\u2033 x 8,75\u2033 x 3,75\u2033.<br \/>\nEle tem o tamanho perfeito para manter tudo organizado e ao alcance das m\u00e3os, al\u00e9m de manter um design facilmente port\u00e1til.<\/p>","protected":false},"featured_media":3378,"template":"","meta":{"_uag_custom_page_level_css":""},"product_brand":[],"product_cat":[61,62,46],"product_tag":[],"class_list":{"0":"post-3375","1":"product","2":"type-product","3":"status-publish","4":"has-post-thumbnail","6":"product_cat-chest-bag","7":"product_cat-crossbody-bags","8":"product_cat-fishing-bag","10":"first","11":"instock","12":"shipping-taxable","13":"product-type-simple"},"uagb_featured_image_src":{"full":["https:\/\/pecbag.com\/wp-content\/uploads\/2025\/05\/Hot-Selling-Tackle-Fishing-Rod-Bag-2-scaled.jpg",2560,1920,false],"thumbnail":["https:\/\/pecbag.com\/wp-content\/uploads\/2025\/05\/Hot-Selling-Tackle-Fishing-Rod-Bag-2-150x150.jpg",150,150,true],"medium":["https:\/\/pecbag.com\/wp-content\/uploads\/2025\/05\/Hot-Selling-Tackle-Fishing-Rod-Bag-2-300x225.jpg",300,225,true],"medium_large":["https:\/\/pecbag.com\/wp-content\/uploads\/2025\/05\/Hot-Selling-Tackle-Fishing-Rod-Bag-2-768x576.jpg",768,576,true],"large":["https:\/\/pecbag.com\/wp-content\/uploads\/2025\/05\/Hot-Selling-Tackle-Fishing-Rod-Bag-2-1024x768.jpg",800,600,true],"1536x1536":["https:\/\/pecbag.com\/wp-content\/uploads\/2025\/05\/Hot-Selling-Tackle-Fishing-Rod-Bag-2-1536x1152.jpg",1536,1152,true],"2048x2048":["https:\/\/pecbag.com\/wp-content\/uploads\/2025\/05\/Hot-Selling-Tackle-Fishing-Rod-Bag-2-2048x1536.jpg",2048,1536,true],"trp-custom-language-flag":["https:\/\/pecbag.com\/wp-content\/uploads\/2025\/05\/Hot-Selling-Tackle-Fishing-Rod-Bag-2-16x12.jpg",16,12,true],"woocommerce_thumbnail":["https:\/\/pecbag.com\/wp-content\/uploads\/2025\/05\/Hot-Selling-Tackle-Fishing-Rod-Bag-2-300x300.jpg",300,300,true],"woocommerce_single":["https:\/\/pecbag.com\/wp-content\/uploads\/2025\/05\/Hot-Selling-Tackle-Fishing-Rod-Bag-2-600x450.jpg",600,450,true],"woocommerce_gallery_thumbnail":["https:\/\/pecbag.com\/wp-content\/uploads\/2025\/05\/Hot-Selling-Tackle-Fishing-Rod-Bag-2-100x100.jpg",100,100,true]},"uagb_author_info":{"display_name":"Lawrence","author_link":"https:\/\/pecbag.com\/br\/author\/"},"uagb_comment_info":0,"uagb_excerpt":"Hot Selling Tackle Fishing Rod Bag 1. RELIABLE PROTECTION: Our fishing bag is constructed of water-resistant material to ensure your gear stays dry, safe, and easy to access. 2. LOTS OF ROOM: This rod and tackle bag is built with eight exterior dividers for all of your rods, reels, flies, line, and other gear. Easily&hellip;","_links":{"self":[{"href":"https:\/\/pecbag.com\/br\/wp-json\/wp\/v2\/product\/3375","targetHints":{"allow":["GET"]}}],"collection":[{"href":"https:\/\/pecbag.com\/br\/wp-json\/wp\/v2\/product"}],"about":[{"href":"https:\/\/pecbag.com\/br\/wp-json\/wp\/v2\/types\/product"}],"wp:featuredmedia":[{"embeddable":true,"href":"https:\/\/pecbag.com\/br\/wp-json\/wp\/v2\/media\/3378"}],"wp:attachment":[{"href":"https:\/\/pecbag.com\/br\/wp-json\/wp\/v2\/media?parent=3375"}],"wp:term":[{"taxonomy":"product_brand","embeddable":true,"href":"https:\/\/pecbag.com\/br\/wp-json\/wp\/v2\/product_brand?post=3375"},{"taxonomy":"product_cat","embeddable":true,"href":"https:\/\/pecbag.com\/br\/wp-json\/wp\/v2\/product_cat?post=3375"},{"taxonomy":"product_tag","embeddable":true,"href":"https:\/\/pecbag.com\/br\/wp-json\/wp\/v2\/product_tag?post=3375"}],"curies":[{"name":"wp","href":"https:\/\/api.w.org\/{rel}","templated":true}]}}