{"id":3382,"date":"2025-05-26T09:49:59","date_gmt":"2025-05-26T09:49:59","guid":{"rendered":"https:\/\/pecbag.com\/?post_type=product&#038;p=3382"},"modified":"2025-11-29T02:00:27","modified_gmt":"2025-11-29T02:00:27","slug":"new-design-pvc-waterproof-fishing-catch-bag","status":"publish","type":"product","link":"https:\/\/pecbag.com\/br\/new-design-pvc-waterproof-fishing-catch-bag\/","title":{"rendered":"Novo design de bolsa de pesca \u00e0 prova d'\u00e1gua em PVC"},"content":{"rendered":"<h5 title=\"Bolsa dobr\u00e1vel para c\u00e3es Bolsa de ombro de malha respir\u00e1vel para c\u00e3es e gatos de pequeno porte\" data-immersive-translate-walked=\"1c928421-2e42-4cd3-8754-5404553c0af5\" data-immersive-translate-paragraph=\"1\" data-spm-anchor-id=\"a2700.details.0.i35.4f6757d4w4zNZA\">Novo design de sacos de pesca \u00e0 prova d'\u00e1gua em PVC - F\u00e1brica de sacos \u00e0 prova d'\u00e1gua e fabricante de mochilas - Bulk Fishing Gear Solutions<\/h5>\n<div class=\"flex flex-grow flex-col max-w-full\">\n<div class=\"min-h-[20px] text-message flex w-full flex-col items-end gap-2 whitespace-pre-wrap break-words [.text-message+&amp;]:mt-5 overflow-x-auto\" dir=\"auto\" data-message-author-role=\"assistant\" data-message-id=\"3d7d46f6-7ec2-4222-9257-48fa0bba23c6\" data-suggestions=\"true\">\n<div class=\"flex w-full flex-col gap-1 empty:hidden first:pt-[3px]\">\n<div class=\"markdown prose w-full break-words dark:prose-invert light\">\n<table width=\"288\">\n<tbody>\n<tr>\n<td width=\"137\"><span style=\"color: #333333;\">Nome dos produtos<\/span><\/td>\n<td width=\"151\">Bolsa de pesca<\/td>\n<\/tr>\n<tr>\n<td><span style=\"color: #333333;\">Item No.<\/span><\/td>\n<td><span style=\"color: #333333;\">PB-2055<\/span><\/td>\n<\/tr>\n<tr>\n<td><span style=\"color: #333333;\">Material<\/span><\/td>\n<td>Lona de PVC 500D<\/td>\n<\/tr>\n<tr>\n<td><span style=\"color: #333333;\">Tamanho<\/span><\/td>\n<td><span style=\"color: #333333;\">40*16*6,5 polegadas<\/span><\/td>\n<\/tr>\n<tr>\n<td><span style=\"color: #333333;\">\u00a0Prazo de entrega<\/span><\/td>\n<td><span style=\"color: #333333;\">De 1 a 5 dias para pequenas quantidades por via a\u00e9rea e de 30 a 35 dias para grandes quantidades por via mar\u00edtima<\/span><\/td>\n<\/tr>\n<\/tbody>\n<\/table>\n<p>Como fabricante l\u00edder de sacolas de pesca e f\u00e1brica de sacolas \u00e0 prova d'\u00e1gua na China, inovamos com um novo design de sacolas de pesca \u00e0 prova d'\u00e1gua de PVC para pescadores de todo o mundo. Nossa empresa de bolsas de pesca fornece:<\/p>\n<p>\u2705 <strong>Sacos de coleta de PVC para servi\u00e7o pesado<\/strong> com costuras \u00e0 prova d'\u00e1gua 100% (0,8 mm de espessura)<br \/>\n\u2705 <strong>Redes de pesca personalizadas<\/strong> com compartimentos modulares (MOQ 50pcs)<br \/>\n\u2705 <strong>Servi\u00e7os OEM\/ODM<\/strong> para <strong>equipamentos de pesca de marca pr\u00f3pria<\/strong><br \/>\n\u2705 <strong>Produ\u00e7\u00e3o de sacos de pesca a granel<\/strong> com entrega r\u00e1pida de 7 dias<\/p>\n<p>Com a confian\u00e7a de atacadistas de bolsas de pesca e marcas de atividades ao ar livre em todo o mundo. Principais recursos:<br \/>\n- Al\u00e7as refor\u00e7adas e al\u00e7as de ombro remov\u00edveis<br \/>\n- Parte inferior de malha de drenagem r\u00e1pida e forro resistente a odores<br \/>\n- Design flutuante com faixas de seguran\u00e7a refletivas<\/p>\n<p><strong>Por que escolher nossa f\u00e1brica de sacos de pesca<\/strong>:<br \/>\nMais de 15 anos como os principais exportadores de sacos de pesca da China<br \/>\nDesign 3D gratuito com seu logotipo e correspond\u00eancia de cores<br \/>\nMateriais de PVC com certifica\u00e7\u00e3o SGS e conformidade com o REACH<br \/>\nDesconto de 25% para fornecedores de sacos de pesca com mais de 2.000 unidades<\/p>\n<p>Solicite amostras gr\u00e1tis de nossos sacos de pesca de PVC \u00e0 prova d'\u00e1gua ou obtenha cota\u00e7\u00f5es instant\u00e2neas. Os fornecedores de sacos de pesca t\u00eam prioridade de produ\u00e7\u00e3o e garantias de controle de qualidade.<\/p>\n<\/div>\n<\/div>\n<\/div>\n<\/div>","protected":false},"excerpt":{"rendered":"<h2 data-immersive-translate-walked=\"344be1c1-5052-41eb-8fcd-0dbe236a0d6b\" data-immersive-translate-paragraph=\"1\">Novo design de bolsa de pesca \u00e0 prova d'\u00e1gua em PVC<\/h2>\n<p>Fornecemos bolsas premium com personaliza\u00e7\u00e3o total de tamanho e cor, tecidos dur\u00e1veis e qualidade certificada.<\/p>\n<p>Aproveite os MOQs flex\u00edveis, o envio global r\u00e1pido e as solu\u00e7\u00f5es de marca pr\u00f3pria.<\/p>\n<p>Entre em contato conosco hoje mesmo!<\/p>","protected":false},"featured_media":3387,"template":"","meta":{"_uag_custom_page_level_css":""},"product_brand":[],"product_cat":[46,50],"product_tag":[],"class_list":{"0":"post-3382","1":"product","2":"type-product","3":"status-publish","4":"has-post-thumbnail","6":"product_cat-fishing-bag","7":"product_cat-cooler-bag","9":"first","10":"instock","11":"shipping-taxable","12":"product-type-simple"},"uagb_featured_image_src":{"full":["https:\/\/pecbag.com\/wp-content\/uploads\/2025\/05\/New-Design-PVC-Waterproof-Fishing-Catch-Bag-2.jpeg",1000,1000,false],"thumbnail":["https:\/\/pecbag.com\/wp-content\/uploads\/2025\/05\/New-Design-PVC-Waterproof-Fishing-Catch-Bag-2-150x150.jpeg",150,150,true],"medium":["https:\/\/pecbag.com\/wp-content\/uploads\/2025\/05\/New-Design-PVC-Waterproof-Fishing-Catch-Bag-2-300x300.jpeg",300,300,true],"medium_large":["https:\/\/pecbag.com\/wp-content\/uploads\/2025\/05\/New-Design-PVC-Waterproof-Fishing-Catch-Bag-2-768x768.jpeg",768,768,true],"large":["https:\/\/pecbag.com\/wp-content\/uploads\/2025\/05\/New-Design-PVC-Waterproof-Fishing-Catch-Bag-2.jpeg",800,800,false],"1536x1536":["https:\/\/pecbag.com\/wp-content\/uploads\/2025\/05\/New-Design-PVC-Waterproof-Fishing-Catch-Bag-2.jpeg",1000,1000,false],"2048x2048":["https:\/\/pecbag.com\/wp-content\/uploads\/2025\/05\/New-Design-PVC-Waterproof-Fishing-Catch-Bag-2.jpeg",1000,1000,false],"trp-custom-language-flag":["https:\/\/pecbag.com\/wp-content\/uploads\/2025\/05\/New-Design-PVC-Waterproof-Fishing-Catch-Bag-2-12x12.jpeg",12,12,true],"woocommerce_thumbnail":["https:\/\/pecbag.com\/wp-content\/uploads\/2025\/05\/New-Design-PVC-Waterproof-Fishing-Catch-Bag-2-300x300.jpeg",300,300,true],"woocommerce_single":["https:\/\/pecbag.com\/wp-content\/uploads\/2025\/05\/New-Design-PVC-Waterproof-Fishing-Catch-Bag-2-600x600.jpeg",600,600,true],"woocommerce_gallery_thumbnail":["https:\/\/pecbag.com\/wp-content\/uploads\/2025\/05\/New-Design-PVC-Waterproof-Fishing-Catch-Bag-2-100x100.jpeg",100,100,true]},"uagb_author_info":{"display_name":"Lawrence","author_link":"https:\/\/pecbag.com\/br\/author\/"},"uagb_comment_info":0,"uagb_excerpt":"New Design PVC Waterproof Fishing Catch Bag We provide premium bags with full-size and color customization, durable fabrics, and certified quality. Enjoy flexible MOQs, fast global shipping, and private label solutions. Contact us today!","_links":{"self":[{"href":"https:\/\/pecbag.com\/br\/wp-json\/wp\/v2\/product\/3382","targetHints":{"allow":["GET"]}}],"collection":[{"href":"https:\/\/pecbag.com\/br\/wp-json\/wp\/v2\/product"}],"about":[{"href":"https:\/\/pecbag.com\/br\/wp-json\/wp\/v2\/types\/product"}],"wp:featuredmedia":[{"embeddable":true,"href":"https:\/\/pecbag.com\/br\/wp-json\/wp\/v2\/media\/3387"}],"wp:attachment":[{"href":"https:\/\/pecbag.com\/br\/wp-json\/wp\/v2\/media?parent=3382"}],"wp:term":[{"taxonomy":"product_brand","embeddable":true,"href":"https:\/\/pecbag.com\/br\/wp-json\/wp\/v2\/product_brand?post=3382"},{"taxonomy":"product_cat","embeddable":true,"href":"https:\/\/pecbag.com\/br\/wp-json\/wp\/v2\/product_cat?post=3382"},{"taxonomy":"product_tag","embeddable":true,"href":"https:\/\/pecbag.com\/br\/wp-json\/wp\/v2\/product_tag?post=3382"}],"curies":[{"name":"wp","href":"https:\/\/api.w.org\/{rel}","templated":true}]}}