{"id":3389,"date":"2025-05-26T10:00:36","date_gmt":"2025-05-26T10:00:36","guid":{"rendered":"https:\/\/pecbag.com\/?post_type=product&#038;p=3389"},"modified":"2025-11-29T02:00:22","modified_gmt":"2025-11-29T02:00:22","slug":"new-design-portable-large-fishing-cooler-bag","status":"publish","type":"product","link":"https:\/\/pecbag.com\/br\/new-design-portable-large-fishing-cooler-bag\/","title":{"rendered":"Bolsa t\u00e9rmica grande e port\u00e1til para pesca com novo design"},"content":{"rendered":"<h5 title=\"Bolsa dobr\u00e1vel para c\u00e3es Bolsa de ombro de malha respir\u00e1vel para c\u00e3es e gatos de pequeno porte\" data-immersive-translate-walked=\"1c928421-2e42-4cd3-8754-5404553c0af5\" data-immersive-translate-paragraph=\"1\" data-spm-anchor-id=\"a2700.details.0.i35.4f6757d4w4zNZA\">Novo design de bolsa t\u00e9rmica grande e port\u00e1til para pesca Fabricante | F\u00e1brica de roupas vers\u00e1teis para animais de estima\u00e7\u00e3o e roupas para c\u00e3es Fabricante | OEM a granel<\/h5>\n<div class=\"flex flex-grow flex-col max-w-full\">\n<div class=\"min-h-[20px] text-message flex w-full flex-col items-end gap-2 whitespace-pre-wrap break-words [.text-message+&amp;]:mt-5 overflow-x-auto\" dir=\"auto\" data-message-author-role=\"assistant\" data-message-id=\"3d7d46f6-7ec2-4222-9257-48fa0bba23c6\" data-suggestions=\"true\">\n<div class=\"flex w-full flex-col gap-1 empty:hidden first:pt-[3px]\">\n<div class=\"markdown prose w-full break-words dark:prose-invert light\">\n<table width=\"288\">\n<tbody>\n<tr>\n<td width=\"137\"><span style=\"color: #333333;\">Nome dos produtos<\/span><\/td>\n<td width=\"151\">Bolsa de pesca<\/td>\n<\/tr>\n<tr>\n<td><span style=\"color: #333333;\">Item No.<\/span><\/td>\n<td><span style=\"color: #333333;\">PB-210<\/span><\/td>\n<\/tr>\n<tr>\n<td><span style=\"color: #333333;\">Material<\/span><\/td>\n<td>Lona de PVC 500D<\/td>\n<\/tr>\n<tr>\n<td><span style=\"color: #333333;\">Tamanho<\/span><\/td>\n<td>Aceitar personalizado<\/td>\n<\/tr>\n<tr>\n<td><span style=\"color: #333333;\">\u00a0Prazo de entrega<\/span><\/td>\n<td><span style=\"color: #333333;\">De 1 a 5 dias para pequenas quantidades por via a\u00e9rea e de 30 a 35 dias para grandes quantidades por via mar\u00edtima<\/span><\/td>\n<\/tr>\n<\/tbody>\n<\/table>\n<p class=\"ds-markdown-paragraph\">Necessita de um novo design de bolsas t\u00e9rmicas grandes e port\u00e1teis para pesca que mantenham as capturas frescas\u00a0<em>e<\/em>\u00a0equipamento organizado? Como uma f\u00e1brica de vestu\u00e1rio para animais de estima\u00e7\u00e3o e fabricante de roupas para c\u00e3es na China, aproveitamos nossa experi\u00eancia para criar bolsas t\u00e9rmicas grandes e port\u00e1teis para pesca de alto n\u00edvel - com a confian\u00e7a de marcas de pesca, varejistas de artigos para atividades ao ar livre e atacadistas de bolsas de pesca!<\/p>\n<p class=\"ds-markdown-paragraph\">\u2705\u00a0<strong>Por que os pescadores e varejistas nos escolhem:<\/strong><\/p>\n<ul>\n<li>\n<p class=\"ds-markdown-paragraph\"><strong>Reten\u00e7\u00e3o de gelo durante todo o dia<\/strong>: Isolamento ecol\u00f3gico de 5 cm + costuras \u00e0 prova de vazamentos - mant\u00e9m peixes\/bebidas frias refrigerados por mais de 48 horas!<\/p>\n<\/li>\n<li>\n<p class=\"ds-markdown-paragraph\"><strong>Port\u00e1til e espa\u00e7oso<\/strong>Capacidade de 60L + rodas dobr\u00e1veis\/al\u00e7a telesc\u00f3pica - transporte cargas pesadas sem esfor\u00e7o.<\/p>\n<\/li>\n<li>\n<p class=\"ds-markdown-paragraph\"><strong>Pronto para pedidos em massa<\/strong>: Produzir pedidos em massa de sacos de pesca (MOQ 50pcs) via ODM\/OEM de sacos de pesca ou marca pr\u00f3pria em 12 dias!<\/p>\n<\/li>\n<li>\n<p class=\"ds-markdown-paragraph\"><strong>Vantagem de custo da China<\/strong>: Como uma das principais f\u00e1bricas de sacos de pesca da China, a qualidade profissional encontra um pre\u00e7o imbat\u00edvel.<\/p>\n<\/li>\n<\/ul>\n<p class=\"ds-markdown-paragraph\"><strong>Recursos que atraem as vendas:<\/strong><br \/>\n\ud83d\udd39\u00a0<strong>Projeto espec\u00edfico para peixes<\/strong>: Buj\u00e3o de drenagem + bandejas de isca remov\u00edveis + ferragens \u00e0 prova de ferrugem<br \/>\nOrganiza\u00e7\u00e3o do equipamento: mais de 8 compartimentos modulares + suportes para varas<br \/>\nCarca\u00e7a revestida de TPU 1200D (IPX6 \u00e0 prova d'\u00e1gua) + base resistente a rasgos<br \/>\n\ud83d\udd39 Interiores com certifica\u00e7\u00e3o OEKO-TEX - n\u00e3o h\u00e1 manchas qu\u00edmicas a serem capturadas<\/p>\n<p class=\"ds-markdown-paragraph\"><strong>Perfeito para:<\/strong><\/p>\n<ul>\n<li>\n<p class=\"ds-markdown-paragraph\">Lojas de equipamentos de pesca e vendedores de bolsas de pesca<\/p>\n<\/li>\n<li>\n<p class=\"ds-markdown-paragraph\">Atacadistas de correntes para atividades ao ar livre e bolsas de pesca<\/p>\n<\/li>\n<li>\n<p class=\"ds-markdown-paragraph\">Startups que est\u00e3o criando marcas pr\u00f3prias de sacolas de pesca<\/p>\n<\/li>\n<\/ul>\n<p class=\"ds-markdown-paragraph\"><strong>Sua jornada de produ\u00e7\u00e3o:<\/strong><br \/>\n1\ufe0f\u20e3 Personalize cores\/logotipo (ou escolha mais de 40 designs espec\u00edficos para pesca)<br \/>\n2\ufe0f\u20e3 Prot\u00f3tipo em 6 dias \u2192 teste de \u00e1gua \u2192 produ\u00e7\u00e3o em massa<br \/>\n3\ufe0f\u20e3 Envio por meio de redes de exporta\u00e7\u00e3o de sacos de pesca (DDP a\u00e9reo\/mar\u00edtimo em todo o mundo)<\/p>\n<p class=\"ds-markdown-paragraph\"><strong>Credenciais de f\u00e1brica:<\/strong><br \/>\nMais de 12 anos de experi\u00eancia em fabrica\u00e7\u00e3o (equipamentos para animais de estima\u00e7\u00e3o e produtos para atividades ao ar livre)<br \/>\nIsolamento mais espesso do 30% em compara\u00e7\u00e3o com os resfriadores padr\u00e3o<br \/>\n\u2705 Certifica\u00e7\u00f5es: ISO 9001, SGS, BSCI<\/p>\n<p class=\"ds-markdown-paragraph\"><strong>Pronto para receber pedidos maiores?<\/strong><br \/>\n\ud83d\udc49\u00a0<strong>Amostras gr\u00e1tis testadas em \u00e1gua<\/strong>\u00a0\ud83d\udc49 Dep\u00f3sito 15% \ud83d\udc49 Cota\u00e7\u00f5es 24h<\/p>\n<\/div>\n<\/div>\n<\/div>\n<\/div>","protected":false},"excerpt":{"rendered":"<h2 data-immersive-translate-walked=\"344be1c1-5052-41eb-8fcd-0dbe236a0d6b\" data-immersive-translate-paragraph=\"1\">Bolsa t\u00e9rmica grande e port\u00e1til para pesca com novo design<\/h2>\n<p>Fornecemos bolsas premium com personaliza\u00e7\u00e3o total de tamanho e cor, tecidos dur\u00e1veis e qualidade certificada.<\/p>\n<p>Aproveite os MOQs flex\u00edveis, o envio global r\u00e1pido e as solu\u00e7\u00f5es de marca pr\u00f3pria.<\/p>\n<p>Entre em contato conosco hoje mesmo!<\/p>","protected":false},"featured_media":4071,"template":"","meta":{"_uag_custom_page_level_css":""},"product_brand":[],"product_cat":[46,50],"product_tag":[],"class_list":{"0":"post-3389","1":"product","2":"type-product","3":"status-publish","4":"has-post-thumbnail","6":"product_cat-fishing-bag","7":"product_cat-cooler-bag","9":"first","10":"instock","11":"shipping-taxable","12":"product-type-simple"},"uagb_featured_image_src":{"full":["https:\/\/pecbag.com\/wp-content\/uploads\/2025\/06\/New-Design-Portable-Large-Fishing-Cooler-Bag-5.jpg",1000,1000,false],"thumbnail":["https:\/\/pecbag.com\/wp-content\/uploads\/2025\/06\/New-Design-Portable-Large-Fishing-Cooler-Bag-5-150x150.jpg",150,150,true],"medium":["https:\/\/pecbag.com\/wp-content\/uploads\/2025\/06\/New-Design-Portable-Large-Fishing-Cooler-Bag-5-300x300.jpg",300,300,true],"medium_large":["https:\/\/pecbag.com\/wp-content\/uploads\/2025\/06\/New-Design-Portable-Large-Fishing-Cooler-Bag-5-768x768.jpg",768,768,true],"large":["https:\/\/pecbag.com\/wp-content\/uploads\/2025\/06\/New-Design-Portable-Large-Fishing-Cooler-Bag-5.jpg",800,800,false],"1536x1536":["https:\/\/pecbag.com\/wp-content\/uploads\/2025\/06\/New-Design-Portable-Large-Fishing-Cooler-Bag-5.jpg",1000,1000,false],"2048x2048":["https:\/\/pecbag.com\/wp-content\/uploads\/2025\/06\/New-Design-Portable-Large-Fishing-Cooler-Bag-5.jpg",1000,1000,false],"trp-custom-language-flag":["https:\/\/pecbag.com\/wp-content\/uploads\/2025\/06\/New-Design-Portable-Large-Fishing-Cooler-Bag-5-12x12.jpg",12,12,true],"woocommerce_thumbnail":["https:\/\/pecbag.com\/wp-content\/uploads\/2025\/06\/New-Design-Portable-Large-Fishing-Cooler-Bag-5-300x300.jpg",300,300,true],"woocommerce_single":["https:\/\/pecbag.com\/wp-content\/uploads\/2025\/06\/New-Design-Portable-Large-Fishing-Cooler-Bag-5-600x600.jpg",600,600,true],"woocommerce_gallery_thumbnail":["https:\/\/pecbag.com\/wp-content\/uploads\/2025\/06\/New-Design-Portable-Large-Fishing-Cooler-Bag-5-100x100.jpg",100,100,true]},"uagb_author_info":{"display_name":"Lawrence","author_link":"https:\/\/pecbag.com\/br\/author\/"},"uagb_comment_info":0,"uagb_excerpt":"New Design Portable Large Fishing Cooler Bag We provide premium bags with full-size and color customization, durable fabrics, and certified quality. Enjoy flexible MOQs, fast global shipping, and private label solutions. Contact us today!","_links":{"self":[{"href":"https:\/\/pecbag.com\/br\/wp-json\/wp\/v2\/product\/3389","targetHints":{"allow":["GET"]}}],"collection":[{"href":"https:\/\/pecbag.com\/br\/wp-json\/wp\/v2\/product"}],"about":[{"href":"https:\/\/pecbag.com\/br\/wp-json\/wp\/v2\/types\/product"}],"wp:featuredmedia":[{"embeddable":true,"href":"https:\/\/pecbag.com\/br\/wp-json\/wp\/v2\/media\/4071"}],"wp:attachment":[{"href":"https:\/\/pecbag.com\/br\/wp-json\/wp\/v2\/media?parent=3389"}],"wp:term":[{"taxonomy":"product_brand","embeddable":true,"href":"https:\/\/pecbag.com\/br\/wp-json\/wp\/v2\/product_brand?post=3389"},{"taxonomy":"product_cat","embeddable":true,"href":"https:\/\/pecbag.com\/br\/wp-json\/wp\/v2\/product_cat?post=3389"},{"taxonomy":"product_tag","embeddable":true,"href":"https:\/\/pecbag.com\/br\/wp-json\/wp\/v2\/product_tag?post=3389"}],"curies":[{"name":"wp","href":"https:\/\/api.w.org\/{rel}","templated":true}]}}