{"id":3417,"date":"2025-05-27T00:57:12","date_gmt":"2025-05-27T00:57:12","guid":{"rendered":"https:\/\/pecbag.com\/?post_type=product&#038;p=3417"},"modified":"2025-11-29T01:59:06","modified_gmt":"2025-11-29T01:59:06","slug":"600d-oxford-fishing-pole-bag","status":"publish","type":"product","link":"https:\/\/pecbag.com\/br\/600d-oxford-fishing-pole-bag\/","title":{"rendered":"Bolsa para vara de pesca em Oxford 600D"},"content":{"rendered":"<h5 title=\"Bolsa dobr\u00e1vel para c\u00e3es Bolsa de ombro de malha respir\u00e1vel para c\u00e3es e gatos de pequeno porte\" data-immersive-translate-walked=\"1c928421-2e42-4cd3-8754-5404553c0af5\" data-immersive-translate-paragraph=\"1\" data-spm-anchor-id=\"a2700.details.0.i35.4f6757d4w4zNZA\">Bolsas para varas de pesca em Oxford 600D | F\u00e1brica de bolsas \u00e0 prova d'\u00e1gua e fabricante de mochilas - Bulk Fishing Gear Solutions<\/h5>\n<div class=\"flex flex-grow flex-col max-w-full\">\n<div class=\"min-h-[20px] text-message flex w-full flex-col items-end gap-2 whitespace-pre-wrap break-words [.text-message+&amp;]:mt-5 overflow-x-auto\" dir=\"auto\" data-message-author-role=\"assistant\" data-message-id=\"3d7d46f6-7ec2-4222-9257-48fa0bba23c6\" data-suggestions=\"true\">\n<div class=\"flex w-full flex-col gap-1 empty:hidden first:pt-[3px]\">\n<div class=\"markdown prose w-full break-words dark:prose-invert light\">\n<table width=\"288\">\n<tbody>\n<tr>\n<td width=\"137\"><span style=\"color: #333333;\">Nome dos produtos<\/span><\/td>\n<td width=\"151\">Bolsa de pesca<\/td>\n<\/tr>\n<tr>\n<td><span style=\"color: #333333;\">Item No.<\/span><\/td>\n<td><span style=\"color: #333333;\">PB-2057<\/span><\/td>\n<\/tr>\n<tr>\n<td><span style=\"color: #333333;\">Material<\/span><\/td>\n<td>600D Oxford<\/td>\n<\/tr>\n<tr>\n<td><span style=\"color: #333333;\">Tamanho<\/span><\/td>\n<td>48,4\u2033L x 13,4\u2033D<\/td>\n<\/tr>\n<tr>\n<td><span style=\"color: #333333;\">\u00a0Prazo de entrega<\/span><\/td>\n<td><span style=\"color: #333333;\">De 1 a 5 dias para pequenas quantidades por via a\u00e9rea e de 30 a 35 dias para grandes quantidades por via mar\u00edtima<\/span><\/td>\n<\/tr>\n<\/tbody>\n<\/table>\n<p>Como principal fabricante de bolsas de pesca e f\u00e1brica de bolsas \u00e0 prova d'\u00e1gua da China, criamos bolsas para varas de pesca 600D Oxford para pescadores de todo o mundo. Nossa empresa de bolsas de pesca oferece:<\/p>\n<p>\u2705 <strong>Tecido Oxford 600D de n\u00edvel militar<\/strong> com revestimento \u00e0 prova d'\u00e1gua em TPU<br \/>\n\u2705 <strong>Bolsas para varas personalizadas<\/strong> para 5-9 hastes com protetores de ponta refor\u00e7ados (MOQ 50pcs)<br \/>\n\u2705 <strong>Servi\u00e7os OEM\/ODM<\/strong> para <strong>equipamentos de pesca de marca pr\u00f3pria<\/strong><br \/>\n\u2705 <strong>Produ\u00e7\u00e3o de sacos de pesca a granel<\/strong> com entrega r\u00e1pida em 12 dias<\/p>\n<p>Com a confian\u00e7a de atacadistas de sacos de pesca e fornecedores mar\u00edtimos em todo o mundo. Principais recursos:<br \/>\n- Al\u00e7as de ombro acolchoadas e sistema de cinta de compress\u00e3o<br \/>\n- Bolsos de malha de secagem r\u00e1pida e z\u00edperes resistentes \u00e0 corros\u00e3o<br \/>\n- Modelos convers\u00edveis de mochila\/cruzeiro<\/p>\n<p><strong>Por que escolher nossa f\u00e1brica de sacos de pesca<\/strong>:<br \/>\nMais de 15 anos como os principais exportadores de sacos de pesca da China<br \/>\nDesign de pacote tecnol\u00f3gico 3D gratuito com sua marca<br \/>\nCertifica\u00e7\u00f5es CE\/SGS e termos EXW\/FOB\/DDP<br \/>\nDesconto de 25% para fornecedores de sacos de pesca com mais de 2.000 unidades<\/p>\n<p>Solicite amostras gr\u00e1tis de nossas bolsas para varas de pesca em Oxford 600D ou obtenha cota\u00e7\u00f5es instant\u00e2neas. Os fornecedores de bolsas de pesca t\u00eam gerentes de controle de qualidade dedicados e rastreamento de lotes.<\/p>\n<\/div>\n<\/div>\n<\/div>\n<\/div>","protected":false},"excerpt":{"rendered":"<h2 data-immersive-translate-walked=\"344be1c1-5052-41eb-8fcd-0dbe236a0d6b\" data-immersive-translate-paragraph=\"1\">Bolsa para vara de pesca em Oxford 600D<\/h2>\n<p>Fornecemos bolsas premium com personaliza\u00e7\u00e3o total de tamanho e cor, tecidos dur\u00e1veis e qualidade certificada.<\/p>\n<p>Aproveite os MOQs flex\u00edveis, o envio global r\u00e1pido e as solu\u00e7\u00f5es de marca pr\u00f3pria.<\/p>\n<p>Entre em contato conosco hoje mesmo!<\/p>","protected":false},"featured_media":3419,"template":"","meta":{"_uag_custom_page_level_css":""},"product_brand":[],"product_cat":[46],"product_tag":[],"class_list":{"0":"post-3417","1":"product","2":"type-product","3":"status-publish","4":"has-post-thumbnail","6":"product_cat-fishing-bag","8":"first","9":"instock","10":"shipping-taxable","11":"product-type-simple"},"uagb_featured_image_src":{"full":["https:\/\/pecbag.com\/wp-content\/uploads\/2025\/05\/600D-Oxford-Fishing-Pole-Bag-1.jpeg",1000,1000,false],"thumbnail":["https:\/\/pecbag.com\/wp-content\/uploads\/2025\/05\/600D-Oxford-Fishing-Pole-Bag-1-150x150.jpeg",150,150,true],"medium":["https:\/\/pecbag.com\/wp-content\/uploads\/2025\/05\/600D-Oxford-Fishing-Pole-Bag-1-300x300.jpeg",300,300,true],"medium_large":["https:\/\/pecbag.com\/wp-content\/uploads\/2025\/05\/600D-Oxford-Fishing-Pole-Bag-1-768x768.jpeg",768,768,true],"large":["https:\/\/pecbag.com\/wp-content\/uploads\/2025\/05\/600D-Oxford-Fishing-Pole-Bag-1.jpeg",800,800,false],"1536x1536":["https:\/\/pecbag.com\/wp-content\/uploads\/2025\/05\/600D-Oxford-Fishing-Pole-Bag-1.jpeg",1000,1000,false],"2048x2048":["https:\/\/pecbag.com\/wp-content\/uploads\/2025\/05\/600D-Oxford-Fishing-Pole-Bag-1.jpeg",1000,1000,false],"trp-custom-language-flag":["https:\/\/pecbag.com\/wp-content\/uploads\/2025\/05\/600D-Oxford-Fishing-Pole-Bag-1-12x12.jpeg",12,12,true],"woocommerce_thumbnail":["https:\/\/pecbag.com\/wp-content\/uploads\/2025\/05\/600D-Oxford-Fishing-Pole-Bag-1-300x300.jpeg",300,300,true],"woocommerce_single":["https:\/\/pecbag.com\/wp-content\/uploads\/2025\/05\/600D-Oxford-Fishing-Pole-Bag-1-600x600.jpeg",600,600,true],"woocommerce_gallery_thumbnail":["https:\/\/pecbag.com\/wp-content\/uploads\/2025\/05\/600D-Oxford-Fishing-Pole-Bag-1-100x100.jpeg",100,100,true]},"uagb_author_info":{"display_name":"Lawrence","author_link":"https:\/\/pecbag.com\/br\/author\/"},"uagb_comment_info":0,"uagb_excerpt":"600D Oxford Fishing Pole Bag We provide premium bags with full-size and color customization, durable fabrics, and certified quality. Enjoy flexible MOQs, fast global shipping, and private label solutions. Contact us today!","_links":{"self":[{"href":"https:\/\/pecbag.com\/br\/wp-json\/wp\/v2\/product\/3417","targetHints":{"allow":["GET"]}}],"collection":[{"href":"https:\/\/pecbag.com\/br\/wp-json\/wp\/v2\/product"}],"about":[{"href":"https:\/\/pecbag.com\/br\/wp-json\/wp\/v2\/types\/product"}],"wp:featuredmedia":[{"embeddable":true,"href":"https:\/\/pecbag.com\/br\/wp-json\/wp\/v2\/media\/3419"}],"wp:attachment":[{"href":"https:\/\/pecbag.com\/br\/wp-json\/wp\/v2\/media?parent=3417"}],"wp:term":[{"taxonomy":"product_brand","embeddable":true,"href":"https:\/\/pecbag.com\/br\/wp-json\/wp\/v2\/product_brand?post=3417"},{"taxonomy":"product_cat","embeddable":true,"href":"https:\/\/pecbag.com\/br\/wp-json\/wp\/v2\/product_cat?post=3417"},{"taxonomy":"product_tag","embeddable":true,"href":"https:\/\/pecbag.com\/br\/wp-json\/wp\/v2\/product_tag?post=3417"}],"curies":[{"name":"wp","href":"https:\/\/api.w.org\/{rel}","templated":true}]}}