{"id":3424,"date":"2025-05-27T01:26:48","date_gmt":"2025-05-27T01:26:48","guid":{"rendered":"https:\/\/pecbag.com\/?post_type=product&#038;p=3424"},"modified":"2025-11-29T01:58:58","modified_gmt":"2025-11-29T01:58:58","slug":"lightweight-durable-disc-golf-backpack-bag","status":"publish","type":"product","link":"https:\/\/pecbag.com\/br\/lightweight-durable-disc-golf-backpack-bag\/","title":{"rendered":"Mochila de golfe a disco leve e dur\u00e1vel"},"content":{"rendered":"<h5 title=\"Bolsa dobr\u00e1vel para c\u00e3es Bolsa de ombro de malha respir\u00e1vel para c\u00e3es e gatos de pequeno porte\" data-immersive-translate-walked=\"1c928421-2e42-4cd3-8754-5404553c0af5\" data-immersive-translate-paragraph=\"1\" data-spm-anchor-id=\"a2700.details.0.i35.4f6757d4w4zNZA\">Bolsas de mochila para golfe a disco leves e dur\u00e1veis - F\u00e1brica de bolsas \u00e0 prova d'\u00e1gua e fabricante de mochilas - Bulk Golf Gear Solutions<\/h5>\n<div class=\"flex flex-grow flex-col max-w-full\">\n<div class=\"min-h-[20px] text-message flex w-full flex-col items-end gap-2 whitespace-pre-wrap break-words [.text-message+&amp;]:mt-5 overflow-x-auto\" dir=\"auto\" data-message-author-role=\"assistant\" data-message-id=\"3d7d46f6-7ec2-4222-9257-48fa0bba23c6\" data-suggestions=\"true\">\n<div class=\"flex w-full flex-col gap-1 empty:hidden first:pt-[3px]\">\n<div class=\"markdown prose w-full break-words dark:prose-invert light\">\n<table width=\"288\">\n<tbody>\n<tr>\n<td width=\"137\"><span style=\"color: #333333;\">Nome dos produtos<\/span><\/td>\n<td width=\"151\">Bolsa de golfe<\/td>\n<\/tr>\n<tr>\n<td><span style=\"color: #333333;\">Item No.<\/span><\/td>\n<td><span style=\"color: #333333;\">PB-2058<\/span><\/td>\n<\/tr>\n<tr>\n<td><span style=\"color: #333333;\">Material<\/span><\/td>\n<td>Poli\u00e9ster 600D<\/td>\n<\/tr>\n<tr>\n<td><span style=\"color: #333333;\">Tamanho<\/span><\/td>\n<td>24 \"L*15 \"L*11 \"A<\/td>\n<\/tr>\n<tr>\n<td><span style=\"color: #333333;\">\u00a0Prazo de entrega<\/span><\/td>\n<td><span style=\"color: #333333;\">De 1 a 5 dias para pequenas quantidades por via a\u00e9rea e de 30 a 35 dias para grandes quantidades por via mar\u00edtima<\/span><\/td>\n<\/tr>\n<\/tbody>\n<\/table>\n<p>Como o principal fabricante de bolsas de golfe e f\u00e1brica de bolsas \u00e0 prova d'\u00e1gua da China, projetamos bolsas de alto desempenho, leves e dur\u00e1veis, com mochila para golfe de disco para distribuidores globais. Nossa empresa de bolsas de golfe oferece:<\/p>\n<p>\u2705 <strong>Constru\u00e7\u00e3o em nylon 800D ultraleve<\/strong> (menos de 2,5 lbs vazio)<br \/>\n\u2705 <strong>Capacidade para mais de 18 discos<\/strong> com divis\u00f3rias acolchoadas e bolsos para tacos (MOQ 50pcs)<br \/>\n\u2705 <strong>Servi\u00e7os OEM\/ODM<\/strong> para <strong>equipamentos de golfe de marca pr\u00f3pria<\/strong><br \/>\n\u2705 <strong>Produ\u00e7\u00e3o de sacos de golfe a granel<\/strong> com entrega r\u00e1pida em 10 dias<\/p>\n<p>Com a confian\u00e7a de atacadistas de bolsas de golfe e marcas esportivas em todo o mundo. Principais recursos:<br \/>\n- Z\u00edperes \u00e0 prova d'\u00e1gua IPX6 e placa de base refor\u00e7ada<br \/>\n- Bolso de acesso r\u00e1pido para objetos de valor e al\u00e7as ergon\u00f4micas<br \/>\n- Projetos de torneios aprovados pelo PDGA<\/p>\n<p><strong>Por que escolher nossa f\u00e1brica de sacos de golfe?\u00a0<\/strong><br \/>\nMais de 12 anos como exportadores l\u00edderes de bolsas de golfe da China<br \/>\nDesign 3D gratuito com seu logotipo e personaliza\u00e7\u00e3o de cores<br \/>\nCertifica\u00e7\u00f5es CE\/SGS e remessa FOB\/DDP<br \/>\nDesconto 20% para fornecedores de bolsas de golfe em mais de 1.500 unidades<\/p>\n<p>Solicite amostras gr\u00e1tis de nossas bolsas de mochila para golfe de disco ou obtenha cota\u00e7\u00f5es instant\u00e2neas. Os fornecedores de bolsas de golfe recebem relat\u00f3rios de controle de qualidade dedicados e atualiza\u00e7\u00f5es antifurto RFID.<\/p>\n<\/div>\n<\/div>\n<\/div>\n<\/div>","protected":false},"excerpt":{"rendered":"<h2 data-immersive-translate-walked=\"344be1c1-5052-41eb-8fcd-0dbe236a0d6b\" data-immersive-translate-paragraph=\"1\">Mochila de golfe a disco leve e dur\u00e1vel<\/h2>\n<p>1. Grande capacidade: O compartimento principal dessa bolsa de golfe de disco tem capacidade para 16 discos, e o compartimento superior tem capacidade para 5 discos.<\/p>\n<p>2. V\u00e1rios bolsos de armazenamento: Esta mochila de golfe de disco tem 6 bolsos multifuncionais extras para transportar tudo o que voc\u00ea precisa, incluindo uma garrafa de \u00e1gua de 42 on\u00e7as, recuperador de golfe de disco, guarda-chuva, canetas, cart\u00e3o de pontua\u00e7\u00e3o, toalha, chaves, rel\u00f3gio, carteira e telefone celular.<\/p>\n<p>3. Leve e confort\u00e1vel: Essa bolsa de golfe de disco pesa cerca de 1,5 lb e possui al\u00e7as de ombro acolchoadas ajust\u00e1veis, al\u00e7a de m\u00e3o acolchoada e painel traseiro acolchoado, o que a torna port\u00e1til, confort\u00e1vel e respir\u00e1vel para carregar.<\/p>\n<p>4. Material dur\u00e1vel: Essa bolsa de golfe de disco \u00e9 feita de tecido de poli\u00e9ster 600D dur\u00e1vel. O esqueleto r\u00edgido embutido a mant\u00e9m na posi\u00e7\u00e3o vertical o tempo todo.<\/p>","protected":false},"featured_media":3426,"template":"","meta":{"_uag_custom_page_level_css":""},"product_brand":[],"product_cat":[51,60],"product_tag":[],"class_list":{"0":"post-3424","1":"product","2":"type-product","3":"status-publish","4":"has-post-thumbnail","6":"product_cat-golf-bag","7":"product_cat-backpack","9":"first","10":"instock","11":"shipping-taxable","12":"product-type-simple"},"uagb_featured_image_src":{"full":["https:\/\/pecbag.com\/wp-content\/uploads\/2025\/05\/Lightweight-Durable-Disc-Golf-Backpack-Bag-6-scaled.jpeg",2560,2560,false],"thumbnail":["https:\/\/pecbag.com\/wp-content\/uploads\/2025\/05\/Lightweight-Durable-Disc-Golf-Backpack-Bag-6-150x150.jpeg",150,150,true],"medium":["https:\/\/pecbag.com\/wp-content\/uploads\/2025\/05\/Lightweight-Durable-Disc-Golf-Backpack-Bag-6-300x300.jpeg",300,300,true],"medium_large":["https:\/\/pecbag.com\/wp-content\/uploads\/2025\/05\/Lightweight-Durable-Disc-Golf-Backpack-Bag-6-768x768.jpeg",768,768,true],"large":["https:\/\/pecbag.com\/wp-content\/uploads\/2025\/05\/Lightweight-Durable-Disc-Golf-Backpack-Bag-6-1024x1024.jpeg",800,800,true],"1536x1536":["https:\/\/pecbag.com\/wp-content\/uploads\/2025\/05\/Lightweight-Durable-Disc-Golf-Backpack-Bag-6-1536x1536.jpeg",1536,1536,true],"2048x2048":["https:\/\/pecbag.com\/wp-content\/uploads\/2025\/05\/Lightweight-Durable-Disc-Golf-Backpack-Bag-6-2048x2048.jpeg",2048,2048,true],"trp-custom-language-flag":["https:\/\/pecbag.com\/wp-content\/uploads\/2025\/05\/Lightweight-Durable-Disc-Golf-Backpack-Bag-6-12x12.jpeg",12,12,true],"woocommerce_thumbnail":["https:\/\/pecbag.com\/wp-content\/uploads\/2025\/05\/Lightweight-Durable-Disc-Golf-Backpack-Bag-6-300x300.jpeg",300,300,true],"woocommerce_single":["https:\/\/pecbag.com\/wp-content\/uploads\/2025\/05\/Lightweight-Durable-Disc-Golf-Backpack-Bag-6-600x600.jpeg",600,600,true],"woocommerce_gallery_thumbnail":["https:\/\/pecbag.com\/wp-content\/uploads\/2025\/05\/Lightweight-Durable-Disc-Golf-Backpack-Bag-6-100x100.jpeg",100,100,true]},"uagb_author_info":{"display_name":"Lawrence","author_link":"https:\/\/pecbag.com\/br\/author\/"},"uagb_comment_info":0,"uagb_excerpt":"Lightweight Durable Disc Golf Backpack Bag 1. Large Capacity: The main compartment of this disc golf bag can hold 16 discs, and the upper compartment can hold 5 discs. 2. Multiple Storage Pockets: This disc golf backpack has 6 extra multifunctional pockets to carry all you need including a 42oz water bottle, disc golf retriever,&hellip;","_links":{"self":[{"href":"https:\/\/pecbag.com\/br\/wp-json\/wp\/v2\/product\/3424","targetHints":{"allow":["GET"]}}],"collection":[{"href":"https:\/\/pecbag.com\/br\/wp-json\/wp\/v2\/product"}],"about":[{"href":"https:\/\/pecbag.com\/br\/wp-json\/wp\/v2\/types\/product"}],"wp:featuredmedia":[{"embeddable":true,"href":"https:\/\/pecbag.com\/br\/wp-json\/wp\/v2\/media\/3426"}],"wp:attachment":[{"href":"https:\/\/pecbag.com\/br\/wp-json\/wp\/v2\/media?parent=3424"}],"wp:term":[{"taxonomy":"product_brand","embeddable":true,"href":"https:\/\/pecbag.com\/br\/wp-json\/wp\/v2\/product_brand?post=3424"},{"taxonomy":"product_cat","embeddable":true,"href":"https:\/\/pecbag.com\/br\/wp-json\/wp\/v2\/product_cat?post=3424"},{"taxonomy":"product_tag","embeddable":true,"href":"https:\/\/pecbag.com\/br\/wp-json\/wp\/v2\/product_tag?post=3424"}],"curies":[{"name":"wp","href":"https:\/\/api.w.org\/{rel}","templated":true}]}}