{"id":3438,"date":"2025-05-27T02:27:55","date_gmt":"2025-05-27T02:27:55","guid":{"rendered":"https:\/\/pecbag.com\/?post_type=product&#038;p=3438"},"modified":"2025-11-29T01:58:46","modified_gmt":"2025-11-29T01:58:46","slug":"hot-selling-durable-multifunctional-disc-golf-bag","status":"publish","type":"product","link":"https:\/\/pecbag.com\/br\/hot-selling-durable-multifunctional-disc-golf-bag\/","title":{"rendered":"Saco de golfe de disco dur\u00e1vel e multifuncional de venda quente"},"content":{"rendered":"<h5 title=\"Bolsa dobr\u00e1vel para c\u00e3es Bolsa de ombro de malha respir\u00e1vel para c\u00e3es e gatos de pequeno porte\" data-immersive-translate-walked=\"1c928421-2e42-4cd3-8754-5404553c0af5\" data-immersive-translate-paragraph=\"1\" data-spm-anchor-id=\"a2700.details.0.i35.4f6757d4w4zNZA\">Bolsas de golfe de disco dur\u00e1veis e multifuncionais de venda quente - F\u00e1brica de bolsas \u00e0 prova d'\u00e1gua e fabricante de mochilas - Bulk Golf Gear Solutions<\/h5>\n<div class=\"flex flex-grow flex-col max-w-full\">\n<div class=\"min-h-[20px] text-message flex w-full flex-col items-end gap-2 whitespace-pre-wrap break-words [.text-message+&amp;]:mt-5 overflow-x-auto\" dir=\"auto\" data-message-author-role=\"assistant\" data-message-id=\"3d7d46f6-7ec2-4222-9257-48fa0bba23c6\" data-suggestions=\"true\">\n<div class=\"flex w-full flex-col gap-1 empty:hidden first:pt-[3px]\">\n<div class=\"markdown prose w-full break-words dark:prose-invert light\">\n<table width=\"288\">\n<tbody>\n<tr>\n<td width=\"137\"><span style=\"color: #333333;\">Nome dos produtos<\/span><\/td>\n<td width=\"151\">Bolsa de golfe<\/td>\n<\/tr>\n<tr>\n<td><span style=\"color: #333333;\">Item No.<\/span><\/td>\n<td><span style=\"color: #333333;\">PB-2060<\/span><\/td>\n<\/tr>\n<tr>\n<td><span style=\"color: #333333;\">Material<\/span><\/td>\n<td>Poli\u00e9ster<\/td>\n<\/tr>\n<tr>\n<td><span style=\"color: #333333;\">Tamanho<\/span><\/td>\n<td>23*28*25 cm<\/td>\n<\/tr>\n<tr>\n<td><span style=\"color: #333333;\">\u00a0Prazo de entrega<\/span><\/td>\n<td><span style=\"color: #333333;\">De 1 a 5 dias para pequenas quantidades por via a\u00e9rea e de 30 a 35 dias para grandes quantidades por via mar\u00edtima<\/span><\/td>\n<\/tr>\n<\/tbody>\n<\/table>\n<p>Como o principal fabricante de bolsas de golfe e f\u00e1brica de bolsas \u00e0 prova d'\u00e1gua da China, produzimos bolsas de golfe de disco multifuncionais dur\u00e1veis e de alto desempenho para distribuidores globais. Nossa empresa de bolsas de golfe oferece:<\/p>\n<p>\u2705 <strong>Capacidade para 18-22 discos<\/strong> com organiza\u00e7\u00e3o de torneio aprovada pelo PDGA<br \/>\n\u2705 <strong>Design \u00e0 prova d'\u00e1gua IPX6<\/strong> usando nylon bal\u00edstico 840D<br \/>\n\u2705 <strong>Servi\u00e7os OEM\/ODM<\/strong> para <strong>equipamentos de golfe de marca pr\u00f3pria<\/strong> (MOQ 50pcs)<br \/>\n\u2705 <strong>Produ\u00e7\u00e3o de sacos de golfe a granel<\/strong> com entrega r\u00e1pida em 10 dias<\/p>\n<p>Com a confian\u00e7a de atacadistas de bolsas de golfe e lojas profissionais em todo o mundo. Principais inova\u00e7\u00f5es:<br \/>\n- Bolso para objetos de valor de acesso r\u00e1pido com prote\u00e7\u00e3o RFID<br \/>\n- Modos convers\u00edveis de mochila\/carrinho com al\u00e7as ergon\u00f4micas<br \/>\n- Compartimento remov\u00edvel para refrigerador e porta-guarda-chuva<\/p>\n<p><strong>Por que fazer parceria com nossa f\u00e1brica de sacos de golfe<\/strong>:<br \/>\nMais de 15 anos como exportadores l\u00edderes de bolsas de golfe da China<br \/>\nSuporte de design 3D gratuito com sua marca<br \/>\nCertifica\u00e7\u00f5es CE\/SGS e remessa FOB\/DDP<br \/>\nDesconto 30% para fornecedores de bolsas de golfe com mais de 3.000 unidades<\/p>\n<p>Solicite amostras gr\u00e1tis de nossas bolsas multifuncionais para golfe de disco ou obtenha cota\u00e7\u00f5es instant\u00e2neas. Os fornecedores de bolsas de golfe recebem acesso exclusivo a:<br \/>\n- Atualiza\u00e7\u00f5es personalizadas de isolamento t\u00e9rmico<br \/>\n- Relat\u00f3rios de controle de qualidade espec\u00edficos do lote<br \/>\n- Aloca\u00e7\u00e3o priorit\u00e1ria da linha de produ\u00e7\u00e3o<\/p>\n<\/div>\n<\/div>\n<\/div>\n<\/div>","protected":false},"excerpt":{"rendered":"<h2 data-immersive-translate-walked=\"344be1c1-5052-41eb-8fcd-0dbe236a0d6b\" data-immersive-translate-paragraph=\"1\">Saco de golfe de disco dur\u00e1vel e multifuncional de venda quente<\/h2>\n<p>1. Na moda: Com design moderno, essa bolsa para bolas de golfe \u00e9 estilosa, fazendo com que voc\u00ea se divirta ao jogar<\/p>\n<p>2. Bom acess\u00f3rio para os amantes do golfe: Os suportes de golfe podem resolver o problema de segurar os tees e as bolas de golfe ao mesmo tempo.<\/p>","protected":false},"featured_media":3442,"template":"","meta":{"_uag_custom_page_level_css":""},"product_brand":[],"product_cat":[51,60],"product_tag":[],"class_list":{"0":"post-3438","1":"product","2":"type-product","3":"status-publish","4":"has-post-thumbnail","6":"product_cat-golf-bag","7":"product_cat-backpack","9":"first","10":"instock","11":"shipping-taxable","12":"product-type-simple"},"uagb_featured_image_src":{"full":["https:\/\/pecbag.com\/wp-content\/uploads\/2025\/05\/Hot-Selling-Durable-Multifunctional-Disc-Golf-Bag-1.jpeg",720,720,false],"thumbnail":["https:\/\/pecbag.com\/wp-content\/uploads\/2025\/05\/Hot-Selling-Durable-Multifunctional-Disc-Golf-Bag-1-150x150.jpeg",150,150,true],"medium":["https:\/\/pecbag.com\/wp-content\/uploads\/2025\/05\/Hot-Selling-Durable-Multifunctional-Disc-Golf-Bag-1-300x300.jpeg",300,300,true],"medium_large":["https:\/\/pecbag.com\/wp-content\/uploads\/2025\/05\/Hot-Selling-Durable-Multifunctional-Disc-Golf-Bag-1.jpeg",720,720,false],"large":["https:\/\/pecbag.com\/wp-content\/uploads\/2025\/05\/Hot-Selling-Durable-Multifunctional-Disc-Golf-Bag-1.jpeg",720,720,false],"1536x1536":["https:\/\/pecbag.com\/wp-content\/uploads\/2025\/05\/Hot-Selling-Durable-Multifunctional-Disc-Golf-Bag-1.jpeg",720,720,false],"2048x2048":["https:\/\/pecbag.com\/wp-content\/uploads\/2025\/05\/Hot-Selling-Durable-Multifunctional-Disc-Golf-Bag-1.jpeg",720,720,false],"trp-custom-language-flag":["https:\/\/pecbag.com\/wp-content\/uploads\/2025\/05\/Hot-Selling-Durable-Multifunctional-Disc-Golf-Bag-1-12x12.jpeg",12,12,true],"woocommerce_thumbnail":["https:\/\/pecbag.com\/wp-content\/uploads\/2025\/05\/Hot-Selling-Durable-Multifunctional-Disc-Golf-Bag-1-300x300.jpeg",300,300,true],"woocommerce_single":["https:\/\/pecbag.com\/wp-content\/uploads\/2025\/05\/Hot-Selling-Durable-Multifunctional-Disc-Golf-Bag-1-600x600.jpeg",600,600,true],"woocommerce_gallery_thumbnail":["https:\/\/pecbag.com\/wp-content\/uploads\/2025\/05\/Hot-Selling-Durable-Multifunctional-Disc-Golf-Bag-1-100x100.jpeg",100,100,true]},"uagb_author_info":{"display_name":"Lawrence","author_link":"https:\/\/pecbag.com\/br\/author\/"},"uagb_comment_info":0,"uagb_excerpt":"Hot Selling Durable Multifunctional Disc Golf Bag 1. Fashionable: With fashion design, this golf ball tee bag is stylish, making you have a good time when playing 2. Good accessory for golf lovers: Golf holders can solve the problem of holding golf tees and balls at the same time.","_links":{"self":[{"href":"https:\/\/pecbag.com\/br\/wp-json\/wp\/v2\/product\/3438","targetHints":{"allow":["GET"]}}],"collection":[{"href":"https:\/\/pecbag.com\/br\/wp-json\/wp\/v2\/product"}],"about":[{"href":"https:\/\/pecbag.com\/br\/wp-json\/wp\/v2\/types\/product"}],"wp:featuredmedia":[{"embeddable":true,"href":"https:\/\/pecbag.com\/br\/wp-json\/wp\/v2\/media\/3442"}],"wp:attachment":[{"href":"https:\/\/pecbag.com\/br\/wp-json\/wp\/v2\/media?parent=3438"}],"wp:term":[{"taxonomy":"product_brand","embeddable":true,"href":"https:\/\/pecbag.com\/br\/wp-json\/wp\/v2\/product_brand?post=3438"},{"taxonomy":"product_cat","embeddable":true,"href":"https:\/\/pecbag.com\/br\/wp-json\/wp\/v2\/product_cat?post=3438"},{"taxonomy":"product_tag","embeddable":true,"href":"https:\/\/pecbag.com\/br\/wp-json\/wp\/v2\/product_tag?post=3438"}],"curies":[{"name":"wp","href":"https:\/\/api.w.org\/{rel}","templated":true}]}}