{"id":3445,"date":"2025-05-27T02:35:31","date_gmt":"2025-05-27T02:35:31","guid":{"rendered":"https:\/\/pecbag.com\/?post_type=product&#038;p=3445"},"modified":"2025-11-29T01:58:38","modified_gmt":"2025-11-29T01:58:38","slug":"wholesale-outdoor-frisbee-golf-bag","status":"publish","type":"product","link":"https:\/\/pecbag.com\/br\/wholesale-outdoor-frisbee-golf-bag\/","title":{"rendered":"Bolsa de golfe para frisbee para uso externo no atacado"},"content":{"rendered":"<h5 title=\"Bolsa dobr\u00e1vel para c\u00e3es Bolsa de ombro de malha respir\u00e1vel para c\u00e3es e gatos de pequeno porte\" data-immersive-translate-walked=\"1c928421-2e42-4cd3-8754-5404553c0af5\" data-immersive-translate-paragraph=\"1\" data-spm-anchor-id=\"a2700.details.0.i35.4f6757d4w4zNZA\">Sacos de golfe para frisbee ao ar livre por atacado - F\u00e1brica de sacos \u00e0 prova d'\u00e1gua e fabricante de mochilas - Bulk Disc Gear Solutions<\/h5>\n<div class=\"flex flex-grow flex-col max-w-full\">\n<div class=\"min-h-[20px] text-message flex w-full flex-col items-end gap-2 whitespace-pre-wrap break-words [.text-message+&amp;]:mt-5 overflow-x-auto\" dir=\"auto\" data-message-author-role=\"assistant\" data-message-id=\"3d7d46f6-7ec2-4222-9257-48fa0bba23c6\" data-suggestions=\"true\">\n<div class=\"flex w-full flex-col gap-1 empty:hidden first:pt-[3px]\">\n<div class=\"markdown prose w-full break-words dark:prose-invert light\">\n<table width=\"288\">\n<tbody>\n<tr>\n<td width=\"137\"><span style=\"color: #333333;\">Nome dos produtos<\/span><\/td>\n<td width=\"151\">Bolsa de golfe<\/td>\n<\/tr>\n<tr>\n<td><span style=\"color: #333333;\">Item No.<\/span><\/td>\n<td><span style=\"color: #333333;\">PB-2061<\/span><\/td>\n<\/tr>\n<tr>\n<td><span style=\"color: #333333;\">Material<\/span><\/td>\n<td>Tecido de poli\u00e9ster<\/td>\n<\/tr>\n<tr>\n<td><span style=\"color: #333333;\">Tamanho<\/span><\/td>\n<td>44 x 23 x 34 cm<\/td>\n<\/tr>\n<tr>\n<td><span style=\"color: #333333;\">\u00a0Prazo de entrega<\/span><\/td>\n<td><span style=\"color: #333333;\">De 1 a 5 dias para pequenas quantidades por via a\u00e9rea e de 30 a 35 dias para grandes quantidades por via mar\u00edtima<\/span><\/td>\n<\/tr>\n<\/tbody>\n<\/table>\n<p>Como principal fabricante de bolsas de golfe e f\u00e1brica de bolsas \u00e0 prova d'\u00e1gua da China, somos especializados em bolsas de golfe de frisbee para servi\u00e7o pesado no atacado para varejistas globais. Nossa empresa de bolsas de golfe oferece:<\/p>\n<p>\u2705 <strong>Capacidade para 22 discos prontos para torneios<\/strong> com organiza\u00e7\u00e3o compat\u00edvel com PDGA<br \/>\n\u2705 <strong>Constru\u00e7\u00e3o \u00e0 prova d'\u00e1gua IPX7<\/strong> (Nylon bal\u00edstico 840D + costuras soldadas)<br \/>\n\u2705 <strong>Servi\u00e7os OEM\/ODM<\/strong> para <strong>equipamento de golfe de disco de marca pr\u00f3pria<\/strong> (MOQ 50pcs)<br \/>\n\u2705 <strong>Produ\u00e7\u00e3o de sacos de golfe a granel<\/strong> com entrega r\u00e1pida em 12 dias<\/p>\n<p>Com a confian\u00e7a de atacadistas de bolsas de golfe e lojas profissionais em todo o mundo. Principais recursos:<br \/>\n- Sistema de arn\u00eas ergon\u00f4mico de 6 pontos com painel traseiro com fluxo de ar<br \/>\n- Bolso para objetos de valor de acesso r\u00e1pido e capa de chuva remov\u00edvel<br \/>\n- Acesso integrado \u00e0 al\u00e7a do carrinho e porta-copos<\/p>\n<p><strong>Por que escolher nossa f\u00e1brica de bolsas de golfe?<\/strong>:<br \/>\nMais de 18 anos como os principais exportadores de bolsas de golfe da China<br \/>\nSuporte de design 3D gratuito com seu logotipo<br \/>\nCertifica\u00e7\u00f5es CE\/SGS\/REACH e remessa DDP<br \/>\nDesconto de 25% para fornecedores de bolsas de golfe em mais de 2.500 unidades<\/p>\n<p>Solicite amostras gr\u00e1tis de nossas bolsas de golfe para frisbee ao ar livre ou obtenha cota\u00e7\u00f5es instant\u00e2neas. Os fornecedores de bolsas de golfe gostam:<br \/>\n- Atualiza\u00e7\u00f5es personalizadas do revestimento t\u00e9rmico<br \/>\n- Certifica\u00e7\u00e3o de qualidade espec\u00edfica do lote<br \/>\n- Programa\u00e7\u00e3o de produ\u00e7\u00e3o priorit\u00e1ria<\/p>\n<\/div>\n<\/div>\n<\/div>\n<\/div>","protected":false},"excerpt":{"rendered":"<h2 data-immersive-translate-walked=\"344be1c1-5052-41eb-8fcd-0dbe236a0d6b\" data-immersive-translate-paragraph=\"1\">Bolsa de golfe para frisbee para uso externo no atacado<\/h2>\n<p>1. Armazena uma grande quantidade de discos de golfe e permite f\u00e1cil acesso.<\/p>\n<p>2. Al\u00e7as de ombro confort\u00e1veis.<\/p>\n<p>3. Essa mochila tem v\u00e1rios bolsos grandes com z\u00edper que podem levar todas as suas necessidades para o campo.<\/p>\n<p>4. Muito f\u00e1cil de transportar.<\/p>\n<p>5. De discos a objetos diversos, essa bolsa de golfe manter\u00e1 tudo organizado.<\/p>\n<p>6. O bolso lateral permite que voc\u00ea armazene latas e garrafas.<\/p>\n<p>7. Pode ser usado como saco de frisbee.<\/p>\n<p>8. Ideal para jogadores recreativos ou jogadores avan\u00e7ados e experientes que participam de torneios locais ou internacionais.<\/p>","protected":false},"featured_media":3450,"template":"","meta":{"_uag_custom_page_level_css":""},"product_brand":[],"product_cat":[51,60],"product_tag":[],"class_list":{"0":"post-3445","1":"product","2":"type-product","3":"status-publish","4":"has-post-thumbnail","6":"product_cat-golf-bag","7":"product_cat-backpack","9":"first","10":"instock","11":"shipping-taxable","12":"product-type-simple"},"uagb_featured_image_src":{"full":["https:\/\/pecbag.com\/wp-content\/uploads\/2025\/05\/Wholesale-Outdoor-Frisbee-Golf-Bag-2.jpeg",800,800,false],"thumbnail":["https:\/\/pecbag.com\/wp-content\/uploads\/2025\/05\/Wholesale-Outdoor-Frisbee-Golf-Bag-2-150x150.jpeg",150,150,true],"medium":["https:\/\/pecbag.com\/wp-content\/uploads\/2025\/05\/Wholesale-Outdoor-Frisbee-Golf-Bag-2-300x300.jpeg",300,300,true],"medium_large":["https:\/\/pecbag.com\/wp-content\/uploads\/2025\/05\/Wholesale-Outdoor-Frisbee-Golf-Bag-2-768x768.jpeg",768,768,true],"large":["https:\/\/pecbag.com\/wp-content\/uploads\/2025\/05\/Wholesale-Outdoor-Frisbee-Golf-Bag-2.jpeg",800,800,false],"1536x1536":["https:\/\/pecbag.com\/wp-content\/uploads\/2025\/05\/Wholesale-Outdoor-Frisbee-Golf-Bag-2.jpeg",800,800,false],"2048x2048":["https:\/\/pecbag.com\/wp-content\/uploads\/2025\/05\/Wholesale-Outdoor-Frisbee-Golf-Bag-2.jpeg",800,800,false],"trp-custom-language-flag":["https:\/\/pecbag.com\/wp-content\/uploads\/2025\/05\/Wholesale-Outdoor-Frisbee-Golf-Bag-2-12x12.jpeg",12,12,true],"woocommerce_thumbnail":["https:\/\/pecbag.com\/wp-content\/uploads\/2025\/05\/Wholesale-Outdoor-Frisbee-Golf-Bag-2-300x300.jpeg",300,300,true],"woocommerce_single":["https:\/\/pecbag.com\/wp-content\/uploads\/2025\/05\/Wholesale-Outdoor-Frisbee-Golf-Bag-2-600x600.jpeg",600,600,true],"woocommerce_gallery_thumbnail":["https:\/\/pecbag.com\/wp-content\/uploads\/2025\/05\/Wholesale-Outdoor-Frisbee-Golf-Bag-2-100x100.jpeg",100,100,true]},"uagb_author_info":{"display_name":"Lawrence","author_link":"https:\/\/pecbag.com\/br\/author\/"},"uagb_comment_info":0,"uagb_excerpt":"Wholesale Outdoor Frisbee Golf Bag 1. Stores plenty of disc golf and allows easy access. 2. Comfortable shoulder straps. 3. This backpack has multiple large, zipped pockets that can carry all of your necessities to the course. 4. Super easy to carry around. 5. From discs to miscellaneous stuff, this golf bag will keep everything&hellip;","_links":{"self":[{"href":"https:\/\/pecbag.com\/br\/wp-json\/wp\/v2\/product\/3445","targetHints":{"allow":["GET"]}}],"collection":[{"href":"https:\/\/pecbag.com\/br\/wp-json\/wp\/v2\/product"}],"about":[{"href":"https:\/\/pecbag.com\/br\/wp-json\/wp\/v2\/types\/product"}],"wp:featuredmedia":[{"embeddable":true,"href":"https:\/\/pecbag.com\/br\/wp-json\/wp\/v2\/media\/3450"}],"wp:attachment":[{"href":"https:\/\/pecbag.com\/br\/wp-json\/wp\/v2\/media?parent=3445"}],"wp:term":[{"taxonomy":"product_brand","embeddable":true,"href":"https:\/\/pecbag.com\/br\/wp-json\/wp\/v2\/product_brand?post=3445"},{"taxonomy":"product_cat","embeddable":true,"href":"https:\/\/pecbag.com\/br\/wp-json\/wp\/v2\/product_cat?post=3445"},{"taxonomy":"product_tag","embeddable":true,"href":"https:\/\/pecbag.com\/br\/wp-json\/wp\/v2\/product_tag?post=3445"}],"curies":[{"name":"wp","href":"https:\/\/api.w.org\/{rel}","templated":true}]}}