{"id":3452,"date":"2025-05-27T02:44:27","date_gmt":"2025-05-27T02:44:27","guid":{"rendered":"https:\/\/pecbag.com\/?post_type=product&#038;p=3452"},"modified":"2025-11-29T01:58:33","modified_gmt":"2025-11-29T01:58:33","slug":"oem-waterproof-disc-golf-bag","status":"publish","type":"product","link":"https:\/\/pecbag.com\/br\/oem-waterproof-disc-golf-bag\/","title":{"rendered":"Nova bolsa de golfe de disco \u00e0 prova d'\u00e1gua OEM"},"content":{"rendered":"<h5 title=\"Bolsa dobr\u00e1vel para c\u00e3es Bolsa de ombro de malha respir\u00e1vel para c\u00e3es e gatos de pequeno porte\" data-immersive-translate-walked=\"1c928421-2e42-4cd3-8754-5404553c0af5\" data-immersive-translate-paragraph=\"1\" data-spm-anchor-id=\"a2700.details.0.i35.4f6757d4w4zNZA\">Bolsas de golfe de disco \u00e0 prova d'\u00e1gua OEM | F\u00e1brica de bolsas \u00e0 prova d'\u00e1gua e fabricante de mochilas - Solu\u00e7\u00f5es personalizadas para equipamentos de golfe<\/h5>\n<div class=\"flex flex-grow flex-col max-w-full\">\n<div class=\"min-h-[20px] text-message flex w-full flex-col items-end gap-2 whitespace-pre-wrap break-words [.text-message+&amp;]:mt-5 overflow-x-auto\" dir=\"auto\" data-message-author-role=\"assistant\" data-message-id=\"3d7d46f6-7ec2-4222-9257-48fa0bba23c6\" data-suggestions=\"true\">\n<div class=\"flex w-full flex-col gap-1 empty:hidden first:pt-[3px]\">\n<div class=\"markdown prose w-full break-words dark:prose-invert light\">\n<table width=\"288\">\n<tbody>\n<tr>\n<td width=\"137\"><span style=\"color: #333333;\">Nome dos produtos<\/span><\/td>\n<td width=\"151\">Bolsa de golfe<\/td>\n<\/tr>\n<tr>\n<td><span style=\"color: #333333;\">Item No.<\/span><\/td>\n<td><span style=\"color: #333333;\">PB-2062<\/span><\/td>\n<\/tr>\n<tr>\n<td><span style=\"color: #333333;\">Material<\/span><\/td>\n<td>Poli\u00e9ster<\/td>\n<\/tr>\n<tr>\n<td><span style=\"color: #333333;\">Tamanho<\/span><\/td>\n<td>45,7*35,5*24,3 cm<\/td>\n<\/tr>\n<tr>\n<td><span style=\"color: #333333;\">\u00a0Prazo de entrega<\/span><\/td>\n<td><span style=\"color: #333333;\">De 1 a 5 dias para pequenas quantidades por via a\u00e9rea e de 30 a 35 dias para grandes quantidades por via mar\u00edtima<\/span><\/td>\n<\/tr>\n<\/tbody>\n<\/table>\n<p>Como principal fabricante de bolsas de golfe e f\u00e1brica de bolsas \u00e0 prova d'\u00e1gua da China, projetamos bolsas de golfe de disco \u00e0 prova d'\u00e1gua OEM premium para marcas globais. Nossa empresa de bolsas de golfe oferece:<\/p>\n<p>\u2705 <strong>Prote\u00e7\u00e3o IPX8 \u00e0 prova d'\u00e1gua<\/strong> com costuras soldadas em TPU (nylon bal\u00edstico 800D)<br \/>\n\u2705 <strong>Capacidade para mais de 20 discos<\/strong> com organiza\u00e7\u00e3o aprovada pela PDGA (MOQ 50pcs)<br \/>\n\u2705 <strong>Servi\u00e7os Turnkey de OEM\/ODM<\/strong> para <strong>equipamentos de golfe de marca pr\u00f3pria<\/strong><br \/>\n\u2705 <strong>Produ\u00e7\u00e3o de sacos de golfe a granel<\/strong> com entrega r\u00e1pida em 10 dias<\/p>\n<p>Com a confian\u00e7a de atacadistas de bolsas de golfe e varejistas profissionais em todo o mundo. Principais recursos:<br \/>\n- Sistema de fluxo de ar 3D nas costas e arn\u00eas ergon\u00f4mico<br \/>\n- Bolso para objetos de valor de acesso r\u00e1pido + prote\u00e7\u00e3o RFID<br \/>\n- Compartimento remov\u00edvel para refrigerador e capa para guarda-chuva<\/p>\n<p><strong>Por que fazer parceria com nossa f\u00e1brica de sacos de golfe<\/strong>:<br \/>\nMais de 15 anos como exportadores l\u00edderes de bolsas de golfe da China<br \/>\nDesign de pacote tecnol\u00f3gico 3D gratuito com sua marca<br \/>\nCertifica\u00e7\u00f5es CE\/SGS\/REACH e remessa DDP<br \/>\nDesconto 30% para fornecedores de bolsas de golfe com mais de 3.000 unidades<\/p>\n<p>Solicite amostras gr\u00e1tis de nossas bolsas de golfe de disco \u00e0 prova d'\u00e1gua ou obtenha cota\u00e7\u00f5es instant\u00e2neas. Os fornecedores de bolsas de golfe recebem:<br \/>\n- Atualiza\u00e7\u00f5es personalizadas de isolamento t\u00e9rmico<br \/>\n- Relat\u00f3rios de controle de qualidade espec\u00edficos do lote<br \/>\n- Aloca\u00e7\u00e3o de linha de produ\u00e7\u00e3o dedicada<\/p>\n<\/div>\n<\/div>\n<\/div>\n<\/div>","protected":false},"excerpt":{"rendered":"<h2 data-immersive-translate-walked=\"344be1c1-5052-41eb-8fcd-0dbe236a0d6b\" data-immersive-translate-paragraph=\"1\">Bolsa de golfe de disco \u00e0 prova d'\u00e1gua OEM<\/h2>\n<p>Armazenamento para todos os seus equipamentos de golfe de disco e muito mais: Temos todos os itens essenciais cobertos quando se trata de armazenamento, mas e quanto a todos os seus outros equipamentos e acess\u00f3rios?<\/p>\n<p>Al\u00e9m da se\u00e7\u00e3o principal de armazenamento de discos, que pode conter at\u00e9 18 discos, e da se\u00e7\u00e3o do cooler, h\u00e1 7 outras se\u00e7\u00f5es de armazenamento para guardar tudo, desde as chaves do carro at\u00e9 um pequeno banco dobr\u00e1vel ou guarda-chuva.<\/p>\n<p>2 suportes para bebidas que podem conter tudo, desde uma lata at\u00e9 uma garrafa de 36 oz.<\/p>","protected":false},"featured_media":3456,"template":"","meta":{"_uag_custom_page_level_css":""},"product_brand":[],"product_cat":[51,60],"product_tag":[],"class_list":{"0":"post-3452","1":"product","2":"type-product","3":"status-publish","4":"has-post-thumbnail","6":"product_cat-golf-bag","7":"product_cat-backpack","9":"first","10":"instock","11":"shipping-taxable","12":"product-type-simple"},"uagb_featured_image_src":{"full":["https:\/\/pecbag.com\/wp-content\/uploads\/2025\/05\/OEM-Waterproof-Disc-Golf-Bag-1.jpeg",720,720,false],"thumbnail":["https:\/\/pecbag.com\/wp-content\/uploads\/2025\/05\/OEM-Waterproof-Disc-Golf-Bag-1-150x150.jpeg",150,150,true],"medium":["https:\/\/pecbag.com\/wp-content\/uploads\/2025\/05\/OEM-Waterproof-Disc-Golf-Bag-1-300x300.jpeg",300,300,true],"medium_large":["https:\/\/pecbag.com\/wp-content\/uploads\/2025\/05\/OEM-Waterproof-Disc-Golf-Bag-1.jpeg",720,720,false],"large":["https:\/\/pecbag.com\/wp-content\/uploads\/2025\/05\/OEM-Waterproof-Disc-Golf-Bag-1.jpeg",720,720,false],"1536x1536":["https:\/\/pecbag.com\/wp-content\/uploads\/2025\/05\/OEM-Waterproof-Disc-Golf-Bag-1.jpeg",720,720,false],"2048x2048":["https:\/\/pecbag.com\/wp-content\/uploads\/2025\/05\/OEM-Waterproof-Disc-Golf-Bag-1.jpeg",720,720,false],"trp-custom-language-flag":["https:\/\/pecbag.com\/wp-content\/uploads\/2025\/05\/OEM-Waterproof-Disc-Golf-Bag-1-12x12.jpeg",12,12,true],"woocommerce_thumbnail":["https:\/\/pecbag.com\/wp-content\/uploads\/2025\/05\/OEM-Waterproof-Disc-Golf-Bag-1-300x300.jpeg",300,300,true],"woocommerce_single":["https:\/\/pecbag.com\/wp-content\/uploads\/2025\/05\/OEM-Waterproof-Disc-Golf-Bag-1-600x600.jpeg",600,600,true],"woocommerce_gallery_thumbnail":["https:\/\/pecbag.com\/wp-content\/uploads\/2025\/05\/OEM-Waterproof-Disc-Golf-Bag-1-100x100.jpeg",100,100,true]},"uagb_author_info":{"display_name":"Lawrence","author_link":"https:\/\/pecbag.com\/br\/author\/"},"uagb_comment_info":0,"uagb_excerpt":"OEM Waterproof Disc Golf Bag Storage for all your disc golf equipment and more: We have all the essentials covered when it comes to storage, but what about all your other gear and accessories? Besides the main disc storage section, which can hold up to 18 discs, and the cooler section, there are 7 other&hellip;","_links":{"self":[{"href":"https:\/\/pecbag.com\/br\/wp-json\/wp\/v2\/product\/3452","targetHints":{"allow":["GET"]}}],"collection":[{"href":"https:\/\/pecbag.com\/br\/wp-json\/wp\/v2\/product"}],"about":[{"href":"https:\/\/pecbag.com\/br\/wp-json\/wp\/v2\/types\/product"}],"wp:featuredmedia":[{"embeddable":true,"href":"https:\/\/pecbag.com\/br\/wp-json\/wp\/v2\/media\/3456"}],"wp:attachment":[{"href":"https:\/\/pecbag.com\/br\/wp-json\/wp\/v2\/media?parent=3452"}],"wp:term":[{"taxonomy":"product_brand","embeddable":true,"href":"https:\/\/pecbag.com\/br\/wp-json\/wp\/v2\/product_brand?post=3452"},{"taxonomy":"product_cat","embeddable":true,"href":"https:\/\/pecbag.com\/br\/wp-json\/wp\/v2\/product_cat?post=3452"},{"taxonomy":"product_tag","embeddable":true,"href":"https:\/\/pecbag.com\/br\/wp-json\/wp\/v2\/product_tag?post=3452"}],"curies":[{"name":"wp","href":"https:\/\/api.w.org\/{rel}","templated":true}]}}