{"id":3472,"date":"2025-05-27T03:04:30","date_gmt":"2025-05-27T03:04:30","guid":{"rendered":"https:\/\/pecbag.com\/?post_type=product&#038;p=3472"},"modified":"2025-11-29T01:57:37","modified_gmt":"2025-11-29T01:57:37","slug":"camping-backpack-lightweight-hiking-bag","status":"publish","type":"product","link":"https:\/\/pecbag.com\/br\/camping-backpack-lightweight-hiking-bag\/","title":{"rendered":"Mochila para acampamento Bolsa para caminhada leve"},"content":{"rendered":"<h5 title=\"Bolsa dobr\u00e1vel para c\u00e3es Bolsa de ombro de malha respir\u00e1vel para c\u00e3es e gatos de pequeno porte\" data-immersive-translate-walked=\"1c928421-2e42-4cd3-8754-5404553c0af5\" data-immersive-translate-paragraph=\"1\" data-spm-anchor-id=\"a2700.details.0.i35.4f6757d4w4zNZA\">Mochila de acampamento Mochilas leves para caminhadas - F\u00e1brica de bolsas \u00e0 prova d'\u00e1gua e fabricante de mochilas - Bulk Outdoor Gear Solutions<\/h5>\n<div class=\"flex flex-grow flex-col max-w-full\">\n<div class=\"min-h-[20px] text-message flex w-full flex-col items-end gap-2 whitespace-pre-wrap break-words [.text-message+&amp;]:mt-5 overflow-x-auto\" dir=\"auto\" data-message-author-role=\"assistant\" data-message-id=\"3d7d46f6-7ec2-4222-9257-48fa0bba23c6\" data-suggestions=\"true\">\n<div class=\"flex w-full flex-col gap-1 empty:hidden first:pt-[3px]\">\n<div class=\"markdown prose w-full break-words dark:prose-invert light\">\n<table width=\"288\">\n<tbody>\n<tr>\n<td width=\"137\"><span style=\"color: #333333;\">Nome dos produtos<\/span><\/td>\n<td width=\"151\">Bolsa de caminhada<\/td>\n<\/tr>\n<tr>\n<td><span style=\"color: #333333;\">Item No.<\/span><\/td>\n<td><span style=\"color: #333333;\">PB-2065<\/span><\/td>\n<\/tr>\n<tr>\n<td><span style=\"color: #333333;\">Material<\/span><\/td>\n<td>Ripstop<\/td>\n<\/tr>\n<tr>\n<td><span style=\"color: #333333;\">\u00a0Tamanho e cor<\/span><\/td>\n<td>20,5*12,2*6,3 polegadas<\/td>\n<\/tr>\n<tr>\n<td><span style=\"color: #333333;\">\u00a0Prazo de entrega<\/span><\/td>\n<td><span style=\"color: #333333;\">De 1 a 5 dias para pequenas quantidades por via a\u00e9rea e de 30 a 35 dias para grandes quantidades por via mar\u00edtima<\/span><\/td>\n<\/tr>\n<\/tbody>\n<\/table>\n<p>Como principal fabricante de bolsas de caminhada e f\u00e1brica de bolsas \u00e0 prova d'\u00e1gua da China, somos especializados na produ\u00e7\u00e3o de mochilas de acampamento premium e bolsas de caminhada leves para marcas globais de atividades ao ar livre. Nossa empresa de bolsas de caminhada oferece:<\/p>\n<p>\u2705 <strong>Nylon ripstop 210D ultraleve<\/strong> (1,3 lbs vazio) com revestimento \u00e0 prova d'\u00e1gua IPX6<br \/>\n\u2705 <strong>Projetos personaliz\u00e1veis<\/strong>\u00a0para <strong>sacos de caminhada de marca pr\u00f3pria<\/strong><br \/>\n\u2705 <strong>Servi\u00e7os OEM\/ODM<\/strong> com suporte a pacotes t\u00e9cnicos 3D<br \/>\n\u2705 <strong>Produ\u00e7\u00e3o de sacos de caminhada a granel<\/strong> com entrega r\u00e1pida em 10 dias<\/p>\n<p>Confiado por atacadistas e varejistas de bolsas de caminhada em todo o mundo. Principais recursos:<br \/>\n- Sistema ergon\u00f4mico de fluxo de ar nas costas e elevadores de carga ajust\u00e1veis<br \/>\n- Compat\u00edvel com bexiga de hidrata\u00e7\u00e3o + bolsos seguros para RFID<br \/>\n- Dobr\u00e1vel em uma bolsa de autoarmazenamento (7\u2033x5\u2033)<\/p>\n<p><strong>Por que escolher nossa f\u00e1brica de bolsas de caminhada<\/strong>:<br \/>\nMais de 18 anos como exportadores l\u00edderes de bolsas de caminhada da China<br \/>\nPrototipagem digital gratuita com seu logotipo\/cores<br \/>\n\ud83d\udd39 Materiais com certifica\u00e7\u00e3o OEKO-Tex e REACH<br \/>\nDesconto 30% para fornecedores de bolsas de caminhada com mais de 3.000 unidades<\/p>\n<p>Solicite amostras gr\u00e1tis de nossas bolsas leves para caminhadas ou obtenha cota\u00e7\u00f5es instant\u00e2neas. Os fornecedores de bolsas de caminhada desfrutam:<br \/>\n- MOQ personalizado<br \/>\n- Certificados de qualidade espec\u00edficos do lote<br \/>\n- Op\u00e7\u00f5es priorit\u00e1rias de frete a\u00e9reo\/mar\u00edtimo<\/p>\n<\/div>\n<\/div>\n<\/div>\n<\/div>","protected":false},"excerpt":{"rendered":"<h2 data-immersive-translate-walked=\"344be1c1-5052-41eb-8fcd-0dbe236a0d6b\" data-immersive-translate-paragraph=\"1\">Mochila para acampamento Bolsa para caminhada leve<\/h2>\n<ul class=\"list-paddingleft-2\">\n<li>Correias ajust\u00e1veis - ajuste a tens\u00e3o conforme sua necessidade, para amarrar sua mochila ou pendurar saco de dormir, esteira, rede, etc. Adequado para todas as pessoas.<\/li>\n<li>Mochila de viagem multifuncional, 50L de alta capacidade, inclui um compartimento principal, dois bolsos frontais com z\u00edper, um compartimento para saco de dormir, bolsos laterais de malha, voc\u00ea pode colocar suas barracas, cobertor ou equipamento de cozinha nessa mochila, ideal para aventuras de 2 a 4 dias.<\/li>\n<\/ul>","protected":false},"featured_media":3478,"template":"","meta":{"_uag_custom_page_level_css":""},"product_brand":[],"product_cat":[60,45,68],"product_tag":[],"class_list":{"0":"post-3472","1":"product","2":"type-product","3":"status-publish","4":"has-post-thumbnail","6":"product_cat-backpack","7":"product_cat-hiking-bag","8":"product_cat-travel-bag","10":"first","11":"instock","12":"shipping-taxable","13":"product-type-simple"},"uagb_featured_image_src":{"full":["https:\/\/pecbag.com\/wp-content\/uploads\/2025\/05\/Camping-Backpack-lightweight-Hiking-Bag-5.jpeg",960,960,false],"thumbnail":["https:\/\/pecbag.com\/wp-content\/uploads\/2025\/05\/Camping-Backpack-lightweight-Hiking-Bag-5-150x150.jpeg",150,150,true],"medium":["https:\/\/pecbag.com\/wp-content\/uploads\/2025\/05\/Camping-Backpack-lightweight-Hiking-Bag-5-300x300.jpeg",300,300,true],"medium_large":["https:\/\/pecbag.com\/wp-content\/uploads\/2025\/05\/Camping-Backpack-lightweight-Hiking-Bag-5-768x768.jpeg",768,768,true],"large":["https:\/\/pecbag.com\/wp-content\/uploads\/2025\/05\/Camping-Backpack-lightweight-Hiking-Bag-5.jpeg",800,800,false],"1536x1536":["https:\/\/pecbag.com\/wp-content\/uploads\/2025\/05\/Camping-Backpack-lightweight-Hiking-Bag-5.jpeg",960,960,false],"2048x2048":["https:\/\/pecbag.com\/wp-content\/uploads\/2025\/05\/Camping-Backpack-lightweight-Hiking-Bag-5.jpeg",960,960,false],"trp-custom-language-flag":["https:\/\/pecbag.com\/wp-content\/uploads\/2025\/05\/Camping-Backpack-lightweight-Hiking-Bag-5-12x12.jpeg",12,12,true],"woocommerce_thumbnail":["https:\/\/pecbag.com\/wp-content\/uploads\/2025\/05\/Camping-Backpack-lightweight-Hiking-Bag-5-300x300.jpeg",300,300,true],"woocommerce_single":["https:\/\/pecbag.com\/wp-content\/uploads\/2025\/05\/Camping-Backpack-lightweight-Hiking-Bag-5-600x600.jpeg",600,600,true],"woocommerce_gallery_thumbnail":["https:\/\/pecbag.com\/wp-content\/uploads\/2025\/05\/Camping-Backpack-lightweight-Hiking-Bag-5-100x100.jpeg",100,100,true]},"uagb_author_info":{"display_name":"Lawrence","author_link":"https:\/\/pecbag.com\/br\/author\/"},"uagb_comment_info":0,"uagb_excerpt":"Camping Backpack lightweight Hiking Bag Adjustable Straps- adjust the tightness as you need, for tying up your pack or hanging sleeping bag, mat, hammock, etc, Suitable for all people. Multi-functional travel bag, 50L high-capacity includes a main compartment, two zipped front pockets, a sleeping bag compartment, mesh side pockets, you can put your tents, blanket,&hellip;","_links":{"self":[{"href":"https:\/\/pecbag.com\/br\/wp-json\/wp\/v2\/product\/3472","targetHints":{"allow":["GET"]}}],"collection":[{"href":"https:\/\/pecbag.com\/br\/wp-json\/wp\/v2\/product"}],"about":[{"href":"https:\/\/pecbag.com\/br\/wp-json\/wp\/v2\/types\/product"}],"wp:featuredmedia":[{"embeddable":true,"href":"https:\/\/pecbag.com\/br\/wp-json\/wp\/v2\/media\/3478"}],"wp:attachment":[{"href":"https:\/\/pecbag.com\/br\/wp-json\/wp\/v2\/media?parent=3472"}],"wp:term":[{"taxonomy":"product_brand","embeddable":true,"href":"https:\/\/pecbag.com\/br\/wp-json\/wp\/v2\/product_brand?post=3472"},{"taxonomy":"product_cat","embeddable":true,"href":"https:\/\/pecbag.com\/br\/wp-json\/wp\/v2\/product_cat?post=3472"},{"taxonomy":"product_tag","embeddable":true,"href":"https:\/\/pecbag.com\/br\/wp-json\/wp\/v2\/product_tag?post=3472"}],"curies":[{"name":"wp","href":"https:\/\/api.w.org\/{rel}","templated":true}]}}