{"id":3479,"date":"2025-05-27T03:14:11","date_gmt":"2025-05-27T03:14:11","guid":{"rendered":"https:\/\/pecbag.com\/?post_type=product&#038;p=3479"},"modified":"2025-11-29T01:57:28","modified_gmt":"2025-11-29T01:57:28","slug":"hot-sale-large-capacity-hiking-backpack","status":"publish","type":"product","link":"https:\/\/pecbag.com\/br\/hot-sale-large-capacity-hiking-backpack\/","title":{"rendered":"Mochila de caminhada de grande capacidade em promo\u00e7\u00e3o"},"content":{"rendered":"<h5 title=\"Bolsa dobr\u00e1vel para c\u00e3es Bolsa de ombro de malha respir\u00e1vel para c\u00e3es e gatos de pequeno porte\" data-immersive-translate-walked=\"1c928421-2e42-4cd3-8754-5404553c0af5\" data-immersive-translate-paragraph=\"1\" data-spm-anchor-id=\"a2700.details.0.i35.4f6757d4w4zNZA\">Mochilas para caminhadas de grande capacidade - F\u00e1brica e fabricante de mochilas \u00e0 prova d'\u00e1gua - Bulk Outdoor Solutions<\/h5>\n<div class=\"flex flex-grow flex-col max-w-full\">\n<div class=\"min-h-[20px] text-message flex w-full flex-col items-end gap-2 whitespace-pre-wrap break-words [.text-message+&amp;]:mt-5 overflow-x-auto\" dir=\"auto\" data-message-author-role=\"assistant\" data-message-id=\"3d7d46f6-7ec2-4222-9257-48fa0bba23c6\" data-suggestions=\"true\">\n<div class=\"flex w-full flex-col gap-1 empty:hidden first:pt-[3px]\">\n<div class=\"markdown prose w-full break-words dark:prose-invert light\">\n<table width=\"288\">\n<tbody>\n<tr>\n<td width=\"137\"><span style=\"color: #333333;\">Nome dos produtos<\/span><\/td>\n<td width=\"151\">Bolsa de caminhada<\/td>\n<\/tr>\n<tr>\n<td><span style=\"color: #333333;\">Item No.<\/span><\/td>\n<td><span style=\"color: #333333;\">PB-2066<\/span><\/td>\n<\/tr>\n<tr>\n<td><span style=\"color: #333333;\">Material<\/span><\/td>\n<td>Poli\u00e9ster<\/td>\n<\/tr>\n<tr>\n<td><span style=\"color: #333333;\">Tamanho<\/span><\/td>\n<td>30*15*54 cm<\/td>\n<\/tr>\n<tr>\n<td><span style=\"color: #333333;\">\u00a0Prazo de entrega<\/span><\/td>\n<td><span style=\"color: #333333;\">De 1 a 5 dias para pequenas quantidades por via a\u00e9rea e de 30 a 35 dias para grandes quantidades por via mar\u00edtima<\/span><\/td>\n<\/tr>\n<\/tbody>\n<\/table>\n<p>Como fabricante l\u00edder de bolsas de caminhada e f\u00e1brica de bolsas \u00e0 prova d'\u00e1gua da China, produzimos mochilas de caminhada de grande capacidade de venda quente para marcas globais de atividades ao ar livre. Nossa empresa de bolsas de caminhada oferece:<\/p>\n<p>\u2705 <strong>Capacidade expandida de 60L-90L<\/strong> com cintas MOLLE para fixa\u00e7\u00e3o de equipamentos<br \/>\n\u2705 <strong>Design \u00e0 prova d'\u00e1gua IPX6<\/strong> (nylon 500D + revestimento de PU)<br \/>\n\u2705 <strong>Servi\u00e7os OEM\/ODM<\/strong> para <strong>sacos de caminhada de marca pr\u00f3pria<\/strong><br \/>\n\u2705 <strong>Produ\u00e7\u00e3o de sacos de caminhada a granel<\/strong> com entrega r\u00e1pida em 12 dias<\/p>\n<p>Confiado por atacadistas e varejistas de bolsas de caminhada em todo o mundo. Principais recursos:<\/p>\n<ul>\n<li>Comprimento do tronco ajust\u00e1vel e cinto de quadril com suporte de carga<\/li>\n<li>Compartimento separado para saco de dormir e capa de chuva<\/li>\n<li>Capa de hidrata\u00e7\u00e3o compat\u00edvel com reservat\u00f3rio de 3L<\/li>\n<\/ul>\n<p><strong>Por que escolher nossa f\u00e1brica de bolsas de caminhada<\/strong>:<br \/>\nMais de 15 anos como os principais exportadores de bolsas de caminhada da China<br \/>\nSuporte de design 3D gratuito com sua marca<br \/>\nMateriais com certifica\u00e7\u00e3o OEKO-Tex e SGS<br \/>\nDesconto de 25% para fornecedores de bolsas de caminhada em mais de 2.500 unidades<\/p>\n<p>Solicite amostras gr\u00e1tis de nossas mochilas de caminhada de grande capacidade ou obtenha cota\u00e7\u00f5es instant\u00e2neas. Os fornecedores de mochilas de caminhada recebem:<\/p>\n<ul>\n<li>Flexibilidade de MOQ personalizado<\/li>\n<li>Certificados de qualidade espec\u00edficos do lote<\/li>\n<li>Aloca\u00e7\u00e3o de remessa priorit\u00e1ria<\/li>\n<\/ul>\n<\/div>\n<\/div>\n<\/div>\n<\/div>","protected":false},"excerpt":{"rendered":"<h2 data-immersive-translate-walked=\"344be1c1-5052-41eb-8fcd-0dbe236a0d6b\" data-immersive-translate-paragraph=\"1\">Mochila de caminhada de grande capacidade em promo\u00e7\u00e3o<\/h2>\n<p>Grande capacidade e v\u00e1rios compartimentos: Essa mochila de caminhada apresenta um design com v\u00e1rios compartimentos para facilitar o armazenamento e a organiza\u00e7\u00e3o. Inclui um compartimento principal com z\u00edper, um bolso frontal com z\u00edper, um bolso superior, dois bolsos laterais e dois bolsos para os quadris. Um bolso inferior especial d\u00e1 acesso ao compartimento principal, facilita o acesso aos seus itens e armazena sapatos ou roupas sujas quando fechado. Facilita o transporte de todos os itens essenciais, como chaves, mapas, sacos de dormir, um alpenstock, garrafas, um guarda-chuva, etc.<\/p>","protected":false},"featured_media":3482,"template":"","meta":{"_uag_custom_page_level_css":""},"product_brand":[],"product_cat":[60,45,68],"product_tag":[],"class_list":{"0":"post-3479","1":"product","2":"type-product","3":"status-publish","4":"has-post-thumbnail","6":"product_cat-backpack","7":"product_cat-hiking-bag","8":"product_cat-travel-bag","10":"first","11":"instock","12":"shipping-taxable","13":"product-type-simple"},"uagb_featured_image_src":{"full":["https:\/\/pecbag.com\/wp-content\/uploads\/2025\/05\/Hot-Sale-Large-Capacity-Hiking-Backpack-2.jpeg",720,720,false],"thumbnail":["https:\/\/pecbag.com\/wp-content\/uploads\/2025\/05\/Hot-Sale-Large-Capacity-Hiking-Backpack-2-150x150.jpeg",150,150,true],"medium":["https:\/\/pecbag.com\/wp-content\/uploads\/2025\/05\/Hot-Sale-Large-Capacity-Hiking-Backpack-2-300x300.jpeg",300,300,true],"medium_large":["https:\/\/pecbag.com\/wp-content\/uploads\/2025\/05\/Hot-Sale-Large-Capacity-Hiking-Backpack-2.jpeg",720,720,false],"large":["https:\/\/pecbag.com\/wp-content\/uploads\/2025\/05\/Hot-Sale-Large-Capacity-Hiking-Backpack-2.jpeg",720,720,false],"1536x1536":["https:\/\/pecbag.com\/wp-content\/uploads\/2025\/05\/Hot-Sale-Large-Capacity-Hiking-Backpack-2.jpeg",720,720,false],"2048x2048":["https:\/\/pecbag.com\/wp-content\/uploads\/2025\/05\/Hot-Sale-Large-Capacity-Hiking-Backpack-2.jpeg",720,720,false],"trp-custom-language-flag":["https:\/\/pecbag.com\/wp-content\/uploads\/2025\/05\/Hot-Sale-Large-Capacity-Hiking-Backpack-2-12x12.jpeg",12,12,true],"woocommerce_thumbnail":["https:\/\/pecbag.com\/wp-content\/uploads\/2025\/05\/Hot-Sale-Large-Capacity-Hiking-Backpack-2-300x300.jpeg",300,300,true],"woocommerce_single":["https:\/\/pecbag.com\/wp-content\/uploads\/2025\/05\/Hot-Sale-Large-Capacity-Hiking-Backpack-2-600x600.jpeg",600,600,true],"woocommerce_gallery_thumbnail":["https:\/\/pecbag.com\/wp-content\/uploads\/2025\/05\/Hot-Sale-Large-Capacity-Hiking-Backpack-2-100x100.jpeg",100,100,true]},"uagb_author_info":{"display_name":"Lawrence","author_link":"https:\/\/pecbag.com\/br\/author\/"},"uagb_comment_info":0,"uagb_excerpt":"Hot Sale Large Capacity Hiking Backpack Large Capacity &amp; Multi-Compartment: This Hiking daypack features a multiple-compartments design for easy storage and organization. Includes one main zipped compartment, one zipped front pocket, one top pocket, two side pockets, and two hip pockets. A special bottom pocket provides access to the main compartment, access your items easily,&hellip;","_links":{"self":[{"href":"https:\/\/pecbag.com\/br\/wp-json\/wp\/v2\/product\/3479","targetHints":{"allow":["GET"]}}],"collection":[{"href":"https:\/\/pecbag.com\/br\/wp-json\/wp\/v2\/product"}],"about":[{"href":"https:\/\/pecbag.com\/br\/wp-json\/wp\/v2\/types\/product"}],"wp:featuredmedia":[{"embeddable":true,"href":"https:\/\/pecbag.com\/br\/wp-json\/wp\/v2\/media\/3482"}],"wp:attachment":[{"href":"https:\/\/pecbag.com\/br\/wp-json\/wp\/v2\/media?parent=3479"}],"wp:term":[{"taxonomy":"product_brand","embeddable":true,"href":"https:\/\/pecbag.com\/br\/wp-json\/wp\/v2\/product_brand?post=3479"},{"taxonomy":"product_cat","embeddable":true,"href":"https:\/\/pecbag.com\/br\/wp-json\/wp\/v2\/product_cat?post=3479"},{"taxonomy":"product_tag","embeddable":true,"href":"https:\/\/pecbag.com\/br\/wp-json\/wp\/v2\/product_tag?post=3479"}],"curies":[{"name":"wp","href":"https:\/\/api.w.org\/{rel}","templated":true}]}}