{"id":3485,"date":"2025-05-27T03:22:19","date_gmt":"2025-05-27T03:22:19","guid":{"rendered":"https:\/\/pecbag.com\/?post_type=product&#038;p=3485"},"modified":"2025-11-29T01:57:24","modified_gmt":"2025-11-29T01:57:24","slug":"new-design-tactical-hiking-bag","status":"publish","type":"product","link":"https:\/\/pecbag.com\/br\/new-design-tactical-hiking-bag\/","title":{"rendered":"Bolsa de caminhada t\u00e1tica com novo design"},"content":{"rendered":"<h5 title=\"Bolsa dobr\u00e1vel para c\u00e3es Bolsa de ombro de malha respir\u00e1vel para c\u00e3es e gatos de pequeno porte\" data-immersive-translate-walked=\"1c928421-2e42-4cd3-8754-5404553c0af5\" data-immersive-translate-paragraph=\"1\" data-spm-anchor-id=\"a2700.details.0.i35.4f6757d4w4zNZA\">Novo design de bolsas t\u00e1ticas para caminhadas - F\u00e1brica de bolsas imperme\u00e1veis e fabricante de mochilas - Bulk Outdoor Solutions<\/h5>\n<div class=\"flex flex-grow flex-col max-w-full\">\n<div class=\"min-h-[20px] text-message flex w-full flex-col items-end gap-2 whitespace-pre-wrap break-words [.text-message+&amp;]:mt-5 overflow-x-auto\" dir=\"auto\" data-message-author-role=\"assistant\" data-message-id=\"3d7d46f6-7ec2-4222-9257-48fa0bba23c6\" data-suggestions=\"true\">\n<div class=\"flex w-full flex-col gap-1 empty:hidden first:pt-[3px]\">\n<div class=\"markdown prose w-full break-words dark:prose-invert light\">\n<table width=\"288\">\n<tbody>\n<tr>\n<td width=\"137\"><span style=\"color: #333333;\">Nome dos produtos<\/span><\/td>\n<td width=\"151\">Bolsa de caminhada<\/td>\n<\/tr>\n<tr>\n<td><span style=\"color: #333333;\">Item No.<\/span><\/td>\n<td><span style=\"color: #333333;\">PB-2067<\/span><\/td>\n<\/tr>\n<tr>\n<td><span style=\"color: #333333;\">Material<\/span><\/td>\n<td>Poli\u00e9ster 600D<\/td>\n<\/tr>\n<tr>\n<td><span style=\"color: #333333;\">Tamanho<\/span><\/td>\n<td>15 X 8 X 21 polegadas<\/td>\n<\/tr>\n<tr>\n<td><span style=\"color: #333333;\">\u00a0Prazo de entrega<\/span><\/td>\n<td><span style=\"color: #333333;\">De 1 a 5 dias para pequenas quantidades por via a\u00e9rea e de 30 a 35 dias para grandes quantidades por via mar\u00edtima<\/span><\/td>\n<\/tr>\n<\/tbody>\n<\/table>\n<p>Como fabricante l\u00edder de bolsas para caminhadas e f\u00e1brica de bolsas \u00e0 prova d'\u00e1gua da China, inovamos com novos designs de bolsas t\u00e1ticas para caminhadas para profissionais globais de atividades ao ar livre. Nossa empresa de bolsas de caminhada oferece:<\/p>\n<p>\u2705 <strong>Nylon 1000D de grau militar<\/strong> com z\u00edperes \u00e0 prova d'\u00e1gua IPX7<br \/>\n\u2705 <strong>Sistema MOLLE MODULAR<\/strong> (mais de 20 pontos de fixa\u00e7\u00e3o) para personaliza\u00e7\u00e3o do equipamento<br \/>\n\u2705 <strong>Servi\u00e7os OEM\/ODM<\/strong> para <strong>sacos de caminhada de marca pr\u00f3pria<\/strong> (MOQ 50pcs)<br \/>\n\u2705 <strong>Produ\u00e7\u00e3o de sacos de caminhada a granel<\/strong> com entrega r\u00e1pida em 10 dias<\/p>\n<p>Confiado por atacadistas de bolsas de caminhada e marcas de equipamentos t\u00e1ticos em todo o mundo. Principais inova\u00e7\u00f5es:<br \/>\n- Compartimento para armas de acesso r\u00e1pido e bolsa para bexiga de hidrata\u00e7\u00e3o<br \/>\n- Al\u00e7a de arrasto refor\u00e7ada e fivela de apito de emerg\u00eancia<br \/>\n- Compat\u00edvel com inser\u00e7\u00f5es de placas bal\u00edsticas<\/p>\n<p><strong>Por que fazer parceria com nossa f\u00e1brica de bolsas de caminhada<\/strong>:<br \/>\nMais de 18 anos como os principais exportadores de bolsas de caminhada da China<br \/>\nDesign de pacote tecnol\u00f3gico 3D gratuito com sua marca<br \/>\nTestado com MIL-STD-810G e certificado OEKO-Tex<br \/>\nDesconto 30% para fornecedores de bolsas de caminhada com mais de 3.000 unidades<\/p>\n<p>Solicite amostras gr\u00e1tis de nossas bolsas t\u00e1ticas para caminhadas ou obtenha cota\u00e7\u00f5es instant\u00e2neas. Os fornecedores de bolsas de caminhada desfrutam:<br \/>\n- MOQ personalizado a partir de 30 unidades<br \/>\n- Tecnologia antifalsifica\u00e7\u00e3o RFID\/NFC<br \/>\n- Aloca\u00e7\u00e3o priorit\u00e1ria de carga a\u00e9rea\/mar\u00edtima<\/p>\n<\/div>\n<\/div>\n<\/div>\n<\/div>","protected":false},"excerpt":{"rendered":"<h2 data-immersive-translate-walked=\"344be1c1-5052-41eb-8fcd-0dbe236a0d6b\" data-immersive-translate-paragraph=\"1\">Bolsa de caminhada t\u00e1tica com novo design<\/h2>\n<p>Fornecemos bolsas premium com personaliza\u00e7\u00e3o total de tamanho e cor, tecidos dur\u00e1veis e qualidade certificada.<\/p>\n<p>Aproveite os MOQs flex\u00edveis, o envio global r\u00e1pido e as solu\u00e7\u00f5es de marca pr\u00f3pria.<\/p>\n<p>Entre em contato conosco hoje mesmo!<\/p>","protected":false},"featured_media":3488,"template":"","meta":{"_uag_custom_page_level_css":""},"product_brand":[],"product_cat":[60,45,68],"product_tag":[],"class_list":{"0":"post-3485","1":"product","2":"type-product","3":"status-publish","4":"has-post-thumbnail","6":"product_cat-backpack","7":"product_cat-hiking-bag","8":"product_cat-travel-bag","10":"first","11":"instock","12":"shipping-taxable","13":"product-type-simple"},"uagb_featured_image_src":{"full":["https:\/\/pecbag.com\/wp-content\/uploads\/2025\/05\/New-Design-Tactical-Hiking-Bag-5.jpeg",960,960,false],"thumbnail":["https:\/\/pecbag.com\/wp-content\/uploads\/2025\/05\/New-Design-Tactical-Hiking-Bag-5-150x150.jpeg",150,150,true],"medium":["https:\/\/pecbag.com\/wp-content\/uploads\/2025\/05\/New-Design-Tactical-Hiking-Bag-5-300x300.jpeg",300,300,true],"medium_large":["https:\/\/pecbag.com\/wp-content\/uploads\/2025\/05\/New-Design-Tactical-Hiking-Bag-5-768x768.jpeg",768,768,true],"large":["https:\/\/pecbag.com\/wp-content\/uploads\/2025\/05\/New-Design-Tactical-Hiking-Bag-5.jpeg",800,800,false],"1536x1536":["https:\/\/pecbag.com\/wp-content\/uploads\/2025\/05\/New-Design-Tactical-Hiking-Bag-5.jpeg",960,960,false],"2048x2048":["https:\/\/pecbag.com\/wp-content\/uploads\/2025\/05\/New-Design-Tactical-Hiking-Bag-5.jpeg",960,960,false],"trp-custom-language-flag":["https:\/\/pecbag.com\/wp-content\/uploads\/2025\/05\/New-Design-Tactical-Hiking-Bag-5-12x12.jpeg",12,12,true],"woocommerce_thumbnail":["https:\/\/pecbag.com\/wp-content\/uploads\/2025\/05\/New-Design-Tactical-Hiking-Bag-5-300x300.jpeg",300,300,true],"woocommerce_single":["https:\/\/pecbag.com\/wp-content\/uploads\/2025\/05\/New-Design-Tactical-Hiking-Bag-5-600x600.jpeg",600,600,true],"woocommerce_gallery_thumbnail":["https:\/\/pecbag.com\/wp-content\/uploads\/2025\/05\/New-Design-Tactical-Hiking-Bag-5-100x100.jpeg",100,100,true]},"uagb_author_info":{"display_name":"Lawrence","author_link":"https:\/\/pecbag.com\/br\/author\/"},"uagb_comment_info":0,"uagb_excerpt":"New Design Tactical Hiking Bag We provide premium bags with full-size and color customization, durable fabrics, and certified quality. Enjoy flexible MOQs, fast global shipping, and private label solutions. Contact us today!","_links":{"self":[{"href":"https:\/\/pecbag.com\/br\/wp-json\/wp\/v2\/product\/3485","targetHints":{"allow":["GET"]}}],"collection":[{"href":"https:\/\/pecbag.com\/br\/wp-json\/wp\/v2\/product"}],"about":[{"href":"https:\/\/pecbag.com\/br\/wp-json\/wp\/v2\/types\/product"}],"wp:featuredmedia":[{"embeddable":true,"href":"https:\/\/pecbag.com\/br\/wp-json\/wp\/v2\/media\/3488"}],"wp:attachment":[{"href":"https:\/\/pecbag.com\/br\/wp-json\/wp\/v2\/media?parent=3485"}],"wp:term":[{"taxonomy":"product_brand","embeddable":true,"href":"https:\/\/pecbag.com\/br\/wp-json\/wp\/v2\/product_brand?post=3485"},{"taxonomy":"product_cat","embeddable":true,"href":"https:\/\/pecbag.com\/br\/wp-json\/wp\/v2\/product_cat?post=3485"},{"taxonomy":"product_tag","embeddable":true,"href":"https:\/\/pecbag.com\/br\/wp-json\/wp\/v2\/product_tag?post=3485"}],"curies":[{"name":"wp","href":"https:\/\/api.w.org\/{rel}","templated":true}]}}