{"id":3493,"date":"2025-05-27T03:31:37","date_gmt":"2025-05-27T03:31:37","guid":{"rendered":"https:\/\/pecbag.com\/?post_type=product&#038;p=3493"},"modified":"2025-11-29T01:57:18","modified_gmt":"2025-11-29T01:57:18","slug":"custom-logo-large-capacity-tactical-shoulder-bag","status":"publish","type":"product","link":"https:\/\/pecbag.com\/br\/custom-logo-large-capacity-tactical-shoulder-bag\/","title":{"rendered":"Bolsa de ombro t\u00e1tica de grande capacidade com logotipo personalizado"},"content":{"rendered":"<h5 title=\"Bolsa dobr\u00e1vel para c\u00e3es Bolsa de ombro de malha respir\u00e1vel para c\u00e3es e gatos de pequeno porte\" data-immersive-translate-walked=\"1c928421-2e42-4cd3-8754-5404553c0af5\" data-immersive-translate-paragraph=\"1\" data-spm-anchor-id=\"a2700.details.0.i35.4f6757d4w4zNZA\">Logotipo personalizado Bolsas de ombro t\u00e1ticas de grande capacidade - F\u00e1brica de bolsas \u00e0 prova d'\u00e1gua e fabricante de mochilas - Solu\u00e7\u00f5es em equipamentos de ca\u00e7a a granel<\/h5>\n<div class=\"flex flex-grow flex-col max-w-full\">\n<div class=\"min-h-[20px] text-message flex w-full flex-col items-end gap-2 whitespace-pre-wrap break-words [.text-message+&amp;]:mt-5 overflow-x-auto\" dir=\"auto\" data-message-author-role=\"assistant\" data-message-id=\"3d7d46f6-7ec2-4222-9257-48fa0bba23c6\" data-suggestions=\"true\">\n<div class=\"flex w-full flex-col gap-1 empty:hidden first:pt-[3px]\">\n<div class=\"markdown prose w-full break-words dark:prose-invert light\">\n<table width=\"288\">\n<tbody>\n<tr>\n<td width=\"137\"><span style=\"color: #333333;\">Nome dos produtos<\/span><\/td>\n<td width=\"151\">Bolsa de ca\u00e7a<\/td>\n<\/tr>\n<tr>\n<td><span style=\"color: #333333;\">Item No.<\/span><\/td>\n<td><span style=\"color: #333333;\">PB-2068<\/span><\/td>\n<\/tr>\n<tr>\n<td><span style=\"color: #333333;\">Material<\/span><\/td>\n<td>Poli\u00e9ster 600D<\/td>\n<\/tr>\n<tr>\n<td><span style=\"color: #333333;\">Sizer<\/span><\/td>\n<td>12,6 x 8,6 x 4,7 polegadas<\/td>\n<\/tr>\n<tr>\n<td><span style=\"color: #333333;\">\u00a0Prazo de entrega<\/span><\/td>\n<td><span style=\"color: #333333;\">De 1 a 5 dias para pequenas quantidades por via a\u00e9rea e de 30 a 35 dias para grandes quantidades por via mar\u00edtima<\/span><\/td>\n<\/tr>\n<\/tbody>\n<\/table>\n<p>Como principal fabricante de bolsas de ca\u00e7a e f\u00e1brica de bolsas \u00e0 prova d'\u00e1gua da China, projetamos bolsas de ombro t\u00e1ticas de grande capacidade com logotipo personalizado para profissionais globais de atividades ao ar livre. Nossa empresa de bolsas de ca\u00e7a fornece:<\/p>\n<p>\u2705 <strong>Capacidade expans\u00edvel de 30L<\/strong> com cintas MOLLE\/PALS (500D Cordura\u00ae)<br \/>\n\u2705 <strong>Z\u00edperes \u00e0 prova d'\u00e1gua IPX6<\/strong> + compartimentos com bloqueio de RFID (MOQ 50pcs)<br \/>\n\u2705 <strong>Servi\u00e7os OEM\/ODM<\/strong> para <strong>bolsas de ca\u00e7a com marca pr\u00f3pria<\/strong><br \/>\n\u2705 <strong>Produ\u00e7\u00e3o de sacos de ca\u00e7a a granel<\/strong> com entrega r\u00e1pida em 12 dias<\/p>\n<p>Confiado por atacadistas de bolsas de ca\u00e7a e marcas t\u00e1ticas em todo o mundo. Principais recursos:<br \/>\n- Aba de arma de acesso r\u00e1pido ambidestra<br \/>\n- Forro resistente a sangue e tecnologia de controle de odor<br \/>\n- Suporte integrado para chamadas de ca\u00e7a e presilhas para cartuchos<\/p>\n<p><strong>Por que fazer parceria com nossa f\u00e1brica de bolsas de ca\u00e7a<\/strong>:<br \/>\nMais de 15 anos como os principais exportadores de bolsas de ca\u00e7a da China<br \/>\nPrototipagem digital 3D gratuita com seu logotipo<br \/>\nTestado com MIL-SPEC e certificado OEKO-Tex<br \/>\nDesconto de 25% para vendedores de bolsas de ca\u00e7a em mais de 2.000 unidades<\/p>\n<p>Solicite amostras gr\u00e1tis de nossas bolsas de ombro t\u00e1ticas ou obtenha cota\u00e7\u00f5es instant\u00e2neas. Os fornecedores de bolsas de ca\u00e7a gostam:<br \/>\n- Desenvolvimento de padr\u00f5es de camuflagem personalizados<br \/>\n- Certifica\u00e7\u00f5es de nylon bal\u00edstico espec\u00edficas para cada lote<br \/>\n- Aloca\u00e7\u00e3o priorit\u00e1ria de frete a\u00e9reo<\/p>\n<\/div>\n<\/div>\n<\/div>\n<\/div>","protected":false},"excerpt":{"rendered":"<h2 data-immersive-translate-walked=\"344be1c1-5052-41eb-8fcd-0dbe236a0d6b\" data-immersive-translate-paragraph=\"1\">Bolsa de ombro t\u00e1tica de grande capacidade com logotipo personalizado<\/h2>\n<p>Fornecemos bolsas premium com personaliza\u00e7\u00e3o total de tamanho e cor, tecidos dur\u00e1veis e qualidade certificada.<\/p>\n<p>Aproveite os MOQs flex\u00edveis, o envio global r\u00e1pido e as solu\u00e7\u00f5es de marca pr\u00f3pria.<\/p>\n<p>Entre em contato conosco hoje mesmo!<\/p>","protected":false},"featured_media":3494,"template":"","meta":{"_uag_custom_page_level_css":""},"product_brand":[],"product_cat":[54,46,45,64],"product_tag":[],"class_list":{"0":"post-3493","1":"product","2":"type-product","3":"status-publish","4":"has-post-thumbnail","6":"product_cat-hunting-bag","7":"product_cat-fishing-bag","8":"product_cat-hiking-bag","9":"product_cat-shoulder-bag","11":"first","12":"instock","13":"shipping-taxable","14":"product-type-simple"},"uagb_featured_image_src":{"full":["https:\/\/pecbag.com\/wp-content\/uploads\/2025\/05\/Custom-Logo-Large-Capacity-Tactical-Shoulder-bag-6.jpeg",960,960,false],"thumbnail":["https:\/\/pecbag.com\/wp-content\/uploads\/2025\/05\/Custom-Logo-Large-Capacity-Tactical-Shoulder-bag-6-150x150.jpeg",150,150,true],"medium":["https:\/\/pecbag.com\/wp-content\/uploads\/2025\/05\/Custom-Logo-Large-Capacity-Tactical-Shoulder-bag-6-300x300.jpeg",300,300,true],"medium_large":["https:\/\/pecbag.com\/wp-content\/uploads\/2025\/05\/Custom-Logo-Large-Capacity-Tactical-Shoulder-bag-6-768x768.jpeg",768,768,true],"large":["https:\/\/pecbag.com\/wp-content\/uploads\/2025\/05\/Custom-Logo-Large-Capacity-Tactical-Shoulder-bag-6.jpeg",800,800,false],"1536x1536":["https:\/\/pecbag.com\/wp-content\/uploads\/2025\/05\/Custom-Logo-Large-Capacity-Tactical-Shoulder-bag-6.jpeg",960,960,false],"2048x2048":["https:\/\/pecbag.com\/wp-content\/uploads\/2025\/05\/Custom-Logo-Large-Capacity-Tactical-Shoulder-bag-6.jpeg",960,960,false],"trp-custom-language-flag":["https:\/\/pecbag.com\/wp-content\/uploads\/2025\/05\/Custom-Logo-Large-Capacity-Tactical-Shoulder-bag-6-12x12.jpeg",12,12,true],"woocommerce_thumbnail":["https:\/\/pecbag.com\/wp-content\/uploads\/2025\/05\/Custom-Logo-Large-Capacity-Tactical-Shoulder-bag-6-300x300.jpeg",300,300,true],"woocommerce_single":["https:\/\/pecbag.com\/wp-content\/uploads\/2025\/05\/Custom-Logo-Large-Capacity-Tactical-Shoulder-bag-6-600x600.jpeg",600,600,true],"woocommerce_gallery_thumbnail":["https:\/\/pecbag.com\/wp-content\/uploads\/2025\/05\/Custom-Logo-Large-Capacity-Tactical-Shoulder-bag-6-100x100.jpeg",100,100,true]},"uagb_author_info":{"display_name":"Lawrence","author_link":"https:\/\/pecbag.com\/br\/author\/"},"uagb_comment_info":0,"uagb_excerpt":"Custom Logo Large Capacity Tactical Shoulder Bag We provide premium bags with full-size and color customization, durable fabrics, and certified quality. Enjoy flexible MOQs, fast global shipping, and private label solutions. Contact us today!","_links":{"self":[{"href":"https:\/\/pecbag.com\/br\/wp-json\/wp\/v2\/product\/3493","targetHints":{"allow":["GET"]}}],"collection":[{"href":"https:\/\/pecbag.com\/br\/wp-json\/wp\/v2\/product"}],"about":[{"href":"https:\/\/pecbag.com\/br\/wp-json\/wp\/v2\/types\/product"}],"wp:featuredmedia":[{"embeddable":true,"href":"https:\/\/pecbag.com\/br\/wp-json\/wp\/v2\/media\/3494"}],"wp:attachment":[{"href":"https:\/\/pecbag.com\/br\/wp-json\/wp\/v2\/media?parent=3493"}],"wp:term":[{"taxonomy":"product_brand","embeddable":true,"href":"https:\/\/pecbag.com\/br\/wp-json\/wp\/v2\/product_brand?post=3493"},{"taxonomy":"product_cat","embeddable":true,"href":"https:\/\/pecbag.com\/br\/wp-json\/wp\/v2\/product_cat?post=3493"},{"taxonomy":"product_tag","embeddable":true,"href":"https:\/\/pecbag.com\/br\/wp-json\/wp\/v2\/product_tag?post=3493"}],"curies":[{"name":"wp","href":"https:\/\/api.w.org\/{rel}","templated":true}]}}