{"id":3507,"date":"2025-05-27T03:52:20","date_gmt":"2025-05-27T03:52:20","guid":{"rendered":"https:\/\/pecbag.com\/?post_type=product&#038;p=3507"},"modified":"2025-11-29T01:57:04","modified_gmt":"2025-11-29T01:57:04","slug":"waterproof-camo-hunting-portable-bag","status":"publish","type":"product","link":"https:\/\/pecbag.com\/br\/waterproof-camo-hunting-portable-bag\/","title":{"rendered":"Bolsa port\u00e1til \u00e0 prova d'\u00e1gua para ca\u00e7a com camuflagem"},"content":{"rendered":"<h5 title=\"Bolsa dobr\u00e1vel para c\u00e3es Bolsa de ombro de malha respir\u00e1vel para c\u00e3es e gatos de pequeno porte\" data-immersive-translate-walked=\"1c928421-2e42-4cd3-8754-5404553c0af5\" data-immersive-translate-paragraph=\"1\" data-spm-anchor-id=\"a2700.details.0.i35.4f6757d4w4zNZA\">Bolsas port\u00e1teis \u00e0 prova d'\u00e1gua para ca\u00e7a com camuflagem | F\u00e1brica de bolsas e mochilas \u00e0 prova d'\u00e1gua - Bulk Outdoor Solutions<\/h5>\n<div class=\"flex flex-grow flex-col max-w-full\">\n<div class=\"min-h-[20px] text-message flex w-full flex-col items-end gap-2 whitespace-pre-wrap break-words [.text-message+&amp;]:mt-5 overflow-x-auto\" dir=\"auto\" data-message-author-role=\"assistant\" data-message-id=\"3d7d46f6-7ec2-4222-9257-48fa0bba23c6\" data-suggestions=\"true\">\n<div class=\"flex w-full flex-col gap-1 empty:hidden first:pt-[3px]\">\n<div class=\"markdown prose w-full break-words dark:prose-invert light\">\n<table style=\"height: 262px;\" width=\"323\">\n<tbody>\n<tr>\n<td width=\"137\"><span style=\"color: #333333;\">Nome dos produtos<\/span><\/td>\n<td width=\"151\">Bolsa de ca\u00e7a<\/td>\n<\/tr>\n<tr>\n<td><span style=\"color: #333333;\">Item No.<\/span><\/td>\n<td><span style=\"color: #333333;\">PB-2070<\/span><\/td>\n<\/tr>\n<tr>\n<td><span style=\"color: #333333;\">Material<\/span><\/td>\n<td>Poli\u00e9ster Camo 600D<\/td>\n<\/tr>\n<tr>\n<td><span style=\"color: #333333;\">Tamanho<\/span><\/td>\n<td>12,6 x 9,8 x 20,9 polegadas<\/td>\n<\/tr>\n<tr>\n<td><span style=\"color: #333333;\">\u00a0Prazo de entrega<\/span><\/td>\n<td><span style=\"color: #333333;\">De 1 a 5 dias para pequenas quantidades por via a\u00e9rea e de 30 a 35 dias para grandes quantidades por via mar\u00edtima<\/span><\/td>\n<\/tr>\n<\/tbody>\n<\/table>\n<p>Como fabricante l\u00edder de bolsas de ca\u00e7a e f\u00e1brica de bolsas \u00e0 prova d'\u00e1gua da China, projetamos bolsas port\u00e1teis de ca\u00e7a com camuflagem t\u00e1tica \u00e0 prova d'\u00e1gua para profissionais globais de atividades ao ar livre. Nossa empresa de bolsas de ca\u00e7a oferece:<\/p>\n<p>\u2705 <strong>Padr\u00f5es de camuflagem multiterreno<\/strong> (Woodland\/Arctic\/Desert) com tecnologia de bloqueio de odor<br \/>\n\u2705 <strong>Design \u00e0 prova d'\u00e1gua IPX7<\/strong> (poli\u00e9ster 600D + costuras soldadas)<br \/>\n\u2705 <strong>Servi\u00e7os OEM\/ODM<\/strong> para <strong>bolsas de ca\u00e7a com marca pr\u00f3pria<\/strong> (MOQ 50pcs)<br \/>\n\u2705 <strong>Produ\u00e7\u00e3o de sacos de ca\u00e7a a granel<\/strong> com entrega r\u00e1pida em 10 dias<\/p>\n<p>Confiado por atacadistas de bolsas de ca\u00e7a e marcas t\u00e1ticas em todo o mundo. Principais recursos:<br \/>\n- Fechos magn\u00e9ticos silenciosos e acesso ambidestro<br \/>\n- Fundo de malha para drenagem de sangue + organizador de chamadas de jogos<br \/>\n- Dobr\u00e1vel em uma bolsa de 8\u2033x6\u2033 para portabilidade ultraleve<\/p>\n<p><strong>Por que fazer parceria com nossa f\u00e1brica de bolsas de ca\u00e7a<\/strong>:<br \/>\nMais de 15 anos como os principais exportadores de bolsas de ca\u00e7a da China<br \/>\nPersonaliza\u00e7\u00e3o gratuita do padr\u00e3o de camuflagem 3D<br \/>\nTestado com MIL-STD-810G e certificado OEKO-Tex<br \/>\nDesconto de 25% para vendedores de bolsas de ca\u00e7a em mais de 2.500 unidades<\/p>\n<p>Solicite amostras gr\u00e1tis de nossas bolsas de camuflagem \u00e0 prova d'\u00e1gua ou obtenha cota\u00e7\u00f5es instant\u00e2neas. Os fornecedores de bolsas de ca\u00e7a gostam:<br \/>\n- Atualiza\u00e7\u00f5es de compartimentos com bloqueio de RFID<br \/>\n- Certifica\u00e7\u00f5es de material espec\u00edficas do lote<br \/>\n- Aloca\u00e7\u00e3o priorit\u00e1ria de frete a\u00e9reo<\/p>\n<\/div>\n<\/div>\n<\/div>\n<\/div>","protected":false},"excerpt":{"rendered":"<h2 data-immersive-translate-walked=\"344be1c1-5052-41eb-8fcd-0dbe236a0d6b\" data-immersive-translate-paragraph=\"1\">Bolsa port\u00e1til \u00e0 prova d'\u00e1gua para ca\u00e7a com camuflagem<\/h2>\n<p>1. Dur\u00e1vel e furtivo\u3011 Constru\u00eddo com tecido 600D dur\u00e1vel, projetado para resistir a perfura\u00e7\u00f5es e ru\u00eddos, garantindo que voc\u00ea n\u00e3o seja detectado na floresta. O padr\u00e3o de camuflagem proporciona uma camuflagem ideal durante a ca\u00e7a, permitindo que voc\u00ea se misture perfeitamente com o ambiente ao seu redor.<\/p>\n<p>2. \u3010Duas op\u00e7\u00f5es de capacidade\u3011A capacidade de 30L \u00e9 perfeita para ca\u00e7adores que preferem uma op\u00e7\u00e3o compacta e leve. Oferece amplo espa\u00e7o para armazenar equipamentos e suprimentos essenciais, ao mesmo tempo em que mant\u00e9m um perfil \u00e1gil e simples. A capacidade de 30L \u00e9 ideal para ca\u00e7adas de um dia ou viagens de ca\u00e7a mais curtas.<\/p>","protected":false},"featured_media":3510,"template":"","meta":{"_uag_custom_page_level_css":""},"product_brand":[],"product_cat":[54,60,44,66],"product_tag":[],"class_list":{"0":"post-3507","1":"product","2":"type-product","3":"status-publish","4":"has-post-thumbnail","6":"product_cat-hunting-bag","7":"product_cat-backpack","8":"product_cat-camping-bags","9":"product_cat-waterproof-bag","11":"first","12":"instock","13":"shipping-taxable","14":"product-type-simple"},"uagb_featured_image_src":{"full":["https:\/\/pecbag.com\/wp-content\/uploads\/2025\/05\/Waterproof-Camo-Hunting-Pack-Portable-Storage-Bag-2.jpeg",960,960,false],"thumbnail":["https:\/\/pecbag.com\/wp-content\/uploads\/2025\/05\/Waterproof-Camo-Hunting-Pack-Portable-Storage-Bag-2-150x150.jpeg",150,150,true],"medium":["https:\/\/pecbag.com\/wp-content\/uploads\/2025\/05\/Waterproof-Camo-Hunting-Pack-Portable-Storage-Bag-2-300x300.jpeg",300,300,true],"medium_large":["https:\/\/pecbag.com\/wp-content\/uploads\/2025\/05\/Waterproof-Camo-Hunting-Pack-Portable-Storage-Bag-2-768x768.jpeg",768,768,true],"large":["https:\/\/pecbag.com\/wp-content\/uploads\/2025\/05\/Waterproof-Camo-Hunting-Pack-Portable-Storage-Bag-2.jpeg",800,800,false],"1536x1536":["https:\/\/pecbag.com\/wp-content\/uploads\/2025\/05\/Waterproof-Camo-Hunting-Pack-Portable-Storage-Bag-2.jpeg",960,960,false],"2048x2048":["https:\/\/pecbag.com\/wp-content\/uploads\/2025\/05\/Waterproof-Camo-Hunting-Pack-Portable-Storage-Bag-2.jpeg",960,960,false],"trp-custom-language-flag":["https:\/\/pecbag.com\/wp-content\/uploads\/2025\/05\/Waterproof-Camo-Hunting-Pack-Portable-Storage-Bag-2-12x12.jpeg",12,12,true],"woocommerce_thumbnail":["https:\/\/pecbag.com\/wp-content\/uploads\/2025\/05\/Waterproof-Camo-Hunting-Pack-Portable-Storage-Bag-2-300x300.jpeg",300,300,true],"woocommerce_single":["https:\/\/pecbag.com\/wp-content\/uploads\/2025\/05\/Waterproof-Camo-Hunting-Pack-Portable-Storage-Bag-2-600x600.jpeg",600,600,true],"woocommerce_gallery_thumbnail":["https:\/\/pecbag.com\/wp-content\/uploads\/2025\/05\/Waterproof-Camo-Hunting-Pack-Portable-Storage-Bag-2-100x100.jpeg",100,100,true]},"uagb_author_info":{"display_name":"Lawrence","author_link":"https:\/\/pecbag.com\/br\/author\/"},"uagb_comment_info":0,"uagb_excerpt":"Waterproof Camo Hunting Portable Bag 1. \u3010Durable &amp; Stealthy\u3011 Constructed with durable 600D fabric, which is designed to resist punctures and noise, ensuring you remain undetected in the forest. The camouflage pattern provides optimal camouflage during hunting, allowing you to blend seamlessly with your surroundings. 2. \u3010Two Capacity Options\u301130L capacity is perfect for hunters who&hellip;","_links":{"self":[{"href":"https:\/\/pecbag.com\/br\/wp-json\/wp\/v2\/product\/3507","targetHints":{"allow":["GET"]}}],"collection":[{"href":"https:\/\/pecbag.com\/br\/wp-json\/wp\/v2\/product"}],"about":[{"href":"https:\/\/pecbag.com\/br\/wp-json\/wp\/v2\/types\/product"}],"wp:featuredmedia":[{"embeddable":true,"href":"https:\/\/pecbag.com\/br\/wp-json\/wp\/v2\/media\/3510"}],"wp:attachment":[{"href":"https:\/\/pecbag.com\/br\/wp-json\/wp\/v2\/media?parent=3507"}],"wp:term":[{"taxonomy":"product_brand","embeddable":true,"href":"https:\/\/pecbag.com\/br\/wp-json\/wp\/v2\/product_brand?post=3507"},{"taxonomy":"product_cat","embeddable":true,"href":"https:\/\/pecbag.com\/br\/wp-json\/wp\/v2\/product_cat?post=3507"},{"taxonomy":"product_tag","embeddable":true,"href":"https:\/\/pecbag.com\/br\/wp-json\/wp\/v2\/product_tag?post=3507"}],"curies":[{"name":"wp","href":"https:\/\/api.w.org\/{rel}","templated":true}]}}