{"id":3542,"date":"2025-05-27T06:42:12","date_gmt":"2025-05-27T06:42:12","guid":{"rendered":"https:\/\/pecbag.com\/?post_type=product&#038;p=3542"},"modified":"2025-11-29T01:56:34","modified_gmt":"2025-11-29T01:56:34","slug":"waterproof-600d-oxford-cooler-bag","status":"publish","type":"product","link":"https:\/\/pecbag.com\/br\/waterproof-600d-oxford-cooler-bag\/","title":{"rendered":"Bolsa t\u00e9rmica imperme\u00e1vel 600D Oxford"},"content":{"rendered":"<h5 title=\"Bolsa dobr\u00e1vel para c\u00e3es Bolsa de ombro de malha respir\u00e1vel para c\u00e3es e gatos de pequeno porte\" data-immersive-translate-walked=\"1c928421-2e42-4cd3-8754-5404553c0af5\" data-immersive-translate-paragraph=\"1\" data-spm-anchor-id=\"a2700.details.0.i35.4f6757d4w4zNZA\">Sacos t\u00e9rmicos \u00e0 prova d'\u00e1gua 600D Oxford | F\u00e1brica de sacos \u00e0 prova d'\u00e1gua e fabricante de mochilas - Bulk Food Solutions<\/h5>\n<div class=\"flex flex-grow flex-col max-w-full\">\n<div class=\"min-h-[20px] text-message flex w-full flex-col items-end gap-2 whitespace-pre-wrap break-words [.text-message+&amp;]:mt-5 overflow-x-auto\" dir=\"auto\" data-message-author-role=\"assistant\" data-message-id=\"3d7d46f6-7ec2-4222-9257-48fa0bba23c6\" data-suggestions=\"true\">\n<div class=\"flex w-full flex-col gap-1 empty:hidden first:pt-[3px]\">\n<div class=\"markdown prose w-full break-words dark:prose-invert light\">\n<table width=\"288\">\n<tbody>\n<tr>\n<td width=\"137\"><span style=\"color: #333333;\">Nome dos produtos<\/span><\/td>\n<td width=\"151\">Bolsa para lanche<\/td>\n<\/tr>\n<tr>\n<td><span style=\"color: #333333;\">Item No.<\/span><\/td>\n<td><span style=\"color: #333333;\">PB-2075<\/span><\/td>\n<\/tr>\n<tr>\n<td><span style=\"color: #333333;\">Material<\/span><\/td>\n<td>600D Oxford<\/td>\n<\/tr>\n<tr>\n<td><span style=\"color: #333333;\">Tamanho<\/span><\/td>\n<td>13,77 x 9,44 x 10,62 polegadas<\/td>\n<\/tr>\n<tr>\n<td><span style=\"color: #333333;\">\u00a0Prazo de entrega<\/span><\/td>\n<td><span style=\"color: #333333;\">De 1 a 5 dias para pequenas quantidades por via a\u00e9rea e de 30 a 35 dias para grandes quantidades por via mar\u00edtima<\/span><\/td>\n<\/tr>\n<\/tbody>\n<\/table>\n<p>Como principal fabricante de sacolas para lanche e f\u00e1brica de sacolas \u00e0 prova d'\u00e1gua da China, produzimos sacolas t\u00e9rmicas 600D Oxford \u00e0 prova d'\u00e1gua para servi\u00e7o pesado para distribuidores globais de alimentos. Nossa empresa de lancheiras fornece:<\/p>\n<p>\u2705 <strong>Prote\u00e7\u00e3o IPX6 \u00e0 prova d'\u00e1gua<\/strong> com costuras soldadas (tecido oxford 600D)<br \/>\n\u2705 <strong>Reten\u00e7\u00e3o de frio por 12 horas<\/strong> (Isolamento de espuma EPE aprovado pela FDA)<br \/>\n\u2705 <strong>Servi\u00e7os OEM\/ODM<\/strong> para <strong>sacolas de almo\u00e7o de marca pr\u00f3pria<\/strong><br \/>\n\u2705 <strong>Produ\u00e7\u00e3o de lancheiras a granel<\/strong> com entrega r\u00e1pida em 10 dias<\/p>\n<p>Com a confian\u00e7a de atacadistas de lancheiras e marcas de catering em todo o mundo. Principais recursos:<br \/>\n- Fecho de enrolar \u00e0 prova de vazamentos e al\u00e7as de ombro ajust\u00e1veis<br \/>\n- Compartimento remov\u00edvel para gelo e organizador de utens\u00edlios<br \/>\n- Design dobr\u00e1vel (18\u2033x12\u2033 quando plano) para armazenamento compacto<\/p>\n<p><strong>Por que fazer parceria com nossa f\u00e1brica de lancheiras<\/strong>:<br \/>\nMais de 12 anos como os principais exportadores de lancheiras da China<br \/>\nDesign 3D gratuito com seu logotipo\/artefato<br \/>\nMateriais com certifica\u00e7\u00e3o SGS\/REACH e sem BPA<br \/>\nDesconto 30% para fornecedores de bolsas de almo\u00e7o com mais de 3.000 unidades<\/p>\n<p>Solicite amostras gr\u00e1tis de nossas bolsas t\u00e9rmicas 600D Oxford ou obtenha cota\u00e7\u00f5es instant\u00e2neas. Os fornecedores de bolsas para lanche desfrutam:<br \/>\n- MOQ personalizado<br \/>\n- Relat\u00f3rios de seguran\u00e7a alimentar espec\u00edficos do lote<br \/>\n- Aloca\u00e7\u00e3o priorit\u00e1ria de carga a\u00e9rea\/mar\u00edtima<\/p>\n<\/div>\n<\/div>\n<\/div>\n<\/div>","protected":false},"excerpt":{"rendered":"<h2 data-immersive-translate-walked=\"344be1c1-5052-41eb-8fcd-0dbe236a0d6b\" data-immersive-translate-paragraph=\"1\">Bolsa t\u00e9rmica imperme\u00e1vel 600D Oxford<\/h2>\n<p><strong>1.\u3010Armazenamento eficiente e em massa\u3011<\/strong>A corda el\u00e1stica na parte externa do refrigerador comporta uma toalha de almo\u00e7o, o compartimento superior \u00e9 bom para evitar que os alimentos sejam esmagados no fundo. Os bolsos externos frontais e os bolsos laterais de malha foram projetados para suas pequenas necessidades, com espa\u00e7o suficiente para a maioria de suas necessidades<\/p>\n<p><strong>2. \u3010Uso vers\u00e1til\u3011<\/strong>Voc\u00ea pode levar o cooler com laterais macias para acampamentos, piqueniques, passeios na praia ou viagens de carro e tamb\u00e9m us\u00e1-lo para atividades cotidianas, como compras de supermercado ou almo\u00e7os de trabalho. \u00c9 uma lancheira grande e excelente para garantir que seus suprimentos permane\u00e7am frescos e protegidos.<\/p>","protected":false},"featured_media":3546,"template":"","meta":{"_uag_custom_page_level_css":""},"product_brand":[],"product_cat":[52,50],"product_tag":[],"class_list":{"0":"post-3542","1":"product","2":"type-product","3":"status-publish","4":"has-post-thumbnail","6":"product_cat-lunch-bag","7":"product_cat-cooler-bag","9":"first","10":"instock","11":"shipping-taxable","12":"product-type-simple"},"uagb_featured_image_src":{"full":["https:\/\/pecbag.com\/wp-content\/uploads\/2025\/05\/Waterproof-600D-Oxford-Cooler-Bag-2.jpeg",960,960,false],"thumbnail":["https:\/\/pecbag.com\/wp-content\/uploads\/2025\/05\/Waterproof-600D-Oxford-Cooler-Bag-2-150x150.jpeg",150,150,true],"medium":["https:\/\/pecbag.com\/wp-content\/uploads\/2025\/05\/Waterproof-600D-Oxford-Cooler-Bag-2-300x300.jpeg",300,300,true],"medium_large":["https:\/\/pecbag.com\/wp-content\/uploads\/2025\/05\/Waterproof-600D-Oxford-Cooler-Bag-2-768x768.jpeg",768,768,true],"large":["https:\/\/pecbag.com\/wp-content\/uploads\/2025\/05\/Waterproof-600D-Oxford-Cooler-Bag-2.jpeg",800,800,false],"1536x1536":["https:\/\/pecbag.com\/wp-content\/uploads\/2025\/05\/Waterproof-600D-Oxford-Cooler-Bag-2.jpeg",960,960,false],"2048x2048":["https:\/\/pecbag.com\/wp-content\/uploads\/2025\/05\/Waterproof-600D-Oxford-Cooler-Bag-2.jpeg",960,960,false],"trp-custom-language-flag":["https:\/\/pecbag.com\/wp-content\/uploads\/2025\/05\/Waterproof-600D-Oxford-Cooler-Bag-2-12x12.jpeg",12,12,true],"woocommerce_thumbnail":["https:\/\/pecbag.com\/wp-content\/uploads\/2025\/05\/Waterproof-600D-Oxford-Cooler-Bag-2-300x300.jpeg",300,300,true],"woocommerce_single":["https:\/\/pecbag.com\/wp-content\/uploads\/2025\/05\/Waterproof-600D-Oxford-Cooler-Bag-2-600x600.jpeg",600,600,true],"woocommerce_gallery_thumbnail":["https:\/\/pecbag.com\/wp-content\/uploads\/2025\/05\/Waterproof-600D-Oxford-Cooler-Bag-2-100x100.jpeg",100,100,true]},"uagb_author_info":{"display_name":"Lawrence","author_link":"https:\/\/pecbag.com\/br\/author\/"},"uagb_comment_info":0,"uagb_excerpt":"Waterproof 600D Oxford Cooler Bag 1.\u3010Efficient and Mass Storage\u3011The elastic rope on the exterior of the cooler holds a lunch cloth, upper compartment is nice to prevent food from getting crushed in the bottom. Exterior front pockets &amp; side mesh pockets are designed for your small necessities, roomy enough for most of your needs 2.\u3010Versatile&hellip;","_links":{"self":[{"href":"https:\/\/pecbag.com\/br\/wp-json\/wp\/v2\/product\/3542","targetHints":{"allow":["GET"]}}],"collection":[{"href":"https:\/\/pecbag.com\/br\/wp-json\/wp\/v2\/product"}],"about":[{"href":"https:\/\/pecbag.com\/br\/wp-json\/wp\/v2\/types\/product"}],"wp:featuredmedia":[{"embeddable":true,"href":"https:\/\/pecbag.com\/br\/wp-json\/wp\/v2\/media\/3546"}],"wp:attachment":[{"href":"https:\/\/pecbag.com\/br\/wp-json\/wp\/v2\/media?parent=3542"}],"wp:term":[{"taxonomy":"product_brand","embeddable":true,"href":"https:\/\/pecbag.com\/br\/wp-json\/wp\/v2\/product_brand?post=3542"},{"taxonomy":"product_cat","embeddable":true,"href":"https:\/\/pecbag.com\/br\/wp-json\/wp\/v2\/product_cat?post=3542"},{"taxonomy":"product_tag","embeddable":true,"href":"https:\/\/pecbag.com\/br\/wp-json\/wp\/v2\/product_tag?post=3542"}],"curies":[{"name":"wp","href":"https:\/\/api.w.org\/{rel}","templated":true}]}}