{"id":3556,"date":"2025-05-27T07:02:50","date_gmt":"2025-05-27T07:02:50","guid":{"rendered":"https:\/\/pecbag.com\/?post_type=product&#038;p=3556"},"modified":"2025-11-29T01:55:25","modified_gmt":"2025-11-29T01:55:25","slug":"wine-cooler-picnic-backpack","status":"publish","type":"product","link":"https:\/\/pecbag.com\/br\/wine-cooler-picnic-backpack\/","title":{"rendered":"Mochila para piquenique com cooler para vinho"},"content":{"rendered":"<h5 title=\"Bolsa dobr\u00e1vel para c\u00e3es Bolsa de ombro de malha respir\u00e1vel para c\u00e3es e gatos de pequeno porte\" data-immersive-translate-walked=\"1c928421-2e42-4cd3-8754-5404553c0af5\" data-immersive-translate-paragraph=\"1\" data-spm-anchor-id=\"a2700.details.0.i35.4f6757d4w4zNZA\">Mochilas para piquenique com cooler para vinho | F\u00e1brica de bolsas e mochilas \u00e0 prova d'\u00e1gua - Bulk Outdoor Solutions<\/h5>\n<div class=\"flex flex-grow flex-col max-w-full\">\n<div class=\"min-h-[20px] text-message flex w-full flex-col items-end gap-2 whitespace-pre-wrap break-words [.text-message+&amp;]:mt-5 overflow-x-auto\" dir=\"auto\" data-message-author-role=\"assistant\" data-message-id=\"3d7d46f6-7ec2-4222-9257-48fa0bba23c6\" data-suggestions=\"true\">\n<div class=\"flex w-full flex-col gap-1 empty:hidden first:pt-[3px]\">\n<div class=\"markdown prose w-full break-words dark:prose-invert light\">\n<table style=\"height: 233px;\" width=\"288\">\n<tbody>\n<tr>\n<td width=\"137\"><span style=\"color: #333333;\">Nome dos produtos<\/span><\/td>\n<td width=\"151\">Bolsa para lanche<\/td>\n<\/tr>\n<tr>\n<td><span style=\"color: #333333;\">Item No.<\/span><\/td>\n<td><span style=\"color: #333333;\">PB-2077<\/span><\/td>\n<\/tr>\n<tr>\n<td><span style=\"color: #333333;\">Material<\/span><\/td>\n<td>Floco de neve<\/td>\n<\/tr>\n<tr>\n<td><span style=\"color: #333333;\">Dimens\u00f5es<\/span><\/td>\n<td>17,32 x 14,13 x 7,48 polegadas<\/td>\n<\/tr>\n<tr>\n<td><span style=\"color: #333333;\">\u00a0Prazo de entrega<\/span><\/td>\n<td><span style=\"color: #333333;\">De 1 a 5 dias para pequenas quantidades por via a\u00e9rea e de 30 a 35 dias para grandes quantidades por via mar\u00edtima<\/span><\/td>\n<\/tr>\n<\/tbody>\n<\/table>\n<p>Como principal fabricante de lancheiras e f\u00e1brica de bolsas \u00e0 prova d'\u00e1gua da China, criamos mochilas de piquenique premium para marcas globais de hospitalidade. Nossa empresa de lancheiras oferece:<\/p>\n<p>\u2705 <strong>Capacidade para 6 garrafas<\/strong> com isolamento 24 horas (forro de PEVA aprovado pela FDA)<br \/>\n\u2705 <strong>Design \u00e0 prova d'\u00e1gua IPX4<\/strong> (poli\u00e9ster 600D + costuras soldadas)<br \/>\n\u2705 <strong>Servi\u00e7os OEM\/ODM<\/strong> para <strong>sacolas de almo\u00e7o de marca pr\u00f3pria<\/strong><br \/>\n\u2705 <strong>Produ\u00e7\u00e3o de lancheiras a granel<\/strong> com entrega r\u00e1pida em 12 dias<\/p>\n<p>Com a confian\u00e7a de atacadistas de lancheiras e distribuidores de vinho em todo o mundo. Principais recursos:<br \/>\n- Abridor de vinho e suportes para ta\u00e7as embutidos<br \/>\n- Al\u00e7as de ombro ajust\u00e1veis e base antiderrapante<br \/>\n- Sistema de divis\u00f3ria dobr\u00e1vel para prote\u00e7\u00e3o de v\u00e1rias garrafas<\/p>\n<p><strong>Por que fazer parceria com nossa f\u00e1brica de lancheiras<\/strong>:<br \/>\nMais de 15 anos como os principais exportadores de lancheiras da China<br \/>\nDesign 3D gratuito com sua marca<br \/>\nMateriais com certifica\u00e7\u00e3o BPA-free\/SGS\/REACH<br \/>\nDesconto de 25% para vendedores de lancheiras em mais de 2.500 unidades<\/p>\n<p>Solicite amostras gr\u00e1tis de nossas mochilas para resfriadores de vinho ou obtenha cota\u00e7\u00f5es instant\u00e2neas. Os fornecedores de sacolas de almo\u00e7o gostam:<br \/>\n- MOQ personalizado<br \/>\n- Relat\u00f3rios de seguran\u00e7a alimentar espec\u00edficos do lote<br \/>\n- Aloca\u00e7\u00e3o priorit\u00e1ria de carga a\u00e9rea\/mar\u00edtima<\/p>\n<\/div>\n<\/div>\n<\/div>\n<\/div>","protected":false},"excerpt":{"rendered":"<h2 data-immersive-translate-walked=\"344be1c1-5052-41eb-8fcd-0dbe236a0d6b\" data-immersive-translate-paragraph=\"1\">Mochila para piquenique com cooler para vinho<\/h2>\n<p>Compartimento principal isolado - O revestimento isolado significa que seus alimentos quentes permanecem quentes e seus alimentos frios permanecem frescos.<\/p>\n<p>Suas frutas frescas, alimentos deliciosos, sobremesas saborosas e bebidas permanecer\u00e3o na temperatura correta at\u00e9 que voc\u00ea chegue ao seu destino.<\/p>\n<p>Nenhuma outra cesta de piquenique apresenta um compartimento principal totalmente isolado t\u00e3o grande quanto o nosso!<\/p>","protected":false},"featured_media":3558,"template":"","meta":{"_uag_custom_page_level_css":""},"product_brand":[],"product_cat":[52,50],"product_tag":[],"class_list":{"0":"post-3556","1":"product","2":"type-product","3":"status-publish","4":"has-post-thumbnail","6":"product_cat-lunch-bag","7":"product_cat-cooler-bag","9":"first","10":"instock","11":"shipping-taxable","12":"product-type-simple"},"uagb_featured_image_src":{"full":["https:\/\/pecbag.com\/wp-content\/uploads\/2025\/05\/Wine-Cooler-Picnic-Backpack-5.jpeg",800,800,false],"thumbnail":["https:\/\/pecbag.com\/wp-content\/uploads\/2025\/05\/Wine-Cooler-Picnic-Backpack-5-150x150.jpeg",150,150,true],"medium":["https:\/\/pecbag.com\/wp-content\/uploads\/2025\/05\/Wine-Cooler-Picnic-Backpack-5-300x300.jpeg",300,300,true],"medium_large":["https:\/\/pecbag.com\/wp-content\/uploads\/2025\/05\/Wine-Cooler-Picnic-Backpack-5-768x768.jpeg",768,768,true],"large":["https:\/\/pecbag.com\/wp-content\/uploads\/2025\/05\/Wine-Cooler-Picnic-Backpack-5.jpeg",800,800,false],"1536x1536":["https:\/\/pecbag.com\/wp-content\/uploads\/2025\/05\/Wine-Cooler-Picnic-Backpack-5.jpeg",800,800,false],"2048x2048":["https:\/\/pecbag.com\/wp-content\/uploads\/2025\/05\/Wine-Cooler-Picnic-Backpack-5.jpeg",800,800,false],"trp-custom-language-flag":["https:\/\/pecbag.com\/wp-content\/uploads\/2025\/05\/Wine-Cooler-Picnic-Backpack-5-12x12.jpeg",12,12,true],"woocommerce_thumbnail":["https:\/\/pecbag.com\/wp-content\/uploads\/2025\/05\/Wine-Cooler-Picnic-Backpack-5-300x300.jpeg",300,300,true],"woocommerce_single":["https:\/\/pecbag.com\/wp-content\/uploads\/2025\/05\/Wine-Cooler-Picnic-Backpack-5-600x600.jpeg",600,600,true],"woocommerce_gallery_thumbnail":["https:\/\/pecbag.com\/wp-content\/uploads\/2025\/05\/Wine-Cooler-Picnic-Backpack-5-100x100.jpeg",100,100,true]},"uagb_author_info":{"display_name":"Lawrence","author_link":"https:\/\/pecbag.com\/br\/author\/"},"uagb_comment_info":0,"uagb_excerpt":"Wine Cooler Picnic Backpack Insulated Main Compartment - Insulated lining means your hot foods stay hot, and your cold foods stay cool. Your fresh fruits, delicious foods, tasty desserts, and beverages will stay at the correct temperature until you arrive at your destination. No other picnic basket features a fully insulated main compartment as large&hellip;","_links":{"self":[{"href":"https:\/\/pecbag.com\/br\/wp-json\/wp\/v2\/product\/3556","targetHints":{"allow":["GET"]}}],"collection":[{"href":"https:\/\/pecbag.com\/br\/wp-json\/wp\/v2\/product"}],"about":[{"href":"https:\/\/pecbag.com\/br\/wp-json\/wp\/v2\/types\/product"}],"wp:featuredmedia":[{"embeddable":true,"href":"https:\/\/pecbag.com\/br\/wp-json\/wp\/v2\/media\/3558"}],"wp:attachment":[{"href":"https:\/\/pecbag.com\/br\/wp-json\/wp\/v2\/media?parent=3556"}],"wp:term":[{"taxonomy":"product_brand","embeddable":true,"href":"https:\/\/pecbag.com\/br\/wp-json\/wp\/v2\/product_brand?post=3556"},{"taxonomy":"product_cat","embeddable":true,"href":"https:\/\/pecbag.com\/br\/wp-json\/wp\/v2\/product_cat?post=3556"},{"taxonomy":"product_tag","embeddable":true,"href":"https:\/\/pecbag.com\/br\/wp-json\/wp\/v2\/product_tag?post=3556"}],"curies":[{"name":"wp","href":"https:\/\/api.w.org\/{rel}","templated":true}]}}